
{"id":34082,"date":"2021-11-04T14:27:59","date_gmt":"2021-11-04T13:27:59","guid":{"rendered":"https:\/\/cuinetes.shop\/producte\/kit-2-ovo\/"},"modified":"2025-10-22T15:47:17","modified_gmt":"2025-10-22T13:47:17","slug":"kit-2-ovo","status":"publish","type":"product","link":"https:\/\/cuinetes.shop\/es\/producto\/kit-2-ovo\/","title":{"rendered":"Kit 2 Ovo"},"content":{"rendered":"<p>Incluye 2 moldes: cil\u00edndrico y cuadrado<\/p>\n<p>Material: silicona 100% platinum<\/p>\n","protected":false},"excerpt":{"rendered":"<p>Kit de 2 moldes de silicona 100% platinum para cocinar huevos al microondas de forma saludable, sencilla y r\u00e1pida en menos de 1 minuto. Contiene un molde cil\u00edncrico y un molde cuadrado. Solo tienes que romper el huevo, introducirlo en el molde y a\u00f1adir los ingredientes que desees. T\u00e1palo, introd\u00facelo en el microondas, y en menos de 1 minuto ya tendr\u00e1s tu huevo listo y a tu gusto!<\/p>\n","protected":false},"featured_media":19122,"comment_status":"open","ping_status":"closed","template":"","meta":[],"product_cat":[695,702,693,751,690],"product_tag":[],"class_list":{"0":"post-34082","1":"product","2":"type-product","3":"status-publish","4":"has-post-thumbnail","6":"product_brand-lekue-es","7":"product_cat-coccion","8":"product_cat-cocinar","9":"product_cat-ideas-para-regalar","10":"product_cat-microondas","11":"product_cat-promociones-y-ofertas","14":"first","15":"onbackorder","16":"taxable","17":"shipping-taxable","18":"purchasable","19":"product-type-simple"},"yoast_head":"<!-- This site is optimized with the Yoast SEO plugin v26.1.1 - https:\/\/yoast.com\/wordpress\/plugins\/seo\/ -->\n<title>Kit 2 Ovo - Tienda de utensilios de cocina - Cuinetes<\/title>\n<meta name=\"description\" content=\"Kit de 2 moldes de silicona para cocinar huevos al microondas de manera sencilla en menos de 60 s. Incluye molde cil\u00edndrico y molde cuadrado.\" \/>\n<meta name=\"robots\" content=\"index, follow, max-snippet:-1, max-image-preview:large, max-video-preview:-1\" \/>\n<link rel=\"canonical\" href=\"https:\/\/cuinetes.shop\/es\/producto\/kit-2-ovo\/\" \/>\n<meta property=\"og:locale\" content=\"es_ES\" \/>\n<meta property=\"og:type\" content=\"article\" \/>\n<meta property=\"og:title\" content=\"Kit 2 Ovo - Tienda de utensilios de cocina - Cuinetes\" \/>\n<meta property=\"og:description\" content=\"Kit de 2 moldes de silicona para cocinar huevos al microondas de manera sencilla en menos de 60 s. Incluye molde cil\u00edndrico y molde cuadrado.\" \/>\n<meta property=\"og:url\" content=\"https:\/\/cuinetes.shop\/es\/producto\/kit-2-ovo\/\" \/>\n<meta property=\"og:site_name\" content=\"Tienda de utensilios de cocina - Cuinetes\" \/>\n<meta property=\"article:modified_time\" content=\"2025-10-22T13:47:17+00:00\" \/>\n<meta property=\"og:image\" content=\"https:\/\/cuinetes.shop\/wp-content\/uploads\/2021\/11\/3427-Kit-2-Ovo.jpg\" \/>\n\t<meta property=\"og:image:width\" content=\"672\" \/>\n\t<meta property=\"og:image:height\" content=\"493\" \/>\n\t<meta property=\"og:image:type\" content=\"image\/jpeg\" \/>\n<meta name=\"twitter:card\" content=\"summary_large_image\" \/>\n<script type=\"application\/ld+json\" class=\"yoast-schema-graph\">{\"@context\":\"https:\/\/schema.org\",\"@graph\":[{\"@type\":\"WebPage\",\"@id\":\"https:\/\/cuinetes.shop\/es\/producto\/kit-2-ovo\/\",\"url\":\"https:\/\/cuinetes.shop\/es\/producto\/kit-2-ovo\/\",\"name\":\"Kit 2 Ovo - Tienda de utensilios de cocina - Cuinetes\",\"isPartOf\":{\"@id\":\"https:\/\/cuinetes.shop\/es\/#website\"},\"primaryImageOfPage\":{\"@id\":\"https:\/\/cuinetes.shop\/es\/producto\/kit-2-ovo\/#primaryimage\"},\"image\":{\"@id\":\"https:\/\/cuinetes.shop\/es\/producto\/kit-2-ovo\/#primaryimage\"},\"thumbnailUrl\":\"https:\/\/cuinetes.shop\/wp-content\/uploads\/2021\/11\/3427-Kit-2-Ovo.jpg\",\"datePublished\":\"2021-11-04T13:27:59+00:00\",\"dateModified\":\"2025-10-22T13:47:17+00:00\",\"description\":\"Kit de 2 moldes de silicona para cocinar huevos al microondas de manera sencilla en menos de 60 s. Incluye molde cil\u00edndrico y molde cuadrado.\",\"breadcrumb\":{\"@id\":\"https:\/\/cuinetes.shop\/es\/producto\/kit-2-ovo\/#breadcrumb\"},\"inLanguage\":\"es\",\"potentialAction\":[{\"@type\":\"ReadAction\",\"target\":[\"https:\/\/cuinetes.shop\/es\/producto\/kit-2-ovo\/\"]}]},{\"@type\":\"ImageObject\",\"inLanguage\":\"es\",\"@id\":\"https:\/\/cuinetes.shop\/es\/producto\/kit-2-ovo\/#primaryimage\",\"url\":\"https:\/\/cuinetes.shop\/wp-content\/uploads\/2021\/11\/3427-Kit-2-Ovo.jpg\",\"contentUrl\":\"https:\/\/cuinetes.shop\/wp-content\/uploads\/2021\/11\/3427-Kit-2-Ovo.jpg\",\"width\":672,\"height\":493,\"caption\":\"Kit 2 Ovo\"},{\"@type\":\"BreadcrumbList\",\"@id\":\"https:\/\/cuinetes.shop\/es\/producto\/kit-2-ovo\/#breadcrumb\",\"itemListElement\":[{\"@type\":\"ListItem\",\"position\":1,\"name\":\"Home\",\"item\":\"https:\/\/cuinetes.shop\/es\/\"},{\"@type\":\"ListItem\",\"position\":2,\"name\":\"Tienda\",\"item\":\"https:\/\/cuinetes.shop\/es\/tienda\/\"},{\"@type\":\"ListItem\",\"position\":3,\"name\":\"Kit 2 Ovo\"}]},{\"@type\":\"WebSite\",\"@id\":\"https:\/\/cuinetes.shop\/es\/#website\",\"url\":\"https:\/\/cuinetes.shop\/es\/\",\"name\":\"Tienda de utensilios de cocina - Cuinetes\",\"description\":\"\",\"potentialAction\":[{\"@type\":\"SearchAction\",\"target\":{\"@type\":\"EntryPoint\",\"urlTemplate\":\"https:\/\/cuinetes.shop\/es\/?s={search_term_string}\"},\"query-input\":{\"@type\":\"PropertyValueSpecification\",\"valueRequired\":true,\"valueName\":\"search_term_string\"}}],\"inLanguage\":\"es\"}]}<\/script>\n<!-- \/ Yoast SEO plugin. -->","yoast_head_json":{"title":"Kit 2 Ovo - Tienda de utensilios de cocina - Cuinetes","description":"Kit de 2 moldes de silicona para cocinar huevos al microondas de manera sencilla en menos de 60 s. Incluye molde cil\u00edndrico y molde cuadrado.","robots":{"index":"index","follow":"follow","max-snippet":"max-snippet:-1","max-image-preview":"max-image-preview:large","max-video-preview":"max-video-preview:-1"},"canonical":"https:\/\/cuinetes.shop\/es\/producto\/kit-2-ovo\/","og_locale":"es_ES","og_type":"article","og_title":"Kit 2 Ovo - Tienda de utensilios de cocina - Cuinetes","og_description":"Kit de 2 moldes de silicona para cocinar huevos al microondas de manera sencilla en menos de 60 s. Incluye molde cil\u00edndrico y molde cuadrado.","og_url":"https:\/\/cuinetes.shop\/es\/producto\/kit-2-ovo\/","og_site_name":"Tienda de utensilios de cocina - Cuinetes","article_modified_time":"2025-10-22T13:47:17+00:00","og_image":[{"width":672,"height":493,"url":"https:\/\/cuinetes.shop\/wp-content\/uploads\/2021\/11\/3427-Kit-2-Ovo.jpg","type":"image\/jpeg"}],"twitter_card":"summary_large_image","schema":{"@context":"https:\/\/schema.org","@graph":[{"@type":"WebPage","@id":"https:\/\/cuinetes.shop\/es\/producto\/kit-2-ovo\/","url":"https:\/\/cuinetes.shop\/es\/producto\/kit-2-ovo\/","name":"Kit 2 Ovo - Tienda de utensilios de cocina - Cuinetes","isPartOf":{"@id":"https:\/\/cuinetes.shop\/es\/#website"},"primaryImageOfPage":{"@id":"https:\/\/cuinetes.shop\/es\/producto\/kit-2-ovo\/#primaryimage"},"image":{"@id":"https:\/\/cuinetes.shop\/es\/producto\/kit-2-ovo\/#primaryimage"},"thumbnailUrl":"https:\/\/cuinetes.shop\/wp-content\/uploads\/2021\/11\/3427-Kit-2-Ovo.jpg","datePublished":"2021-11-04T13:27:59+00:00","dateModified":"2025-10-22T13:47:17+00:00","description":"Kit de 2 moldes de silicona para cocinar huevos al microondas de manera sencilla en menos de 60 s. Incluye molde cil\u00edndrico y molde cuadrado.","breadcrumb":{"@id":"https:\/\/cuinetes.shop\/es\/producto\/kit-2-ovo\/#breadcrumb"},"inLanguage":"es","potentialAction":[{"@type":"ReadAction","target":["https:\/\/cuinetes.shop\/es\/producto\/kit-2-ovo\/"]}]},{"@type":"ImageObject","inLanguage":"es","@id":"https:\/\/cuinetes.shop\/es\/producto\/kit-2-ovo\/#primaryimage","url":"https:\/\/cuinetes.shop\/wp-content\/uploads\/2021\/11\/3427-Kit-2-Ovo.jpg","contentUrl":"https:\/\/cuinetes.shop\/wp-content\/uploads\/2021\/11\/3427-Kit-2-Ovo.jpg","width":672,"height":493,"caption":"Kit 2 Ovo"},{"@type":"BreadcrumbList","@id":"https:\/\/cuinetes.shop\/es\/producto\/kit-2-ovo\/#breadcrumb","itemListElement":[{"@type":"ListItem","position":1,"name":"Home","item":"https:\/\/cuinetes.shop\/es\/"},{"@type":"ListItem","position":2,"name":"Tienda","item":"https:\/\/cuinetes.shop\/es\/tienda\/"},{"@type":"ListItem","position":3,"name":"Kit 2 Ovo"}]},{"@type":"WebSite","@id":"https:\/\/cuinetes.shop\/es\/#website","url":"https:\/\/cuinetes.shop\/es\/","name":"Tienda de utensilios de cocina - Cuinetes","description":"","potentialAction":[{"@type":"SearchAction","target":{"@type":"EntryPoint","urlTemplate":"https:\/\/cuinetes.shop\/es\/?s={search_term_string}"},"query-input":{"@type":"PropertyValueSpecification","valueRequired":true,"valueName":"search_term_string"}}],"inLanguage":"es"}]}},"_links":{"self":[{"href":"https:\/\/cuinetes.shop\/es\/wp-json\/wp\/v2\/product\/34082","targetHints":{"allow":["GET"]}}],"collection":[{"href":"https:\/\/cuinetes.shop\/es\/wp-json\/wp\/v2\/product"}],"about":[{"href":"https:\/\/cuinetes.shop\/es\/wp-json\/wp\/v2\/types\/product"}],"replies":[{"embeddable":true,"href":"https:\/\/cuinetes.shop\/es\/wp-json\/wp\/v2\/comments?post=34082"}],"wp:featuredmedia":[{"embeddable":true,"href":"https:\/\/cuinetes.shop\/es\/wp-json\/wp\/v2\/media\/19122"}],"wp:attachment":[{"href":"https:\/\/cuinetes.shop\/es\/wp-json\/wp\/v2\/media?parent=34082"}],"wp:term":[{"taxonomy":"product_cat","embeddable":true,"href":"https:\/\/cuinetes.shop\/es\/wp-json\/wp\/v2\/product_cat?post=34082"},{"taxonomy":"product_tag","embeddable":true,"href":"https:\/\/cuinetes.shop\/es\/wp-json\/wp\/v2\/product_tag?post=34082"}],"curies":[{"name":"wp","href":"https:\/\/api.w.org\/{rel}","templated":true}]}}