
{"id":34087,"date":"2021-11-18T14:14:22","date_gmt":"2021-11-18T13:14:22","guid":{"rendered":"https:\/\/cuinetes.shop\/producte\/cubo-pedal-20l-platinum\/"},"modified":"2025-10-22T15:32:45","modified_gmt":"2025-10-22T13:32:45","slug":"cubo-pedal-20l-platinum","status":"publish","type":"product","link":"https:\/\/cuinetes.shop\/es\/producto\/cubo-pedal-20l-platinum\/","title":{"rendered":"Cubo Pedal 20L Platinum"},"content":{"rendered":"<p>Brabantia ofrece durabilidad y calidad. Por eso te damos una\u00a0<strong>garant\u00eda de 10 a\u00f1os<\/strong>\u00a0junto con el producto. Por lo tanto, no te ofrecemos una soluci\u00f3n inteligente solo a ti, sino al planeta.<\/p>\n<p><span style=\"text-decoration: underline;\">Medidas del producto:<\/span><\/p>\n<p>Altura: 46,7 cm<\/p>\n<p>Longitud: 38 cm<\/p>\n<p>Anchura :\u00a029 cm<\/p>\n<p>Capacidad: 20 litros<\/p>\n<p>Di\u00e1metro: 29 cm<\/p>\n<p>Peso: 2.8 kg<\/p>\n<p>Fabricado en B\u00e9lgica.<\/p>\n","protected":false},"excerpt":{"rendered":"<p>Aporta dise\u00f1o a tu hogar con este cubo de pedal NewIcon de 20 litros de Brabantia. La tapa se cierra suavemente y queda totalmente herm\u00e9tica\u00a0evitando as\u00ed\u00a0la salida de olores, y se abre con tan s\u00f3lo tocar el pedal. El cubo interior es extra\u00edble lo cual facilita su limpieza. Adem\u00e1s, este bonito cubo de basura est\u00e1 provisto de un bloqueo para evitar que se balancee. Es ideal para zonas h\u00famedas ya que est\u00e1 fabricado con materiales resistentes a la corrosi\u00f3n. Su tama\u00f1o y bonito dise\u00f1o hace que sea perfecto para\u00a0tu cocina.<\/p>\n","protected":false},"featured_media":19138,"comment_status":"open","ping_status":"closed","template":"","meta":[],"product_cat":[794,791],"product_tag":[],"class_list":{"0":"post-34087","1":"product","2":"type-product","3":"status-publish","4":"has-post-thumbnail","6":"product_brand-brabantia-es","7":"product_cat-cubos-de-residuos","8":"product_cat-organizacion-y-limpieza","11":"first","12":"instock","13":"taxable","14":"shipping-taxable","15":"purchasable","16":"product-type-simple"},"yoast_head":"<!-- This site is optimized with the Yoast SEO plugin v26.1.1 - https:\/\/yoast.com\/wordpress\/plugins\/seo\/ -->\n<title>Cubo Pedal 20L Platinum - Cuinetes Shop<\/title>\n<meta name=\"description\" content=\"Cubo Pedal 20L Platinum aporta dise\u00f1o a tu hogar. La tapa se cierra suavemente y queda herm\u00e9tica evitando as\u00ed la salida de olores!\" \/>\n<meta name=\"robots\" content=\"index, follow, max-snippet:-1, max-image-preview:large, max-video-preview:-1\" \/>\n<link rel=\"canonical\" href=\"https:\/\/cuinetes.shop\/es\/producto\/cubo-pedal-20l-platinum\/\" \/>\n<meta property=\"og:locale\" content=\"es_ES\" \/>\n<meta property=\"og:type\" content=\"article\" \/>\n<meta property=\"og:title\" content=\"Cubo Pedal 20L Platinum - Cuinetes Shop\" \/>\n<meta property=\"og:description\" content=\"Cubo Pedal 20L Platinum aporta dise\u00f1o a tu hogar. La tapa se cierra suavemente y queda herm\u00e9tica evitando as\u00ed la salida de olores!\" \/>\n<meta property=\"og:url\" content=\"https:\/\/cuinetes.shop\/es\/producto\/cubo-pedal-20l-platinum\/\" \/>\n<meta property=\"og:site_name\" content=\"Tienda de utensilios de cocina - Cuinetes\" \/>\n<meta property=\"article:modified_time\" content=\"2025-10-22T13:32:45+00:00\" \/>\n<meta property=\"og:image\" content=\"https:\/\/cuinetes.shop\/wp-content\/uploads\/2021\/11\/3441-Cubell-Pedal-20L-Platinum.jpg\" \/>\n\t<meta property=\"og:image:width\" content=\"816\" \/>\n\t<meta property=\"og:image:height\" content=\"816\" \/>\n\t<meta property=\"og:image:type\" content=\"image\/jpeg\" \/>\n<meta name=\"twitter:card\" content=\"summary_large_image\" \/>\n<script type=\"application\/ld+json\" class=\"yoast-schema-graph\">{\"@context\":\"https:\/\/schema.org\",\"@graph\":[{\"@type\":\"WebPage\",\"@id\":\"https:\/\/cuinetes.shop\/es\/producto\/cubo-pedal-20l-platinum\/\",\"url\":\"https:\/\/cuinetes.shop\/es\/producto\/cubo-pedal-20l-platinum\/\",\"name\":\"Cubo Pedal 20L Platinum - Cuinetes Shop\",\"isPartOf\":{\"@id\":\"https:\/\/cuinetes.shop\/es\/#website\"},\"primaryImageOfPage\":{\"@id\":\"https:\/\/cuinetes.shop\/es\/producto\/cubo-pedal-20l-platinum\/#primaryimage\"},\"image\":{\"@id\":\"https:\/\/cuinetes.shop\/es\/producto\/cubo-pedal-20l-platinum\/#primaryimage\"},\"thumbnailUrl\":\"https:\/\/cuinetes.shop\/wp-content\/uploads\/2021\/11\/3441-Cubell-Pedal-20L-Platinum.jpg\",\"datePublished\":\"2021-11-18T13:14:22+00:00\",\"dateModified\":\"2025-10-22T13:32:45+00:00\",\"description\":\"Cubo Pedal 20L Platinum aporta dise\u00f1o a tu hogar. La tapa se cierra suavemente y queda herm\u00e9tica evitando as\u00ed la salida de olores!\",\"breadcrumb\":{\"@id\":\"https:\/\/cuinetes.shop\/es\/producto\/cubo-pedal-20l-platinum\/#breadcrumb\"},\"inLanguage\":\"es\",\"potentialAction\":[{\"@type\":\"ReadAction\",\"target\":[\"https:\/\/cuinetes.shop\/es\/producto\/cubo-pedal-20l-platinum\/\"]}]},{\"@type\":\"ImageObject\",\"inLanguage\":\"es\",\"@id\":\"https:\/\/cuinetes.shop\/es\/producto\/cubo-pedal-20l-platinum\/#primaryimage\",\"url\":\"https:\/\/cuinetes.shop\/wp-content\/uploads\/2021\/11\/3441-Cubell-Pedal-20L-Platinum.jpg\",\"contentUrl\":\"https:\/\/cuinetes.shop\/wp-content\/uploads\/2021\/11\/3441-Cubell-Pedal-20L-Platinum.jpg\",\"width\":816,\"height\":816,\"caption\":\"Cubo Pedal 20L Platinum\"},{\"@type\":\"BreadcrumbList\",\"@id\":\"https:\/\/cuinetes.shop\/es\/producto\/cubo-pedal-20l-platinum\/#breadcrumb\",\"itemListElement\":[{\"@type\":\"ListItem\",\"position\":1,\"name\":\"Home\",\"item\":\"https:\/\/cuinetes.shop\/es\/\"},{\"@type\":\"ListItem\",\"position\":2,\"name\":\"Tienda\",\"item\":\"https:\/\/cuinetes.shop\/es\/tienda\/\"},{\"@type\":\"ListItem\",\"position\":3,\"name\":\"Cubo Pedal 20L Platinum\"}]},{\"@type\":\"WebSite\",\"@id\":\"https:\/\/cuinetes.shop\/es\/#website\",\"url\":\"https:\/\/cuinetes.shop\/es\/\",\"name\":\"Tienda de utensilios de cocina - Cuinetes\",\"description\":\"\",\"potentialAction\":[{\"@type\":\"SearchAction\",\"target\":{\"@type\":\"EntryPoint\",\"urlTemplate\":\"https:\/\/cuinetes.shop\/es\/?s={search_term_string}\"},\"query-input\":{\"@type\":\"PropertyValueSpecification\",\"valueRequired\":true,\"valueName\":\"search_term_string\"}}],\"inLanguage\":\"es\"}]}<\/script>\n<!-- \/ Yoast SEO plugin. -->","yoast_head_json":{"title":"Cubo Pedal 20L Platinum - Cuinetes Shop","description":"Cubo Pedal 20L Platinum aporta dise\u00f1o a tu hogar. La tapa se cierra suavemente y queda herm\u00e9tica evitando as\u00ed la salida de olores!","robots":{"index":"index","follow":"follow","max-snippet":"max-snippet:-1","max-image-preview":"max-image-preview:large","max-video-preview":"max-video-preview:-1"},"canonical":"https:\/\/cuinetes.shop\/es\/producto\/cubo-pedal-20l-platinum\/","og_locale":"es_ES","og_type":"article","og_title":"Cubo Pedal 20L Platinum - Cuinetes Shop","og_description":"Cubo Pedal 20L Platinum aporta dise\u00f1o a tu hogar. La tapa se cierra suavemente y queda herm\u00e9tica evitando as\u00ed la salida de olores!","og_url":"https:\/\/cuinetes.shop\/es\/producto\/cubo-pedal-20l-platinum\/","og_site_name":"Tienda de utensilios de cocina - Cuinetes","article_modified_time":"2025-10-22T13:32:45+00:00","og_image":[{"width":816,"height":816,"url":"https:\/\/cuinetes.shop\/wp-content\/uploads\/2021\/11\/3441-Cubell-Pedal-20L-Platinum.jpg","type":"image\/jpeg"}],"twitter_card":"summary_large_image","schema":{"@context":"https:\/\/schema.org","@graph":[{"@type":"WebPage","@id":"https:\/\/cuinetes.shop\/es\/producto\/cubo-pedal-20l-platinum\/","url":"https:\/\/cuinetes.shop\/es\/producto\/cubo-pedal-20l-platinum\/","name":"Cubo Pedal 20L Platinum - Cuinetes Shop","isPartOf":{"@id":"https:\/\/cuinetes.shop\/es\/#website"},"primaryImageOfPage":{"@id":"https:\/\/cuinetes.shop\/es\/producto\/cubo-pedal-20l-platinum\/#primaryimage"},"image":{"@id":"https:\/\/cuinetes.shop\/es\/producto\/cubo-pedal-20l-platinum\/#primaryimage"},"thumbnailUrl":"https:\/\/cuinetes.shop\/wp-content\/uploads\/2021\/11\/3441-Cubell-Pedal-20L-Platinum.jpg","datePublished":"2021-11-18T13:14:22+00:00","dateModified":"2025-10-22T13:32:45+00:00","description":"Cubo Pedal 20L Platinum aporta dise\u00f1o a tu hogar. La tapa se cierra suavemente y queda herm\u00e9tica evitando as\u00ed la salida de olores!","breadcrumb":{"@id":"https:\/\/cuinetes.shop\/es\/producto\/cubo-pedal-20l-platinum\/#breadcrumb"},"inLanguage":"es","potentialAction":[{"@type":"ReadAction","target":["https:\/\/cuinetes.shop\/es\/producto\/cubo-pedal-20l-platinum\/"]}]},{"@type":"ImageObject","inLanguage":"es","@id":"https:\/\/cuinetes.shop\/es\/producto\/cubo-pedal-20l-platinum\/#primaryimage","url":"https:\/\/cuinetes.shop\/wp-content\/uploads\/2021\/11\/3441-Cubell-Pedal-20L-Platinum.jpg","contentUrl":"https:\/\/cuinetes.shop\/wp-content\/uploads\/2021\/11\/3441-Cubell-Pedal-20L-Platinum.jpg","width":816,"height":816,"caption":"Cubo Pedal 20L Platinum"},{"@type":"BreadcrumbList","@id":"https:\/\/cuinetes.shop\/es\/producto\/cubo-pedal-20l-platinum\/#breadcrumb","itemListElement":[{"@type":"ListItem","position":1,"name":"Home","item":"https:\/\/cuinetes.shop\/es\/"},{"@type":"ListItem","position":2,"name":"Tienda","item":"https:\/\/cuinetes.shop\/es\/tienda\/"},{"@type":"ListItem","position":3,"name":"Cubo Pedal 20L Platinum"}]},{"@type":"WebSite","@id":"https:\/\/cuinetes.shop\/es\/#website","url":"https:\/\/cuinetes.shop\/es\/","name":"Tienda de utensilios de cocina - Cuinetes","description":"","potentialAction":[{"@type":"SearchAction","target":{"@type":"EntryPoint","urlTemplate":"https:\/\/cuinetes.shop\/es\/?s={search_term_string}"},"query-input":{"@type":"PropertyValueSpecification","valueRequired":true,"valueName":"search_term_string"}}],"inLanguage":"es"}]}},"_links":{"self":[{"href":"https:\/\/cuinetes.shop\/es\/wp-json\/wp\/v2\/product\/34087","targetHints":{"allow":["GET"]}}],"collection":[{"href":"https:\/\/cuinetes.shop\/es\/wp-json\/wp\/v2\/product"}],"about":[{"href":"https:\/\/cuinetes.shop\/es\/wp-json\/wp\/v2\/types\/product"}],"replies":[{"embeddable":true,"href":"https:\/\/cuinetes.shop\/es\/wp-json\/wp\/v2\/comments?post=34087"}],"wp:featuredmedia":[{"embeddable":true,"href":"https:\/\/cuinetes.shop\/es\/wp-json\/wp\/v2\/media\/19138"}],"wp:attachment":[{"href":"https:\/\/cuinetes.shop\/es\/wp-json\/wp\/v2\/media?parent=34087"}],"wp:term":[{"taxonomy":"product_cat","embeddable":true,"href":"https:\/\/cuinetes.shop\/es\/wp-json\/wp\/v2\/product_cat?post=34087"},{"taxonomy":"product_tag","embeddable":true,"href":"https:\/\/cuinetes.shop\/es\/wp-json\/wp\/v2\/product_tag?post=34087"}],"curies":[{"name":"wp","href":"https:\/\/api.w.org\/{rel}","templated":true}]}}