
{"id":34089,"date":"2021-11-18T14:14:29","date_gmt":"2021-11-18T13:14:29","guid":{"rendered":"https:\/\/cuinetes.shop\/producte\/cubo-reciclaje-6l-blanco\/"},"modified":"2025-10-22T15:32:08","modified_gmt":"2025-10-22T13:32:08","slug":"cubo-reciclaje-6l-blanco","status":"publish","type":"product","link":"https:\/\/cuinetes.shop\/es\/producto\/cubo-reciclaje-6l-blanco\/","title":{"rendered":"Cubo Reciclaje 6L Blanco"},"content":{"rendered":"<p>Brabantia ofrece durabilidad y calidad. Por eso te damos una\u00a0<strong>garant\u00eda de 10 a\u00f1os<\/strong>\u00a0junto con el producto. Por lo tanto, no te ofrecemos una soluci\u00f3n inteligente solo a ti, sino al planeta.<\/p>\n<p><span style=\"text-decoration: underline;\">Medidas del producto:<\/span><\/p>\n<p>Altura: 18,1 cm<\/p>\n<p>Longitud: 24,5 cm<\/p>\n<p>Anchura: 20 cm<\/p>\n<p>Capacidad: 6 litros<\/p>\n<p>Peso: 0.6 kg<\/p>\n<p>Fabricado en B\u00e9lgica.<\/p>\n","protected":false},"excerpt":{"rendered":"<p>Cubo de basura Sort &amp; Go de 6 litros. Este pr\u00e1ctico cubo de reciclaje de Brabantia encaja perfectamente en cualquier cocina, ya sea en la encimera, en un caj\u00f3n o colgado en la pared con el soporte que trae incluido. Est\u00e1 provisto de una gran asa para transportarlo y vaciarlo. Gracias a su dise\u00f1o, la bolsa queda perfectamente escondida en el borde superior sin sobresalir. Su peque\u00f1o tama\u00f1o hace que sea perfecto para el reciclaje de restos org\u00e1nicos. Adem\u00e1s, la\u00a0tapa puede permanecer en posici\u00f3n abierta si se necesita. Este cubo de reciclaje es 100% reciclable. Disponible en diferentes tama\u00f1os y colores.<\/p>\n","protected":false},"featured_media":19146,"comment_status":"open","ping_status":"closed","template":"","meta":[],"product_cat":[794,791],"product_tag":[],"class_list":{"0":"post-34089","1":"product","2":"type-product","3":"status-publish","4":"has-post-thumbnail","6":"product_brand-brabantia-es","7":"product_cat-cubos-de-residuos","8":"product_cat-organizacion-y-limpieza","11":"first","12":"instock","13":"taxable","14":"shipping-taxable","15":"purchasable","16":"product-type-simple"},"yoast_head":"<!-- This site is optimized with the Yoast SEO plugin v26.1.1 - https:\/\/yoast.com\/wordpress\/plugins\/seo\/ -->\n<title>Cubo Reciclaje 6L Blanco - Cuinetes Shop<\/title>\n<meta name=\"description\" content=\"Este cubo de reciclaje 6L Blanco es 100% reciclable y encaja a la perfecci\u00f3n en cualquier cocina, ya sea en una esquina o una pared!\" \/>\n<meta name=\"robots\" content=\"index, follow, max-snippet:-1, max-image-preview:large, max-video-preview:-1\" \/>\n<link rel=\"canonical\" href=\"https:\/\/cuinetes.shop\/es\/producto\/cubo-reciclaje-6l-blanco\/\" \/>\n<meta property=\"og:locale\" content=\"es_ES\" \/>\n<meta property=\"og:type\" content=\"article\" \/>\n<meta property=\"og:title\" content=\"Cubo Reciclaje 6L Blanco - Cuinetes Shop\" \/>\n<meta property=\"og:description\" content=\"Este cubo de reciclaje 6L Blanco es 100% reciclable y encaja a la perfecci\u00f3n en cualquier cocina, ya sea en una esquina o una pared!\" \/>\n<meta property=\"og:url\" content=\"https:\/\/cuinetes.shop\/es\/producto\/cubo-reciclaje-6l-blanco\/\" \/>\n<meta property=\"og:site_name\" content=\"Tienda de utensilios de cocina - Cuinetes\" \/>\n<meta property=\"article:modified_time\" content=\"2025-10-22T13:32:08+00:00\" \/>\n<meta property=\"og:image\" content=\"https:\/\/cuinetes.shop\/wp-content\/uploads\/2021\/11\/3496-Cubell-Reciclatge-6L-Blanc.jpg\" \/>\n\t<meta property=\"og:image:width\" content=\"1024\" \/>\n\t<meta property=\"og:image:height\" content=\"1024\" \/>\n\t<meta property=\"og:image:type\" content=\"image\/jpeg\" \/>\n<meta name=\"twitter:card\" content=\"summary_large_image\" \/>\n<script type=\"application\/ld+json\" class=\"yoast-schema-graph\">{\"@context\":\"https:\/\/schema.org\",\"@graph\":[{\"@type\":\"WebPage\",\"@id\":\"https:\/\/cuinetes.shop\/es\/producto\/cubo-reciclaje-6l-blanco\/\",\"url\":\"https:\/\/cuinetes.shop\/es\/producto\/cubo-reciclaje-6l-blanco\/\",\"name\":\"Cubo Reciclaje 6L Blanco - Cuinetes Shop\",\"isPartOf\":{\"@id\":\"https:\/\/cuinetes.shop\/es\/#website\"},\"primaryImageOfPage\":{\"@id\":\"https:\/\/cuinetes.shop\/es\/producto\/cubo-reciclaje-6l-blanco\/#primaryimage\"},\"image\":{\"@id\":\"https:\/\/cuinetes.shop\/es\/producto\/cubo-reciclaje-6l-blanco\/#primaryimage\"},\"thumbnailUrl\":\"https:\/\/cuinetes.shop\/wp-content\/uploads\/2021\/11\/3496-Cubell-Reciclatge-6L-Blanc.jpg\",\"datePublished\":\"2021-11-18T13:14:29+00:00\",\"dateModified\":\"2025-10-22T13:32:08+00:00\",\"description\":\"Este cubo de reciclaje 6L Blanco es 100% reciclable y encaja a la perfecci\u00f3n en cualquier cocina, ya sea en una esquina o una pared!\",\"breadcrumb\":{\"@id\":\"https:\/\/cuinetes.shop\/es\/producto\/cubo-reciclaje-6l-blanco\/#breadcrumb\"},\"inLanguage\":\"es\",\"potentialAction\":[{\"@type\":\"ReadAction\",\"target\":[\"https:\/\/cuinetes.shop\/es\/producto\/cubo-reciclaje-6l-blanco\/\"]}]},{\"@type\":\"ImageObject\",\"inLanguage\":\"es\",\"@id\":\"https:\/\/cuinetes.shop\/es\/producto\/cubo-reciclaje-6l-blanco\/#primaryimage\",\"url\":\"https:\/\/cuinetes.shop\/wp-content\/uploads\/2021\/11\/3496-Cubell-Reciclatge-6L-Blanc.jpg\",\"contentUrl\":\"https:\/\/cuinetes.shop\/wp-content\/uploads\/2021\/11\/3496-Cubell-Reciclatge-6L-Blanc.jpg\",\"width\":1024,\"height\":1024,\"caption\":\"Cubo Reciclaje 6L Blanco\"},{\"@type\":\"BreadcrumbList\",\"@id\":\"https:\/\/cuinetes.shop\/es\/producto\/cubo-reciclaje-6l-blanco\/#breadcrumb\",\"itemListElement\":[{\"@type\":\"ListItem\",\"position\":1,\"name\":\"Home\",\"item\":\"https:\/\/cuinetes.shop\/es\/\"},{\"@type\":\"ListItem\",\"position\":2,\"name\":\"Tienda\",\"item\":\"https:\/\/cuinetes.shop\/es\/tienda\/\"},{\"@type\":\"ListItem\",\"position\":3,\"name\":\"Cubo Reciclaje 6L Blanco\"}]},{\"@type\":\"WebSite\",\"@id\":\"https:\/\/cuinetes.shop\/es\/#website\",\"url\":\"https:\/\/cuinetes.shop\/es\/\",\"name\":\"Tienda de utensilios de cocina - Cuinetes\",\"description\":\"\",\"potentialAction\":[{\"@type\":\"SearchAction\",\"target\":{\"@type\":\"EntryPoint\",\"urlTemplate\":\"https:\/\/cuinetes.shop\/es\/?s={search_term_string}\"},\"query-input\":{\"@type\":\"PropertyValueSpecification\",\"valueRequired\":true,\"valueName\":\"search_term_string\"}}],\"inLanguage\":\"es\"}]}<\/script>\n<!-- \/ Yoast SEO plugin. -->","yoast_head_json":{"title":"Cubo Reciclaje 6L Blanco - Cuinetes Shop","description":"Este cubo de reciclaje 6L Blanco es 100% reciclable y encaja a la perfecci\u00f3n en cualquier cocina, ya sea en una esquina o una pared!","robots":{"index":"index","follow":"follow","max-snippet":"max-snippet:-1","max-image-preview":"max-image-preview:large","max-video-preview":"max-video-preview:-1"},"canonical":"https:\/\/cuinetes.shop\/es\/producto\/cubo-reciclaje-6l-blanco\/","og_locale":"es_ES","og_type":"article","og_title":"Cubo Reciclaje 6L Blanco - Cuinetes Shop","og_description":"Este cubo de reciclaje 6L Blanco es 100% reciclable y encaja a la perfecci\u00f3n en cualquier cocina, ya sea en una esquina o una pared!","og_url":"https:\/\/cuinetes.shop\/es\/producto\/cubo-reciclaje-6l-blanco\/","og_site_name":"Tienda de utensilios de cocina - Cuinetes","article_modified_time":"2025-10-22T13:32:08+00:00","og_image":[{"width":1024,"height":1024,"url":"https:\/\/cuinetes.shop\/wp-content\/uploads\/2021\/11\/3496-Cubell-Reciclatge-6L-Blanc.jpg","type":"image\/jpeg"}],"twitter_card":"summary_large_image","schema":{"@context":"https:\/\/schema.org","@graph":[{"@type":"WebPage","@id":"https:\/\/cuinetes.shop\/es\/producto\/cubo-reciclaje-6l-blanco\/","url":"https:\/\/cuinetes.shop\/es\/producto\/cubo-reciclaje-6l-blanco\/","name":"Cubo Reciclaje 6L Blanco - Cuinetes Shop","isPartOf":{"@id":"https:\/\/cuinetes.shop\/es\/#website"},"primaryImageOfPage":{"@id":"https:\/\/cuinetes.shop\/es\/producto\/cubo-reciclaje-6l-blanco\/#primaryimage"},"image":{"@id":"https:\/\/cuinetes.shop\/es\/producto\/cubo-reciclaje-6l-blanco\/#primaryimage"},"thumbnailUrl":"https:\/\/cuinetes.shop\/wp-content\/uploads\/2021\/11\/3496-Cubell-Reciclatge-6L-Blanc.jpg","datePublished":"2021-11-18T13:14:29+00:00","dateModified":"2025-10-22T13:32:08+00:00","description":"Este cubo de reciclaje 6L Blanco es 100% reciclable y encaja a la perfecci\u00f3n en cualquier cocina, ya sea en una esquina o una pared!","breadcrumb":{"@id":"https:\/\/cuinetes.shop\/es\/producto\/cubo-reciclaje-6l-blanco\/#breadcrumb"},"inLanguage":"es","potentialAction":[{"@type":"ReadAction","target":["https:\/\/cuinetes.shop\/es\/producto\/cubo-reciclaje-6l-blanco\/"]}]},{"@type":"ImageObject","inLanguage":"es","@id":"https:\/\/cuinetes.shop\/es\/producto\/cubo-reciclaje-6l-blanco\/#primaryimage","url":"https:\/\/cuinetes.shop\/wp-content\/uploads\/2021\/11\/3496-Cubell-Reciclatge-6L-Blanc.jpg","contentUrl":"https:\/\/cuinetes.shop\/wp-content\/uploads\/2021\/11\/3496-Cubell-Reciclatge-6L-Blanc.jpg","width":1024,"height":1024,"caption":"Cubo Reciclaje 6L Blanco"},{"@type":"BreadcrumbList","@id":"https:\/\/cuinetes.shop\/es\/producto\/cubo-reciclaje-6l-blanco\/#breadcrumb","itemListElement":[{"@type":"ListItem","position":1,"name":"Home","item":"https:\/\/cuinetes.shop\/es\/"},{"@type":"ListItem","position":2,"name":"Tienda","item":"https:\/\/cuinetes.shop\/es\/tienda\/"},{"@type":"ListItem","position":3,"name":"Cubo Reciclaje 6L Blanco"}]},{"@type":"WebSite","@id":"https:\/\/cuinetes.shop\/es\/#website","url":"https:\/\/cuinetes.shop\/es\/","name":"Tienda de utensilios de cocina - Cuinetes","description":"","potentialAction":[{"@type":"SearchAction","target":{"@type":"EntryPoint","urlTemplate":"https:\/\/cuinetes.shop\/es\/?s={search_term_string}"},"query-input":{"@type":"PropertyValueSpecification","valueRequired":true,"valueName":"search_term_string"}}],"inLanguage":"es"}]}},"_links":{"self":[{"href":"https:\/\/cuinetes.shop\/es\/wp-json\/wp\/v2\/product\/34089","targetHints":{"allow":["GET"]}}],"collection":[{"href":"https:\/\/cuinetes.shop\/es\/wp-json\/wp\/v2\/product"}],"about":[{"href":"https:\/\/cuinetes.shop\/es\/wp-json\/wp\/v2\/types\/product"}],"replies":[{"embeddable":true,"href":"https:\/\/cuinetes.shop\/es\/wp-json\/wp\/v2\/comments?post=34089"}],"wp:featuredmedia":[{"embeddable":true,"href":"https:\/\/cuinetes.shop\/es\/wp-json\/wp\/v2\/media\/19146"}],"wp:attachment":[{"href":"https:\/\/cuinetes.shop\/es\/wp-json\/wp\/v2\/media?parent=34089"}],"wp:term":[{"taxonomy":"product_cat","embeddable":true,"href":"https:\/\/cuinetes.shop\/es\/wp-json\/wp\/v2\/product_cat?post=34089"},{"taxonomy":"product_tag","embeddable":true,"href":"https:\/\/cuinetes.shop\/es\/wp-json\/wp\/v2\/product_tag?post=34089"}],"curies":[{"name":"wp","href":"https:\/\/api.w.org\/{rel}","templated":true}]}}