
{"id":34118,"date":"2022-01-17T09:28:24","date_gmt":"2022-01-17T08:28:24","guid":{"rendered":"https:\/\/cuinetes.shop\/producte\/sarten-doble-tortilla-patatas-24cm\/"},"modified":"2022-07-20T18:22:55","modified_gmt":"2022-07-20T16:22:55","slug":"sarten-doble-tortilla-patatas-24cm","status":"publish","type":"product","link":"https:\/\/cuinetes.shop\/es\/producto\/sarten-doble-tortilla-patatas-24cm\/","title":{"rendered":"Sart\u00e9n Doble Tortilla Patatas 24cm"},"content":{"rendered":"<p>La sart\u00e9n doble est\u00e1 recubierta con antiadherente, libre de PFOA, para evitar que la tortilla se quede pegada y as\u00ed obtener una tortilla de patatas perfecta.<\/p>\n<p>Apta para todo tipo de cocinas, incluida la inducci\u00f3n.<\/p>\n<p>Di\u00e1metro sart\u00e9n: 24 cm.<\/p>\n<p>Disponible en diferentes tama\u00f1os.<\/p>\n","protected":false},"excerpt":{"rendered":"<p>\u00a1Hacer tortilla de patatas nunca hab\u00eda sido tan f\u00e1cil!\u00a0Esta sart\u00e9n doble cuenta con un cierre de seguridad para poder dar la vuelta a la tortilla con total comodidad y tranquilidad. Ideal para los amantes de la tortilla de patatas.<\/p>\n","protected":false},"featured_media":34319,"comment_status":"open","ping_status":"closed","template":"","meta":[],"product_cat":[695,702,693,696],"product_tag":[],"class_list":{"0":"post-34118","1":"product","2":"type-product","3":"status-publish","4":"has-post-thumbnail","6":"product_brand-ibili-es","7":"product_cat-coccion","8":"product_cat-cocinar","9":"product_cat-ideas-para-regalar","10":"product_cat-sartenes","11":"pa_usimanteniment-producto-apto-para-lavavajillas","14":"first","15":"instock","16":"taxable","17":"shipping-taxable","18":"purchasable","19":"product-type-simple"},"yoast_head":"<!-- This site is optimized with the Yoast SEO plugin v26.1.1 - https:\/\/yoast.com\/wordpress\/plugins\/seo\/ -->\n<title>Sart\u00e9n Doble Tortilla Patatas 24cm - Cuinetes Shop<\/title>\n<meta name=\"description\" content=\"Sart\u00e9n doble para hacer tortilla de patatas; incluye un cierre de seguridad para poder darle la vuelta a la tortilla.\" \/>\n<meta name=\"robots\" content=\"index, follow, max-snippet:-1, max-image-preview:large, max-video-preview:-1\" \/>\n<link rel=\"canonical\" href=\"https:\/\/cuinetes.shop\/es\/producto\/sarten-doble-tortilla-patatas-24cm\/\" \/>\n<meta property=\"og:locale\" content=\"es_ES\" \/>\n<meta property=\"og:type\" content=\"article\" \/>\n<meta property=\"og:title\" content=\"Sart\u00e9n Doble Tortilla Patatas 24cm - Cuinetes Shop\" \/>\n<meta property=\"og:description\" content=\"Sart\u00e9n doble para hacer tortilla de patatas; incluye un cierre de seguridad para poder darle la vuelta a la tortilla.\" \/>\n<meta property=\"og:url\" content=\"https:\/\/cuinetes.shop\/es\/producto\/sarten-doble-tortilla-patatas-24cm\/\" \/>\n<meta property=\"og:site_name\" content=\"Tienda de utensilios de cocina - Cuinetes\" \/>\n<meta property=\"article:modified_time\" content=\"2022-07-20T16:22:55+00:00\" \/>\n<meta property=\"og:image\" content=\"https:\/\/cuinetes.shop\/wp-content\/uploads\/2022\/01\/Diseno-sin-titulo-59.png\" \/>\n\t<meta property=\"og:image:width\" content=\"734\" \/>\n\t<meta property=\"og:image:height\" content=\"1000\" \/>\n\t<meta property=\"og:image:type\" content=\"image\/png\" \/>\n<meta name=\"twitter:card\" content=\"summary_large_image\" \/>\n<script type=\"application\/ld+json\" class=\"yoast-schema-graph\">{\"@context\":\"https:\/\/schema.org\",\"@graph\":[{\"@type\":\"WebPage\",\"@id\":\"https:\/\/cuinetes.shop\/es\/producto\/sarten-doble-tortilla-patatas-24cm\/\",\"url\":\"https:\/\/cuinetes.shop\/es\/producto\/sarten-doble-tortilla-patatas-24cm\/\",\"name\":\"Sart\u00e9n Doble Tortilla Patatas 24cm - Cuinetes Shop\",\"isPartOf\":{\"@id\":\"https:\/\/cuinetes.shop\/es\/#website\"},\"primaryImageOfPage\":{\"@id\":\"https:\/\/cuinetes.shop\/es\/producto\/sarten-doble-tortilla-patatas-24cm\/#primaryimage\"},\"image\":{\"@id\":\"https:\/\/cuinetes.shop\/es\/producto\/sarten-doble-tortilla-patatas-24cm\/#primaryimage\"},\"thumbnailUrl\":\"https:\/\/cuinetes.shop\/wp-content\/uploads\/2022\/01\/Diseno-sin-titulo-59.png\",\"datePublished\":\"2022-01-17T08:28:24+00:00\",\"dateModified\":\"2022-07-20T16:22:55+00:00\",\"description\":\"Sart\u00e9n doble para hacer tortilla de patatas; incluye un cierre de seguridad para poder darle la vuelta a la tortilla.\",\"breadcrumb\":{\"@id\":\"https:\/\/cuinetes.shop\/es\/producto\/sarten-doble-tortilla-patatas-24cm\/#breadcrumb\"},\"inLanguage\":\"es\",\"potentialAction\":[{\"@type\":\"ReadAction\",\"target\":[\"https:\/\/cuinetes.shop\/es\/producto\/sarten-doble-tortilla-patatas-24cm\/\"]}]},{\"@type\":\"ImageObject\",\"inLanguage\":\"es\",\"@id\":\"https:\/\/cuinetes.shop\/es\/producto\/sarten-doble-tortilla-patatas-24cm\/#primaryimage\",\"url\":\"https:\/\/cuinetes.shop\/wp-content\/uploads\/2022\/01\/Diseno-sin-titulo-59.png\",\"contentUrl\":\"https:\/\/cuinetes.shop\/wp-content\/uploads\/2022\/01\/Diseno-sin-titulo-59.png\",\"width\":734,\"height\":1000,\"caption\":\"sart\u00e9n doble tortilla patatas\"},{\"@type\":\"BreadcrumbList\",\"@id\":\"https:\/\/cuinetes.shop\/es\/producto\/sarten-doble-tortilla-patatas-24cm\/#breadcrumb\",\"itemListElement\":[{\"@type\":\"ListItem\",\"position\":1,\"name\":\"Home\",\"item\":\"https:\/\/cuinetes.shop\/es\/\"},{\"@type\":\"ListItem\",\"position\":2,\"name\":\"Tienda\",\"item\":\"https:\/\/cuinetes.shop\/es\/tienda\/\"},{\"@type\":\"ListItem\",\"position\":3,\"name\":\"Sart\u00e9n Doble Tortilla Patatas 24cm\"}]},{\"@type\":\"WebSite\",\"@id\":\"https:\/\/cuinetes.shop\/es\/#website\",\"url\":\"https:\/\/cuinetes.shop\/es\/\",\"name\":\"Tienda de utensilios de cocina - Cuinetes\",\"description\":\"\",\"potentialAction\":[{\"@type\":\"SearchAction\",\"target\":{\"@type\":\"EntryPoint\",\"urlTemplate\":\"https:\/\/cuinetes.shop\/es\/?s={search_term_string}\"},\"query-input\":{\"@type\":\"PropertyValueSpecification\",\"valueRequired\":true,\"valueName\":\"search_term_string\"}}],\"inLanguage\":\"es\"}]}<\/script>\n<!-- \/ Yoast SEO plugin. -->","yoast_head_json":{"title":"Sart\u00e9n Doble Tortilla Patatas 24cm - Cuinetes Shop","description":"Sart\u00e9n doble para hacer tortilla de patatas; incluye un cierre de seguridad para poder darle la vuelta a la tortilla.","robots":{"index":"index","follow":"follow","max-snippet":"max-snippet:-1","max-image-preview":"max-image-preview:large","max-video-preview":"max-video-preview:-1"},"canonical":"https:\/\/cuinetes.shop\/es\/producto\/sarten-doble-tortilla-patatas-24cm\/","og_locale":"es_ES","og_type":"article","og_title":"Sart\u00e9n Doble Tortilla Patatas 24cm - Cuinetes Shop","og_description":"Sart\u00e9n doble para hacer tortilla de patatas; incluye un cierre de seguridad para poder darle la vuelta a la tortilla.","og_url":"https:\/\/cuinetes.shop\/es\/producto\/sarten-doble-tortilla-patatas-24cm\/","og_site_name":"Tienda de utensilios de cocina - Cuinetes","article_modified_time":"2022-07-20T16:22:55+00:00","og_image":[{"width":734,"height":1000,"url":"https:\/\/cuinetes.shop\/wp-content\/uploads\/2022\/01\/Diseno-sin-titulo-59.png","type":"image\/png"}],"twitter_card":"summary_large_image","schema":{"@context":"https:\/\/schema.org","@graph":[{"@type":"WebPage","@id":"https:\/\/cuinetes.shop\/es\/producto\/sarten-doble-tortilla-patatas-24cm\/","url":"https:\/\/cuinetes.shop\/es\/producto\/sarten-doble-tortilla-patatas-24cm\/","name":"Sart\u00e9n Doble Tortilla Patatas 24cm - Cuinetes Shop","isPartOf":{"@id":"https:\/\/cuinetes.shop\/es\/#website"},"primaryImageOfPage":{"@id":"https:\/\/cuinetes.shop\/es\/producto\/sarten-doble-tortilla-patatas-24cm\/#primaryimage"},"image":{"@id":"https:\/\/cuinetes.shop\/es\/producto\/sarten-doble-tortilla-patatas-24cm\/#primaryimage"},"thumbnailUrl":"https:\/\/cuinetes.shop\/wp-content\/uploads\/2022\/01\/Diseno-sin-titulo-59.png","datePublished":"2022-01-17T08:28:24+00:00","dateModified":"2022-07-20T16:22:55+00:00","description":"Sart\u00e9n doble para hacer tortilla de patatas; incluye un cierre de seguridad para poder darle la vuelta a la tortilla.","breadcrumb":{"@id":"https:\/\/cuinetes.shop\/es\/producto\/sarten-doble-tortilla-patatas-24cm\/#breadcrumb"},"inLanguage":"es","potentialAction":[{"@type":"ReadAction","target":["https:\/\/cuinetes.shop\/es\/producto\/sarten-doble-tortilla-patatas-24cm\/"]}]},{"@type":"ImageObject","inLanguage":"es","@id":"https:\/\/cuinetes.shop\/es\/producto\/sarten-doble-tortilla-patatas-24cm\/#primaryimage","url":"https:\/\/cuinetes.shop\/wp-content\/uploads\/2022\/01\/Diseno-sin-titulo-59.png","contentUrl":"https:\/\/cuinetes.shop\/wp-content\/uploads\/2022\/01\/Diseno-sin-titulo-59.png","width":734,"height":1000,"caption":"sart\u00e9n doble tortilla patatas"},{"@type":"BreadcrumbList","@id":"https:\/\/cuinetes.shop\/es\/producto\/sarten-doble-tortilla-patatas-24cm\/#breadcrumb","itemListElement":[{"@type":"ListItem","position":1,"name":"Home","item":"https:\/\/cuinetes.shop\/es\/"},{"@type":"ListItem","position":2,"name":"Tienda","item":"https:\/\/cuinetes.shop\/es\/tienda\/"},{"@type":"ListItem","position":3,"name":"Sart\u00e9n Doble Tortilla Patatas 24cm"}]},{"@type":"WebSite","@id":"https:\/\/cuinetes.shop\/es\/#website","url":"https:\/\/cuinetes.shop\/es\/","name":"Tienda de utensilios de cocina - Cuinetes","description":"","potentialAction":[{"@type":"SearchAction","target":{"@type":"EntryPoint","urlTemplate":"https:\/\/cuinetes.shop\/es\/?s={search_term_string}"},"query-input":{"@type":"PropertyValueSpecification","valueRequired":true,"valueName":"search_term_string"}}],"inLanguage":"es"}]}},"_links":{"self":[{"href":"https:\/\/cuinetes.shop\/es\/wp-json\/wp\/v2\/product\/34118","targetHints":{"allow":["GET"]}}],"collection":[{"href":"https:\/\/cuinetes.shop\/es\/wp-json\/wp\/v2\/product"}],"about":[{"href":"https:\/\/cuinetes.shop\/es\/wp-json\/wp\/v2\/types\/product"}],"replies":[{"embeddable":true,"href":"https:\/\/cuinetes.shop\/es\/wp-json\/wp\/v2\/comments?post=34118"}],"wp:featuredmedia":[{"embeddable":true,"href":"https:\/\/cuinetes.shop\/es\/wp-json\/wp\/v2\/media\/34319"}],"wp:attachment":[{"href":"https:\/\/cuinetes.shop\/es\/wp-json\/wp\/v2\/media?parent=34118"}],"wp:term":[{"taxonomy":"product_cat","embeddable":true,"href":"https:\/\/cuinetes.shop\/es\/wp-json\/wp\/v2\/product_cat?post=34118"},{"taxonomy":"product_tag","embeddable":true,"href":"https:\/\/cuinetes.shop\/es\/wp-json\/wp\/v2\/product_tag?post=34118"}],"curies":[{"name":"wp","href":"https:\/\/api.w.org\/{rel}","templated":true}]}}