
{"id":34447,"date":"2022-06-13T11:33:37","date_gmt":"2022-06-13T10:33:37","guid":{"rendered":"https:\/\/cuinetes.shop\/producte\/nevera-polarbox-20l-nude-verde\/"},"modified":"2025-10-22T14:37:13","modified_gmt":"2025-10-22T12:37:13","slug":"nevera-polarbox-20l-nude-verde","status":"publish","type":"product","link":"https:\/\/cuinetes.shop\/es\/producto\/nevera-polarbox-20l-nude-verde\/","title":{"rendered":"Nevera Polarbox 20L &#8211; Nude\/Verde"},"content":{"rendered":"<p>Nevera port\u00e1til con 20L de capacidad, perfecta para ir a la playa o de\u00a0picnic\u00a0y mantener fr\u00edas tus bebidas durante m\u00e1s tiempo. Su interior est\u00e1 cubierto de\u00a0AIRPOP, un material que destaca para ser muy ligero y un excelente aislante t\u00e9rmico. La nevera\u00a0Polarbox\u00a0dispone de una asa de cuero con dos hebillas que permiten ajustar la medida para llevar tu\u00a0Polarbox\u00a0en la mano o bien, colgada. Disponible en diferentes combinaciones de colores.<\/p>\n<p>Tama\u00f1o: 447 x 302 x 289 mm<\/p>\n<p>Capacidad: 20L (30 latas)<\/p>\n<p>Peso: 1.3 kg.<\/p>\n","protected":false},"excerpt":{"rendered":"<p>Nevera port\u00e1til, ligera y aislante, con un dise\u00f1o retro-vintage que no dejar\u00e1 indiferente a nadie. \u00a1Luce tu mejor complemento en la playa, piscina o de picnic!<\/p>\n","protected":false},"featured_media":34170,"comment_status":"closed","ping_status":"closed","template":"","meta":[],"product_cat":[804,767,694,799],"product_tag":[1238,1237,1236],"class_list":{"0":"post-34447","1":"product","2":"type-product","3":"status-publish","4":"has-post-thumbnail","6":"product_brand-polarbox-es","7":"product_cat-bolsas-nevera","8":"product_cat-los-mas-vendidos","9":"product_cat-novedades-cuinetes","10":"product_cat-para-llevar","11":"product_tag-nevera-es","12":"product_tag-picnic-es","13":"product_tag-platja-es","16":"first","17":"instock","18":"sale","19":"taxable","20":"shipping-taxable","21":"purchasable","22":"product-type-simple"},"yoast_head":"<!-- This site is optimized with the Yoast SEO plugin v26.1.1 - https:\/\/yoast.com\/wordpress\/plugins\/seo\/ -->\n<title>Nevera Polarbox 20L - Nude\/Verde - Tienda de utensilios de cocina - Cuinetes<\/title>\n<meta name=\"description\" content=\"Nevera polarbox 20L port\u00e1til, ligera y aislante, con un dise\u00f1o retro-vintage que no dejar\u00e1 indiferente a nadie.\" \/>\n<meta name=\"robots\" content=\"index, follow, max-snippet:-1, max-image-preview:large, max-video-preview:-1\" \/>\n<link rel=\"canonical\" href=\"https:\/\/cuinetes.shop\/es\/producto\/nevera-polarbox-20l-nude-verde\/\" \/>\n<meta property=\"og:locale\" content=\"es_ES\" \/>\n<meta property=\"og:type\" content=\"article\" \/>\n<meta property=\"og:title\" content=\"Nevera Polarbox 20L - Nude\/Verde - Tienda de utensilios de cocina - Cuinetes\" \/>\n<meta property=\"og:description\" content=\"Nevera polarbox 20L port\u00e1til, ligera y aislante, con un dise\u00f1o retro-vintage que no dejar\u00e1 indiferente a nadie.\" \/>\n<meta property=\"og:url\" content=\"https:\/\/cuinetes.shop\/es\/producto\/nevera-polarbox-20l-nude-verde\/\" \/>\n<meta property=\"og:site_name\" content=\"Tienda de utensilios de cocina - Cuinetes\" \/>\n<meta property=\"article:modified_time\" content=\"2025-10-22T12:37:13+00:00\" \/>\n<meta property=\"og:image\" content=\"https:\/\/cuinetes.shop\/wp-content\/uploads\/2022\/06\/nevera-polarbox-20l-nude-verde.png\" \/>\n\t<meta property=\"og:image:width\" content=\"734\" \/>\n\t<meta property=\"og:image:height\" content=\"1000\" \/>\n\t<meta property=\"og:image:type\" content=\"image\/png\" \/>\n<meta name=\"twitter:card\" content=\"summary_large_image\" \/>\n<script type=\"application\/ld+json\" class=\"yoast-schema-graph\">{\"@context\":\"https:\/\/schema.org\",\"@graph\":[{\"@type\":\"WebPage\",\"@id\":\"https:\/\/cuinetes.shop\/es\/producto\/nevera-polarbox-20l-nude-verde\/\",\"url\":\"https:\/\/cuinetes.shop\/es\/producto\/nevera-polarbox-20l-nude-verde\/\",\"name\":\"Nevera Polarbox 20L - Nude\/Verde - Tienda de utensilios de cocina - Cuinetes\",\"isPartOf\":{\"@id\":\"https:\/\/cuinetes.shop\/es\/#website\"},\"primaryImageOfPage\":{\"@id\":\"https:\/\/cuinetes.shop\/es\/producto\/nevera-polarbox-20l-nude-verde\/#primaryimage\"},\"image\":{\"@id\":\"https:\/\/cuinetes.shop\/es\/producto\/nevera-polarbox-20l-nude-verde\/#primaryimage\"},\"thumbnailUrl\":\"https:\/\/cuinetes.shop\/wp-content\/uploads\/2022\/06\/nevera-polarbox-20l-nude-verde.png\",\"datePublished\":\"2022-06-13T10:33:37+00:00\",\"dateModified\":\"2025-10-22T12:37:13+00:00\",\"description\":\"Nevera polarbox 20L port\u00e1til, ligera y aislante, con un dise\u00f1o retro-vintage que no dejar\u00e1 indiferente a nadie.\",\"breadcrumb\":{\"@id\":\"https:\/\/cuinetes.shop\/es\/producto\/nevera-polarbox-20l-nude-verde\/#breadcrumb\"},\"inLanguage\":\"es\",\"potentialAction\":[{\"@type\":\"ReadAction\",\"target\":[\"https:\/\/cuinetes.shop\/es\/producto\/nevera-polarbox-20l-nude-verde\/\"]}]},{\"@type\":\"ImageObject\",\"inLanguage\":\"es\",\"@id\":\"https:\/\/cuinetes.shop\/es\/producto\/nevera-polarbox-20l-nude-verde\/#primaryimage\",\"url\":\"https:\/\/cuinetes.shop\/wp-content\/uploads\/2022\/06\/nevera-polarbox-20l-nude-verde.png\",\"contentUrl\":\"https:\/\/cuinetes.shop\/wp-content\/uploads\/2022\/06\/nevera-polarbox-20l-nude-verde.png\",\"width\":734,\"height\":1000,\"caption\":\"nevera playa polarbox verde\"},{\"@type\":\"BreadcrumbList\",\"@id\":\"https:\/\/cuinetes.shop\/es\/producto\/nevera-polarbox-20l-nude-verde\/#breadcrumb\",\"itemListElement\":[{\"@type\":\"ListItem\",\"position\":1,\"name\":\"Home\",\"item\":\"https:\/\/cuinetes.shop\/es\/\"},{\"@type\":\"ListItem\",\"position\":2,\"name\":\"Tienda\",\"item\":\"https:\/\/cuinetes.shop\/es\/tienda\/\"},{\"@type\":\"ListItem\",\"position\":3,\"name\":\"Nevera Polarbox 20L &#8211; Nude\/Verde\"}]},{\"@type\":\"WebSite\",\"@id\":\"https:\/\/cuinetes.shop\/es\/#website\",\"url\":\"https:\/\/cuinetes.shop\/es\/\",\"name\":\"Tienda de utensilios de cocina - Cuinetes\",\"description\":\"\",\"potentialAction\":[{\"@type\":\"SearchAction\",\"target\":{\"@type\":\"EntryPoint\",\"urlTemplate\":\"https:\/\/cuinetes.shop\/es\/?s={search_term_string}\"},\"query-input\":{\"@type\":\"PropertyValueSpecification\",\"valueRequired\":true,\"valueName\":\"search_term_string\"}}],\"inLanguage\":\"es\"}]}<\/script>\n<!-- \/ Yoast SEO plugin. -->","yoast_head_json":{"title":"Nevera Polarbox 20L - Nude\/Verde - Tienda de utensilios de cocina - Cuinetes","description":"Nevera polarbox 20L port\u00e1til, ligera y aislante, con un dise\u00f1o retro-vintage que no dejar\u00e1 indiferente a nadie.","robots":{"index":"index","follow":"follow","max-snippet":"max-snippet:-1","max-image-preview":"max-image-preview:large","max-video-preview":"max-video-preview:-1"},"canonical":"https:\/\/cuinetes.shop\/es\/producto\/nevera-polarbox-20l-nude-verde\/","og_locale":"es_ES","og_type":"article","og_title":"Nevera Polarbox 20L - Nude\/Verde - Tienda de utensilios de cocina - Cuinetes","og_description":"Nevera polarbox 20L port\u00e1til, ligera y aislante, con un dise\u00f1o retro-vintage que no dejar\u00e1 indiferente a nadie.","og_url":"https:\/\/cuinetes.shop\/es\/producto\/nevera-polarbox-20l-nude-verde\/","og_site_name":"Tienda de utensilios de cocina - Cuinetes","article_modified_time":"2025-10-22T12:37:13+00:00","og_image":[{"width":734,"height":1000,"url":"https:\/\/cuinetes.shop\/wp-content\/uploads\/2022\/06\/nevera-polarbox-20l-nude-verde.png","type":"image\/png"}],"twitter_card":"summary_large_image","schema":{"@context":"https:\/\/schema.org","@graph":[{"@type":"WebPage","@id":"https:\/\/cuinetes.shop\/es\/producto\/nevera-polarbox-20l-nude-verde\/","url":"https:\/\/cuinetes.shop\/es\/producto\/nevera-polarbox-20l-nude-verde\/","name":"Nevera Polarbox 20L - Nude\/Verde - Tienda de utensilios de cocina - Cuinetes","isPartOf":{"@id":"https:\/\/cuinetes.shop\/es\/#website"},"primaryImageOfPage":{"@id":"https:\/\/cuinetes.shop\/es\/producto\/nevera-polarbox-20l-nude-verde\/#primaryimage"},"image":{"@id":"https:\/\/cuinetes.shop\/es\/producto\/nevera-polarbox-20l-nude-verde\/#primaryimage"},"thumbnailUrl":"https:\/\/cuinetes.shop\/wp-content\/uploads\/2022\/06\/nevera-polarbox-20l-nude-verde.png","datePublished":"2022-06-13T10:33:37+00:00","dateModified":"2025-10-22T12:37:13+00:00","description":"Nevera polarbox 20L port\u00e1til, ligera y aislante, con un dise\u00f1o retro-vintage que no dejar\u00e1 indiferente a nadie.","breadcrumb":{"@id":"https:\/\/cuinetes.shop\/es\/producto\/nevera-polarbox-20l-nude-verde\/#breadcrumb"},"inLanguage":"es","potentialAction":[{"@type":"ReadAction","target":["https:\/\/cuinetes.shop\/es\/producto\/nevera-polarbox-20l-nude-verde\/"]}]},{"@type":"ImageObject","inLanguage":"es","@id":"https:\/\/cuinetes.shop\/es\/producto\/nevera-polarbox-20l-nude-verde\/#primaryimage","url":"https:\/\/cuinetes.shop\/wp-content\/uploads\/2022\/06\/nevera-polarbox-20l-nude-verde.png","contentUrl":"https:\/\/cuinetes.shop\/wp-content\/uploads\/2022\/06\/nevera-polarbox-20l-nude-verde.png","width":734,"height":1000,"caption":"nevera playa polarbox verde"},{"@type":"BreadcrumbList","@id":"https:\/\/cuinetes.shop\/es\/producto\/nevera-polarbox-20l-nude-verde\/#breadcrumb","itemListElement":[{"@type":"ListItem","position":1,"name":"Home","item":"https:\/\/cuinetes.shop\/es\/"},{"@type":"ListItem","position":2,"name":"Tienda","item":"https:\/\/cuinetes.shop\/es\/tienda\/"},{"@type":"ListItem","position":3,"name":"Nevera Polarbox 20L &#8211; Nude\/Verde"}]},{"@type":"WebSite","@id":"https:\/\/cuinetes.shop\/es\/#website","url":"https:\/\/cuinetes.shop\/es\/","name":"Tienda de utensilios de cocina - Cuinetes","description":"","potentialAction":[{"@type":"SearchAction","target":{"@type":"EntryPoint","urlTemplate":"https:\/\/cuinetes.shop\/es\/?s={search_term_string}"},"query-input":{"@type":"PropertyValueSpecification","valueRequired":true,"valueName":"search_term_string"}}],"inLanguage":"es"}]}},"_links":{"self":[{"href":"https:\/\/cuinetes.shop\/es\/wp-json\/wp\/v2\/product\/34447","targetHints":{"allow":["GET"]}}],"collection":[{"href":"https:\/\/cuinetes.shop\/es\/wp-json\/wp\/v2\/product"}],"about":[{"href":"https:\/\/cuinetes.shop\/es\/wp-json\/wp\/v2\/types\/product"}],"replies":[{"embeddable":true,"href":"https:\/\/cuinetes.shop\/es\/wp-json\/wp\/v2\/comments?post=34447"}],"wp:featuredmedia":[{"embeddable":true,"href":"https:\/\/cuinetes.shop\/es\/wp-json\/wp\/v2\/media\/34170"}],"wp:attachment":[{"href":"https:\/\/cuinetes.shop\/es\/wp-json\/wp\/v2\/media?parent=34447"}],"wp:term":[{"taxonomy":"product_cat","embeddable":true,"href":"https:\/\/cuinetes.shop\/es\/wp-json\/wp\/v2\/product_cat?post=34447"},{"taxonomy":"product_tag","embeddable":true,"href":"https:\/\/cuinetes.shop\/es\/wp-json\/wp\/v2\/product_tag?post=34447"}],"curies":[{"name":"wp","href":"https:\/\/api.w.org\/{rel}","templated":true}]}}