
{"id":34595,"date":"2022-06-28T13:32:55","date_gmt":"2022-06-28T11:32:55","guid":{"rendered":"https:\/\/cuinetes.shop\/producte\/pack-4-moldes-helado-creamy\/"},"modified":"2025-10-22T14:34:23","modified_gmt":"2025-10-22T12:34:23","slug":"pack-4-moldes-helado-creamy","status":"publish","type":"product","link":"https:\/\/cuinetes.shop\/es\/producto\/pack-4-moldes-helado-creamy\/","title":{"rendered":"Kit 4 Moldes Helado Creamy"},"content":{"rendered":"<p>Capacidad moldes: 60 ml x4<\/p>\n<p>Capacidad recipiente: 350 ml.<\/p>\n","protected":false},"excerpt":{"rendered":"<p>Crea tus propios helados cremosos en casa de manera saludable y del sabor que desees! Su dise\u00f1o nos permite apilarlos c\u00f3modamente, ahorrando espacio en el congelador, y adem\u00e1s, su tapa proteger\u00e1 el helado de olores. Son muy f\u00e1ciles de desmoldar gracias a la flexibilidad de la silicona 100% platino. El kit incluye 4 moldes y un recipiente colapsable de 100% silicona platino para poder elaborar coberturas crujientes.<\/p>\n<p>Incluye recetas 100% naturales.<\/p>\n","protected":false},"featured_media":34536,"comment_status":"closed","ping_status":"closed","template":"","meta":[],"product_cat":[702,834,694,703],"product_tag":[],"class_list":{"0":"post-34595","1":"product","2":"type-product","3":"status-publish","4":"has-post-thumbnail","6":"product_brand-lekue-es","7":"product_cat-cocinar","8":"product_cat-moldes-de-helados","9":"product_cat-novedades-cuinetes","10":"product_cat-reposteria-es","13":"first","14":"instock","15":"taxable","16":"shipping-taxable","17":"purchasable","18":"product-type-simple"},"yoast_head":"<!-- This site is optimized with the Yoast SEO plugin v26.1.1 - https:\/\/yoast.com\/wordpress\/plugins\/seo\/ -->\n<title>Kit 4 Moldes Helado Creamy - Cuinetes Shop<\/title>\n<meta name=\"description\" content=\"Kit 4 moldes helado para crear tus propios helados cremosos con coberturas crujientes de manera saludable y del sabor que desees!\" \/>\n<meta name=\"robots\" content=\"index, follow, max-snippet:-1, max-image-preview:large, max-video-preview:-1\" \/>\n<link rel=\"canonical\" href=\"https:\/\/cuinetes.shop\/es\/producto\/pack-4-moldes-helado-creamy\/\" \/>\n<meta property=\"og:locale\" content=\"es_ES\" \/>\n<meta property=\"og:type\" content=\"article\" \/>\n<meta property=\"og:title\" content=\"Kit 4 Moldes Helado Creamy - Cuinetes Shop\" \/>\n<meta property=\"og:description\" content=\"Kit 4 moldes helado para crear tus propios helados cremosos con coberturas crujientes de manera saludable y del sabor que desees!\" \/>\n<meta property=\"og:url\" content=\"https:\/\/cuinetes.shop\/es\/producto\/pack-4-moldes-helado-creamy\/\" \/>\n<meta property=\"og:site_name\" content=\"Tienda de utensilios de cocina - Cuinetes\" \/>\n<meta property=\"article:modified_time\" content=\"2025-10-22T12:34:23+00:00\" \/>\n<meta property=\"og:image\" content=\"https:\/\/cuinetes.shop\/wp-content\/uploads\/2022\/06\/3400235suru150_1.webp\" \/>\n\t<meta property=\"og:image:width\" content=\"1800\" \/>\n\t<meta property=\"og:image:height\" content=\"1800\" \/>\n\t<meta property=\"og:image:type\" content=\"image\/webp\" \/>\n<meta name=\"twitter:card\" content=\"summary_large_image\" \/>\n<script type=\"application\/ld+json\" class=\"yoast-schema-graph\">{\"@context\":\"https:\/\/schema.org\",\"@graph\":[{\"@type\":\"WebPage\",\"@id\":\"https:\/\/cuinetes.shop\/es\/producto\/pack-4-moldes-helado-creamy\/\",\"url\":\"https:\/\/cuinetes.shop\/es\/producto\/pack-4-moldes-helado-creamy\/\",\"name\":\"Kit 4 Moldes Helado Creamy - Cuinetes Shop\",\"isPartOf\":{\"@id\":\"https:\/\/cuinetes.shop\/es\/#website\"},\"primaryImageOfPage\":{\"@id\":\"https:\/\/cuinetes.shop\/es\/producto\/pack-4-moldes-helado-creamy\/#primaryimage\"},\"image\":{\"@id\":\"https:\/\/cuinetes.shop\/es\/producto\/pack-4-moldes-helado-creamy\/#primaryimage\"},\"thumbnailUrl\":\"https:\/\/cuinetes.shop\/wp-content\/uploads\/2022\/06\/3400235suru150_1.webp\",\"datePublished\":\"2022-06-28T11:32:55+00:00\",\"dateModified\":\"2025-10-22T12:34:23+00:00\",\"description\":\"Kit 4 moldes helado para crear tus propios helados cremosos con coberturas crujientes de manera saludable y del sabor que desees!\",\"breadcrumb\":{\"@id\":\"https:\/\/cuinetes.shop\/es\/producto\/pack-4-moldes-helado-creamy\/#breadcrumb\"},\"inLanguage\":\"es\",\"potentialAction\":[{\"@type\":\"ReadAction\",\"target\":[\"https:\/\/cuinetes.shop\/es\/producto\/pack-4-moldes-helado-creamy\/\"]}]},{\"@type\":\"ImageObject\",\"inLanguage\":\"es\",\"@id\":\"https:\/\/cuinetes.shop\/es\/producto\/pack-4-moldes-helado-creamy\/#primaryimage\",\"url\":\"https:\/\/cuinetes.shop\/wp-content\/uploads\/2022\/06\/3400235suru150_1.webp\",\"contentUrl\":\"https:\/\/cuinetes.shop\/wp-content\/uploads\/2022\/06\/3400235suru150_1.webp\",\"width\":1800,\"height\":1800,\"caption\":\"helado lekue\"},{\"@type\":\"BreadcrumbList\",\"@id\":\"https:\/\/cuinetes.shop\/es\/producto\/pack-4-moldes-helado-creamy\/#breadcrumb\",\"itemListElement\":[{\"@type\":\"ListItem\",\"position\":1,\"name\":\"Home\",\"item\":\"https:\/\/cuinetes.shop\/es\/\"},{\"@type\":\"ListItem\",\"position\":2,\"name\":\"Tienda\",\"item\":\"https:\/\/cuinetes.shop\/es\/tienda\/\"},{\"@type\":\"ListItem\",\"position\":3,\"name\":\"Kit 4 Moldes Helado Creamy\"}]},{\"@type\":\"WebSite\",\"@id\":\"https:\/\/cuinetes.shop\/es\/#website\",\"url\":\"https:\/\/cuinetes.shop\/es\/\",\"name\":\"Tienda de utensilios de cocina - Cuinetes\",\"description\":\"\",\"potentialAction\":[{\"@type\":\"SearchAction\",\"target\":{\"@type\":\"EntryPoint\",\"urlTemplate\":\"https:\/\/cuinetes.shop\/es\/?s={search_term_string}\"},\"query-input\":{\"@type\":\"PropertyValueSpecification\",\"valueRequired\":true,\"valueName\":\"search_term_string\"}}],\"inLanguage\":\"es\"}]}<\/script>\n<!-- \/ Yoast SEO plugin. -->","yoast_head_json":{"title":"Kit 4 Moldes Helado Creamy - Cuinetes Shop","description":"Kit 4 moldes helado para crear tus propios helados cremosos con coberturas crujientes de manera saludable y del sabor que desees!","robots":{"index":"index","follow":"follow","max-snippet":"max-snippet:-1","max-image-preview":"max-image-preview:large","max-video-preview":"max-video-preview:-1"},"canonical":"https:\/\/cuinetes.shop\/es\/producto\/pack-4-moldes-helado-creamy\/","og_locale":"es_ES","og_type":"article","og_title":"Kit 4 Moldes Helado Creamy - Cuinetes Shop","og_description":"Kit 4 moldes helado para crear tus propios helados cremosos con coberturas crujientes de manera saludable y del sabor que desees!","og_url":"https:\/\/cuinetes.shop\/es\/producto\/pack-4-moldes-helado-creamy\/","og_site_name":"Tienda de utensilios de cocina - Cuinetes","article_modified_time":"2025-10-22T12:34:23+00:00","og_image":[{"width":1800,"height":1800,"url":"https:\/\/cuinetes.shop\/wp-content\/uploads\/2022\/06\/3400235suru150_1.webp","type":"image\/webp"}],"twitter_card":"summary_large_image","schema":{"@context":"https:\/\/schema.org","@graph":[{"@type":"WebPage","@id":"https:\/\/cuinetes.shop\/es\/producto\/pack-4-moldes-helado-creamy\/","url":"https:\/\/cuinetes.shop\/es\/producto\/pack-4-moldes-helado-creamy\/","name":"Kit 4 Moldes Helado Creamy - Cuinetes Shop","isPartOf":{"@id":"https:\/\/cuinetes.shop\/es\/#website"},"primaryImageOfPage":{"@id":"https:\/\/cuinetes.shop\/es\/producto\/pack-4-moldes-helado-creamy\/#primaryimage"},"image":{"@id":"https:\/\/cuinetes.shop\/es\/producto\/pack-4-moldes-helado-creamy\/#primaryimage"},"thumbnailUrl":"https:\/\/cuinetes.shop\/wp-content\/uploads\/2022\/06\/3400235suru150_1.webp","datePublished":"2022-06-28T11:32:55+00:00","dateModified":"2025-10-22T12:34:23+00:00","description":"Kit 4 moldes helado para crear tus propios helados cremosos con coberturas crujientes de manera saludable y del sabor que desees!","breadcrumb":{"@id":"https:\/\/cuinetes.shop\/es\/producto\/pack-4-moldes-helado-creamy\/#breadcrumb"},"inLanguage":"es","potentialAction":[{"@type":"ReadAction","target":["https:\/\/cuinetes.shop\/es\/producto\/pack-4-moldes-helado-creamy\/"]}]},{"@type":"ImageObject","inLanguage":"es","@id":"https:\/\/cuinetes.shop\/es\/producto\/pack-4-moldes-helado-creamy\/#primaryimage","url":"https:\/\/cuinetes.shop\/wp-content\/uploads\/2022\/06\/3400235suru150_1.webp","contentUrl":"https:\/\/cuinetes.shop\/wp-content\/uploads\/2022\/06\/3400235suru150_1.webp","width":1800,"height":1800,"caption":"helado lekue"},{"@type":"BreadcrumbList","@id":"https:\/\/cuinetes.shop\/es\/producto\/pack-4-moldes-helado-creamy\/#breadcrumb","itemListElement":[{"@type":"ListItem","position":1,"name":"Home","item":"https:\/\/cuinetes.shop\/es\/"},{"@type":"ListItem","position":2,"name":"Tienda","item":"https:\/\/cuinetes.shop\/es\/tienda\/"},{"@type":"ListItem","position":3,"name":"Kit 4 Moldes Helado Creamy"}]},{"@type":"WebSite","@id":"https:\/\/cuinetes.shop\/es\/#website","url":"https:\/\/cuinetes.shop\/es\/","name":"Tienda de utensilios de cocina - Cuinetes","description":"","potentialAction":[{"@type":"SearchAction","target":{"@type":"EntryPoint","urlTemplate":"https:\/\/cuinetes.shop\/es\/?s={search_term_string}"},"query-input":{"@type":"PropertyValueSpecification","valueRequired":true,"valueName":"search_term_string"}}],"inLanguage":"es"}]}},"_links":{"self":[{"href":"https:\/\/cuinetes.shop\/es\/wp-json\/wp\/v2\/product\/34595","targetHints":{"allow":["GET"]}}],"collection":[{"href":"https:\/\/cuinetes.shop\/es\/wp-json\/wp\/v2\/product"}],"about":[{"href":"https:\/\/cuinetes.shop\/es\/wp-json\/wp\/v2\/types\/product"}],"replies":[{"embeddable":true,"href":"https:\/\/cuinetes.shop\/es\/wp-json\/wp\/v2\/comments?post=34595"}],"wp:featuredmedia":[{"embeddable":true,"href":"https:\/\/cuinetes.shop\/es\/wp-json\/wp\/v2\/media\/34536"}],"wp:attachment":[{"href":"https:\/\/cuinetes.shop\/es\/wp-json\/wp\/v2\/media?parent=34595"}],"wp:term":[{"taxonomy":"product_cat","embeddable":true,"href":"https:\/\/cuinetes.shop\/es\/wp-json\/wp\/v2\/product_cat?post=34595"},{"taxonomy":"product_tag","embeddable":true,"href":"https:\/\/cuinetes.shop\/es\/wp-json\/wp\/v2\/product_tag?post=34595"}],"curies":[{"name":"wp","href":"https:\/\/api.w.org\/{rel}","templated":true}]}}