
{"id":34631,"date":"2022-07-12T14:10:38","date_gmt":"2022-07-12T12:10:38","guid":{"rendered":"https:\/\/cuinetes.shop\/producte\/maletin-utensilios-barbacoa\/"},"modified":"2025-10-22T14:29:54","modified_gmt":"2025-10-22T12:29:54","slug":"maletin-utensilios-barbacoa","status":"publish","type":"product","link":"https:\/\/cuinetes.shop\/es\/producto\/maletin-utensilios-barbacoa\/","title":{"rendered":"Malet\u00edn Utensilios Barbacoa"},"content":{"rendered":"<p>Malet\u00edn de Lacor que incluye 5 utensilios de barbacoa de acero inoxidable<\/p>\n","protected":false},"excerpt":{"rendered":"<p>Este pr\u00e1ctico malet\u00edn incluye todo lo que necesitas para hacer barbacoas all\u00e1 donde quieras. Todos los utensilios de barbacoa que incluye el malet\u00edn est\u00e1n fabricados en acero inoxidable de alta calidad, con un mango largo y ergon\u00f3mico que permite manipular los alimentos sin quemarse.<\/p>\n","protected":false},"featured_media":34628,"comment_status":"closed","ping_status":"closed","template":"","meta":[],"product_cat":[764,702,763],"product_tag":[1244],"class_list":{"0":"post-34631","1":"product","2":"type-product","3":"status-publish","4":"has-post-thumbnail","6":"product_brand-lacor-es","7":"product_cat-barbacoas","8":"product_cat-cocinar","9":"product_cat-exterior-es","10":"product_tag-barbacoa-es","13":"first","14":"instock","15":"taxable","16":"shipping-taxable","17":"purchasable","18":"product-type-simple"},"yoast_head":"<!-- This site is optimized with the Yoast SEO plugin v26.1.1 - https:\/\/yoast.com\/wordpress\/plugins\/seo\/ -->\n<title>Malet\u00edn Utensilios Barbacoa - Cuinetes Shop<\/title>\n<meta name=\"description\" content=\"Pr\u00e1ctico y compacto malet\u00edn con los utensilios para hacer barbacoas all\u00e1 donde quieras. Incluye 5 utensilios de BBQ de acero inoxidable\" \/>\n<meta name=\"robots\" content=\"index, follow, max-snippet:-1, max-image-preview:large, max-video-preview:-1\" \/>\n<link rel=\"canonical\" href=\"https:\/\/cuinetes.shop\/es\/producto\/maletin-utensilios-barbacoa\/\" \/>\n<meta property=\"og:locale\" content=\"es_ES\" \/>\n<meta property=\"og:type\" content=\"article\" \/>\n<meta property=\"og:title\" content=\"Malet\u00edn Utensilios Barbacoa - Cuinetes Shop\" \/>\n<meta property=\"og:description\" content=\"Pr\u00e1ctico y compacto malet\u00edn con los utensilios para hacer barbacoas all\u00e1 donde quieras. Incluye 5 utensilios de BBQ de acero inoxidable\" \/>\n<meta property=\"og:url\" content=\"https:\/\/cuinetes.shop\/es\/producto\/maletin-utensilios-barbacoa\/\" \/>\n<meta property=\"og:site_name\" content=\"Tienda de utensilios de cocina - Cuinetes\" \/>\n<meta property=\"article:modified_time\" content=\"2025-10-22T12:29:54+00:00\" \/>\n<meta property=\"og:image\" content=\"https:\/\/cuinetes.shop\/wp-content\/uploads\/2022\/07\/maletin-de-utensilios-bbq-de-lacor.jpg\" \/>\n\t<meta property=\"og:image:width\" content=\"367\" \/>\n\t<meta property=\"og:image:height\" content=\"420\" \/>\n\t<meta property=\"og:image:type\" content=\"image\/jpeg\" \/>\n<meta name=\"twitter:card\" content=\"summary_large_image\" \/>\n<script type=\"application\/ld+json\" class=\"yoast-schema-graph\">{\"@context\":\"https:\/\/schema.org\",\"@graph\":[{\"@type\":\"WebPage\",\"@id\":\"https:\/\/cuinetes.shop\/es\/producto\/maletin-utensilios-barbacoa\/\",\"url\":\"https:\/\/cuinetes.shop\/es\/producto\/maletin-utensilios-barbacoa\/\",\"name\":\"Malet\u00edn Utensilios Barbacoa - Cuinetes Shop\",\"isPartOf\":{\"@id\":\"https:\/\/cuinetes.shop\/es\/#website\"},\"primaryImageOfPage\":{\"@id\":\"https:\/\/cuinetes.shop\/es\/producto\/maletin-utensilios-barbacoa\/#primaryimage\"},\"image\":{\"@id\":\"https:\/\/cuinetes.shop\/es\/producto\/maletin-utensilios-barbacoa\/#primaryimage\"},\"thumbnailUrl\":\"https:\/\/cuinetes.shop\/wp-content\/uploads\/2022\/07\/maletin-de-utensilios-bbq-de-lacor.jpg\",\"datePublished\":\"2022-07-12T12:10:38+00:00\",\"dateModified\":\"2025-10-22T12:29:54+00:00\",\"description\":\"Pr\u00e1ctico y compacto malet\u00edn con los utensilios para hacer barbacoas all\u00e1 donde quieras. Incluye 5 utensilios de BBQ de acero inoxidable\",\"breadcrumb\":{\"@id\":\"https:\/\/cuinetes.shop\/es\/producto\/maletin-utensilios-barbacoa\/#breadcrumb\"},\"inLanguage\":\"es\",\"potentialAction\":[{\"@type\":\"ReadAction\",\"target\":[\"https:\/\/cuinetes.shop\/es\/producto\/maletin-utensilios-barbacoa\/\"]}]},{\"@type\":\"ImageObject\",\"inLanguage\":\"es\",\"@id\":\"https:\/\/cuinetes.shop\/es\/producto\/maletin-utensilios-barbacoa\/#primaryimage\",\"url\":\"https:\/\/cuinetes.shop\/wp-content\/uploads\/2022\/07\/maletin-de-utensilios-bbq-de-lacor.jpg\",\"contentUrl\":\"https:\/\/cuinetes.shop\/wp-content\/uploads\/2022\/07\/maletin-de-utensilios-bbq-de-lacor.jpg\",\"width\":367,\"height\":420,\"caption\":\"malet\u00edn barbacoa\"},{\"@type\":\"BreadcrumbList\",\"@id\":\"https:\/\/cuinetes.shop\/es\/producto\/maletin-utensilios-barbacoa\/#breadcrumb\",\"itemListElement\":[{\"@type\":\"ListItem\",\"position\":1,\"name\":\"Home\",\"item\":\"https:\/\/cuinetes.shop\/es\/\"},{\"@type\":\"ListItem\",\"position\":2,\"name\":\"Tienda\",\"item\":\"https:\/\/cuinetes.shop\/es\/tienda\/\"},{\"@type\":\"ListItem\",\"position\":3,\"name\":\"Malet\u00edn Utensilios Barbacoa\"}]},{\"@type\":\"WebSite\",\"@id\":\"https:\/\/cuinetes.shop\/es\/#website\",\"url\":\"https:\/\/cuinetes.shop\/es\/\",\"name\":\"Tienda de utensilios de cocina - Cuinetes\",\"description\":\"\",\"potentialAction\":[{\"@type\":\"SearchAction\",\"target\":{\"@type\":\"EntryPoint\",\"urlTemplate\":\"https:\/\/cuinetes.shop\/es\/?s={search_term_string}\"},\"query-input\":{\"@type\":\"PropertyValueSpecification\",\"valueRequired\":true,\"valueName\":\"search_term_string\"}}],\"inLanguage\":\"es\"}]}<\/script>\n<!-- \/ Yoast SEO plugin. -->","yoast_head_json":{"title":"Malet\u00edn Utensilios Barbacoa - Cuinetes Shop","description":"Pr\u00e1ctico y compacto malet\u00edn con los utensilios para hacer barbacoas all\u00e1 donde quieras. Incluye 5 utensilios de BBQ de acero inoxidable","robots":{"index":"index","follow":"follow","max-snippet":"max-snippet:-1","max-image-preview":"max-image-preview:large","max-video-preview":"max-video-preview:-1"},"canonical":"https:\/\/cuinetes.shop\/es\/producto\/maletin-utensilios-barbacoa\/","og_locale":"es_ES","og_type":"article","og_title":"Malet\u00edn Utensilios Barbacoa - Cuinetes Shop","og_description":"Pr\u00e1ctico y compacto malet\u00edn con los utensilios para hacer barbacoas all\u00e1 donde quieras. Incluye 5 utensilios de BBQ de acero inoxidable","og_url":"https:\/\/cuinetes.shop\/es\/producto\/maletin-utensilios-barbacoa\/","og_site_name":"Tienda de utensilios de cocina - Cuinetes","article_modified_time":"2025-10-22T12:29:54+00:00","og_image":[{"width":367,"height":420,"url":"https:\/\/cuinetes.shop\/wp-content\/uploads\/2022\/07\/maletin-de-utensilios-bbq-de-lacor.jpg","type":"image\/jpeg"}],"twitter_card":"summary_large_image","schema":{"@context":"https:\/\/schema.org","@graph":[{"@type":"WebPage","@id":"https:\/\/cuinetes.shop\/es\/producto\/maletin-utensilios-barbacoa\/","url":"https:\/\/cuinetes.shop\/es\/producto\/maletin-utensilios-barbacoa\/","name":"Malet\u00edn Utensilios Barbacoa - Cuinetes Shop","isPartOf":{"@id":"https:\/\/cuinetes.shop\/es\/#website"},"primaryImageOfPage":{"@id":"https:\/\/cuinetes.shop\/es\/producto\/maletin-utensilios-barbacoa\/#primaryimage"},"image":{"@id":"https:\/\/cuinetes.shop\/es\/producto\/maletin-utensilios-barbacoa\/#primaryimage"},"thumbnailUrl":"https:\/\/cuinetes.shop\/wp-content\/uploads\/2022\/07\/maletin-de-utensilios-bbq-de-lacor.jpg","datePublished":"2022-07-12T12:10:38+00:00","dateModified":"2025-10-22T12:29:54+00:00","description":"Pr\u00e1ctico y compacto malet\u00edn con los utensilios para hacer barbacoas all\u00e1 donde quieras. Incluye 5 utensilios de BBQ de acero inoxidable","breadcrumb":{"@id":"https:\/\/cuinetes.shop\/es\/producto\/maletin-utensilios-barbacoa\/#breadcrumb"},"inLanguage":"es","potentialAction":[{"@type":"ReadAction","target":["https:\/\/cuinetes.shop\/es\/producto\/maletin-utensilios-barbacoa\/"]}]},{"@type":"ImageObject","inLanguage":"es","@id":"https:\/\/cuinetes.shop\/es\/producto\/maletin-utensilios-barbacoa\/#primaryimage","url":"https:\/\/cuinetes.shop\/wp-content\/uploads\/2022\/07\/maletin-de-utensilios-bbq-de-lacor.jpg","contentUrl":"https:\/\/cuinetes.shop\/wp-content\/uploads\/2022\/07\/maletin-de-utensilios-bbq-de-lacor.jpg","width":367,"height":420,"caption":"malet\u00edn barbacoa"},{"@type":"BreadcrumbList","@id":"https:\/\/cuinetes.shop\/es\/producto\/maletin-utensilios-barbacoa\/#breadcrumb","itemListElement":[{"@type":"ListItem","position":1,"name":"Home","item":"https:\/\/cuinetes.shop\/es\/"},{"@type":"ListItem","position":2,"name":"Tienda","item":"https:\/\/cuinetes.shop\/es\/tienda\/"},{"@type":"ListItem","position":3,"name":"Malet\u00edn Utensilios Barbacoa"}]},{"@type":"WebSite","@id":"https:\/\/cuinetes.shop\/es\/#website","url":"https:\/\/cuinetes.shop\/es\/","name":"Tienda de utensilios de cocina - Cuinetes","description":"","potentialAction":[{"@type":"SearchAction","target":{"@type":"EntryPoint","urlTemplate":"https:\/\/cuinetes.shop\/es\/?s={search_term_string}"},"query-input":{"@type":"PropertyValueSpecification","valueRequired":true,"valueName":"search_term_string"}}],"inLanguage":"es"}]}},"_links":{"self":[{"href":"https:\/\/cuinetes.shop\/es\/wp-json\/wp\/v2\/product\/34631","targetHints":{"allow":["GET"]}}],"collection":[{"href":"https:\/\/cuinetes.shop\/es\/wp-json\/wp\/v2\/product"}],"about":[{"href":"https:\/\/cuinetes.shop\/es\/wp-json\/wp\/v2\/types\/product"}],"replies":[{"embeddable":true,"href":"https:\/\/cuinetes.shop\/es\/wp-json\/wp\/v2\/comments?post=34631"}],"wp:featuredmedia":[{"embeddable":true,"href":"https:\/\/cuinetes.shop\/es\/wp-json\/wp\/v2\/media\/34628"}],"wp:attachment":[{"href":"https:\/\/cuinetes.shop\/es\/wp-json\/wp\/v2\/media?parent=34631"}],"wp:term":[{"taxonomy":"product_cat","embeddable":true,"href":"https:\/\/cuinetes.shop\/es\/wp-json\/wp\/v2\/product_cat?post=34631"},{"taxonomy":"product_tag","embeddable":true,"href":"https:\/\/cuinetes.shop\/es\/wp-json\/wp\/v2\/product_tag?post=34631"}],"curies":[{"name":"wp","href":"https:\/\/api.w.org\/{rel}","templated":true}]}}