
{"id":35745,"date":"2025-10-02T18:38:18","date_gmt":"2025-10-02T16:38:18","guid":{"rendered":"https:\/\/cuinetes.shop\/?post_type=product&#038;p=35745"},"modified":"2025-10-19T11:17:48","modified_gmt":"2025-10-19T09:17:48","slug":"botella-de-cristal-reciclado-1-5-l","status":"publish","type":"product","link":"https:\/\/cuinetes.shop\/es\/producto\/botella-de-cristal-reciclado-1-5-l\/","title":{"rendered":"Botella de Cristal Reciclado 1.5 L"},"content":{"rendered":"<p>Botella de 1.5 litros ideal para conservar tu bebida favorita. Tiene el tama\u00f1o id\u00f3neo para poder guardarlo en posici\u00f3n vertical en la puerta de la nevera. Est\u00e1 hecha de vidrio 100% reciclaje y el cierre es herm\u00e9tico, de tipo cl\u00e1sico con goma. Este modelo est\u00e1 disponible en color verde, azul y transparente.<\/p>\n<p>Hecho en Espa\u00f1a por cristales San Miguel.<\/p>\n","protected":false},"excerpt":{"rendered":"<p>Botella de 1.5 litros ideal para conservar tu bebida favorita. Tiene el tama\u00f1o id\u00f3neo para poder guardarlo en posici\u00f3n vertical en la puerta de la nevera. Est\u00e1 hecha de vidrio 100% reciclaje y el cierre es herm\u00e9tico, de tipo cl\u00e1sico con goma. Este modelo est\u00e1 disponible en color verde, azul y transparente. Hecho en Espa\u00f1a [&hellip;]<\/p>\n","protected":false},"featured_media":35740,"comment_status":"closed","ping_status":"closed","template":"","meta":[],"product_cat":[839,767,838],"product_tag":[],"class_list":{"0":"post-35745","1":"product","2":"type-product","3":"status-publish","4":"has-post-thumbnail","6":"product_brand-ptm-es","7":"product_cat-botellas","8":"product_cat-los-mas-vendidos","9":"product_cat-sostenibilidad","12":"first","13":"instock","14":"taxable","15":"shipping-taxable","16":"purchasable","17":"product-type-simple"},"yoast_head":"<!-- This site is optimized with the Yoast SEO plugin v26.1.1 - https:\/\/yoast.com\/wordpress\/plugins\/seo\/ -->\n<title>Botella de Cristal Reciclado 1.5 L - Tienda de utensilios de cocina - Cuinetes<\/title>\n<meta name=\"robots\" content=\"index, follow, max-snippet:-1, max-image-preview:large, max-video-preview:-1\" \/>\n<link rel=\"canonical\" href=\"https:\/\/cuinetes.shop\/es\/producto\/botella-de-cristal-reciclado-1-5-l\/\" \/>\n<meta property=\"og:locale\" content=\"es_ES\" \/>\n<meta property=\"og:type\" content=\"article\" \/>\n<meta property=\"og:title\" content=\"Botella de Cristal Reciclado 1.5 L - Tienda de utensilios de cocina - Cuinetes\" \/>\n<meta property=\"og:description\" content=\"Botella de 1.5 litros ideal para conservar tu bebida favorita. Tiene el tama\u00f1o id\u00f3neo para poder guardarlo en posici\u00f3n vertical en la puerta de la nevera. Est\u00e1 hecha de vidrio 100% reciclaje y el cierre es herm\u00e9tico, de tipo cl\u00e1sico con goma. Este modelo est\u00e1 disponible en color verde, azul y transparente. Hecho en Espa\u00f1a [&hellip;]\" \/>\n<meta property=\"og:url\" content=\"https:\/\/cuinetes.shop\/es\/producto\/botella-de-cristal-reciclado-1-5-l\/\" \/>\n<meta property=\"og:site_name\" content=\"Tienda de utensilios de cocina - Cuinetes\" \/>\n<meta property=\"article:modified_time\" content=\"2025-10-19T09:17:48+00:00\" \/>\n<meta property=\"og:image\" content=\"https:\/\/cuinetes.shop\/wp-content\/uploads\/2025\/10\/Captura-de-pantalla-2025-10-02-183442.png\" \/>\n\t<meta property=\"og:image:width\" content=\"309\" \/>\n\t<meta property=\"og:image:height\" content=\"491\" \/>\n\t<meta property=\"og:image:type\" content=\"image\/png\" \/>\n<meta name=\"twitter:card\" content=\"summary_large_image\" \/>\n<script type=\"application\/ld+json\" class=\"yoast-schema-graph\">{\"@context\":\"https:\/\/schema.org\",\"@graph\":[{\"@type\":\"WebPage\",\"@id\":\"https:\/\/cuinetes.shop\/es\/producto\/botella-de-cristal-reciclado-1-5-l\/\",\"url\":\"https:\/\/cuinetes.shop\/es\/producto\/botella-de-cristal-reciclado-1-5-l\/\",\"name\":\"Botella de Cristal Reciclado 1.5 L - Tienda de utensilios de cocina - Cuinetes\",\"isPartOf\":{\"@id\":\"https:\/\/cuinetes.shop\/es\/#website\"},\"primaryImageOfPage\":{\"@id\":\"https:\/\/cuinetes.shop\/es\/producto\/botella-de-cristal-reciclado-1-5-l\/#primaryimage\"},\"image\":{\"@id\":\"https:\/\/cuinetes.shop\/es\/producto\/botella-de-cristal-reciclado-1-5-l\/#primaryimage\"},\"thumbnailUrl\":\"https:\/\/cuinetes.shop\/wp-content\/uploads\/2025\/10\/Captura-de-pantalla-2025-10-02-183442.png\",\"datePublished\":\"2025-10-02T16:38:18+00:00\",\"dateModified\":\"2025-10-19T09:17:48+00:00\",\"breadcrumb\":{\"@id\":\"https:\/\/cuinetes.shop\/es\/producto\/botella-de-cristal-reciclado-1-5-l\/#breadcrumb\"},\"inLanguage\":\"es\",\"potentialAction\":[{\"@type\":\"ReadAction\",\"target\":[\"https:\/\/cuinetes.shop\/es\/producto\/botella-de-cristal-reciclado-1-5-l\/\"]}]},{\"@type\":\"ImageObject\",\"inLanguage\":\"es\",\"@id\":\"https:\/\/cuinetes.shop\/es\/producto\/botella-de-cristal-reciclado-1-5-l\/#primaryimage\",\"url\":\"https:\/\/cuinetes.shop\/wp-content\/uploads\/2025\/10\/Captura-de-pantalla-2025-10-02-183442.png\",\"contentUrl\":\"https:\/\/cuinetes.shop\/wp-content\/uploads\/2025\/10\/Captura-de-pantalla-2025-10-02-183442.png\",\"width\":309,\"height\":491},{\"@type\":\"BreadcrumbList\",\"@id\":\"https:\/\/cuinetes.shop\/es\/producto\/botella-de-cristal-reciclado-1-5-l\/#breadcrumb\",\"itemListElement\":[{\"@type\":\"ListItem\",\"position\":1,\"name\":\"Home\",\"item\":\"https:\/\/cuinetes.shop\/es\/\"},{\"@type\":\"ListItem\",\"position\":2,\"name\":\"Tienda\",\"item\":\"https:\/\/cuinetes.shop\/es\/tienda\/\"},{\"@type\":\"ListItem\",\"position\":3,\"name\":\"Botella de Cristal Reciclado 1.5 L\"}]},{\"@type\":\"WebSite\",\"@id\":\"https:\/\/cuinetes.shop\/es\/#website\",\"url\":\"https:\/\/cuinetes.shop\/es\/\",\"name\":\"Tienda de utensilios de cocina - Cuinetes\",\"description\":\"\",\"potentialAction\":[{\"@type\":\"SearchAction\",\"target\":{\"@type\":\"EntryPoint\",\"urlTemplate\":\"https:\/\/cuinetes.shop\/es\/?s={search_term_string}\"},\"query-input\":{\"@type\":\"PropertyValueSpecification\",\"valueRequired\":true,\"valueName\":\"search_term_string\"}}],\"inLanguage\":\"es\"}]}<\/script>\n<!-- \/ Yoast SEO plugin. -->","yoast_head_json":{"title":"Botella de Cristal Reciclado 1.5 L - Tienda de utensilios de cocina - Cuinetes","robots":{"index":"index","follow":"follow","max-snippet":"max-snippet:-1","max-image-preview":"max-image-preview:large","max-video-preview":"max-video-preview:-1"},"canonical":"https:\/\/cuinetes.shop\/es\/producto\/botella-de-cristal-reciclado-1-5-l\/","og_locale":"es_ES","og_type":"article","og_title":"Botella de Cristal Reciclado 1.5 L - Tienda de utensilios de cocina - Cuinetes","og_description":"Botella de 1.5 litros ideal para conservar tu bebida favorita. Tiene el tama\u00f1o id\u00f3neo para poder guardarlo en posici\u00f3n vertical en la puerta de la nevera. Est\u00e1 hecha de vidrio 100% reciclaje y el cierre es herm\u00e9tico, de tipo cl\u00e1sico con goma. Este modelo est\u00e1 disponible en color verde, azul y transparente. Hecho en Espa\u00f1a [&hellip;]","og_url":"https:\/\/cuinetes.shop\/es\/producto\/botella-de-cristal-reciclado-1-5-l\/","og_site_name":"Tienda de utensilios de cocina - Cuinetes","article_modified_time":"2025-10-19T09:17:48+00:00","og_image":[{"width":309,"height":491,"url":"https:\/\/cuinetes.shop\/wp-content\/uploads\/2025\/10\/Captura-de-pantalla-2025-10-02-183442.png","type":"image\/png"}],"twitter_card":"summary_large_image","schema":{"@context":"https:\/\/schema.org","@graph":[{"@type":"WebPage","@id":"https:\/\/cuinetes.shop\/es\/producto\/botella-de-cristal-reciclado-1-5-l\/","url":"https:\/\/cuinetes.shop\/es\/producto\/botella-de-cristal-reciclado-1-5-l\/","name":"Botella de Cristal Reciclado 1.5 L - Tienda de utensilios de cocina - Cuinetes","isPartOf":{"@id":"https:\/\/cuinetes.shop\/es\/#website"},"primaryImageOfPage":{"@id":"https:\/\/cuinetes.shop\/es\/producto\/botella-de-cristal-reciclado-1-5-l\/#primaryimage"},"image":{"@id":"https:\/\/cuinetes.shop\/es\/producto\/botella-de-cristal-reciclado-1-5-l\/#primaryimage"},"thumbnailUrl":"https:\/\/cuinetes.shop\/wp-content\/uploads\/2025\/10\/Captura-de-pantalla-2025-10-02-183442.png","datePublished":"2025-10-02T16:38:18+00:00","dateModified":"2025-10-19T09:17:48+00:00","breadcrumb":{"@id":"https:\/\/cuinetes.shop\/es\/producto\/botella-de-cristal-reciclado-1-5-l\/#breadcrumb"},"inLanguage":"es","potentialAction":[{"@type":"ReadAction","target":["https:\/\/cuinetes.shop\/es\/producto\/botella-de-cristal-reciclado-1-5-l\/"]}]},{"@type":"ImageObject","inLanguage":"es","@id":"https:\/\/cuinetes.shop\/es\/producto\/botella-de-cristal-reciclado-1-5-l\/#primaryimage","url":"https:\/\/cuinetes.shop\/wp-content\/uploads\/2025\/10\/Captura-de-pantalla-2025-10-02-183442.png","contentUrl":"https:\/\/cuinetes.shop\/wp-content\/uploads\/2025\/10\/Captura-de-pantalla-2025-10-02-183442.png","width":309,"height":491},{"@type":"BreadcrumbList","@id":"https:\/\/cuinetes.shop\/es\/producto\/botella-de-cristal-reciclado-1-5-l\/#breadcrumb","itemListElement":[{"@type":"ListItem","position":1,"name":"Home","item":"https:\/\/cuinetes.shop\/es\/"},{"@type":"ListItem","position":2,"name":"Tienda","item":"https:\/\/cuinetes.shop\/es\/tienda\/"},{"@type":"ListItem","position":3,"name":"Botella de Cristal Reciclado 1.5 L"}]},{"@type":"WebSite","@id":"https:\/\/cuinetes.shop\/es\/#website","url":"https:\/\/cuinetes.shop\/es\/","name":"Tienda de utensilios de cocina - Cuinetes","description":"","potentialAction":[{"@type":"SearchAction","target":{"@type":"EntryPoint","urlTemplate":"https:\/\/cuinetes.shop\/es\/?s={search_term_string}"},"query-input":{"@type":"PropertyValueSpecification","valueRequired":true,"valueName":"search_term_string"}}],"inLanguage":"es"}]}},"_links":{"self":[{"href":"https:\/\/cuinetes.shop\/es\/wp-json\/wp\/v2\/product\/35745","targetHints":{"allow":["GET"]}}],"collection":[{"href":"https:\/\/cuinetes.shop\/es\/wp-json\/wp\/v2\/product"}],"about":[{"href":"https:\/\/cuinetes.shop\/es\/wp-json\/wp\/v2\/types\/product"}],"replies":[{"embeddable":true,"href":"https:\/\/cuinetes.shop\/es\/wp-json\/wp\/v2\/comments?post=35745"}],"wp:featuredmedia":[{"embeddable":true,"href":"https:\/\/cuinetes.shop\/es\/wp-json\/wp\/v2\/media\/35740"}],"wp:attachment":[{"href":"https:\/\/cuinetes.shop\/es\/wp-json\/wp\/v2\/media?parent=35745"}],"wp:term":[{"taxonomy":"product_cat","embeddable":true,"href":"https:\/\/cuinetes.shop\/es\/wp-json\/wp\/v2\/product_cat?post=35745"},{"taxonomy":"product_tag","embeddable":true,"href":"https:\/\/cuinetes.shop\/es\/wp-json\/wp\/v2\/product_tag?post=35745"}],"curies":[{"name":"wp","href":"https:\/\/api.w.org\/{rel}","templated":true}]}}