
{"id":35757,"date":"2025-09-30T19:41:55","date_gmt":"2025-09-30T17:41:55","guid":{"rendered":"https:\/\/cuinetes.shop\/?post_type=product&#038;p=35757"},"modified":"2025-10-13T17:29:23","modified_gmt":"2025-10-13T15:29:23","slug":"snackngo-fruits-banana","status":"publish","type":"product","link":"https:\/\/cuinetes.shop\/es\/producto\/snackngo-fruits-banana\/","title":{"rendered":"Snack\u2019n\u2019Go Fruits banana"},"content":{"rendered":"<p>El pl\u00e1tano ya tiene su propio envoltorio natural, as\u00ed que con esta fruta no te podemos ayudar, pero s\u00ed con todas las otras frutas del mundo mundial! Si disfrutas comiendo fuera de casa, de manera sana y sostenible, esto es para t\u00fa!<\/p>\n<p>As\u00ed que aqu\u00ed tenso tu bolsita lleva snacks con la medida perfecta para llevar el s\u00e1ndwich o snack. Es reutilizable, muy f\u00e1cil de limpiar, y ocupa tan poco espacio que la puedes llevar siempre contigo. De este modo podr\u00e1s picar el que quieras, donde y cuando quieras.<\/p>\n","protected":false},"excerpt":{"rendered":"<p>El pl\u00e1tano ya tiene su propio envoltorio natural, as\u00ed que con esta fruta no te podemos ayudar, pero s\u00ed con todas las otras frutas del mundo mundial! Si disfrutas comiendo fuera de casa, de manera sana y sostenible, esto es para t\u00fa! As\u00ed que aqu\u00ed tenso tu bolsita lleva snacks con la medida perfecta para [&hellip;]<\/p>\n","protected":false},"featured_media":35658,"comment_status":"closed","ping_status":"closed","template":"","meta":[],"product_cat":[800,802,801,799,807,838],"product_tag":[1275,1278],"class_list":{"0":"post-35757","1":"product","2":"type-product","3":"status-publish","4":"has-post-thumbnail","6":"product_cat-accesorios-para-llevar","7":"product_cat-en-el-trabajo","8":"product_cat-en-la-escuela","9":"product_cat-para-llevar","10":"product_cat-portabocadillos","11":"product_cat-sostenibilidad","12":"product_tag-porta-bocadillos","13":"product_tag-sostenible-es","16":"first","17":"instock","18":"taxable","19":"shipping-taxable","20":"purchasable","21":"product-type-simple"},"yoast_head":"<!-- This site is optimized with the Yoast SEO plugin v26.1.1 - https:\/\/yoast.com\/wordpress\/plugins\/seo\/ -->\n<title>Snack\u2019n\u2019Go Fruits banana - Tienda de utensilios de cocina - Cuinetes<\/title>\n<meta name=\"robots\" content=\"index, follow, max-snippet:-1, max-image-preview:large, max-video-preview:-1\" \/>\n<link rel=\"canonical\" href=\"https:\/\/cuinetes.shop\/es\/producto\/snackngo-fruits-banana\/\" \/>\n<meta property=\"og:locale\" content=\"es_ES\" \/>\n<meta property=\"og:type\" content=\"article\" \/>\n<meta property=\"og:title\" content=\"Snack\u2019n\u2019Go Fruits banana - Tienda de utensilios de cocina - Cuinetes\" \/>\n<meta property=\"og:description\" content=\"El pl\u00e1tano ya tiene su propio envoltorio natural, as\u00ed que con esta fruta no te podemos ayudar, pero s\u00ed con todas las otras frutas del mundo mundial! Si disfrutas comiendo fuera de casa, de manera sana y sostenible, esto es para t\u00fa! As\u00ed que aqu\u00ed tenso tu bolsita lleva snacks con la medida perfecta para [&hellip;]\" \/>\n<meta property=\"og:url\" content=\"https:\/\/cuinetes.shop\/es\/producto\/snackngo-fruits-banana\/\" \/>\n<meta property=\"og:site_name\" content=\"Tienda de utensilios de cocina - Cuinetes\" \/>\n<meta property=\"article:modified_time\" content=\"2025-10-13T15:29:23+00:00\" \/>\n<meta property=\"og:image\" content=\"https:\/\/cuinetes.shop\/wp-content\/uploads\/2025\/09\/Captura-de-pantalla-2025-09-30-194239.png\" \/>\n\t<meta property=\"og:image:width\" content=\"857\" \/>\n\t<meta property=\"og:image:height\" content=\"699\" \/>\n\t<meta property=\"og:image:type\" content=\"image\/png\" \/>\n<meta name=\"twitter:card\" content=\"summary_large_image\" \/>\n<script type=\"application\/ld+json\" class=\"yoast-schema-graph\">{\"@context\":\"https:\/\/schema.org\",\"@graph\":[{\"@type\":\"WebPage\",\"@id\":\"https:\/\/cuinetes.shop\/es\/producto\/snackngo-fruits-banana\/\",\"url\":\"https:\/\/cuinetes.shop\/es\/producto\/snackngo-fruits-banana\/\",\"name\":\"Snack\u2019n\u2019Go Fruits banana - Tienda de utensilios de cocina - Cuinetes\",\"isPartOf\":{\"@id\":\"https:\/\/cuinetes.shop\/es\/#website\"},\"primaryImageOfPage\":{\"@id\":\"https:\/\/cuinetes.shop\/es\/producto\/snackngo-fruits-banana\/#primaryimage\"},\"image\":{\"@id\":\"https:\/\/cuinetes.shop\/es\/producto\/snackngo-fruits-banana\/#primaryimage\"},\"thumbnailUrl\":\"https:\/\/cuinetes.shop\/wp-content\/uploads\/2025\/09\/Captura-de-pantalla-2025-09-30-194239.png\",\"datePublished\":\"2025-09-30T17:41:55+00:00\",\"dateModified\":\"2025-10-13T15:29:23+00:00\",\"breadcrumb\":{\"@id\":\"https:\/\/cuinetes.shop\/es\/producto\/snackngo-fruits-banana\/#breadcrumb\"},\"inLanguage\":\"es\",\"potentialAction\":[{\"@type\":\"ReadAction\",\"target\":[\"https:\/\/cuinetes.shop\/es\/producto\/snackngo-fruits-banana\/\"]}]},{\"@type\":\"ImageObject\",\"inLanguage\":\"es\",\"@id\":\"https:\/\/cuinetes.shop\/es\/producto\/snackngo-fruits-banana\/#primaryimage\",\"url\":\"https:\/\/cuinetes.shop\/wp-content\/uploads\/2025\/09\/Captura-de-pantalla-2025-09-30-194239.png\",\"contentUrl\":\"https:\/\/cuinetes.shop\/wp-content\/uploads\/2025\/09\/Captura-de-pantalla-2025-09-30-194239.png\",\"width\":857,\"height\":699},{\"@type\":\"BreadcrumbList\",\"@id\":\"https:\/\/cuinetes.shop\/es\/producto\/snackngo-fruits-banana\/#breadcrumb\",\"itemListElement\":[{\"@type\":\"ListItem\",\"position\":1,\"name\":\"Home\",\"item\":\"https:\/\/cuinetes.shop\/es\/\"},{\"@type\":\"ListItem\",\"position\":2,\"name\":\"Tienda\",\"item\":\"https:\/\/cuinetes.shop\/es\/tienda\/\"},{\"@type\":\"ListItem\",\"position\":3,\"name\":\"Snack\u2019n\u2019Go Fruits banana\"}]},{\"@type\":\"WebSite\",\"@id\":\"https:\/\/cuinetes.shop\/es\/#website\",\"url\":\"https:\/\/cuinetes.shop\/es\/\",\"name\":\"Tienda de utensilios de cocina - Cuinetes\",\"description\":\"\",\"potentialAction\":[{\"@type\":\"SearchAction\",\"target\":{\"@type\":\"EntryPoint\",\"urlTemplate\":\"https:\/\/cuinetes.shop\/es\/?s={search_term_string}\"},\"query-input\":{\"@type\":\"PropertyValueSpecification\",\"valueRequired\":true,\"valueName\":\"search_term_string\"}}],\"inLanguage\":\"es\"}]}<\/script>\n<!-- \/ Yoast SEO plugin. -->","yoast_head_json":{"title":"Snack\u2019n\u2019Go Fruits banana - Tienda de utensilios de cocina - Cuinetes","robots":{"index":"index","follow":"follow","max-snippet":"max-snippet:-1","max-image-preview":"max-image-preview:large","max-video-preview":"max-video-preview:-1"},"canonical":"https:\/\/cuinetes.shop\/es\/producto\/snackngo-fruits-banana\/","og_locale":"es_ES","og_type":"article","og_title":"Snack\u2019n\u2019Go Fruits banana - Tienda de utensilios de cocina - Cuinetes","og_description":"El pl\u00e1tano ya tiene su propio envoltorio natural, as\u00ed que con esta fruta no te podemos ayudar, pero s\u00ed con todas las otras frutas del mundo mundial! Si disfrutas comiendo fuera de casa, de manera sana y sostenible, esto es para t\u00fa! As\u00ed que aqu\u00ed tenso tu bolsita lleva snacks con la medida perfecta para [&hellip;]","og_url":"https:\/\/cuinetes.shop\/es\/producto\/snackngo-fruits-banana\/","og_site_name":"Tienda de utensilios de cocina - Cuinetes","article_modified_time":"2025-10-13T15:29:23+00:00","og_image":[{"width":857,"height":699,"url":"https:\/\/cuinetes.shop\/wp-content\/uploads\/2025\/09\/Captura-de-pantalla-2025-09-30-194239.png","type":"image\/png"}],"twitter_card":"summary_large_image","schema":{"@context":"https:\/\/schema.org","@graph":[{"@type":"WebPage","@id":"https:\/\/cuinetes.shop\/es\/producto\/snackngo-fruits-banana\/","url":"https:\/\/cuinetes.shop\/es\/producto\/snackngo-fruits-banana\/","name":"Snack\u2019n\u2019Go Fruits banana - Tienda de utensilios de cocina - Cuinetes","isPartOf":{"@id":"https:\/\/cuinetes.shop\/es\/#website"},"primaryImageOfPage":{"@id":"https:\/\/cuinetes.shop\/es\/producto\/snackngo-fruits-banana\/#primaryimage"},"image":{"@id":"https:\/\/cuinetes.shop\/es\/producto\/snackngo-fruits-banana\/#primaryimage"},"thumbnailUrl":"https:\/\/cuinetes.shop\/wp-content\/uploads\/2025\/09\/Captura-de-pantalla-2025-09-30-194239.png","datePublished":"2025-09-30T17:41:55+00:00","dateModified":"2025-10-13T15:29:23+00:00","breadcrumb":{"@id":"https:\/\/cuinetes.shop\/es\/producto\/snackngo-fruits-banana\/#breadcrumb"},"inLanguage":"es","potentialAction":[{"@type":"ReadAction","target":["https:\/\/cuinetes.shop\/es\/producto\/snackngo-fruits-banana\/"]}]},{"@type":"ImageObject","inLanguage":"es","@id":"https:\/\/cuinetes.shop\/es\/producto\/snackngo-fruits-banana\/#primaryimage","url":"https:\/\/cuinetes.shop\/wp-content\/uploads\/2025\/09\/Captura-de-pantalla-2025-09-30-194239.png","contentUrl":"https:\/\/cuinetes.shop\/wp-content\/uploads\/2025\/09\/Captura-de-pantalla-2025-09-30-194239.png","width":857,"height":699},{"@type":"BreadcrumbList","@id":"https:\/\/cuinetes.shop\/es\/producto\/snackngo-fruits-banana\/#breadcrumb","itemListElement":[{"@type":"ListItem","position":1,"name":"Home","item":"https:\/\/cuinetes.shop\/es\/"},{"@type":"ListItem","position":2,"name":"Tienda","item":"https:\/\/cuinetes.shop\/es\/tienda\/"},{"@type":"ListItem","position":3,"name":"Snack\u2019n\u2019Go Fruits banana"}]},{"@type":"WebSite","@id":"https:\/\/cuinetes.shop\/es\/#website","url":"https:\/\/cuinetes.shop\/es\/","name":"Tienda de utensilios de cocina - Cuinetes","description":"","potentialAction":[{"@type":"SearchAction","target":{"@type":"EntryPoint","urlTemplate":"https:\/\/cuinetes.shop\/es\/?s={search_term_string}"},"query-input":{"@type":"PropertyValueSpecification","valueRequired":true,"valueName":"search_term_string"}}],"inLanguage":"es"}]}},"_links":{"self":[{"href":"https:\/\/cuinetes.shop\/es\/wp-json\/wp\/v2\/product\/35757","targetHints":{"allow":["GET"]}}],"collection":[{"href":"https:\/\/cuinetes.shop\/es\/wp-json\/wp\/v2\/product"}],"about":[{"href":"https:\/\/cuinetes.shop\/es\/wp-json\/wp\/v2\/types\/product"}],"replies":[{"embeddable":true,"href":"https:\/\/cuinetes.shop\/es\/wp-json\/wp\/v2\/comments?post=35757"}],"wp:featuredmedia":[{"embeddable":true,"href":"https:\/\/cuinetes.shop\/es\/wp-json\/wp\/v2\/media\/35658"}],"wp:attachment":[{"href":"https:\/\/cuinetes.shop\/es\/wp-json\/wp\/v2\/media?parent=35757"}],"wp:term":[{"taxonomy":"product_cat","embeddable":true,"href":"https:\/\/cuinetes.shop\/es\/wp-json\/wp\/v2\/product_cat?post=35757"},{"taxonomy":"product_tag","embeddable":true,"href":"https:\/\/cuinetes.shop\/es\/wp-json\/wp\/v2\/product_tag?post=35757"}],"curies":[{"name":"wp","href":"https:\/\/api.w.org\/{rel}","templated":true}]}}