
{"id":35762,"date":"2025-09-30T19:27:40","date_gmt":"2025-09-30T17:27:40","guid":{"rendered":"https:\/\/cuinetes.shop\/?post_type=product&#038;p=35762"},"modified":"2025-10-13T17:38:10","modified_gmt":"2025-10-13T15:38:10","slug":"snackngo-nature-marro","status":"publish","type":"product","link":"https:\/\/cuinetes.shop\/es\/producto\/snackngo-nature-marro\/","title":{"rendered":"Snack\u2019n\u2019Go Nature Marr\u00f3"},"content":{"rendered":"<p>El Dios de los peque\u00f1os gestos llega para reencarnarse en este Snack\u2019\u00a0Go\u00a0que te ayuda a ser sostenible e indetectable, a actuar sin dejar rastro. Residuo, si te he visto no me recuerdo.<\/p>\n<p>As\u00ed que aqu\u00ed tenso tu bolsita lleva snacks con la medida perfecta para llevar el s\u00e1ndwich o snack. Es reutilizable, muy f\u00e1cil de limpiar, y ocupa tan poco espacio que la puedes llevar siempre contigo. De este modo podr\u00e1s picar el que quieras, donde y cuando quieras.<\/p>\n","protected":false},"excerpt":{"rendered":"<p>El Dios de los peque\u00f1os gestos llega para reencarnarse en este Snack\u2019\u00a0Go\u00a0que te ayuda a ser sostenible e indetectable, a actuar sin dejar rastro. Residuo, si te he visto no me recuerdo. As\u00ed que aqu\u00ed tenso tu bolsita lleva snacks con la medida perfecta para llevar el s\u00e1ndwich o snack. Es reutilizable, muy f\u00e1cil de [&hellip;]<\/p>\n","protected":false},"featured_media":35644,"comment_status":"closed","ping_status":"closed","template":"","meta":[],"product_cat":[800,802,801,799,807,838],"product_tag":[1275,1278],"class_list":{"0":"post-35762","1":"product","2":"type-product","3":"status-publish","4":"has-post-thumbnail","6":"product_cat-accesorios-para-llevar","7":"product_cat-en-el-trabajo","8":"product_cat-en-la-escuela","9":"product_cat-para-llevar","10":"product_cat-portabocadillos","11":"product_cat-sostenibilidad","12":"product_tag-porta-bocadillos","13":"product_tag-sostenible-es","16":"first","17":"instock","18":"taxable","19":"shipping-taxable","20":"purchasable","21":"product-type-simple"},"yoast_head":"<!-- This site is optimized with the Yoast SEO plugin v26.1.1 - https:\/\/yoast.com\/wordpress\/plugins\/seo\/ -->\n<title>Snack\u2019n\u2019Go Nature Marr\u00f3 - Tienda de utensilios de cocina - Cuinetes<\/title>\n<meta name=\"robots\" content=\"index, follow, max-snippet:-1, max-image-preview:large, max-video-preview:-1\" \/>\n<link rel=\"canonical\" href=\"https:\/\/cuinetes.shop\/es\/producto\/snackngo-nature-marro\/\" \/>\n<meta property=\"og:locale\" content=\"es_ES\" \/>\n<meta property=\"og:type\" content=\"article\" \/>\n<meta property=\"og:title\" content=\"Snack\u2019n\u2019Go Nature Marr\u00f3 - Tienda de utensilios de cocina - Cuinetes\" \/>\n<meta property=\"og:description\" content=\"El Dios de los peque\u00f1os gestos llega para reencarnarse en este Snack\u2019\u00a0Go\u00a0que te ayuda a ser sostenible e indetectable, a actuar sin dejar rastro. Residuo, si te he visto no me recuerdo. As\u00ed que aqu\u00ed tenso tu bolsita lleva snacks con la medida perfecta para llevar el s\u00e1ndwich o snack. Es reutilizable, muy f\u00e1cil de [&hellip;]\" \/>\n<meta property=\"og:url\" content=\"https:\/\/cuinetes.shop\/es\/producto\/snackngo-nature-marro\/\" \/>\n<meta property=\"og:site_name\" content=\"Tienda de utensilios de cocina - Cuinetes\" \/>\n<meta property=\"article:modified_time\" content=\"2025-10-13T15:38:10+00:00\" \/>\n<meta property=\"og:image\" content=\"https:\/\/cuinetes.shop\/wp-content\/uploads\/2025\/09\/Captura-de-pantalla-2025-09-30-192242.png\" \/>\n\t<meta property=\"og:image:width\" content=\"851\" \/>\n\t<meta property=\"og:image:height\" content=\"727\" \/>\n\t<meta property=\"og:image:type\" content=\"image\/png\" \/>\n<meta name=\"twitter:card\" content=\"summary_large_image\" \/>\n<script type=\"application\/ld+json\" class=\"yoast-schema-graph\">{\"@context\":\"https:\/\/schema.org\",\"@graph\":[{\"@type\":\"WebPage\",\"@id\":\"https:\/\/cuinetes.shop\/es\/producto\/snackngo-nature-marro\/\",\"url\":\"https:\/\/cuinetes.shop\/es\/producto\/snackngo-nature-marro\/\",\"name\":\"Snack\u2019n\u2019Go Nature Marr\u00f3 - Tienda de utensilios de cocina - Cuinetes\",\"isPartOf\":{\"@id\":\"https:\/\/cuinetes.shop\/es\/#website\"},\"primaryImageOfPage\":{\"@id\":\"https:\/\/cuinetes.shop\/es\/producto\/snackngo-nature-marro\/#primaryimage\"},\"image\":{\"@id\":\"https:\/\/cuinetes.shop\/es\/producto\/snackngo-nature-marro\/#primaryimage\"},\"thumbnailUrl\":\"https:\/\/cuinetes.shop\/wp-content\/uploads\/2025\/09\/Captura-de-pantalla-2025-09-30-192242.png\",\"datePublished\":\"2025-09-30T17:27:40+00:00\",\"dateModified\":\"2025-10-13T15:38:10+00:00\",\"breadcrumb\":{\"@id\":\"https:\/\/cuinetes.shop\/es\/producto\/snackngo-nature-marro\/#breadcrumb\"},\"inLanguage\":\"es\",\"potentialAction\":[{\"@type\":\"ReadAction\",\"target\":[\"https:\/\/cuinetes.shop\/es\/producto\/snackngo-nature-marro\/\"]}]},{\"@type\":\"ImageObject\",\"inLanguage\":\"es\",\"@id\":\"https:\/\/cuinetes.shop\/es\/producto\/snackngo-nature-marro\/#primaryimage\",\"url\":\"https:\/\/cuinetes.shop\/wp-content\/uploads\/2025\/09\/Captura-de-pantalla-2025-09-30-192242.png\",\"contentUrl\":\"https:\/\/cuinetes.shop\/wp-content\/uploads\/2025\/09\/Captura-de-pantalla-2025-09-30-192242.png\",\"width\":851,\"height\":727},{\"@type\":\"BreadcrumbList\",\"@id\":\"https:\/\/cuinetes.shop\/es\/producto\/snackngo-nature-marro\/#breadcrumb\",\"itemListElement\":[{\"@type\":\"ListItem\",\"position\":1,\"name\":\"Home\",\"item\":\"https:\/\/cuinetes.shop\/es\/\"},{\"@type\":\"ListItem\",\"position\":2,\"name\":\"Tienda\",\"item\":\"https:\/\/cuinetes.shop\/es\/tienda\/\"},{\"@type\":\"ListItem\",\"position\":3,\"name\":\"Snack\u2019n\u2019Go Nature Marr\u00f3\"}]},{\"@type\":\"WebSite\",\"@id\":\"https:\/\/cuinetes.shop\/es\/#website\",\"url\":\"https:\/\/cuinetes.shop\/es\/\",\"name\":\"Tienda de utensilios de cocina - Cuinetes\",\"description\":\"\",\"potentialAction\":[{\"@type\":\"SearchAction\",\"target\":{\"@type\":\"EntryPoint\",\"urlTemplate\":\"https:\/\/cuinetes.shop\/es\/?s={search_term_string}\"},\"query-input\":{\"@type\":\"PropertyValueSpecification\",\"valueRequired\":true,\"valueName\":\"search_term_string\"}}],\"inLanguage\":\"es\"}]}<\/script>\n<!-- \/ Yoast SEO plugin. -->","yoast_head_json":{"title":"Snack\u2019n\u2019Go Nature Marr\u00f3 - Tienda de utensilios de cocina - Cuinetes","robots":{"index":"index","follow":"follow","max-snippet":"max-snippet:-1","max-image-preview":"max-image-preview:large","max-video-preview":"max-video-preview:-1"},"canonical":"https:\/\/cuinetes.shop\/es\/producto\/snackngo-nature-marro\/","og_locale":"es_ES","og_type":"article","og_title":"Snack\u2019n\u2019Go Nature Marr\u00f3 - Tienda de utensilios de cocina - Cuinetes","og_description":"El Dios de los peque\u00f1os gestos llega para reencarnarse en este Snack\u2019\u00a0Go\u00a0que te ayuda a ser sostenible e indetectable, a actuar sin dejar rastro. Residuo, si te he visto no me recuerdo. As\u00ed que aqu\u00ed tenso tu bolsita lleva snacks con la medida perfecta para llevar el s\u00e1ndwich o snack. Es reutilizable, muy f\u00e1cil de [&hellip;]","og_url":"https:\/\/cuinetes.shop\/es\/producto\/snackngo-nature-marro\/","og_site_name":"Tienda de utensilios de cocina - Cuinetes","article_modified_time":"2025-10-13T15:38:10+00:00","og_image":[{"width":851,"height":727,"url":"https:\/\/cuinetes.shop\/wp-content\/uploads\/2025\/09\/Captura-de-pantalla-2025-09-30-192242.png","type":"image\/png"}],"twitter_card":"summary_large_image","schema":{"@context":"https:\/\/schema.org","@graph":[{"@type":"WebPage","@id":"https:\/\/cuinetes.shop\/es\/producto\/snackngo-nature-marro\/","url":"https:\/\/cuinetes.shop\/es\/producto\/snackngo-nature-marro\/","name":"Snack\u2019n\u2019Go Nature Marr\u00f3 - Tienda de utensilios de cocina - Cuinetes","isPartOf":{"@id":"https:\/\/cuinetes.shop\/es\/#website"},"primaryImageOfPage":{"@id":"https:\/\/cuinetes.shop\/es\/producto\/snackngo-nature-marro\/#primaryimage"},"image":{"@id":"https:\/\/cuinetes.shop\/es\/producto\/snackngo-nature-marro\/#primaryimage"},"thumbnailUrl":"https:\/\/cuinetes.shop\/wp-content\/uploads\/2025\/09\/Captura-de-pantalla-2025-09-30-192242.png","datePublished":"2025-09-30T17:27:40+00:00","dateModified":"2025-10-13T15:38:10+00:00","breadcrumb":{"@id":"https:\/\/cuinetes.shop\/es\/producto\/snackngo-nature-marro\/#breadcrumb"},"inLanguage":"es","potentialAction":[{"@type":"ReadAction","target":["https:\/\/cuinetes.shop\/es\/producto\/snackngo-nature-marro\/"]}]},{"@type":"ImageObject","inLanguage":"es","@id":"https:\/\/cuinetes.shop\/es\/producto\/snackngo-nature-marro\/#primaryimage","url":"https:\/\/cuinetes.shop\/wp-content\/uploads\/2025\/09\/Captura-de-pantalla-2025-09-30-192242.png","contentUrl":"https:\/\/cuinetes.shop\/wp-content\/uploads\/2025\/09\/Captura-de-pantalla-2025-09-30-192242.png","width":851,"height":727},{"@type":"BreadcrumbList","@id":"https:\/\/cuinetes.shop\/es\/producto\/snackngo-nature-marro\/#breadcrumb","itemListElement":[{"@type":"ListItem","position":1,"name":"Home","item":"https:\/\/cuinetes.shop\/es\/"},{"@type":"ListItem","position":2,"name":"Tienda","item":"https:\/\/cuinetes.shop\/es\/tienda\/"},{"@type":"ListItem","position":3,"name":"Snack\u2019n\u2019Go Nature Marr\u00f3"}]},{"@type":"WebSite","@id":"https:\/\/cuinetes.shop\/es\/#website","url":"https:\/\/cuinetes.shop\/es\/","name":"Tienda de utensilios de cocina - Cuinetes","description":"","potentialAction":[{"@type":"SearchAction","target":{"@type":"EntryPoint","urlTemplate":"https:\/\/cuinetes.shop\/es\/?s={search_term_string}"},"query-input":{"@type":"PropertyValueSpecification","valueRequired":true,"valueName":"search_term_string"}}],"inLanguage":"es"}]}},"_links":{"self":[{"href":"https:\/\/cuinetes.shop\/es\/wp-json\/wp\/v2\/product\/35762","targetHints":{"allow":["GET"]}}],"collection":[{"href":"https:\/\/cuinetes.shop\/es\/wp-json\/wp\/v2\/product"}],"about":[{"href":"https:\/\/cuinetes.shop\/es\/wp-json\/wp\/v2\/types\/product"}],"replies":[{"embeddable":true,"href":"https:\/\/cuinetes.shop\/es\/wp-json\/wp\/v2\/comments?post=35762"}],"wp:featuredmedia":[{"embeddable":true,"href":"https:\/\/cuinetes.shop\/es\/wp-json\/wp\/v2\/media\/35644"}],"wp:attachment":[{"href":"https:\/\/cuinetes.shop\/es\/wp-json\/wp\/v2\/media?parent=35762"}],"wp:term":[{"taxonomy":"product_cat","embeddable":true,"href":"https:\/\/cuinetes.shop\/es\/wp-json\/wp\/v2\/product_cat?post=35762"},{"taxonomy":"product_tag","embeddable":true,"href":"https:\/\/cuinetes.shop\/es\/wp-json\/wp\/v2\/product_tag?post=35762"}],"curies":[{"name":"wp","href":"https:\/\/api.w.org\/{rel}","templated":true}]}}