
{"id":35763,"date":"2025-09-30T19:17:57","date_gmt":"2025-09-30T17:17:57","guid":{"rendered":"https:\/\/cuinetes.shop\/?post_type=product&#038;p=35763"},"modified":"2025-10-13T17:40:57","modified_gmt":"2025-10-13T15:40:57","slug":"snackngo-nature-menta","status":"publish","type":"product","link":"https:\/\/cuinetes.shop\/es\/producto\/snackngo-nature-menta\/","title":{"rendered":"Snack\u2019n\u2019Go Nature Menta"},"content":{"rendered":"<p>Quieres reducir todav\u00eda m\u00e1s tu huella ambiental sin apenas esfuerzo? Snack\u2019\u00a0Go\u00a0te ayuda a conseguirlo en tu d\u00eda a d\u00eda puesto que cuanto m\u00e1s lo utilizas, menos residuos generas. Cu\u00e1ntas m\u00e1s personas lo usan, menos impacto recibe el planeta. Porque aqu\u00ed, m\u00e1s es menos.<\/p>\n<p>As\u00ed que aqu\u00ed tenso tu bolsita lleva snacks con la medida perfecta para llevar el s\u00e1ndwich o snack. Es reutilizable, muy f\u00e1cil de limpiar, y ocupa tan poco espacio que la puedes llevar siempre contigo. De este modo podr\u00e1s picar el que quieras, donde y cuando quieras.<\/p>\n","protected":false},"excerpt":{"rendered":"<p>Quieres reducir todav\u00eda m\u00e1s tu huella ambiental sin apenas esfuerzo? Snack\u2019\u00a0Go\u00a0te ayuda a conseguirlo en tu d\u00eda a d\u00eda puesto que cuanto m\u00e1s lo utilizas, menos residuos generas. Cu\u00e1ntas m\u00e1s personas lo usan, menos impacto recibe el planeta. Porque aqu\u00ed, m\u00e1s es menos. As\u00ed que aqu\u00ed tenso tu bolsita lleva snacks con la medida perfecta [&hellip;]<\/p>\n","protected":false},"featured_media":35637,"comment_status":"closed","ping_status":"closed","template":"","meta":[],"product_cat":[800,801,799,807,838],"product_tag":[1275,1278],"class_list":{"0":"post-35763","1":"product","2":"type-product","3":"status-publish","4":"has-post-thumbnail","6":"product_cat-accesorios-para-llevar","7":"product_cat-en-la-escuela","8":"product_cat-para-llevar","9":"product_cat-portabocadillos","10":"product_cat-sostenibilidad","11":"product_tag-porta-bocadillos","12":"product_tag-sostenible-es","15":"first","16":"instock","17":"taxable","18":"shipping-taxable","19":"purchasable","20":"product-type-simple"},"yoast_head":"<!-- This site is optimized with the Yoast SEO plugin v26.1.1 - https:\/\/yoast.com\/wordpress\/plugins\/seo\/ -->\n<title>Snack\u2019n\u2019Go Nature Menta - Tienda de utensilios de cocina - Cuinetes<\/title>\n<meta name=\"robots\" content=\"index, follow, max-snippet:-1, max-image-preview:large, max-video-preview:-1\" \/>\n<link rel=\"canonical\" href=\"https:\/\/cuinetes.shop\/es\/producto\/snackngo-nature-menta\/\" \/>\n<meta property=\"og:locale\" content=\"es_ES\" \/>\n<meta property=\"og:type\" content=\"article\" \/>\n<meta property=\"og:title\" content=\"Snack\u2019n\u2019Go Nature Menta - Tienda de utensilios de cocina - Cuinetes\" \/>\n<meta property=\"og:description\" content=\"Quieres reducir todav\u00eda m\u00e1s tu huella ambiental sin apenas esfuerzo? Snack\u2019\u00a0Go\u00a0te ayuda a conseguirlo en tu d\u00eda a d\u00eda puesto que cuanto m\u00e1s lo utilizas, menos residuos generas. Cu\u00e1ntas m\u00e1s personas lo usan, menos impacto recibe el planeta. Porque aqu\u00ed, m\u00e1s es menos. As\u00ed que aqu\u00ed tenso tu bolsita lleva snacks con la medida perfecta [&hellip;]\" \/>\n<meta property=\"og:url\" content=\"https:\/\/cuinetes.shop\/es\/producto\/snackngo-nature-menta\/\" \/>\n<meta property=\"og:site_name\" content=\"Tienda de utensilios de cocina - Cuinetes\" \/>\n<meta property=\"article:modified_time\" content=\"2025-10-13T15:40:57+00:00\" \/>\n<meta property=\"og:image\" content=\"https:\/\/cuinetes.shop\/wp-content\/uploads\/2025\/09\/Captura-de-pantalla-2025-09-30-190854.png\" \/>\n\t<meta property=\"og:image:width\" content=\"815\" \/>\n\t<meta property=\"og:image:height\" content=\"732\" \/>\n\t<meta property=\"og:image:type\" content=\"image\/png\" \/>\n<meta name=\"twitter:card\" content=\"summary_large_image\" \/>\n<meta name=\"twitter:label1\" content=\"Est. reading time\" \/>\n\t<meta name=\"twitter:data1\" content=\"1 minute\" \/>\n<script type=\"application\/ld+json\" class=\"yoast-schema-graph\">{\"@context\":\"https:\/\/schema.org\",\"@graph\":[{\"@type\":\"WebPage\",\"@id\":\"https:\/\/cuinetes.shop\/es\/producto\/snackngo-nature-menta\/\",\"url\":\"https:\/\/cuinetes.shop\/es\/producto\/snackngo-nature-menta\/\",\"name\":\"Snack\u2019n\u2019Go Nature Menta - Tienda de utensilios de cocina - Cuinetes\",\"isPartOf\":{\"@id\":\"https:\/\/cuinetes.shop\/es\/#website\"},\"primaryImageOfPage\":{\"@id\":\"https:\/\/cuinetes.shop\/es\/producto\/snackngo-nature-menta\/#primaryimage\"},\"image\":{\"@id\":\"https:\/\/cuinetes.shop\/es\/producto\/snackngo-nature-menta\/#primaryimage\"},\"thumbnailUrl\":\"https:\/\/cuinetes.shop\/wp-content\/uploads\/2025\/09\/Captura-de-pantalla-2025-09-30-190854.png\",\"datePublished\":\"2025-09-30T17:17:57+00:00\",\"dateModified\":\"2025-10-13T15:40:57+00:00\",\"breadcrumb\":{\"@id\":\"https:\/\/cuinetes.shop\/es\/producto\/snackngo-nature-menta\/#breadcrumb\"},\"inLanguage\":\"es\",\"potentialAction\":[{\"@type\":\"ReadAction\",\"target\":[\"https:\/\/cuinetes.shop\/es\/producto\/snackngo-nature-menta\/\"]}]},{\"@type\":\"ImageObject\",\"inLanguage\":\"es\",\"@id\":\"https:\/\/cuinetes.shop\/es\/producto\/snackngo-nature-menta\/#primaryimage\",\"url\":\"https:\/\/cuinetes.shop\/wp-content\/uploads\/2025\/09\/Captura-de-pantalla-2025-09-30-190854.png\",\"contentUrl\":\"https:\/\/cuinetes.shop\/wp-content\/uploads\/2025\/09\/Captura-de-pantalla-2025-09-30-190854.png\",\"width\":815,\"height\":732},{\"@type\":\"BreadcrumbList\",\"@id\":\"https:\/\/cuinetes.shop\/es\/producto\/snackngo-nature-menta\/#breadcrumb\",\"itemListElement\":[{\"@type\":\"ListItem\",\"position\":1,\"name\":\"Home\",\"item\":\"https:\/\/cuinetes.shop\/es\/\"},{\"@type\":\"ListItem\",\"position\":2,\"name\":\"Tienda\",\"item\":\"https:\/\/cuinetes.shop\/es\/tienda\/\"},{\"@type\":\"ListItem\",\"position\":3,\"name\":\"Snack\u2019n\u2019Go Nature Menta\"}]},{\"@type\":\"WebSite\",\"@id\":\"https:\/\/cuinetes.shop\/es\/#website\",\"url\":\"https:\/\/cuinetes.shop\/es\/\",\"name\":\"Tienda de utensilios de cocina - Cuinetes\",\"description\":\"\",\"potentialAction\":[{\"@type\":\"SearchAction\",\"target\":{\"@type\":\"EntryPoint\",\"urlTemplate\":\"https:\/\/cuinetes.shop\/es\/?s={search_term_string}\"},\"query-input\":{\"@type\":\"PropertyValueSpecification\",\"valueRequired\":true,\"valueName\":\"search_term_string\"}}],\"inLanguage\":\"es\"}]}<\/script>\n<!-- \/ Yoast SEO plugin. -->","yoast_head_json":{"title":"Snack\u2019n\u2019Go Nature Menta - Tienda de utensilios de cocina - Cuinetes","robots":{"index":"index","follow":"follow","max-snippet":"max-snippet:-1","max-image-preview":"max-image-preview:large","max-video-preview":"max-video-preview:-1"},"canonical":"https:\/\/cuinetes.shop\/es\/producto\/snackngo-nature-menta\/","og_locale":"es_ES","og_type":"article","og_title":"Snack\u2019n\u2019Go Nature Menta - Tienda de utensilios de cocina - Cuinetes","og_description":"Quieres reducir todav\u00eda m\u00e1s tu huella ambiental sin apenas esfuerzo? Snack\u2019\u00a0Go\u00a0te ayuda a conseguirlo en tu d\u00eda a d\u00eda puesto que cuanto m\u00e1s lo utilizas, menos residuos generas. Cu\u00e1ntas m\u00e1s personas lo usan, menos impacto recibe el planeta. Porque aqu\u00ed, m\u00e1s es menos. As\u00ed que aqu\u00ed tenso tu bolsita lleva snacks con la medida perfecta [&hellip;]","og_url":"https:\/\/cuinetes.shop\/es\/producto\/snackngo-nature-menta\/","og_site_name":"Tienda de utensilios de cocina - Cuinetes","article_modified_time":"2025-10-13T15:40:57+00:00","og_image":[{"width":815,"height":732,"url":"https:\/\/cuinetes.shop\/wp-content\/uploads\/2025\/09\/Captura-de-pantalla-2025-09-30-190854.png","type":"image\/png"}],"twitter_card":"summary_large_image","twitter_misc":{"Est. reading time":"1 minute"},"schema":{"@context":"https:\/\/schema.org","@graph":[{"@type":"WebPage","@id":"https:\/\/cuinetes.shop\/es\/producto\/snackngo-nature-menta\/","url":"https:\/\/cuinetes.shop\/es\/producto\/snackngo-nature-menta\/","name":"Snack\u2019n\u2019Go Nature Menta - Tienda de utensilios de cocina - Cuinetes","isPartOf":{"@id":"https:\/\/cuinetes.shop\/es\/#website"},"primaryImageOfPage":{"@id":"https:\/\/cuinetes.shop\/es\/producto\/snackngo-nature-menta\/#primaryimage"},"image":{"@id":"https:\/\/cuinetes.shop\/es\/producto\/snackngo-nature-menta\/#primaryimage"},"thumbnailUrl":"https:\/\/cuinetes.shop\/wp-content\/uploads\/2025\/09\/Captura-de-pantalla-2025-09-30-190854.png","datePublished":"2025-09-30T17:17:57+00:00","dateModified":"2025-10-13T15:40:57+00:00","breadcrumb":{"@id":"https:\/\/cuinetes.shop\/es\/producto\/snackngo-nature-menta\/#breadcrumb"},"inLanguage":"es","potentialAction":[{"@type":"ReadAction","target":["https:\/\/cuinetes.shop\/es\/producto\/snackngo-nature-menta\/"]}]},{"@type":"ImageObject","inLanguage":"es","@id":"https:\/\/cuinetes.shop\/es\/producto\/snackngo-nature-menta\/#primaryimage","url":"https:\/\/cuinetes.shop\/wp-content\/uploads\/2025\/09\/Captura-de-pantalla-2025-09-30-190854.png","contentUrl":"https:\/\/cuinetes.shop\/wp-content\/uploads\/2025\/09\/Captura-de-pantalla-2025-09-30-190854.png","width":815,"height":732},{"@type":"BreadcrumbList","@id":"https:\/\/cuinetes.shop\/es\/producto\/snackngo-nature-menta\/#breadcrumb","itemListElement":[{"@type":"ListItem","position":1,"name":"Home","item":"https:\/\/cuinetes.shop\/es\/"},{"@type":"ListItem","position":2,"name":"Tienda","item":"https:\/\/cuinetes.shop\/es\/tienda\/"},{"@type":"ListItem","position":3,"name":"Snack\u2019n\u2019Go Nature Menta"}]},{"@type":"WebSite","@id":"https:\/\/cuinetes.shop\/es\/#website","url":"https:\/\/cuinetes.shop\/es\/","name":"Tienda de utensilios de cocina - Cuinetes","description":"","potentialAction":[{"@type":"SearchAction","target":{"@type":"EntryPoint","urlTemplate":"https:\/\/cuinetes.shop\/es\/?s={search_term_string}"},"query-input":{"@type":"PropertyValueSpecification","valueRequired":true,"valueName":"search_term_string"}}],"inLanguage":"es"}]}},"_links":{"self":[{"href":"https:\/\/cuinetes.shop\/es\/wp-json\/wp\/v2\/product\/35763","targetHints":{"allow":["GET"]}}],"collection":[{"href":"https:\/\/cuinetes.shop\/es\/wp-json\/wp\/v2\/product"}],"about":[{"href":"https:\/\/cuinetes.shop\/es\/wp-json\/wp\/v2\/types\/product"}],"replies":[{"embeddable":true,"href":"https:\/\/cuinetes.shop\/es\/wp-json\/wp\/v2\/comments?post=35763"}],"wp:featuredmedia":[{"embeddable":true,"href":"https:\/\/cuinetes.shop\/es\/wp-json\/wp\/v2\/media\/35637"}],"wp:attachment":[{"href":"https:\/\/cuinetes.shop\/es\/wp-json\/wp\/v2\/media?parent=35763"}],"wp:term":[{"taxonomy":"product_cat","embeddable":true,"href":"https:\/\/cuinetes.shop\/es\/wp-json\/wp\/v2\/product_cat?post=35763"},{"taxonomy":"product_tag","embeddable":true,"href":"https:\/\/cuinetes.shop\/es\/wp-json\/wp\/v2\/product_tag?post=35763"}],"curies":[{"name":"wp","href":"https:\/\/api.w.org\/{rel}","templated":true}]}}