
{"id":35774,"date":"2025-09-30T13:35:54","date_gmt":"2025-09-30T11:35:54","guid":{"rendered":"https:\/\/cuinetes.shop\/?post_type=product&#038;p=35774"},"modified":"2025-10-13T18:41:02","modified_gmt":"2025-10-13T16:41:02","slug":"cortador-pizza","status":"publish","type":"product","link":"https:\/\/cuinetes.shop\/es\/producto\/cortador-pizza\/","title":{"rendered":"Cortador Pizza"},"content":{"rendered":"<p>La rueda para pizza\u00a0OXO\u00a0Good\u00a0Gripes\u00a0tiene una hoja duradera de acero inoxidable que puede cortar f\u00e1cilmente pizzas y tambi\u00e9n cortar brownies o lechuga rayada de manera eficiente para ensaladas. La hoja afilada se desliza a trav\u00e9s de las costras y coberturas con facilidad, y el mango est\u00e1 dise\u00f1ado con un protector para el pulgar que mantiene tus dedos seguros. Lo agarre suave y antideslizante garantiza que mantengas el control cuando est\u00e1s en racha.<\/p>\n<p>Apto por Lavaplatos.<\/p>\n","protected":false},"excerpt":{"rendered":"<p>La rueda para pizza\u00a0OXO\u00a0Good\u00a0Gripes\u00a0tiene una hoja duradera de acero inoxidable que puede cortar f\u00e1cilmente pizzas y tambi\u00e9n cortar brownies o lechuga rayada de manera eficiente para ensaladas. La hoja afilada se desliza a trav\u00e9s de las costras y coberturas con facilidad, y el mango est\u00e1 dise\u00f1ado con un protector para el pulgar que mantiene tus [&hellip;]<\/p>\n","protected":false},"featured_media":35600,"comment_status":"closed","ping_status":"closed","template":"","meta":[],"product_cat":[786,780],"product_tag":[1400,1403,1401,1370,1402],"class_list":{"0":"post-35774","1":"product","2":"type-product","3":"status-publish","4":"has-post-thumbnail","6":"product_cat-cortadores","7":"product_cat-utensilios-de-corte","8":"product_tag-acero-inox","9":"product_tag-cortador","10":"product_tag-mango-ergonomico","11":"product_tag-pizza","12":"product_tag-profesional","15":"first","16":"instock","17":"taxable","18":"shipping-taxable","19":"purchasable","20":"product-type-simple"},"yoast_head":"<!-- This site is optimized with the Yoast SEO plugin v26.1.1 - https:\/\/yoast.com\/wordpress\/plugins\/seo\/ -->\n<title>Cortador Pizza - Tienda de utensilios de cocina - Cuinetes<\/title>\n<meta name=\"robots\" content=\"index, follow, max-snippet:-1, max-image-preview:large, max-video-preview:-1\" \/>\n<link rel=\"canonical\" href=\"https:\/\/cuinetes.shop\/es\/producto\/cortador-pizza\/\" \/>\n<meta property=\"og:locale\" content=\"es_ES\" \/>\n<meta property=\"og:type\" content=\"article\" \/>\n<meta property=\"og:title\" content=\"Cortador Pizza - Tienda de utensilios de cocina - Cuinetes\" \/>\n<meta property=\"og:description\" content=\"La rueda para pizza\u00a0OXO\u00a0Good\u00a0Gripes\u00a0tiene una hoja duradera de acero inoxidable que puede cortar f\u00e1cilmente pizzas y tambi\u00e9n cortar brownies o lechuga rayada de manera eficiente para ensaladas. La hoja afilada se desliza a trav\u00e9s de las costras y coberturas con facilidad, y el mango est\u00e1 dise\u00f1ado con un protector para el pulgar que mantiene tus [&hellip;]\" \/>\n<meta property=\"og:url\" content=\"https:\/\/cuinetes.shop\/es\/producto\/cortador-pizza\/\" \/>\n<meta property=\"og:site_name\" content=\"Tienda de utensilios de cocina - Cuinetes\" \/>\n<meta property=\"article:modified_time\" content=\"2025-10-13T16:41:02+00:00\" \/>\n<meta property=\"og:image\" content=\"https:\/\/cuinetes.shop\/wp-content\/uploads\/2025\/09\/Captura-de-pantalla-2025-09-30-132331.png\" \/>\n\t<meta property=\"og:image:width\" content=\"547\" \/>\n\t<meta property=\"og:image:height\" content=\"685\" \/>\n\t<meta property=\"og:image:type\" content=\"image\/png\" \/>\n<meta name=\"twitter:card\" content=\"summary_large_image\" \/>\n<script type=\"application\/ld+json\" class=\"yoast-schema-graph\">{\"@context\":\"https:\/\/schema.org\",\"@graph\":[{\"@type\":\"WebPage\",\"@id\":\"https:\/\/cuinetes.shop\/es\/producto\/cortador-pizza\/\",\"url\":\"https:\/\/cuinetes.shop\/es\/producto\/cortador-pizza\/\",\"name\":\"Cortador Pizza - Tienda de utensilios de cocina - Cuinetes\",\"isPartOf\":{\"@id\":\"https:\/\/cuinetes.shop\/es\/#website\"},\"primaryImageOfPage\":{\"@id\":\"https:\/\/cuinetes.shop\/es\/producto\/cortador-pizza\/#primaryimage\"},\"image\":{\"@id\":\"https:\/\/cuinetes.shop\/es\/producto\/cortador-pizza\/#primaryimage\"},\"thumbnailUrl\":\"https:\/\/cuinetes.shop\/wp-content\/uploads\/2025\/09\/Captura-de-pantalla-2025-09-30-132331.png\",\"datePublished\":\"2025-09-30T11:35:54+00:00\",\"dateModified\":\"2025-10-13T16:41:02+00:00\",\"breadcrumb\":{\"@id\":\"https:\/\/cuinetes.shop\/es\/producto\/cortador-pizza\/#breadcrumb\"},\"inLanguage\":\"es\",\"potentialAction\":[{\"@type\":\"ReadAction\",\"target\":[\"https:\/\/cuinetes.shop\/es\/producto\/cortador-pizza\/\"]}]},{\"@type\":\"ImageObject\",\"inLanguage\":\"es\",\"@id\":\"https:\/\/cuinetes.shop\/es\/producto\/cortador-pizza\/#primaryimage\",\"url\":\"https:\/\/cuinetes.shop\/wp-content\/uploads\/2025\/09\/Captura-de-pantalla-2025-09-30-132331.png\",\"contentUrl\":\"https:\/\/cuinetes.shop\/wp-content\/uploads\/2025\/09\/Captura-de-pantalla-2025-09-30-132331.png\",\"width\":547,\"height\":685},{\"@type\":\"BreadcrumbList\",\"@id\":\"https:\/\/cuinetes.shop\/es\/producto\/cortador-pizza\/#breadcrumb\",\"itemListElement\":[{\"@type\":\"ListItem\",\"position\":1,\"name\":\"Home\",\"item\":\"https:\/\/cuinetes.shop\/es\/\"},{\"@type\":\"ListItem\",\"position\":2,\"name\":\"Tienda\",\"item\":\"https:\/\/cuinetes.shop\/es\/tienda\/\"},{\"@type\":\"ListItem\",\"position\":3,\"name\":\"Cortador Pizza\"}]},{\"@type\":\"WebSite\",\"@id\":\"https:\/\/cuinetes.shop\/es\/#website\",\"url\":\"https:\/\/cuinetes.shop\/es\/\",\"name\":\"Tienda de utensilios de cocina - Cuinetes\",\"description\":\"\",\"potentialAction\":[{\"@type\":\"SearchAction\",\"target\":{\"@type\":\"EntryPoint\",\"urlTemplate\":\"https:\/\/cuinetes.shop\/es\/?s={search_term_string}\"},\"query-input\":{\"@type\":\"PropertyValueSpecification\",\"valueRequired\":true,\"valueName\":\"search_term_string\"}}],\"inLanguage\":\"es\"}]}<\/script>\n<!-- \/ Yoast SEO plugin. -->","yoast_head_json":{"title":"Cortador Pizza - Tienda de utensilios de cocina - Cuinetes","robots":{"index":"index","follow":"follow","max-snippet":"max-snippet:-1","max-image-preview":"max-image-preview:large","max-video-preview":"max-video-preview:-1"},"canonical":"https:\/\/cuinetes.shop\/es\/producto\/cortador-pizza\/","og_locale":"es_ES","og_type":"article","og_title":"Cortador Pizza - Tienda de utensilios de cocina - Cuinetes","og_description":"La rueda para pizza\u00a0OXO\u00a0Good\u00a0Gripes\u00a0tiene una hoja duradera de acero inoxidable que puede cortar f\u00e1cilmente pizzas y tambi\u00e9n cortar brownies o lechuga rayada de manera eficiente para ensaladas. La hoja afilada se desliza a trav\u00e9s de las costras y coberturas con facilidad, y el mango est\u00e1 dise\u00f1ado con un protector para el pulgar que mantiene tus [&hellip;]","og_url":"https:\/\/cuinetes.shop\/es\/producto\/cortador-pizza\/","og_site_name":"Tienda de utensilios de cocina - Cuinetes","article_modified_time":"2025-10-13T16:41:02+00:00","og_image":[{"width":547,"height":685,"url":"https:\/\/cuinetes.shop\/wp-content\/uploads\/2025\/09\/Captura-de-pantalla-2025-09-30-132331.png","type":"image\/png"}],"twitter_card":"summary_large_image","schema":{"@context":"https:\/\/schema.org","@graph":[{"@type":"WebPage","@id":"https:\/\/cuinetes.shop\/es\/producto\/cortador-pizza\/","url":"https:\/\/cuinetes.shop\/es\/producto\/cortador-pizza\/","name":"Cortador Pizza - Tienda de utensilios de cocina - Cuinetes","isPartOf":{"@id":"https:\/\/cuinetes.shop\/es\/#website"},"primaryImageOfPage":{"@id":"https:\/\/cuinetes.shop\/es\/producto\/cortador-pizza\/#primaryimage"},"image":{"@id":"https:\/\/cuinetes.shop\/es\/producto\/cortador-pizza\/#primaryimage"},"thumbnailUrl":"https:\/\/cuinetes.shop\/wp-content\/uploads\/2025\/09\/Captura-de-pantalla-2025-09-30-132331.png","datePublished":"2025-09-30T11:35:54+00:00","dateModified":"2025-10-13T16:41:02+00:00","breadcrumb":{"@id":"https:\/\/cuinetes.shop\/es\/producto\/cortador-pizza\/#breadcrumb"},"inLanguage":"es","potentialAction":[{"@type":"ReadAction","target":["https:\/\/cuinetes.shop\/es\/producto\/cortador-pizza\/"]}]},{"@type":"ImageObject","inLanguage":"es","@id":"https:\/\/cuinetes.shop\/es\/producto\/cortador-pizza\/#primaryimage","url":"https:\/\/cuinetes.shop\/wp-content\/uploads\/2025\/09\/Captura-de-pantalla-2025-09-30-132331.png","contentUrl":"https:\/\/cuinetes.shop\/wp-content\/uploads\/2025\/09\/Captura-de-pantalla-2025-09-30-132331.png","width":547,"height":685},{"@type":"BreadcrumbList","@id":"https:\/\/cuinetes.shop\/es\/producto\/cortador-pizza\/#breadcrumb","itemListElement":[{"@type":"ListItem","position":1,"name":"Home","item":"https:\/\/cuinetes.shop\/es\/"},{"@type":"ListItem","position":2,"name":"Tienda","item":"https:\/\/cuinetes.shop\/es\/tienda\/"},{"@type":"ListItem","position":3,"name":"Cortador Pizza"}]},{"@type":"WebSite","@id":"https:\/\/cuinetes.shop\/es\/#website","url":"https:\/\/cuinetes.shop\/es\/","name":"Tienda de utensilios de cocina - Cuinetes","description":"","potentialAction":[{"@type":"SearchAction","target":{"@type":"EntryPoint","urlTemplate":"https:\/\/cuinetes.shop\/es\/?s={search_term_string}"},"query-input":{"@type":"PropertyValueSpecification","valueRequired":true,"valueName":"search_term_string"}}],"inLanguage":"es"}]}},"_links":{"self":[{"href":"https:\/\/cuinetes.shop\/es\/wp-json\/wp\/v2\/product\/35774","targetHints":{"allow":["GET"]}}],"collection":[{"href":"https:\/\/cuinetes.shop\/es\/wp-json\/wp\/v2\/product"}],"about":[{"href":"https:\/\/cuinetes.shop\/es\/wp-json\/wp\/v2\/types\/product"}],"replies":[{"embeddable":true,"href":"https:\/\/cuinetes.shop\/es\/wp-json\/wp\/v2\/comments?post=35774"}],"wp:featuredmedia":[{"embeddable":true,"href":"https:\/\/cuinetes.shop\/es\/wp-json\/wp\/v2\/media\/35600"}],"wp:attachment":[{"href":"https:\/\/cuinetes.shop\/es\/wp-json\/wp\/v2\/media?parent=35774"}],"wp:term":[{"taxonomy":"product_cat","embeddable":true,"href":"https:\/\/cuinetes.shop\/es\/wp-json\/wp\/v2\/product_cat?post=35774"},{"taxonomy":"product_tag","embeddable":true,"href":"https:\/\/cuinetes.shop\/es\/wp-json\/wp\/v2\/product_tag?post=35774"}],"curies":[{"name":"wp","href":"https:\/\/api.w.org\/{rel}","templated":true}]}}