
{"id":35777,"date":"2025-09-30T12:51:34","date_gmt":"2025-09-30T10:51:34","guid":{"rendered":"https:\/\/cuinetes.shop\/?post_type=product&#038;p=35777"},"modified":"2025-10-13T19:00:13","modified_gmt":"2025-10-13T17:00:13","slug":"rallador-de-citricos-con-tallador-de-espirales","status":"publish","type":"product","link":"https:\/\/cuinetes.shop\/es\/producto\/rallador-de-citricos-con-tallador-de-espirales\/","title":{"rendered":"Rallador de c\u00edtricos con tallador de espirales"},"content":{"rendered":"<p>Lleve los c\u00f3cteles caseros al siguiente nivel o agregue un poco de dinamismo a su receta favorita con una herramienta c\u00edtrica de confianza que cumple una doble funci\u00f3n. El rallador de c\u00edtricos\u00a0OXO\u00a0Good\u00a0Gripes con cuchillo de canal presenta agujeros afilados que rayan sin esfuerzo los c\u00edtricos, adem\u00e1s de un cuchillo de canal que crea tiras y giros. El mango suave y antideslizante se adapta c\u00f3modamente en tu mano, y la duradera cabeza de acero inoxidable nunca se oxidar\u00e1.<\/p>\n","protected":false},"excerpt":{"rendered":"<p>Lleve los c\u00f3cteles caseros al siguiente nivel o agregue un poco de dinamismo a su receta favorita con una herramienta c\u00edtrica de confianza que cumple una doble funci\u00f3n. El rallador de c\u00edtricos\u00a0OXO\u00a0Good\u00a0Gripes con cuchillo de canal presenta agujeros afilados que rayan sin esfuerzo los c\u00edtricos, adem\u00e1s de un cuchillo de canal que crea tiras y [&hellip;]<\/p>\n","protected":false},"featured_media":35568,"comment_status":"closed","ping_status":"closed","template":"","meta":[],"product_cat":[790,784,780],"product_tag":[1408,1409,1402,1285],"class_list":{"0":"post-35777","1":"product","2":"type-product","3":"status-publish","4":"has-post-thumbnail","6":"product_cat-home-es","7":"product_cat-ralladores","8":"product_cat-utensilios-de-corte","9":"product_tag-citrico","10":"product_tag-decoracion","11":"product_tag-profesional","12":"product_tag-rallador","15":"first","16":"instock","17":"taxable","18":"shipping-taxable","19":"purchasable","20":"product-type-simple"},"yoast_head":"<!-- This site is optimized with the Yoast SEO plugin v26.1.1 - https:\/\/yoast.com\/wordpress\/plugins\/seo\/ -->\n<title>Rallador de c\u00edtricos con tallador de espirales - Tienda de utensilios de cocina - Cuinetes<\/title>\n<meta name=\"robots\" content=\"index, follow, max-snippet:-1, max-image-preview:large, max-video-preview:-1\" \/>\n<link rel=\"canonical\" href=\"https:\/\/cuinetes.shop\/es\/producto\/rallador-de-citricos-con-tallador-de-espirales\/\" \/>\n<meta property=\"og:locale\" content=\"es_ES\" \/>\n<meta property=\"og:type\" content=\"article\" \/>\n<meta property=\"og:title\" content=\"Rallador de c\u00edtricos con tallador de espirales - Tienda de utensilios de cocina - Cuinetes\" \/>\n<meta property=\"og:description\" content=\"Lleve los c\u00f3cteles caseros al siguiente nivel o agregue un poco de dinamismo a su receta favorita con una herramienta c\u00edtrica de confianza que cumple una doble funci\u00f3n. El rallador de c\u00edtricos\u00a0OXO\u00a0Good\u00a0Gripes con cuchillo de canal presenta agujeros afilados que rayan sin esfuerzo los c\u00edtricos, adem\u00e1s de un cuchillo de canal que crea tiras y [&hellip;]\" \/>\n<meta property=\"og:url\" content=\"https:\/\/cuinetes.shop\/es\/producto\/rallador-de-citricos-con-tallador-de-espirales\/\" \/>\n<meta property=\"og:site_name\" content=\"Tienda de utensilios de cocina - Cuinetes\" \/>\n<meta property=\"article:modified_time\" content=\"2025-10-13T17:00:13+00:00\" \/>\n<meta property=\"og:image\" content=\"https:\/\/cuinetes.shop\/wp-content\/uploads\/2025\/09\/Captura-de-pantalla-2025-09-30-124617.png\" \/>\n\t<meta property=\"og:image:width\" content=\"305\" \/>\n\t<meta property=\"og:image:height\" content=\"657\" \/>\n\t<meta property=\"og:image:type\" content=\"image\/png\" \/>\n<meta name=\"twitter:card\" content=\"summary_large_image\" \/>\n<script type=\"application\/ld+json\" class=\"yoast-schema-graph\">{\"@context\":\"https:\/\/schema.org\",\"@graph\":[{\"@type\":\"WebPage\",\"@id\":\"https:\/\/cuinetes.shop\/es\/producto\/rallador-de-citricos-con-tallador-de-espirales\/\",\"url\":\"https:\/\/cuinetes.shop\/es\/producto\/rallador-de-citricos-con-tallador-de-espirales\/\",\"name\":\"Rallador de c\u00edtricos con tallador de espirales - Tienda de utensilios de cocina - Cuinetes\",\"isPartOf\":{\"@id\":\"https:\/\/cuinetes.shop\/es\/#website\"},\"primaryImageOfPage\":{\"@id\":\"https:\/\/cuinetes.shop\/es\/producto\/rallador-de-citricos-con-tallador-de-espirales\/#primaryimage\"},\"image\":{\"@id\":\"https:\/\/cuinetes.shop\/es\/producto\/rallador-de-citricos-con-tallador-de-espirales\/#primaryimage\"},\"thumbnailUrl\":\"https:\/\/cuinetes.shop\/wp-content\/uploads\/2025\/09\/Captura-de-pantalla-2025-09-30-124617.png\",\"datePublished\":\"2025-09-30T10:51:34+00:00\",\"dateModified\":\"2025-10-13T17:00:13+00:00\",\"breadcrumb\":{\"@id\":\"https:\/\/cuinetes.shop\/es\/producto\/rallador-de-citricos-con-tallador-de-espirales\/#breadcrumb\"},\"inLanguage\":\"es\",\"potentialAction\":[{\"@type\":\"ReadAction\",\"target\":[\"https:\/\/cuinetes.shop\/es\/producto\/rallador-de-citricos-con-tallador-de-espirales\/\"]}]},{\"@type\":\"ImageObject\",\"inLanguage\":\"es\",\"@id\":\"https:\/\/cuinetes.shop\/es\/producto\/rallador-de-citricos-con-tallador-de-espirales\/#primaryimage\",\"url\":\"https:\/\/cuinetes.shop\/wp-content\/uploads\/2025\/09\/Captura-de-pantalla-2025-09-30-124617.png\",\"contentUrl\":\"https:\/\/cuinetes.shop\/wp-content\/uploads\/2025\/09\/Captura-de-pantalla-2025-09-30-124617.png\",\"width\":305,\"height\":657},{\"@type\":\"BreadcrumbList\",\"@id\":\"https:\/\/cuinetes.shop\/es\/producto\/rallador-de-citricos-con-tallador-de-espirales\/#breadcrumb\",\"itemListElement\":[{\"@type\":\"ListItem\",\"position\":1,\"name\":\"Home\",\"item\":\"https:\/\/cuinetes.shop\/es\/\"},{\"@type\":\"ListItem\",\"position\":2,\"name\":\"Tienda\",\"item\":\"https:\/\/cuinetes.shop\/es\/tienda\/\"},{\"@type\":\"ListItem\",\"position\":3,\"name\":\"Rallador de c\u00edtricos con tallador de espirales\"}]},{\"@type\":\"WebSite\",\"@id\":\"https:\/\/cuinetes.shop\/es\/#website\",\"url\":\"https:\/\/cuinetes.shop\/es\/\",\"name\":\"Tienda de utensilios de cocina - Cuinetes\",\"description\":\"\",\"potentialAction\":[{\"@type\":\"SearchAction\",\"target\":{\"@type\":\"EntryPoint\",\"urlTemplate\":\"https:\/\/cuinetes.shop\/es\/?s={search_term_string}\"},\"query-input\":{\"@type\":\"PropertyValueSpecification\",\"valueRequired\":true,\"valueName\":\"search_term_string\"}}],\"inLanguage\":\"es\"}]}<\/script>\n<!-- \/ Yoast SEO plugin. -->","yoast_head_json":{"title":"Rallador de c\u00edtricos con tallador de espirales - Tienda de utensilios de cocina - Cuinetes","robots":{"index":"index","follow":"follow","max-snippet":"max-snippet:-1","max-image-preview":"max-image-preview:large","max-video-preview":"max-video-preview:-1"},"canonical":"https:\/\/cuinetes.shop\/es\/producto\/rallador-de-citricos-con-tallador-de-espirales\/","og_locale":"es_ES","og_type":"article","og_title":"Rallador de c\u00edtricos con tallador de espirales - Tienda de utensilios de cocina - Cuinetes","og_description":"Lleve los c\u00f3cteles caseros al siguiente nivel o agregue un poco de dinamismo a su receta favorita con una herramienta c\u00edtrica de confianza que cumple una doble funci\u00f3n. El rallador de c\u00edtricos\u00a0OXO\u00a0Good\u00a0Gripes con cuchillo de canal presenta agujeros afilados que rayan sin esfuerzo los c\u00edtricos, adem\u00e1s de un cuchillo de canal que crea tiras y [&hellip;]","og_url":"https:\/\/cuinetes.shop\/es\/producto\/rallador-de-citricos-con-tallador-de-espirales\/","og_site_name":"Tienda de utensilios de cocina - Cuinetes","article_modified_time":"2025-10-13T17:00:13+00:00","og_image":[{"width":305,"height":657,"url":"https:\/\/cuinetes.shop\/wp-content\/uploads\/2025\/09\/Captura-de-pantalla-2025-09-30-124617.png","type":"image\/png"}],"twitter_card":"summary_large_image","schema":{"@context":"https:\/\/schema.org","@graph":[{"@type":"WebPage","@id":"https:\/\/cuinetes.shop\/es\/producto\/rallador-de-citricos-con-tallador-de-espirales\/","url":"https:\/\/cuinetes.shop\/es\/producto\/rallador-de-citricos-con-tallador-de-espirales\/","name":"Rallador de c\u00edtricos con tallador de espirales - Tienda de utensilios de cocina - Cuinetes","isPartOf":{"@id":"https:\/\/cuinetes.shop\/es\/#website"},"primaryImageOfPage":{"@id":"https:\/\/cuinetes.shop\/es\/producto\/rallador-de-citricos-con-tallador-de-espirales\/#primaryimage"},"image":{"@id":"https:\/\/cuinetes.shop\/es\/producto\/rallador-de-citricos-con-tallador-de-espirales\/#primaryimage"},"thumbnailUrl":"https:\/\/cuinetes.shop\/wp-content\/uploads\/2025\/09\/Captura-de-pantalla-2025-09-30-124617.png","datePublished":"2025-09-30T10:51:34+00:00","dateModified":"2025-10-13T17:00:13+00:00","breadcrumb":{"@id":"https:\/\/cuinetes.shop\/es\/producto\/rallador-de-citricos-con-tallador-de-espirales\/#breadcrumb"},"inLanguage":"es","potentialAction":[{"@type":"ReadAction","target":["https:\/\/cuinetes.shop\/es\/producto\/rallador-de-citricos-con-tallador-de-espirales\/"]}]},{"@type":"ImageObject","inLanguage":"es","@id":"https:\/\/cuinetes.shop\/es\/producto\/rallador-de-citricos-con-tallador-de-espirales\/#primaryimage","url":"https:\/\/cuinetes.shop\/wp-content\/uploads\/2025\/09\/Captura-de-pantalla-2025-09-30-124617.png","contentUrl":"https:\/\/cuinetes.shop\/wp-content\/uploads\/2025\/09\/Captura-de-pantalla-2025-09-30-124617.png","width":305,"height":657},{"@type":"BreadcrumbList","@id":"https:\/\/cuinetes.shop\/es\/producto\/rallador-de-citricos-con-tallador-de-espirales\/#breadcrumb","itemListElement":[{"@type":"ListItem","position":1,"name":"Home","item":"https:\/\/cuinetes.shop\/es\/"},{"@type":"ListItem","position":2,"name":"Tienda","item":"https:\/\/cuinetes.shop\/es\/tienda\/"},{"@type":"ListItem","position":3,"name":"Rallador de c\u00edtricos con tallador de espirales"}]},{"@type":"WebSite","@id":"https:\/\/cuinetes.shop\/es\/#website","url":"https:\/\/cuinetes.shop\/es\/","name":"Tienda de utensilios de cocina - Cuinetes","description":"","potentialAction":[{"@type":"SearchAction","target":{"@type":"EntryPoint","urlTemplate":"https:\/\/cuinetes.shop\/es\/?s={search_term_string}"},"query-input":{"@type":"PropertyValueSpecification","valueRequired":true,"valueName":"search_term_string"}}],"inLanguage":"es"}]}},"_links":{"self":[{"href":"https:\/\/cuinetes.shop\/es\/wp-json\/wp\/v2\/product\/35777","targetHints":{"allow":["GET"]}}],"collection":[{"href":"https:\/\/cuinetes.shop\/es\/wp-json\/wp\/v2\/product"}],"about":[{"href":"https:\/\/cuinetes.shop\/es\/wp-json\/wp\/v2\/types\/product"}],"replies":[{"embeddable":true,"href":"https:\/\/cuinetes.shop\/es\/wp-json\/wp\/v2\/comments?post=35777"}],"wp:featuredmedia":[{"embeddable":true,"href":"https:\/\/cuinetes.shop\/es\/wp-json\/wp\/v2\/media\/35568"}],"wp:attachment":[{"href":"https:\/\/cuinetes.shop\/es\/wp-json\/wp\/v2\/media?parent=35777"}],"wp:term":[{"taxonomy":"product_cat","embeddable":true,"href":"https:\/\/cuinetes.shop\/es\/wp-json\/wp\/v2\/product_cat?post=35777"},{"taxonomy":"product_tag","embeddable":true,"href":"https:\/\/cuinetes.shop\/es\/wp-json\/wp\/v2\/product_tag?post=35777"}],"curies":[{"name":"wp","href":"https:\/\/api.w.org\/{rel}","templated":true}]}}