
{"id":35781,"date":"2025-09-30T12:08:50","date_gmt":"2025-09-30T10:08:50","guid":{"rendered":"https:\/\/cuinetes.shop\/?post_type=product&#038;p=35781"},"modified":"2025-10-13T19:24:56","modified_gmt":"2025-10-13T17:24:56","slug":"pelador-de-juliana","status":"publish","type":"product","link":"https:\/\/cuinetes.shop\/es\/producto\/pelador-de-juliana\/","title":{"rendered":"Pelador de juliana"},"content":{"rendered":"<p>Con este pelador de julianas, puede hacer guarniciones de manera r\u00e1pida y segura, aderezos para ensaladas, ralladura de c\u00edtricos y m\u00e1s. La cubierta de seguridad transparente se quita del camino mientras se eleva, pero se bloquea de nuevo en su lugar como una cubierta protectora durante el almacenamiento.<\/p>\n","protected":false},"excerpt":{"rendered":"<p>Con este pelador de julianas, puede hacer guarniciones de manera r\u00e1pida y segura, aderezos para ensaladas, ralladura de c\u00edtricos y m\u00e1s. La cubierta de seguridad transparente se quita del camino mientras se eleva, pero se bloquea de nuevo en su lugar como una cubierta protectora durante el almacenamiento.<\/p>\n","protected":false},"featured_media":35561,"comment_status":"closed","ping_status":"closed","template":"","meta":[],"product_cat":[790,783,780],"product_tag":[1410,1356,1358],"class_list":{"0":"post-35781","1":"product","2":"type-product","3":"status-publish","4":"has-post-thumbnail","6":"product_cat-home-es","7":"product_cat-peladores","8":"product_cat-utensilios-de-corte","9":"product_tag-estilo-juliana","10":"product_tag-pelador","11":"product_tag-professional","14":"first","15":"instock","16":"taxable","17":"shipping-taxable","18":"purchasable","19":"product-type-simple"},"yoast_head":"<!-- This site is optimized with the Yoast SEO plugin v26.1.1 - https:\/\/yoast.com\/wordpress\/plugins\/seo\/ -->\n<title>Pelador de juliana - Tienda de utensilios de cocina - Cuinetes<\/title>\n<meta name=\"robots\" content=\"index, follow, max-snippet:-1, max-image-preview:large, max-video-preview:-1\" \/>\n<link rel=\"canonical\" href=\"https:\/\/cuinetes.shop\/es\/producto\/pelador-de-juliana\/\" \/>\n<meta property=\"og:locale\" content=\"es_ES\" \/>\n<meta property=\"og:type\" content=\"article\" \/>\n<meta property=\"og:title\" content=\"Pelador de juliana - Tienda de utensilios de cocina - Cuinetes\" \/>\n<meta property=\"og:description\" content=\"Con este pelador de julianas, puede hacer guarniciones de manera r\u00e1pida y segura, aderezos para ensaladas, ralladura de c\u00edtricos y m\u00e1s. La cubierta de seguridad transparente se quita del camino mientras se eleva, pero se bloquea de nuevo en su lugar como una cubierta protectora durante el almacenamiento.\" \/>\n<meta property=\"og:url\" content=\"https:\/\/cuinetes.shop\/es\/producto\/pelador-de-juliana\/\" \/>\n<meta property=\"og:site_name\" content=\"Tienda de utensilios de cocina - Cuinetes\" \/>\n<meta property=\"article:modified_time\" content=\"2025-10-13T17:24:56+00:00\" \/>\n<meta property=\"og:image\" content=\"https:\/\/cuinetes.shop\/wp-content\/uploads\/2025\/09\/Captura-de-pantalla-2025-09-30-120248.png\" \/>\n\t<meta property=\"og:image:width\" content=\"548\" \/>\n\t<meta property=\"og:image:height\" content=\"706\" \/>\n\t<meta property=\"og:image:type\" content=\"image\/png\" \/>\n<meta name=\"twitter:card\" content=\"summary_large_image\" \/>\n<script type=\"application\/ld+json\" class=\"yoast-schema-graph\">{\"@context\":\"https:\/\/schema.org\",\"@graph\":[{\"@type\":\"WebPage\",\"@id\":\"https:\/\/cuinetes.shop\/es\/producto\/pelador-de-juliana\/\",\"url\":\"https:\/\/cuinetes.shop\/es\/producto\/pelador-de-juliana\/\",\"name\":\"Pelador de juliana - Tienda de utensilios de cocina - Cuinetes\",\"isPartOf\":{\"@id\":\"https:\/\/cuinetes.shop\/es\/#website\"},\"primaryImageOfPage\":{\"@id\":\"https:\/\/cuinetes.shop\/es\/producto\/pelador-de-juliana\/#primaryimage\"},\"image\":{\"@id\":\"https:\/\/cuinetes.shop\/es\/producto\/pelador-de-juliana\/#primaryimage\"},\"thumbnailUrl\":\"https:\/\/cuinetes.shop\/wp-content\/uploads\/2025\/09\/Captura-de-pantalla-2025-09-30-120248.png\",\"datePublished\":\"2025-09-30T10:08:50+00:00\",\"dateModified\":\"2025-10-13T17:24:56+00:00\",\"breadcrumb\":{\"@id\":\"https:\/\/cuinetes.shop\/es\/producto\/pelador-de-juliana\/#breadcrumb\"},\"inLanguage\":\"es\",\"potentialAction\":[{\"@type\":\"ReadAction\",\"target\":[\"https:\/\/cuinetes.shop\/es\/producto\/pelador-de-juliana\/\"]}]},{\"@type\":\"ImageObject\",\"inLanguage\":\"es\",\"@id\":\"https:\/\/cuinetes.shop\/es\/producto\/pelador-de-juliana\/#primaryimage\",\"url\":\"https:\/\/cuinetes.shop\/wp-content\/uploads\/2025\/09\/Captura-de-pantalla-2025-09-30-120248.png\",\"contentUrl\":\"https:\/\/cuinetes.shop\/wp-content\/uploads\/2025\/09\/Captura-de-pantalla-2025-09-30-120248.png\",\"width\":548,\"height\":706},{\"@type\":\"BreadcrumbList\",\"@id\":\"https:\/\/cuinetes.shop\/es\/producto\/pelador-de-juliana\/#breadcrumb\",\"itemListElement\":[{\"@type\":\"ListItem\",\"position\":1,\"name\":\"Home\",\"item\":\"https:\/\/cuinetes.shop\/es\/\"},{\"@type\":\"ListItem\",\"position\":2,\"name\":\"Tienda\",\"item\":\"https:\/\/cuinetes.shop\/es\/tienda\/\"},{\"@type\":\"ListItem\",\"position\":3,\"name\":\"Pelador de juliana\"}]},{\"@type\":\"WebSite\",\"@id\":\"https:\/\/cuinetes.shop\/es\/#website\",\"url\":\"https:\/\/cuinetes.shop\/es\/\",\"name\":\"Tienda de utensilios de cocina - Cuinetes\",\"description\":\"\",\"potentialAction\":[{\"@type\":\"SearchAction\",\"target\":{\"@type\":\"EntryPoint\",\"urlTemplate\":\"https:\/\/cuinetes.shop\/es\/?s={search_term_string}\"},\"query-input\":{\"@type\":\"PropertyValueSpecification\",\"valueRequired\":true,\"valueName\":\"search_term_string\"}}],\"inLanguage\":\"es\"}]}<\/script>\n<!-- \/ Yoast SEO plugin. -->","yoast_head_json":{"title":"Pelador de juliana - Tienda de utensilios de cocina - Cuinetes","robots":{"index":"index","follow":"follow","max-snippet":"max-snippet:-1","max-image-preview":"max-image-preview:large","max-video-preview":"max-video-preview:-1"},"canonical":"https:\/\/cuinetes.shop\/es\/producto\/pelador-de-juliana\/","og_locale":"es_ES","og_type":"article","og_title":"Pelador de juliana - Tienda de utensilios de cocina - Cuinetes","og_description":"Con este pelador de julianas, puede hacer guarniciones de manera r\u00e1pida y segura, aderezos para ensaladas, ralladura de c\u00edtricos y m\u00e1s. La cubierta de seguridad transparente se quita del camino mientras se eleva, pero se bloquea de nuevo en su lugar como una cubierta protectora durante el almacenamiento.","og_url":"https:\/\/cuinetes.shop\/es\/producto\/pelador-de-juliana\/","og_site_name":"Tienda de utensilios de cocina - Cuinetes","article_modified_time":"2025-10-13T17:24:56+00:00","og_image":[{"width":548,"height":706,"url":"https:\/\/cuinetes.shop\/wp-content\/uploads\/2025\/09\/Captura-de-pantalla-2025-09-30-120248.png","type":"image\/png"}],"twitter_card":"summary_large_image","schema":{"@context":"https:\/\/schema.org","@graph":[{"@type":"WebPage","@id":"https:\/\/cuinetes.shop\/es\/producto\/pelador-de-juliana\/","url":"https:\/\/cuinetes.shop\/es\/producto\/pelador-de-juliana\/","name":"Pelador de juliana - Tienda de utensilios de cocina - Cuinetes","isPartOf":{"@id":"https:\/\/cuinetes.shop\/es\/#website"},"primaryImageOfPage":{"@id":"https:\/\/cuinetes.shop\/es\/producto\/pelador-de-juliana\/#primaryimage"},"image":{"@id":"https:\/\/cuinetes.shop\/es\/producto\/pelador-de-juliana\/#primaryimage"},"thumbnailUrl":"https:\/\/cuinetes.shop\/wp-content\/uploads\/2025\/09\/Captura-de-pantalla-2025-09-30-120248.png","datePublished":"2025-09-30T10:08:50+00:00","dateModified":"2025-10-13T17:24:56+00:00","breadcrumb":{"@id":"https:\/\/cuinetes.shop\/es\/producto\/pelador-de-juliana\/#breadcrumb"},"inLanguage":"es","potentialAction":[{"@type":"ReadAction","target":["https:\/\/cuinetes.shop\/es\/producto\/pelador-de-juliana\/"]}]},{"@type":"ImageObject","inLanguage":"es","@id":"https:\/\/cuinetes.shop\/es\/producto\/pelador-de-juliana\/#primaryimage","url":"https:\/\/cuinetes.shop\/wp-content\/uploads\/2025\/09\/Captura-de-pantalla-2025-09-30-120248.png","contentUrl":"https:\/\/cuinetes.shop\/wp-content\/uploads\/2025\/09\/Captura-de-pantalla-2025-09-30-120248.png","width":548,"height":706},{"@type":"BreadcrumbList","@id":"https:\/\/cuinetes.shop\/es\/producto\/pelador-de-juliana\/#breadcrumb","itemListElement":[{"@type":"ListItem","position":1,"name":"Home","item":"https:\/\/cuinetes.shop\/es\/"},{"@type":"ListItem","position":2,"name":"Tienda","item":"https:\/\/cuinetes.shop\/es\/tienda\/"},{"@type":"ListItem","position":3,"name":"Pelador de juliana"}]},{"@type":"WebSite","@id":"https:\/\/cuinetes.shop\/es\/#website","url":"https:\/\/cuinetes.shop\/es\/","name":"Tienda de utensilios de cocina - Cuinetes","description":"","potentialAction":[{"@type":"SearchAction","target":{"@type":"EntryPoint","urlTemplate":"https:\/\/cuinetes.shop\/es\/?s={search_term_string}"},"query-input":{"@type":"PropertyValueSpecification","valueRequired":true,"valueName":"search_term_string"}}],"inLanguage":"es"}]}},"_links":{"self":[{"href":"https:\/\/cuinetes.shop\/es\/wp-json\/wp\/v2\/product\/35781","targetHints":{"allow":["GET"]}}],"collection":[{"href":"https:\/\/cuinetes.shop\/es\/wp-json\/wp\/v2\/product"}],"about":[{"href":"https:\/\/cuinetes.shop\/es\/wp-json\/wp\/v2\/types\/product"}],"replies":[{"embeddable":true,"href":"https:\/\/cuinetes.shop\/es\/wp-json\/wp\/v2\/comments?post=35781"}],"wp:featuredmedia":[{"embeddable":true,"href":"https:\/\/cuinetes.shop\/es\/wp-json\/wp\/v2\/media\/35561"}],"wp:attachment":[{"href":"https:\/\/cuinetes.shop\/es\/wp-json\/wp\/v2\/media?parent=35781"}],"wp:term":[{"taxonomy":"product_cat","embeddable":true,"href":"https:\/\/cuinetes.shop\/es\/wp-json\/wp\/v2\/product_cat?post=35781"},{"taxonomy":"product_tag","embeddable":true,"href":"https:\/\/cuinetes.shop\/es\/wp-json\/wp\/v2\/product_tag?post=35781"}],"curies":[{"name":"wp","href":"https:\/\/api.w.org\/{rel}","templated":true}]}}