
{"id":35784,"date":"2025-09-30T11:48:49","date_gmt":"2025-09-30T09:48:49","guid":{"rendered":"https:\/\/cuinetes.shop\/?post_type=product&#038;p=35784"},"modified":"2025-10-13T19:39:51","modified_gmt":"2025-10-13T17:39:51","slug":"pelador-giratorio","status":"publish","type":"product","link":"https:\/\/cuinetes.shop\/es\/producto\/pelador-giratorio\/","title":{"rendered":"Pelador Giratorio"},"content":{"rendered":"<p>El pelador giratorio\u00a0OXO\u00a0Good\u00a0Gripes est\u00e1 dise\u00f1ado para mantenerse c\u00f3modo a trav\u00e9s de un uso r\u00e1pido y repetitivo. Es perfecto para preparar frutas y verduras de piel dura como manzanas y pepinos. Dos hojas afiladas de acero inoxidable japon\u00e9s se flexionan para pelar grandes \u00e1reas con cada vez. El mango de f\u00e1cil agarre est\u00e1 dise\u00f1ado para funcionar para izquierdistas y diestros, y se mantiene antideslizante, incluso cuando est\u00e1 mojado. Un\u00a0eyer\u00a0de papa incorporado y duradero elimina las imperfecciones sin arruinar sus productos. EL asa incluye un orificio para el almacenamiento colgante. Resistente a la corrosi\u00f3n y apto para lavavajillas. Caracter\u00edsticas La hoja de acero inoxidable japonesa afilada se desliza sobre frutas y verduras Las hojas gemelas giratorias se flexionan para pelar grandes \u00e1reas con cada vez Construcci\u00f3n a prueba de \u00f3xido para uso a largo plazo Dise\u00f1ado para productos de piel firme o dura como manzanas y patatas El mango suave y antideslizante amortigua las manos para uno agarre c\u00f3modo El ojal de patata incorporado elimina las imperfecciones<\/p>\n","protected":false},"excerpt":{"rendered":"<p>El pelador giratorio\u00a0OXO\u00a0Good\u00a0Gripes est\u00e1 dise\u00f1ado para mantenerse c\u00f3modo a trav\u00e9s de un uso r\u00e1pido y repetitivo. Es perfecto para preparar frutas y verduras de piel dura como manzanas y pepinos. Dos hojas afiladas de acero inoxidable japon\u00e9s se flexionan para pelar grandes \u00e1reas con cada vez. El mango de f\u00e1cil agarre est\u00e1 dise\u00f1ado para funcionar [&hellip;]<\/p>\n","protected":false},"featured_media":35538,"comment_status":"closed","ping_status":"closed","template":"","meta":[],"product_cat":[790,783,780],"product_tag":[1412,1357,1356,1402],"class_list":{"0":"post-35784","1":"product","2":"type-product","3":"status-publish","4":"has-post-thumbnail","6":"product_cat-home-es","7":"product_cat-peladores","8":"product_cat-utensilios-de-corte","9":"product_tag-hoja-acero-inox-japonesa","10":"product_tag-patata","11":"product_tag-pelador","12":"product_tag-profesional","15":"first","16":"instock","17":"taxable","18":"shipping-taxable","19":"purchasable","20":"product-type-simple"},"yoast_head":"<!-- This site is optimized with the Yoast SEO plugin v26.1.1 - https:\/\/yoast.com\/wordpress\/plugins\/seo\/ -->\n<title>Pelador Giratorio - Tienda de utensilios de cocina - Cuinetes<\/title>\n<meta name=\"robots\" content=\"index, follow, max-snippet:-1, max-image-preview:large, max-video-preview:-1\" \/>\n<link rel=\"canonical\" href=\"https:\/\/cuinetes.shop\/es\/producto\/pelador-giratorio\/\" \/>\n<meta property=\"og:locale\" content=\"es_ES\" \/>\n<meta property=\"og:type\" content=\"article\" \/>\n<meta property=\"og:title\" content=\"Pelador Giratorio - Tienda de utensilios de cocina - Cuinetes\" \/>\n<meta property=\"og:description\" content=\"El pelador giratorio\u00a0OXO\u00a0Good\u00a0Gripes est\u00e1 dise\u00f1ado para mantenerse c\u00f3modo a trav\u00e9s de un uso r\u00e1pido y repetitivo. Es perfecto para preparar frutas y verduras de piel dura como manzanas y pepinos. Dos hojas afiladas de acero inoxidable japon\u00e9s se flexionan para pelar grandes \u00e1reas con cada vez. El mango de f\u00e1cil agarre est\u00e1 dise\u00f1ado para funcionar [&hellip;]\" \/>\n<meta property=\"og:url\" content=\"https:\/\/cuinetes.shop\/es\/producto\/pelador-giratorio\/\" \/>\n<meta property=\"og:site_name\" content=\"Tienda de utensilios de cocina - Cuinetes\" \/>\n<meta property=\"article:modified_time\" content=\"2025-10-13T17:39:51+00:00\" \/>\n<meta property=\"og:image\" content=\"https:\/\/cuinetes.shop\/wp-content\/uploads\/2025\/09\/Captura-de-pantalla-2025-09-30-113133.png\" \/>\n\t<meta property=\"og:image:width\" content=\"307\" \/>\n\t<meta property=\"og:image:height\" content=\"704\" \/>\n\t<meta property=\"og:image:type\" content=\"image\/png\" \/>\n<meta name=\"twitter:card\" content=\"summary_large_image\" \/>\n<meta name=\"twitter:label1\" content=\"Est. reading time\" \/>\n\t<meta name=\"twitter:data1\" content=\"1 minute\" \/>\n<script type=\"application\/ld+json\" class=\"yoast-schema-graph\">{\"@context\":\"https:\/\/schema.org\",\"@graph\":[{\"@type\":\"WebPage\",\"@id\":\"https:\/\/cuinetes.shop\/es\/producto\/pelador-giratorio\/\",\"url\":\"https:\/\/cuinetes.shop\/es\/producto\/pelador-giratorio\/\",\"name\":\"Pelador Giratorio - Tienda de utensilios de cocina - Cuinetes\",\"isPartOf\":{\"@id\":\"https:\/\/cuinetes.shop\/es\/#website\"},\"primaryImageOfPage\":{\"@id\":\"https:\/\/cuinetes.shop\/es\/producto\/pelador-giratorio\/#primaryimage\"},\"image\":{\"@id\":\"https:\/\/cuinetes.shop\/es\/producto\/pelador-giratorio\/#primaryimage\"},\"thumbnailUrl\":\"https:\/\/cuinetes.shop\/wp-content\/uploads\/2025\/09\/Captura-de-pantalla-2025-09-30-113133.png\",\"datePublished\":\"2025-09-30T09:48:49+00:00\",\"dateModified\":\"2025-10-13T17:39:51+00:00\",\"breadcrumb\":{\"@id\":\"https:\/\/cuinetes.shop\/es\/producto\/pelador-giratorio\/#breadcrumb\"},\"inLanguage\":\"es\",\"potentialAction\":[{\"@type\":\"ReadAction\",\"target\":[\"https:\/\/cuinetes.shop\/es\/producto\/pelador-giratorio\/\"]}]},{\"@type\":\"ImageObject\",\"inLanguage\":\"es\",\"@id\":\"https:\/\/cuinetes.shop\/es\/producto\/pelador-giratorio\/#primaryimage\",\"url\":\"https:\/\/cuinetes.shop\/wp-content\/uploads\/2025\/09\/Captura-de-pantalla-2025-09-30-113133.png\",\"contentUrl\":\"https:\/\/cuinetes.shop\/wp-content\/uploads\/2025\/09\/Captura-de-pantalla-2025-09-30-113133.png\",\"width\":307,\"height\":704},{\"@type\":\"BreadcrumbList\",\"@id\":\"https:\/\/cuinetes.shop\/es\/producto\/pelador-giratorio\/#breadcrumb\",\"itemListElement\":[{\"@type\":\"ListItem\",\"position\":1,\"name\":\"Home\",\"item\":\"https:\/\/cuinetes.shop\/es\/\"},{\"@type\":\"ListItem\",\"position\":2,\"name\":\"Tienda\",\"item\":\"https:\/\/cuinetes.shop\/es\/tienda\/\"},{\"@type\":\"ListItem\",\"position\":3,\"name\":\"Pelador Giratorio\"}]},{\"@type\":\"WebSite\",\"@id\":\"https:\/\/cuinetes.shop\/es\/#website\",\"url\":\"https:\/\/cuinetes.shop\/es\/\",\"name\":\"Tienda de utensilios de cocina - Cuinetes\",\"description\":\"\",\"potentialAction\":[{\"@type\":\"SearchAction\",\"target\":{\"@type\":\"EntryPoint\",\"urlTemplate\":\"https:\/\/cuinetes.shop\/es\/?s={search_term_string}\"},\"query-input\":{\"@type\":\"PropertyValueSpecification\",\"valueRequired\":true,\"valueName\":\"search_term_string\"}}],\"inLanguage\":\"es\"}]}<\/script>\n<!-- \/ Yoast SEO plugin. -->","yoast_head_json":{"title":"Pelador Giratorio - Tienda de utensilios de cocina - Cuinetes","robots":{"index":"index","follow":"follow","max-snippet":"max-snippet:-1","max-image-preview":"max-image-preview:large","max-video-preview":"max-video-preview:-1"},"canonical":"https:\/\/cuinetes.shop\/es\/producto\/pelador-giratorio\/","og_locale":"es_ES","og_type":"article","og_title":"Pelador Giratorio - Tienda de utensilios de cocina - Cuinetes","og_description":"El pelador giratorio\u00a0OXO\u00a0Good\u00a0Gripes est\u00e1 dise\u00f1ado para mantenerse c\u00f3modo a trav\u00e9s de un uso r\u00e1pido y repetitivo. Es perfecto para preparar frutas y verduras de piel dura como manzanas y pepinos. Dos hojas afiladas de acero inoxidable japon\u00e9s se flexionan para pelar grandes \u00e1reas con cada vez. El mango de f\u00e1cil agarre est\u00e1 dise\u00f1ado para funcionar [&hellip;]","og_url":"https:\/\/cuinetes.shop\/es\/producto\/pelador-giratorio\/","og_site_name":"Tienda de utensilios de cocina - Cuinetes","article_modified_time":"2025-10-13T17:39:51+00:00","og_image":[{"width":307,"height":704,"url":"https:\/\/cuinetes.shop\/wp-content\/uploads\/2025\/09\/Captura-de-pantalla-2025-09-30-113133.png","type":"image\/png"}],"twitter_card":"summary_large_image","twitter_misc":{"Est. reading time":"1 minute"},"schema":{"@context":"https:\/\/schema.org","@graph":[{"@type":"WebPage","@id":"https:\/\/cuinetes.shop\/es\/producto\/pelador-giratorio\/","url":"https:\/\/cuinetes.shop\/es\/producto\/pelador-giratorio\/","name":"Pelador Giratorio - Tienda de utensilios de cocina - Cuinetes","isPartOf":{"@id":"https:\/\/cuinetes.shop\/es\/#website"},"primaryImageOfPage":{"@id":"https:\/\/cuinetes.shop\/es\/producto\/pelador-giratorio\/#primaryimage"},"image":{"@id":"https:\/\/cuinetes.shop\/es\/producto\/pelador-giratorio\/#primaryimage"},"thumbnailUrl":"https:\/\/cuinetes.shop\/wp-content\/uploads\/2025\/09\/Captura-de-pantalla-2025-09-30-113133.png","datePublished":"2025-09-30T09:48:49+00:00","dateModified":"2025-10-13T17:39:51+00:00","breadcrumb":{"@id":"https:\/\/cuinetes.shop\/es\/producto\/pelador-giratorio\/#breadcrumb"},"inLanguage":"es","potentialAction":[{"@type":"ReadAction","target":["https:\/\/cuinetes.shop\/es\/producto\/pelador-giratorio\/"]}]},{"@type":"ImageObject","inLanguage":"es","@id":"https:\/\/cuinetes.shop\/es\/producto\/pelador-giratorio\/#primaryimage","url":"https:\/\/cuinetes.shop\/wp-content\/uploads\/2025\/09\/Captura-de-pantalla-2025-09-30-113133.png","contentUrl":"https:\/\/cuinetes.shop\/wp-content\/uploads\/2025\/09\/Captura-de-pantalla-2025-09-30-113133.png","width":307,"height":704},{"@type":"BreadcrumbList","@id":"https:\/\/cuinetes.shop\/es\/producto\/pelador-giratorio\/#breadcrumb","itemListElement":[{"@type":"ListItem","position":1,"name":"Home","item":"https:\/\/cuinetes.shop\/es\/"},{"@type":"ListItem","position":2,"name":"Tienda","item":"https:\/\/cuinetes.shop\/es\/tienda\/"},{"@type":"ListItem","position":3,"name":"Pelador Giratorio"}]},{"@type":"WebSite","@id":"https:\/\/cuinetes.shop\/es\/#website","url":"https:\/\/cuinetes.shop\/es\/","name":"Tienda de utensilios de cocina - Cuinetes","description":"","potentialAction":[{"@type":"SearchAction","target":{"@type":"EntryPoint","urlTemplate":"https:\/\/cuinetes.shop\/es\/?s={search_term_string}"},"query-input":{"@type":"PropertyValueSpecification","valueRequired":true,"valueName":"search_term_string"}}],"inLanguage":"es"}]}},"_links":{"self":[{"href":"https:\/\/cuinetes.shop\/es\/wp-json\/wp\/v2\/product\/35784","targetHints":{"allow":["GET"]}}],"collection":[{"href":"https:\/\/cuinetes.shop\/es\/wp-json\/wp\/v2\/product"}],"about":[{"href":"https:\/\/cuinetes.shop\/es\/wp-json\/wp\/v2\/types\/product"}],"replies":[{"embeddable":true,"href":"https:\/\/cuinetes.shop\/es\/wp-json\/wp\/v2\/comments?post=35784"}],"wp:featuredmedia":[{"embeddable":true,"href":"https:\/\/cuinetes.shop\/es\/wp-json\/wp\/v2\/media\/35538"}],"wp:attachment":[{"href":"https:\/\/cuinetes.shop\/es\/wp-json\/wp\/v2\/media?parent=35784"}],"wp:term":[{"taxonomy":"product_cat","embeddable":true,"href":"https:\/\/cuinetes.shop\/es\/wp-json\/wp\/v2\/product_cat?post=35784"},{"taxonomy":"product_tag","embeddable":true,"href":"https:\/\/cuinetes.shop\/es\/wp-json\/wp\/v2\/product_tag?post=35784"}],"curies":[{"name":"wp","href":"https:\/\/api.w.org\/{rel}","templated":true}]}}