
{"id":35956,"date":"2025-10-20T21:59:24","date_gmt":"2025-10-20T19:59:24","guid":{"rendered":"https:\/\/cuinetes.shop\/?post_type=product&#038;p=35956"},"modified":"2025-10-21T15:08:24","modified_gmt":"2025-10-21T13:08:24","slug":"jarra-hermetica-para-gazpacho-y-bebidas-frias-15l","status":"publish","type":"product","link":"https:\/\/cuinetes.shop\/es\/producto\/jarra-hermetica-para-gazpacho-y-bebidas-frias-15l\/","title":{"rendered":"Jarra Herm\u00e9tica para Gazpacho Y Bebidas Fr\u00edas 1,5L"},"content":{"rendered":"<pre id=\"tw-target-text\" class=\"tw-data-text tw-text-large tw-ta\" dir=\"ltr\" tabindex=\"-1\" role=\"text\" data-placeholder=\"Traducci\u00f3n\" data-ved=\"2ahUKEwiK87-4rLWQAxWihv0HHeVVG1QQ3ewLegQIDBAV\" aria-label=\"Texto traducido: JARRA HERM\u00c9TICA PARA GASPACHO Y BEBIDAS FR\u00cdAS 1,5L\r\n\r\nJarra herm\u00e9tica ideal para almacenar gazpacho y otras bebidas fr\u00edas de forma segura y pr\u00e1ctica.\r\nFabricada en vidrio de borosilicato resistente.\r\n\r\nTapa de silicona desmontable para cierre herm\u00e9tico.\r\n\r\nDise\u00f1o compacto hacia la puerta del refrigerador.\r\n\r\nApta para lavavajillas y microondas.\r\n\r\nCapacidad de 1.5 litros.\"><span class=\"Y2IQFc\" lang=\"es\">JARRA HERM\u00c9TICA PARA GASPACHO Y BEBIDAS FR\u00cdAS 1,5L\r\n\r\nJarra herm\u00e9tica ideal para almacenar gazpacho y otras bebidas fr\u00edas de forma segura y pr\u00e1ctica.\r\nFabricada en vidrio de borosilicato resistente.\r\n\r\nTapa de silicona desmontable para cierre herm\u00e9tico.\r\n\r\nDise\u00f1o compacto hacia la puerta del refrigerador.\r\n\r\nApta para lavavajillas y microondas.\r\n\r\nCapacidad de 1.5 litros.<\/span><\/pre>\n","protected":false},"excerpt":{"rendered":"<p>JARRA HERM\u00c9TICA PARA GASPACHO Y BEBIDAS FR\u00cdAS 1,5L Jarra herm\u00e9tica ideal para almacenar gazpacho y otras bebidas fr\u00edas de forma segura y pr\u00e1ctica. Fabricada en vidrio de borosilicato resistente. Tapa de silicona desmontable para cierre herm\u00e9tico. Dise\u00f1o compacto hacia la puerta del refrigerador. Apta para lavavajillas y microondas. Capacidad de 1.5 litros.<\/p>\n","protected":false},"featured_media":35921,"comment_status":"closed","ping_status":"closed","template":"","meta":[],"product_cat":[755,762],"product_tag":[1456,1457],"class_list":{"0":"post-35956","1":"product","2":"type-product","3":"status-publish","4":"has-post-thumbnail","6":"product_brand-ibili-es","7":"product_cat-conservar-es","8":"product_cat-tuppers-de-vidrio","9":"product_tag-apto-para-congelador","10":"product_tag-cierre-hermetico","13":"first","14":"instock","15":"taxable","16":"shipping-taxable","17":"purchasable","18":"product-type-simple"},"yoast_head":"<!-- This site is optimized with the Yoast SEO plugin v26.1.1 - https:\/\/yoast.com\/wordpress\/plugins\/seo\/ -->\n<title>Jarra Herm\u00e9tica para Gazpacho Y Bebidas Fr\u00edas 1,5L - Tienda de utensilios de cocina - Cuinetes<\/title>\n<meta name=\"robots\" content=\"index, follow, max-snippet:-1, max-image-preview:large, max-video-preview:-1\" \/>\n<link rel=\"canonical\" href=\"https:\/\/cuinetes.shop\/es\/producto\/jarra-hermetica-para-gazpacho-y-bebidas-frias-15l\/\" \/>\n<meta property=\"og:locale\" content=\"es_ES\" \/>\n<meta property=\"og:type\" content=\"article\" \/>\n<meta property=\"og:title\" content=\"Jarra Herm\u00e9tica para Gazpacho Y Bebidas Fr\u00edas 1,5L - Tienda de utensilios de cocina - Cuinetes\" \/>\n<meta property=\"og:description\" content=\"JARRA HERM\u00c9TICA PARA GASPACHO Y BEBIDAS FR\u00cdAS 1,5L Jarra herm\u00e9tica ideal para almacenar gazpacho y otras bebidas fr\u00edas de forma segura y pr\u00e1ctica. Fabricada en vidrio de borosilicato resistente. Tapa de silicona desmontable para cierre herm\u00e9tico. Dise\u00f1o compacto hacia la puerta del refrigerador. Apta para lavavajillas y microondas. Capacidad de 1.5 litros.\" \/>\n<meta property=\"og:url\" content=\"https:\/\/cuinetes.shop\/es\/producto\/jarra-hermetica-para-gazpacho-y-bebidas-frias-15l\/\" \/>\n<meta property=\"og:site_name\" content=\"Tienda de utensilios de cocina - Cuinetes\" \/>\n<meta property=\"article:modified_time\" content=\"2025-10-21T13:08:24+00:00\" \/>\n<meta property=\"og:image\" content=\"https:\/\/cuinetes.shop\/wp-content\/uploads\/2025\/10\/Captura-de-pantalla-2025-10-20-a-las-21.53.03.png\" \/>\n\t<meta property=\"og:image:width\" content=\"1186\" \/>\n\t<meta property=\"og:image:height\" content=\"902\" \/>\n\t<meta property=\"og:image:type\" content=\"image\/png\" \/>\n<meta name=\"twitter:card\" content=\"summary_large_image\" \/>\n<script type=\"application\/ld+json\" class=\"yoast-schema-graph\">{\"@context\":\"https:\/\/schema.org\",\"@graph\":[{\"@type\":\"WebPage\",\"@id\":\"https:\/\/cuinetes.shop\/es\/producto\/jarra-hermetica-para-gazpacho-y-bebidas-frias-15l\/\",\"url\":\"https:\/\/cuinetes.shop\/es\/producto\/jarra-hermetica-para-gazpacho-y-bebidas-frias-15l\/\",\"name\":\"Jarra Herm\u00e9tica para Gazpacho Y Bebidas Fr\u00edas 1,5L - Tienda de utensilios de cocina - Cuinetes\",\"isPartOf\":{\"@id\":\"https:\/\/cuinetes.shop\/es\/#website\"},\"primaryImageOfPage\":{\"@id\":\"https:\/\/cuinetes.shop\/es\/producto\/jarra-hermetica-para-gazpacho-y-bebidas-frias-15l\/#primaryimage\"},\"image\":{\"@id\":\"https:\/\/cuinetes.shop\/es\/producto\/jarra-hermetica-para-gazpacho-y-bebidas-frias-15l\/#primaryimage\"},\"thumbnailUrl\":\"https:\/\/cuinetes.shop\/wp-content\/uploads\/2025\/10\/Captura-de-pantalla-2025-10-20-a-las-21.53.03.png\",\"datePublished\":\"2025-10-20T19:59:24+00:00\",\"dateModified\":\"2025-10-21T13:08:24+00:00\",\"breadcrumb\":{\"@id\":\"https:\/\/cuinetes.shop\/es\/producto\/jarra-hermetica-para-gazpacho-y-bebidas-frias-15l\/#breadcrumb\"},\"inLanguage\":\"es\",\"potentialAction\":[{\"@type\":\"ReadAction\",\"target\":[\"https:\/\/cuinetes.shop\/es\/producto\/jarra-hermetica-para-gazpacho-y-bebidas-frias-15l\/\"]}]},{\"@type\":\"ImageObject\",\"inLanguage\":\"es\",\"@id\":\"https:\/\/cuinetes.shop\/es\/producto\/jarra-hermetica-para-gazpacho-y-bebidas-frias-15l\/#primaryimage\",\"url\":\"https:\/\/cuinetes.shop\/wp-content\/uploads\/2025\/10\/Captura-de-pantalla-2025-10-20-a-las-21.53.03.png\",\"contentUrl\":\"https:\/\/cuinetes.shop\/wp-content\/uploads\/2025\/10\/Captura-de-pantalla-2025-10-20-a-las-21.53.03.png\",\"width\":1186,\"height\":902},{\"@type\":\"BreadcrumbList\",\"@id\":\"https:\/\/cuinetes.shop\/es\/producto\/jarra-hermetica-para-gazpacho-y-bebidas-frias-15l\/#breadcrumb\",\"itemListElement\":[{\"@type\":\"ListItem\",\"position\":1,\"name\":\"Home\",\"item\":\"https:\/\/cuinetes.shop\/es\/\"},{\"@type\":\"ListItem\",\"position\":2,\"name\":\"Tienda\",\"item\":\"https:\/\/cuinetes.shop\/es\/tienda\/\"},{\"@type\":\"ListItem\",\"position\":3,\"name\":\"Jarra Herm\u00e9tica para Gazpacho Y Bebidas Fr\u00edas 1,5L\"}]},{\"@type\":\"WebSite\",\"@id\":\"https:\/\/cuinetes.shop\/es\/#website\",\"url\":\"https:\/\/cuinetes.shop\/es\/\",\"name\":\"Tienda de utensilios de cocina - Cuinetes\",\"description\":\"\",\"potentialAction\":[{\"@type\":\"SearchAction\",\"target\":{\"@type\":\"EntryPoint\",\"urlTemplate\":\"https:\/\/cuinetes.shop\/es\/?s={search_term_string}\"},\"query-input\":{\"@type\":\"PropertyValueSpecification\",\"valueRequired\":true,\"valueName\":\"search_term_string\"}}],\"inLanguage\":\"es\"}]}<\/script>\n<!-- \/ Yoast SEO plugin. -->","yoast_head_json":{"title":"Jarra Herm\u00e9tica para Gazpacho Y Bebidas Fr\u00edas 1,5L - Tienda de utensilios de cocina - Cuinetes","robots":{"index":"index","follow":"follow","max-snippet":"max-snippet:-1","max-image-preview":"max-image-preview:large","max-video-preview":"max-video-preview:-1"},"canonical":"https:\/\/cuinetes.shop\/es\/producto\/jarra-hermetica-para-gazpacho-y-bebidas-frias-15l\/","og_locale":"es_ES","og_type":"article","og_title":"Jarra Herm\u00e9tica para Gazpacho Y Bebidas Fr\u00edas 1,5L - Tienda de utensilios de cocina - Cuinetes","og_description":"JARRA HERM\u00c9TICA PARA GASPACHO Y BEBIDAS FR\u00cdAS 1,5L Jarra herm\u00e9tica ideal para almacenar gazpacho y otras bebidas fr\u00edas de forma segura y pr\u00e1ctica. Fabricada en vidrio de borosilicato resistente. Tapa de silicona desmontable para cierre herm\u00e9tico. Dise\u00f1o compacto hacia la puerta del refrigerador. Apta para lavavajillas y microondas. Capacidad de 1.5 litros.","og_url":"https:\/\/cuinetes.shop\/es\/producto\/jarra-hermetica-para-gazpacho-y-bebidas-frias-15l\/","og_site_name":"Tienda de utensilios de cocina - Cuinetes","article_modified_time":"2025-10-21T13:08:24+00:00","og_image":[{"width":1186,"height":902,"url":"https:\/\/cuinetes.shop\/wp-content\/uploads\/2025\/10\/Captura-de-pantalla-2025-10-20-a-las-21.53.03.png","type":"image\/png"}],"twitter_card":"summary_large_image","schema":{"@context":"https:\/\/schema.org","@graph":[{"@type":"WebPage","@id":"https:\/\/cuinetes.shop\/es\/producto\/jarra-hermetica-para-gazpacho-y-bebidas-frias-15l\/","url":"https:\/\/cuinetes.shop\/es\/producto\/jarra-hermetica-para-gazpacho-y-bebidas-frias-15l\/","name":"Jarra Herm\u00e9tica para Gazpacho Y Bebidas Fr\u00edas 1,5L - Tienda de utensilios de cocina - Cuinetes","isPartOf":{"@id":"https:\/\/cuinetes.shop\/es\/#website"},"primaryImageOfPage":{"@id":"https:\/\/cuinetes.shop\/es\/producto\/jarra-hermetica-para-gazpacho-y-bebidas-frias-15l\/#primaryimage"},"image":{"@id":"https:\/\/cuinetes.shop\/es\/producto\/jarra-hermetica-para-gazpacho-y-bebidas-frias-15l\/#primaryimage"},"thumbnailUrl":"https:\/\/cuinetes.shop\/wp-content\/uploads\/2025\/10\/Captura-de-pantalla-2025-10-20-a-las-21.53.03.png","datePublished":"2025-10-20T19:59:24+00:00","dateModified":"2025-10-21T13:08:24+00:00","breadcrumb":{"@id":"https:\/\/cuinetes.shop\/es\/producto\/jarra-hermetica-para-gazpacho-y-bebidas-frias-15l\/#breadcrumb"},"inLanguage":"es","potentialAction":[{"@type":"ReadAction","target":["https:\/\/cuinetes.shop\/es\/producto\/jarra-hermetica-para-gazpacho-y-bebidas-frias-15l\/"]}]},{"@type":"ImageObject","inLanguage":"es","@id":"https:\/\/cuinetes.shop\/es\/producto\/jarra-hermetica-para-gazpacho-y-bebidas-frias-15l\/#primaryimage","url":"https:\/\/cuinetes.shop\/wp-content\/uploads\/2025\/10\/Captura-de-pantalla-2025-10-20-a-las-21.53.03.png","contentUrl":"https:\/\/cuinetes.shop\/wp-content\/uploads\/2025\/10\/Captura-de-pantalla-2025-10-20-a-las-21.53.03.png","width":1186,"height":902},{"@type":"BreadcrumbList","@id":"https:\/\/cuinetes.shop\/es\/producto\/jarra-hermetica-para-gazpacho-y-bebidas-frias-15l\/#breadcrumb","itemListElement":[{"@type":"ListItem","position":1,"name":"Home","item":"https:\/\/cuinetes.shop\/es\/"},{"@type":"ListItem","position":2,"name":"Tienda","item":"https:\/\/cuinetes.shop\/es\/tienda\/"},{"@type":"ListItem","position":3,"name":"Jarra Herm\u00e9tica para Gazpacho Y Bebidas Fr\u00edas 1,5L"}]},{"@type":"WebSite","@id":"https:\/\/cuinetes.shop\/es\/#website","url":"https:\/\/cuinetes.shop\/es\/","name":"Tienda de utensilios de cocina - Cuinetes","description":"","potentialAction":[{"@type":"SearchAction","target":{"@type":"EntryPoint","urlTemplate":"https:\/\/cuinetes.shop\/es\/?s={search_term_string}"},"query-input":{"@type":"PropertyValueSpecification","valueRequired":true,"valueName":"search_term_string"}}],"inLanguage":"es"}]}},"_links":{"self":[{"href":"https:\/\/cuinetes.shop\/es\/wp-json\/wp\/v2\/product\/35956","targetHints":{"allow":["GET"]}}],"collection":[{"href":"https:\/\/cuinetes.shop\/es\/wp-json\/wp\/v2\/product"}],"about":[{"href":"https:\/\/cuinetes.shop\/es\/wp-json\/wp\/v2\/types\/product"}],"replies":[{"embeddable":true,"href":"https:\/\/cuinetes.shop\/es\/wp-json\/wp\/v2\/comments?post=35956"}],"wp:featuredmedia":[{"embeddable":true,"href":"https:\/\/cuinetes.shop\/es\/wp-json\/wp\/v2\/media\/35921"}],"wp:attachment":[{"href":"https:\/\/cuinetes.shop\/es\/wp-json\/wp\/v2\/media?parent=35956"}],"wp:term":[{"taxonomy":"product_cat","embeddable":true,"href":"https:\/\/cuinetes.shop\/es\/wp-json\/wp\/v2\/product_cat?post=35956"},{"taxonomy":"product_tag","embeddable":true,"href":"https:\/\/cuinetes.shop\/es\/wp-json\/wp\/v2\/product_tag?post=35956"}],"curies":[{"name":"wp","href":"https:\/\/api.w.org\/{rel}","templated":true}]}}