
{"id":35971,"date":"2025-10-20T19:34:55","date_gmt":"2025-10-20T17:34:55","guid":{"rendered":"https:\/\/cuinetes.shop\/?post_type=product&#038;p=35971"},"modified":"2025-10-21T15:57:08","modified_gmt":"2025-10-21T13:57:08","slug":"set-te-matcha","status":"publish","type":"product","link":"https:\/\/cuinetes.shop\/es\/producto\/set-te-matcha\/","title":{"rendered":"Set T\u00e9 Matcha"},"content":{"rendered":"<p>Prepara tu t\u00e9 matcha como un experto con este set esencial de bamb\u00fa.<br \/>\nEl set est\u00e1 compuesto por 3 piezas esenciales para la preparaci\u00f3n tradicional de este t\u00e9: la cuchara de medida \u201cChashaku\u201d, el bateador \u201cChasen\u201d y la cuchara tradicional.<br \/>\nTambi\u00e9n puede ser \u00fatil para la elaboraci\u00f3n otras bebidas, as\u00ed como recetas de cocina que requieran de un proceso de similares caracter\u00edsticas.<\/p>\n<p>Conoce la amplia gama de productos Ibiliorientatsa la elaboraci\u00f3n y servicio del t\u00e9, a trav\u00e9s de las diferentes tradiciones del mundo.<\/p>\n<p>Se recomienda lavar a mano y secar al aire.<\/p>\n","protected":false},"excerpt":{"rendered":"<p>Prepara tu t\u00e9 matcha como un experto con este set esencial de bamb\u00fa. El set est\u00e1 compuesto por 3 piezas esenciales para la preparaci\u00f3n tradicional de este t\u00e9: la cuchara de medida \u201cChashaku\u201d, el bateador \u201cChasen\u201d y la cuchara tradicional. Tambi\u00e9n puede ser \u00fatil para la elaboraci\u00f3n otras bebidas, as\u00ed como recetas de cocina que [&hellip;]<\/p>\n","protected":false},"featured_media":35879,"comment_status":"closed","ping_status":"closed","template":"","meta":[],"product_cat":[745],"product_tag":[1476,1478,1477],"class_list":{"0":"post-35971","1":"product","2":"type-product","3":"status-publish","4":"has-post-thumbnail","6":"product_brand-ibili-es","7":"product_cat-cafe-te-es","8":"product_tag-bambu","9":"product_tag-matcha","10":"product_tag-set","13":"first","14":"instock","15":"taxable","16":"shipping-taxable","17":"purchasable","18":"product-type-simple"},"yoast_head":"<!-- This site is optimized with the Yoast SEO plugin v26.1.1 - https:\/\/yoast.com\/wordpress\/plugins\/seo\/ -->\n<title>Set T\u00e9 Matcha - Tienda de utensilios de cocina - Cuinetes<\/title>\n<meta name=\"robots\" content=\"index, follow, max-snippet:-1, max-image-preview:large, max-video-preview:-1\" \/>\n<link rel=\"canonical\" href=\"https:\/\/cuinetes.shop\/es\/producto\/set-te-matcha\/\" \/>\n<meta property=\"og:locale\" content=\"es_ES\" \/>\n<meta property=\"og:type\" content=\"article\" \/>\n<meta property=\"og:title\" content=\"Set T\u00e9 Matcha - Tienda de utensilios de cocina - Cuinetes\" \/>\n<meta property=\"og:description\" content=\"Prepara tu t\u00e9 matcha como un experto con este set esencial de bamb\u00fa. El set est\u00e1 compuesto por 3 piezas esenciales para la preparaci\u00f3n tradicional de este t\u00e9: la cuchara de medida \u201cChashaku\u201d, el bateador \u201cChasen\u201d y la cuchara tradicional. Tambi\u00e9n puede ser \u00fatil para la elaboraci\u00f3n otras bebidas, as\u00ed como recetas de cocina que [&hellip;]\" \/>\n<meta property=\"og:url\" content=\"https:\/\/cuinetes.shop\/es\/producto\/set-te-matcha\/\" \/>\n<meta property=\"og:site_name\" content=\"Tienda de utensilios de cocina - Cuinetes\" \/>\n<meta property=\"article:modified_time\" content=\"2025-10-21T13:57:08+00:00\" \/>\n<meta property=\"og:image\" content=\"https:\/\/cuinetes.shop\/wp-content\/uploads\/2025\/10\/Captura-de-pantalla-2025-10-20-a-las-19.18.35.png\" \/>\n\t<meta property=\"og:image:width\" content=\"774\" \/>\n\t<meta property=\"og:image:height\" content=\"1256\" \/>\n\t<meta property=\"og:image:type\" content=\"image\/png\" \/>\n<meta name=\"twitter:card\" content=\"summary_large_image\" \/>\n<script type=\"application\/ld+json\" class=\"yoast-schema-graph\">{\"@context\":\"https:\/\/schema.org\",\"@graph\":[{\"@type\":\"WebPage\",\"@id\":\"https:\/\/cuinetes.shop\/es\/producto\/set-te-matcha\/\",\"url\":\"https:\/\/cuinetes.shop\/es\/producto\/set-te-matcha\/\",\"name\":\"Set T\u00e9 Matcha - Tienda de utensilios de cocina - Cuinetes\",\"isPartOf\":{\"@id\":\"https:\/\/cuinetes.shop\/es\/#website\"},\"primaryImageOfPage\":{\"@id\":\"https:\/\/cuinetes.shop\/es\/producto\/set-te-matcha\/#primaryimage\"},\"image\":{\"@id\":\"https:\/\/cuinetes.shop\/es\/producto\/set-te-matcha\/#primaryimage\"},\"thumbnailUrl\":\"https:\/\/cuinetes.shop\/wp-content\/uploads\/2025\/10\/Captura-de-pantalla-2025-10-20-a-las-19.18.35.png\",\"datePublished\":\"2025-10-20T17:34:55+00:00\",\"dateModified\":\"2025-10-21T13:57:08+00:00\",\"breadcrumb\":{\"@id\":\"https:\/\/cuinetes.shop\/es\/producto\/set-te-matcha\/#breadcrumb\"},\"inLanguage\":\"es\",\"potentialAction\":[{\"@type\":\"ReadAction\",\"target\":[\"https:\/\/cuinetes.shop\/es\/producto\/set-te-matcha\/\"]}]},{\"@type\":\"ImageObject\",\"inLanguage\":\"es\",\"@id\":\"https:\/\/cuinetes.shop\/es\/producto\/set-te-matcha\/#primaryimage\",\"url\":\"https:\/\/cuinetes.shop\/wp-content\/uploads\/2025\/10\/Captura-de-pantalla-2025-10-20-a-las-19.18.35.png\",\"contentUrl\":\"https:\/\/cuinetes.shop\/wp-content\/uploads\/2025\/10\/Captura-de-pantalla-2025-10-20-a-las-19.18.35.png\",\"width\":774,\"height\":1256},{\"@type\":\"BreadcrumbList\",\"@id\":\"https:\/\/cuinetes.shop\/es\/producto\/set-te-matcha\/#breadcrumb\",\"itemListElement\":[{\"@type\":\"ListItem\",\"position\":1,\"name\":\"Home\",\"item\":\"https:\/\/cuinetes.shop\/es\/\"},{\"@type\":\"ListItem\",\"position\":2,\"name\":\"Tienda\",\"item\":\"https:\/\/cuinetes.shop\/es\/tienda\/\"},{\"@type\":\"ListItem\",\"position\":3,\"name\":\"Set T\u00e9 Matcha\"}]},{\"@type\":\"WebSite\",\"@id\":\"https:\/\/cuinetes.shop\/es\/#website\",\"url\":\"https:\/\/cuinetes.shop\/es\/\",\"name\":\"Tienda de utensilios de cocina - Cuinetes\",\"description\":\"\",\"potentialAction\":[{\"@type\":\"SearchAction\",\"target\":{\"@type\":\"EntryPoint\",\"urlTemplate\":\"https:\/\/cuinetes.shop\/es\/?s={search_term_string}\"},\"query-input\":{\"@type\":\"PropertyValueSpecification\",\"valueRequired\":true,\"valueName\":\"search_term_string\"}}],\"inLanguage\":\"es\"}]}<\/script>\n<!-- \/ Yoast SEO plugin. -->","yoast_head_json":{"title":"Set T\u00e9 Matcha - Tienda de utensilios de cocina - Cuinetes","robots":{"index":"index","follow":"follow","max-snippet":"max-snippet:-1","max-image-preview":"max-image-preview:large","max-video-preview":"max-video-preview:-1"},"canonical":"https:\/\/cuinetes.shop\/es\/producto\/set-te-matcha\/","og_locale":"es_ES","og_type":"article","og_title":"Set T\u00e9 Matcha - Tienda de utensilios de cocina - Cuinetes","og_description":"Prepara tu t\u00e9 matcha como un experto con este set esencial de bamb\u00fa. El set est\u00e1 compuesto por 3 piezas esenciales para la preparaci\u00f3n tradicional de este t\u00e9: la cuchara de medida \u201cChashaku\u201d, el bateador \u201cChasen\u201d y la cuchara tradicional. Tambi\u00e9n puede ser \u00fatil para la elaboraci\u00f3n otras bebidas, as\u00ed como recetas de cocina que [&hellip;]","og_url":"https:\/\/cuinetes.shop\/es\/producto\/set-te-matcha\/","og_site_name":"Tienda de utensilios de cocina - Cuinetes","article_modified_time":"2025-10-21T13:57:08+00:00","og_image":[{"width":774,"height":1256,"url":"https:\/\/cuinetes.shop\/wp-content\/uploads\/2025\/10\/Captura-de-pantalla-2025-10-20-a-las-19.18.35.png","type":"image\/png"}],"twitter_card":"summary_large_image","schema":{"@context":"https:\/\/schema.org","@graph":[{"@type":"WebPage","@id":"https:\/\/cuinetes.shop\/es\/producto\/set-te-matcha\/","url":"https:\/\/cuinetes.shop\/es\/producto\/set-te-matcha\/","name":"Set T\u00e9 Matcha - Tienda de utensilios de cocina - Cuinetes","isPartOf":{"@id":"https:\/\/cuinetes.shop\/es\/#website"},"primaryImageOfPage":{"@id":"https:\/\/cuinetes.shop\/es\/producto\/set-te-matcha\/#primaryimage"},"image":{"@id":"https:\/\/cuinetes.shop\/es\/producto\/set-te-matcha\/#primaryimage"},"thumbnailUrl":"https:\/\/cuinetes.shop\/wp-content\/uploads\/2025\/10\/Captura-de-pantalla-2025-10-20-a-las-19.18.35.png","datePublished":"2025-10-20T17:34:55+00:00","dateModified":"2025-10-21T13:57:08+00:00","breadcrumb":{"@id":"https:\/\/cuinetes.shop\/es\/producto\/set-te-matcha\/#breadcrumb"},"inLanguage":"es","potentialAction":[{"@type":"ReadAction","target":["https:\/\/cuinetes.shop\/es\/producto\/set-te-matcha\/"]}]},{"@type":"ImageObject","inLanguage":"es","@id":"https:\/\/cuinetes.shop\/es\/producto\/set-te-matcha\/#primaryimage","url":"https:\/\/cuinetes.shop\/wp-content\/uploads\/2025\/10\/Captura-de-pantalla-2025-10-20-a-las-19.18.35.png","contentUrl":"https:\/\/cuinetes.shop\/wp-content\/uploads\/2025\/10\/Captura-de-pantalla-2025-10-20-a-las-19.18.35.png","width":774,"height":1256},{"@type":"BreadcrumbList","@id":"https:\/\/cuinetes.shop\/es\/producto\/set-te-matcha\/#breadcrumb","itemListElement":[{"@type":"ListItem","position":1,"name":"Home","item":"https:\/\/cuinetes.shop\/es\/"},{"@type":"ListItem","position":2,"name":"Tienda","item":"https:\/\/cuinetes.shop\/es\/tienda\/"},{"@type":"ListItem","position":3,"name":"Set T\u00e9 Matcha"}]},{"@type":"WebSite","@id":"https:\/\/cuinetes.shop\/es\/#website","url":"https:\/\/cuinetes.shop\/es\/","name":"Tienda de utensilios de cocina - Cuinetes","description":"","potentialAction":[{"@type":"SearchAction","target":{"@type":"EntryPoint","urlTemplate":"https:\/\/cuinetes.shop\/es\/?s={search_term_string}"},"query-input":{"@type":"PropertyValueSpecification","valueRequired":true,"valueName":"search_term_string"}}],"inLanguage":"es"}]}},"_links":{"self":[{"href":"https:\/\/cuinetes.shop\/es\/wp-json\/wp\/v2\/product\/35971","targetHints":{"allow":["GET"]}}],"collection":[{"href":"https:\/\/cuinetes.shop\/es\/wp-json\/wp\/v2\/product"}],"about":[{"href":"https:\/\/cuinetes.shop\/es\/wp-json\/wp\/v2\/types\/product"}],"replies":[{"embeddable":true,"href":"https:\/\/cuinetes.shop\/es\/wp-json\/wp\/v2\/comments?post=35971"}],"wp:featuredmedia":[{"embeddable":true,"href":"https:\/\/cuinetes.shop\/es\/wp-json\/wp\/v2\/media\/35879"}],"wp:attachment":[{"href":"https:\/\/cuinetes.shop\/es\/wp-json\/wp\/v2\/media?parent=35971"}],"wp:term":[{"taxonomy":"product_cat","embeddable":true,"href":"https:\/\/cuinetes.shop\/es\/wp-json\/wp\/v2\/product_cat?post=35971"},{"taxonomy":"product_tag","embeddable":true,"href":"https:\/\/cuinetes.shop\/es\/wp-json\/wp\/v2\/product_tag?post=35971"}],"curies":[{"name":"wp","href":"https:\/\/api.w.org\/{rel}","templated":true}]}}