
{"id":35972,"date":"2025-10-18T19:40:22","date_gmt":"2025-10-18T17:40:22","guid":{"rendered":"https:\/\/cuinetes.shop\/?post_type=product&#038;p=35972"},"modified":"2025-10-21T16:08:50","modified_gmt":"2025-10-21T14:08:50","slug":"cafetera-petra-gris-9-tazas","status":"publish","type":"product","link":"https:\/\/cuinetes.shop\/es\/producto\/cafetera-petra-gris-9-tazas\/","title":{"rendered":"Cafetera Petra gris 9 tazas"},"content":{"rendered":"<p>Base acero inoxidable. Apta para todo tipo de cocinas,<br \/>\nincluida la inducci\u00f3n.<\/p>\n<p>Para que la placa de Inducci\u00f3n detecte la cafetera, necesita tener una zona de cocci\u00f3n destinada a elementos de peque\u00f1o di\u00e1metro, es decir el di\u00e1metro m\u00e1ximo de la zona de cocci\u00f3n de la placa tendr\u00e1 que ser de 14,5cm, si el di\u00e1metro es mayor no detectar\u00e1 la cafetera de 6 ni 9 tazas.<\/p>\n","protected":false},"excerpt":{"rendered":"<p>Base acero inoxidable. Apta para todo tipo de cocinas, incluida la inducci\u00f3n. Para que la placa de Inducci\u00f3n detecte la cafetera, necesita tener una zona de cocci\u00f3n destinada a elementos de peque\u00f1o di\u00e1metro, es decir el di\u00e1metro m\u00e1ximo de la zona de cocci\u00f3n de la placa tendr\u00e1 que ser de 14,5cm, si el di\u00e1metro es [&hellip;]<\/p>\n","protected":false},"featured_media":35865,"comment_status":"closed","ping_status":"closed","template":"","meta":[],"product_cat":[745,746],"product_tag":[1480,1481],"class_list":{"0":"post-35972","1":"product","2":"type-product","3":"status-publish","4":"has-post-thumbnail","6":"product_brand-oroley-es","7":"product_cat-cafe-te-es","8":"product_cat-cafeteras","9":"product_tag-cafetera","10":"product_tag-italiana","13":"first","14":"instock","15":"taxable","16":"shipping-taxable","17":"purchasable","18":"product-type-simple"},"yoast_head":"<!-- This site is optimized with the Yoast SEO plugin v26.1.1 - https:\/\/yoast.com\/wordpress\/plugins\/seo\/ -->\n<title>Cafetera Petra gris 9 tazas - Tienda de utensilios de cocina - Cuinetes<\/title>\n<meta name=\"robots\" content=\"index, follow, max-snippet:-1, max-image-preview:large, max-video-preview:-1\" \/>\n<link rel=\"canonical\" href=\"https:\/\/cuinetes.shop\/es\/producto\/cafetera-petra-gris-9-tazas\/\" \/>\n<meta property=\"og:locale\" content=\"es_ES\" \/>\n<meta property=\"og:type\" content=\"article\" \/>\n<meta property=\"og:title\" content=\"Cafetera Petra gris 9 tazas - Tienda de utensilios de cocina - Cuinetes\" \/>\n<meta property=\"og:description\" content=\"Base acero inoxidable. Apta para todo tipo de cocinas, incluida la inducci\u00f3n. Para que la placa de Inducci\u00f3n detecte la cafetera, necesita tener una zona de cocci\u00f3n destinada a elementos de peque\u00f1o di\u00e1metro, es decir el di\u00e1metro m\u00e1ximo de la zona de cocci\u00f3n de la placa tendr\u00e1 que ser de 14,5cm, si el di\u00e1metro es [&hellip;]\" \/>\n<meta property=\"og:url\" content=\"https:\/\/cuinetes.shop\/es\/producto\/cafetera-petra-gris-9-tazas\/\" \/>\n<meta property=\"og:site_name\" content=\"Tienda de utensilios de cocina - Cuinetes\" \/>\n<meta property=\"article:modified_time\" content=\"2025-10-21T14:08:50+00:00\" \/>\n<meta property=\"og:image\" content=\"https:\/\/cuinetes.shop\/wp-content\/uploads\/2025\/10\/Captura-de-pantalla-2025-10-18-193712.png\" \/>\n\t<meta property=\"og:image:width\" content=\"479\" \/>\n\t<meta property=\"og:image:height\" content=\"477\" \/>\n\t<meta property=\"og:image:type\" content=\"image\/png\" \/>\n<meta name=\"twitter:card\" content=\"summary_large_image\" \/>\n<script type=\"application\/ld+json\" class=\"yoast-schema-graph\">{\"@context\":\"https:\/\/schema.org\",\"@graph\":[{\"@type\":\"WebPage\",\"@id\":\"https:\/\/cuinetes.shop\/es\/producto\/cafetera-petra-gris-9-tazas\/\",\"url\":\"https:\/\/cuinetes.shop\/es\/producto\/cafetera-petra-gris-9-tazas\/\",\"name\":\"Cafetera Petra gris 9 tazas - Tienda de utensilios de cocina - Cuinetes\",\"isPartOf\":{\"@id\":\"https:\/\/cuinetes.shop\/es\/#website\"},\"primaryImageOfPage\":{\"@id\":\"https:\/\/cuinetes.shop\/es\/producto\/cafetera-petra-gris-9-tazas\/#primaryimage\"},\"image\":{\"@id\":\"https:\/\/cuinetes.shop\/es\/producto\/cafetera-petra-gris-9-tazas\/#primaryimage\"},\"thumbnailUrl\":\"https:\/\/cuinetes.shop\/wp-content\/uploads\/2025\/10\/Captura-de-pantalla-2025-10-18-193712.png\",\"datePublished\":\"2025-10-18T17:40:22+00:00\",\"dateModified\":\"2025-10-21T14:08:50+00:00\",\"breadcrumb\":{\"@id\":\"https:\/\/cuinetes.shop\/es\/producto\/cafetera-petra-gris-9-tazas\/#breadcrumb\"},\"inLanguage\":\"es\",\"potentialAction\":[{\"@type\":\"ReadAction\",\"target\":[\"https:\/\/cuinetes.shop\/es\/producto\/cafetera-petra-gris-9-tazas\/\"]}]},{\"@type\":\"ImageObject\",\"inLanguage\":\"es\",\"@id\":\"https:\/\/cuinetes.shop\/es\/producto\/cafetera-petra-gris-9-tazas\/#primaryimage\",\"url\":\"https:\/\/cuinetes.shop\/wp-content\/uploads\/2025\/10\/Captura-de-pantalla-2025-10-18-193712.png\",\"contentUrl\":\"https:\/\/cuinetes.shop\/wp-content\/uploads\/2025\/10\/Captura-de-pantalla-2025-10-18-193712.png\",\"width\":479,\"height\":477},{\"@type\":\"BreadcrumbList\",\"@id\":\"https:\/\/cuinetes.shop\/es\/producto\/cafetera-petra-gris-9-tazas\/#breadcrumb\",\"itemListElement\":[{\"@type\":\"ListItem\",\"position\":1,\"name\":\"Home\",\"item\":\"https:\/\/cuinetes.shop\/es\/\"},{\"@type\":\"ListItem\",\"position\":2,\"name\":\"Tienda\",\"item\":\"https:\/\/cuinetes.shop\/es\/tienda\/\"},{\"@type\":\"ListItem\",\"position\":3,\"name\":\"Cafetera Petra gris 9 tazas\"}]},{\"@type\":\"WebSite\",\"@id\":\"https:\/\/cuinetes.shop\/es\/#website\",\"url\":\"https:\/\/cuinetes.shop\/es\/\",\"name\":\"Tienda de utensilios de cocina - Cuinetes\",\"description\":\"\",\"potentialAction\":[{\"@type\":\"SearchAction\",\"target\":{\"@type\":\"EntryPoint\",\"urlTemplate\":\"https:\/\/cuinetes.shop\/es\/?s={search_term_string}\"},\"query-input\":{\"@type\":\"PropertyValueSpecification\",\"valueRequired\":true,\"valueName\":\"search_term_string\"}}],\"inLanguage\":\"es\"}]}<\/script>\n<!-- \/ Yoast SEO plugin. -->","yoast_head_json":{"title":"Cafetera Petra gris 9 tazas - Tienda de utensilios de cocina - Cuinetes","robots":{"index":"index","follow":"follow","max-snippet":"max-snippet:-1","max-image-preview":"max-image-preview:large","max-video-preview":"max-video-preview:-1"},"canonical":"https:\/\/cuinetes.shop\/es\/producto\/cafetera-petra-gris-9-tazas\/","og_locale":"es_ES","og_type":"article","og_title":"Cafetera Petra gris 9 tazas - Tienda de utensilios de cocina - Cuinetes","og_description":"Base acero inoxidable. Apta para todo tipo de cocinas, incluida la inducci\u00f3n. Para que la placa de Inducci\u00f3n detecte la cafetera, necesita tener una zona de cocci\u00f3n destinada a elementos de peque\u00f1o di\u00e1metro, es decir el di\u00e1metro m\u00e1ximo de la zona de cocci\u00f3n de la placa tendr\u00e1 que ser de 14,5cm, si el di\u00e1metro es [&hellip;]","og_url":"https:\/\/cuinetes.shop\/es\/producto\/cafetera-petra-gris-9-tazas\/","og_site_name":"Tienda de utensilios de cocina - Cuinetes","article_modified_time":"2025-10-21T14:08:50+00:00","og_image":[{"width":479,"height":477,"url":"https:\/\/cuinetes.shop\/wp-content\/uploads\/2025\/10\/Captura-de-pantalla-2025-10-18-193712.png","type":"image\/png"}],"twitter_card":"summary_large_image","schema":{"@context":"https:\/\/schema.org","@graph":[{"@type":"WebPage","@id":"https:\/\/cuinetes.shop\/es\/producto\/cafetera-petra-gris-9-tazas\/","url":"https:\/\/cuinetes.shop\/es\/producto\/cafetera-petra-gris-9-tazas\/","name":"Cafetera Petra gris 9 tazas - Tienda de utensilios de cocina - Cuinetes","isPartOf":{"@id":"https:\/\/cuinetes.shop\/es\/#website"},"primaryImageOfPage":{"@id":"https:\/\/cuinetes.shop\/es\/producto\/cafetera-petra-gris-9-tazas\/#primaryimage"},"image":{"@id":"https:\/\/cuinetes.shop\/es\/producto\/cafetera-petra-gris-9-tazas\/#primaryimage"},"thumbnailUrl":"https:\/\/cuinetes.shop\/wp-content\/uploads\/2025\/10\/Captura-de-pantalla-2025-10-18-193712.png","datePublished":"2025-10-18T17:40:22+00:00","dateModified":"2025-10-21T14:08:50+00:00","breadcrumb":{"@id":"https:\/\/cuinetes.shop\/es\/producto\/cafetera-petra-gris-9-tazas\/#breadcrumb"},"inLanguage":"es","potentialAction":[{"@type":"ReadAction","target":["https:\/\/cuinetes.shop\/es\/producto\/cafetera-petra-gris-9-tazas\/"]}]},{"@type":"ImageObject","inLanguage":"es","@id":"https:\/\/cuinetes.shop\/es\/producto\/cafetera-petra-gris-9-tazas\/#primaryimage","url":"https:\/\/cuinetes.shop\/wp-content\/uploads\/2025\/10\/Captura-de-pantalla-2025-10-18-193712.png","contentUrl":"https:\/\/cuinetes.shop\/wp-content\/uploads\/2025\/10\/Captura-de-pantalla-2025-10-18-193712.png","width":479,"height":477},{"@type":"BreadcrumbList","@id":"https:\/\/cuinetes.shop\/es\/producto\/cafetera-petra-gris-9-tazas\/#breadcrumb","itemListElement":[{"@type":"ListItem","position":1,"name":"Home","item":"https:\/\/cuinetes.shop\/es\/"},{"@type":"ListItem","position":2,"name":"Tienda","item":"https:\/\/cuinetes.shop\/es\/tienda\/"},{"@type":"ListItem","position":3,"name":"Cafetera Petra gris 9 tazas"}]},{"@type":"WebSite","@id":"https:\/\/cuinetes.shop\/es\/#website","url":"https:\/\/cuinetes.shop\/es\/","name":"Tienda de utensilios de cocina - Cuinetes","description":"","potentialAction":[{"@type":"SearchAction","target":{"@type":"EntryPoint","urlTemplate":"https:\/\/cuinetes.shop\/es\/?s={search_term_string}"},"query-input":{"@type":"PropertyValueSpecification","valueRequired":true,"valueName":"search_term_string"}}],"inLanguage":"es"}]}},"_links":{"self":[{"href":"https:\/\/cuinetes.shop\/es\/wp-json\/wp\/v2\/product\/35972","targetHints":{"allow":["GET"]}}],"collection":[{"href":"https:\/\/cuinetes.shop\/es\/wp-json\/wp\/v2\/product"}],"about":[{"href":"https:\/\/cuinetes.shop\/es\/wp-json\/wp\/v2\/types\/product"}],"replies":[{"embeddable":true,"href":"https:\/\/cuinetes.shop\/es\/wp-json\/wp\/v2\/comments?post=35972"}],"wp:featuredmedia":[{"embeddable":true,"href":"https:\/\/cuinetes.shop\/es\/wp-json\/wp\/v2\/media\/35865"}],"wp:attachment":[{"href":"https:\/\/cuinetes.shop\/es\/wp-json\/wp\/v2\/media?parent=35972"}],"wp:term":[{"taxonomy":"product_cat","embeddable":true,"href":"https:\/\/cuinetes.shop\/es\/wp-json\/wp\/v2\/product_cat?post=35972"},{"taxonomy":"product_tag","embeddable":true,"href":"https:\/\/cuinetes.shop\/es\/wp-json\/wp\/v2\/product_tag?post=35972"}],"curies":[{"name":"wp","href":"https:\/\/api.w.org\/{rel}","templated":true}]}}