
{"id":35984,"date":"2025-10-16T19:17:27","date_gmt":"2025-10-16T17:17:27","guid":{"rendered":"https:\/\/cuinetes.shop\/?post_type=product&#038;p=35984"},"modified":"2025-10-21T18:23:38","modified_gmt":"2025-10-21T16:23:38","slug":"cuchillo-negro-ceramico-11-cm-kyocera","status":"publish","type":"product","link":"https:\/\/cuinetes.shop\/es\/producto\/cuchillo-negro-ceramico-11-cm-kyocera\/","title":{"rendered":"Cuchillo Negro Cer\u00e1mico 11 cm KYOCERA"},"content":{"rendered":"<p>Este cuchillo Kyocera de 11 cm es la herramienta perfecta para tu cocina diaria. Fabricado con cer\u00e1mica de alta calidad, ofrece un corte excepcionalmente fino y preciso, ideal para frutas, verduras y otros alimentos blandos.<\/p>\n<p>Su hoja mantiene el corte mucho m\u00e1s tiempo que los cuchillos de acero convencionales y no se oxida ni altera el gusto de los alimentos. El mango ergon\u00f3mico garantiza una sujeci\u00f3n c\u00f3moda y segura, incluso en usos prolongados.<\/p>\n","protected":false},"excerpt":{"rendered":"<p>Este cuchillo tiene un corte inalterable. Su hoja de Kyocera es fundici\u00f3n a 1.200 \u00b0C y la precisi\u00f3n del prensado puede llegar a las 20.000t\/m\u00b2. Su cer\u00e1mica es muy dura, compuesta de calcio, magnesio, silicio y circonio (piedra de diamante, un 30% m\u00e1s dura que el metal). Su hoja tiene un corte excepcional que destaca por su calidad y duraci\u00f3n. La cer\u00e1mica es un material resistente que mantiene su capacidad de corte hasta diez veces m\u00e1s que el acero. Este cuchillo no traspasa su sabor u olor a los alimentos.. Es ligero, ergon\u00f3mico, antial\u00e9rgico y antimagn\u00e9tico. Hay que tener en cuenta que su dureza puede implicar a su vez fragilidad. No golpear contra superficies duras, mejor usarlo en tablas de madera o de pl\u00e1stico. Este cuchillo no es apto para cortar huesos, espinas o alimentos congelados.<\/p>\n","protected":false},"featured_media":35830,"comment_status":"closed","ping_status":"closed","template":"","meta":[],"product_cat":[781,691,780],"product_tag":[1484],"class_list":{"0":"post-35984","1":"product","2":"type-product","3":"status-publish","4":"has-post-thumbnail","6":"product_brand-kyocera-es","7":"product_cat-cuchillos","8":"product_cat-preparar-es","9":"product_cat-utensilios-de-corte","10":"product_tag-marca-japonesa","13":"first","14":"instock","15":"taxable","16":"shipping-taxable","17":"purchasable","18":"product-type-simple"},"yoast_head":"<!-- This site is optimized with the Yoast SEO plugin v26.1.1 - https:\/\/yoast.com\/wordpress\/plugins\/seo\/ -->\n<title>Cuchillo Negro Cer\u00e1mico 11 cm KYOCERA - Tienda de utensilios de cocina - Cuinetes<\/title>\n<meta name=\"robots\" content=\"index, follow, max-snippet:-1, max-image-preview:large, max-video-preview:-1\" \/>\n<link rel=\"canonical\" href=\"https:\/\/cuinetes.shop\/es\/producto\/cuchillo-negro-ceramico-11-cm-kyocera\/\" \/>\n<meta property=\"og:locale\" content=\"es_ES\" \/>\n<meta property=\"og:type\" content=\"article\" \/>\n<meta property=\"og:title\" content=\"Cuchillo Negro Cer\u00e1mico 11 cm KYOCERA - Tienda de utensilios de cocina - Cuinetes\" \/>\n<meta property=\"og:description\" content=\"Este cuchillo tiene un corte inalterable. Su hoja de Kyocera es fundici\u00f3n a 1.200 \u00b0C y la precisi\u00f3n del prensado puede llegar a las 20.000t\/m\u00b2. Su cer\u00e1mica es muy dura, compuesta de calcio, magnesio, silicio y circonio (piedra de diamante, un 30% m\u00e1s dura que el metal). Su hoja tiene un corte excepcional que destaca por su calidad y duraci\u00f3n. La cer\u00e1mica es un material resistente que mantiene su capacidad de corte hasta diez veces m\u00e1s que el acero. Este cuchillo no traspasa su sabor u olor a los alimentos.. Es ligero, ergon\u00f3mico, antial\u00e9rgico y antimagn\u00e9tico. Hay que tener en cuenta que su dureza puede implicar a su vez fragilidad. No golpear contra superficies duras, mejor usarlo en tablas de madera o de pl\u00e1stico. Este cuchillo no es apto para cortar huesos, espinas o alimentos congelados.\" \/>\n<meta property=\"og:url\" content=\"https:\/\/cuinetes.shop\/es\/producto\/cuchillo-negro-ceramico-11-cm-kyocera\/\" \/>\n<meta property=\"og:site_name\" content=\"Tienda de utensilios de cocina - Cuinetes\" \/>\n<meta property=\"article:modified_time\" content=\"2025-10-21T16:23:38+00:00\" \/>\n<meta property=\"og:image\" content=\"https:\/\/cuinetes.shop\/wp-content\/uploads\/2025\/10\/Captura-de-pantalla-2025-10-16-190205.png\" \/>\n\t<meta property=\"og:image:width\" content=\"472\" \/>\n\t<meta property=\"og:image:height\" content=\"147\" \/>\n\t<meta property=\"og:image:type\" content=\"image\/png\" \/>\n<meta name=\"twitter:card\" content=\"summary_large_image\" \/>\n<script type=\"application\/ld+json\" class=\"yoast-schema-graph\">{\"@context\":\"https:\/\/schema.org\",\"@graph\":[{\"@type\":\"WebPage\",\"@id\":\"https:\/\/cuinetes.shop\/es\/producto\/cuchillo-negro-ceramico-11-cm-kyocera\/\",\"url\":\"https:\/\/cuinetes.shop\/es\/producto\/cuchillo-negro-ceramico-11-cm-kyocera\/\",\"name\":\"Cuchillo Negro Cer\u00e1mico 11 cm KYOCERA - Tienda de utensilios de cocina - Cuinetes\",\"isPartOf\":{\"@id\":\"https:\/\/cuinetes.shop\/es\/#website\"},\"primaryImageOfPage\":{\"@id\":\"https:\/\/cuinetes.shop\/es\/producto\/cuchillo-negro-ceramico-11-cm-kyocera\/#primaryimage\"},\"image\":{\"@id\":\"https:\/\/cuinetes.shop\/es\/producto\/cuchillo-negro-ceramico-11-cm-kyocera\/#primaryimage\"},\"thumbnailUrl\":\"https:\/\/cuinetes.shop\/wp-content\/uploads\/2025\/10\/Captura-de-pantalla-2025-10-16-190205.png\",\"datePublished\":\"2025-10-16T17:17:27+00:00\",\"dateModified\":\"2025-10-21T16:23:38+00:00\",\"breadcrumb\":{\"@id\":\"https:\/\/cuinetes.shop\/es\/producto\/cuchillo-negro-ceramico-11-cm-kyocera\/#breadcrumb\"},\"inLanguage\":\"es\",\"potentialAction\":[{\"@type\":\"ReadAction\",\"target\":[\"https:\/\/cuinetes.shop\/es\/producto\/cuchillo-negro-ceramico-11-cm-kyocera\/\"]}]},{\"@type\":\"ImageObject\",\"inLanguage\":\"es\",\"@id\":\"https:\/\/cuinetes.shop\/es\/producto\/cuchillo-negro-ceramico-11-cm-kyocera\/#primaryimage\",\"url\":\"https:\/\/cuinetes.shop\/wp-content\/uploads\/2025\/10\/Captura-de-pantalla-2025-10-16-190205.png\",\"contentUrl\":\"https:\/\/cuinetes.shop\/wp-content\/uploads\/2025\/10\/Captura-de-pantalla-2025-10-16-190205.png\",\"width\":472,\"height\":147},{\"@type\":\"BreadcrumbList\",\"@id\":\"https:\/\/cuinetes.shop\/es\/producto\/cuchillo-negro-ceramico-11-cm-kyocera\/#breadcrumb\",\"itemListElement\":[{\"@type\":\"ListItem\",\"position\":1,\"name\":\"Home\",\"item\":\"https:\/\/cuinetes.shop\/es\/\"},{\"@type\":\"ListItem\",\"position\":2,\"name\":\"Tienda\",\"item\":\"https:\/\/cuinetes.shop\/es\/tienda\/\"},{\"@type\":\"ListItem\",\"position\":3,\"name\":\"Cuchillo Negro Cer\u00e1mico 11 cm KYOCERA\"}]},{\"@type\":\"WebSite\",\"@id\":\"https:\/\/cuinetes.shop\/es\/#website\",\"url\":\"https:\/\/cuinetes.shop\/es\/\",\"name\":\"Tienda de utensilios de cocina - Cuinetes\",\"description\":\"\",\"potentialAction\":[{\"@type\":\"SearchAction\",\"target\":{\"@type\":\"EntryPoint\",\"urlTemplate\":\"https:\/\/cuinetes.shop\/es\/?s={search_term_string}\"},\"query-input\":{\"@type\":\"PropertyValueSpecification\",\"valueRequired\":true,\"valueName\":\"search_term_string\"}}],\"inLanguage\":\"es\"}]}<\/script>\n<!-- \/ Yoast SEO plugin. -->","yoast_head_json":{"title":"Cuchillo Negro Cer\u00e1mico 11 cm KYOCERA - Tienda de utensilios de cocina - Cuinetes","robots":{"index":"index","follow":"follow","max-snippet":"max-snippet:-1","max-image-preview":"max-image-preview:large","max-video-preview":"max-video-preview:-1"},"canonical":"https:\/\/cuinetes.shop\/es\/producto\/cuchillo-negro-ceramico-11-cm-kyocera\/","og_locale":"es_ES","og_type":"article","og_title":"Cuchillo Negro Cer\u00e1mico 11 cm KYOCERA - Tienda de utensilios de cocina - Cuinetes","og_description":"Este cuchillo tiene un corte inalterable. Su hoja de Kyocera es fundici\u00f3n a 1.200 \u00b0C y la precisi\u00f3n del prensado puede llegar a las 20.000t\/m\u00b2. Su cer\u00e1mica es muy dura, compuesta de calcio, magnesio, silicio y circonio (piedra de diamante, un 30% m\u00e1s dura que el metal). Su hoja tiene un corte excepcional que destaca por su calidad y duraci\u00f3n. La cer\u00e1mica es un material resistente que mantiene su capacidad de corte hasta diez veces m\u00e1s que el acero. Este cuchillo no traspasa su sabor u olor a los alimentos.. Es ligero, ergon\u00f3mico, antial\u00e9rgico y antimagn\u00e9tico. Hay que tener en cuenta que su dureza puede implicar a su vez fragilidad. No golpear contra superficies duras, mejor usarlo en tablas de madera o de pl\u00e1stico. Este cuchillo no es apto para cortar huesos, espinas o alimentos congelados.","og_url":"https:\/\/cuinetes.shop\/es\/producto\/cuchillo-negro-ceramico-11-cm-kyocera\/","og_site_name":"Tienda de utensilios de cocina - Cuinetes","article_modified_time":"2025-10-21T16:23:38+00:00","og_image":[{"width":472,"height":147,"url":"https:\/\/cuinetes.shop\/wp-content\/uploads\/2025\/10\/Captura-de-pantalla-2025-10-16-190205.png","type":"image\/png"}],"twitter_card":"summary_large_image","schema":{"@context":"https:\/\/schema.org","@graph":[{"@type":"WebPage","@id":"https:\/\/cuinetes.shop\/es\/producto\/cuchillo-negro-ceramico-11-cm-kyocera\/","url":"https:\/\/cuinetes.shop\/es\/producto\/cuchillo-negro-ceramico-11-cm-kyocera\/","name":"Cuchillo Negro Cer\u00e1mico 11 cm KYOCERA - Tienda de utensilios de cocina - Cuinetes","isPartOf":{"@id":"https:\/\/cuinetes.shop\/es\/#website"},"primaryImageOfPage":{"@id":"https:\/\/cuinetes.shop\/es\/producto\/cuchillo-negro-ceramico-11-cm-kyocera\/#primaryimage"},"image":{"@id":"https:\/\/cuinetes.shop\/es\/producto\/cuchillo-negro-ceramico-11-cm-kyocera\/#primaryimage"},"thumbnailUrl":"https:\/\/cuinetes.shop\/wp-content\/uploads\/2025\/10\/Captura-de-pantalla-2025-10-16-190205.png","datePublished":"2025-10-16T17:17:27+00:00","dateModified":"2025-10-21T16:23:38+00:00","breadcrumb":{"@id":"https:\/\/cuinetes.shop\/es\/producto\/cuchillo-negro-ceramico-11-cm-kyocera\/#breadcrumb"},"inLanguage":"es","potentialAction":[{"@type":"ReadAction","target":["https:\/\/cuinetes.shop\/es\/producto\/cuchillo-negro-ceramico-11-cm-kyocera\/"]}]},{"@type":"ImageObject","inLanguage":"es","@id":"https:\/\/cuinetes.shop\/es\/producto\/cuchillo-negro-ceramico-11-cm-kyocera\/#primaryimage","url":"https:\/\/cuinetes.shop\/wp-content\/uploads\/2025\/10\/Captura-de-pantalla-2025-10-16-190205.png","contentUrl":"https:\/\/cuinetes.shop\/wp-content\/uploads\/2025\/10\/Captura-de-pantalla-2025-10-16-190205.png","width":472,"height":147},{"@type":"BreadcrumbList","@id":"https:\/\/cuinetes.shop\/es\/producto\/cuchillo-negro-ceramico-11-cm-kyocera\/#breadcrumb","itemListElement":[{"@type":"ListItem","position":1,"name":"Home","item":"https:\/\/cuinetes.shop\/es\/"},{"@type":"ListItem","position":2,"name":"Tienda","item":"https:\/\/cuinetes.shop\/es\/tienda\/"},{"@type":"ListItem","position":3,"name":"Cuchillo Negro Cer\u00e1mico 11 cm KYOCERA"}]},{"@type":"WebSite","@id":"https:\/\/cuinetes.shop\/es\/#website","url":"https:\/\/cuinetes.shop\/es\/","name":"Tienda de utensilios de cocina - Cuinetes","description":"","potentialAction":[{"@type":"SearchAction","target":{"@type":"EntryPoint","urlTemplate":"https:\/\/cuinetes.shop\/es\/?s={search_term_string}"},"query-input":{"@type":"PropertyValueSpecification","valueRequired":true,"valueName":"search_term_string"}}],"inLanguage":"es"}]}},"_links":{"self":[{"href":"https:\/\/cuinetes.shop\/es\/wp-json\/wp\/v2\/product\/35984","targetHints":{"allow":["GET"]}}],"collection":[{"href":"https:\/\/cuinetes.shop\/es\/wp-json\/wp\/v2\/product"}],"about":[{"href":"https:\/\/cuinetes.shop\/es\/wp-json\/wp\/v2\/types\/product"}],"replies":[{"embeddable":true,"href":"https:\/\/cuinetes.shop\/es\/wp-json\/wp\/v2\/comments?post=35984"}],"wp:featuredmedia":[{"embeddable":true,"href":"https:\/\/cuinetes.shop\/es\/wp-json\/wp\/v2\/media\/35830"}],"wp:attachment":[{"href":"https:\/\/cuinetes.shop\/es\/wp-json\/wp\/v2\/media?parent=35984"}],"wp:term":[{"taxonomy":"product_cat","embeddable":true,"href":"https:\/\/cuinetes.shop\/es\/wp-json\/wp\/v2\/product_cat?post=35984"},{"taxonomy":"product_tag","embeddable":true,"href":"https:\/\/cuinetes.shop\/es\/wp-json\/wp\/v2\/product_tag?post=35984"}],"curies":[{"name":"wp","href":"https:\/\/api.w.org\/{rel}","templated":true}]}}