
{"id":35990,"date":"2025-10-16T17:30:54","date_gmt":"2025-10-16T15:30:54","guid":{"rendered":"https:\/\/cuinetes.shop\/?post_type=product&#038;p=35990"},"modified":"2025-10-21T18:48:58","modified_gmt":"2025-10-21T16:48:58","slug":"cuenco-ceramico-surtido-51-cl-happy-simply","status":"publish","type":"product","link":"https:\/\/cuinetes.shop\/es\/producto\/cuenco-ceramico-surtido-51-cl-happy-simply\/","title":{"rendered":"Cuenco Cer\u00e1mico Surtido 51 cl Happy Simply"},"content":{"rendered":"<p>Estos Cuencos de colores vivos son ideales para dar un toque alegre y moderno a tu mesa. Hechos de cer\u00e1mica resistente, son perfectas tanto para el uso diario como para ocasiones especiales. El conjunto incluye cuatro boles en diferentes tonalidades- Naranja, Verd, Amarillo y Azul, que aportan variedad y estilo a cualquier comida.<\/p>\n<p>Los puedes utilizar para servir cereales, postres, sopas o snacks. Adem\u00e1s, son f\u00e1ciles de limpiar y aptos para el lavaplatos y el microondas. Un complemento pr\u00e1ctico y decorativo para tu hogar!<\/p>\n","protected":false},"excerpt":{"rendered":"<p>Estos Cuencos de colores vivos son ideales para dar un toque alegre y moderno a tu mesa. Hechos de cer\u00e1mica resistente, son perfectas tanto para el uso diario como para ocasiones especiales. El conjunto incluye cuatro boles en diferentes tonalidades- Naranja, Verd, Amarillo y Azul, que aportan variedad y estilo a cualquier comida. Los puedes [&hellip;]<\/p>\n","protected":false},"featured_media":35817,"comment_status":"closed","ping_status":"closed","template":"","meta":[],"product_cat":[812,691],"product_tag":[1486],"class_list":{"0":"post-35990","1":"product","2":"type-product","3":"status-publish","4":"has-post-thumbnail","6":"product_cat-cuencos","7":"product_cat-preparar-es","8":"product_tag-51-cl","11":"first","12":"instock","13":"taxable","14":"shipping-taxable","15":"purchasable","16":"product-type-simple"},"yoast_head":"<!-- This site is optimized with the Yoast SEO plugin v26.1.1 - https:\/\/yoast.com\/wordpress\/plugins\/seo\/ -->\n<title>Cuenco Cer\u00e1mico Surtido 51 cl Happy Simply - Tienda de utensilios de cocina - Cuinetes<\/title>\n<meta name=\"robots\" content=\"index, follow, max-snippet:-1, max-image-preview:large, max-video-preview:-1\" \/>\n<link rel=\"canonical\" href=\"https:\/\/cuinetes.shop\/es\/producto\/cuenco-ceramico-surtido-51-cl-happy-simply\/\" \/>\n<meta property=\"og:locale\" content=\"es_ES\" \/>\n<meta property=\"og:type\" content=\"article\" \/>\n<meta property=\"og:title\" content=\"Cuenco Cer\u00e1mico Surtido 51 cl Happy Simply - Tienda de utensilios de cocina - Cuinetes\" \/>\n<meta property=\"og:description\" content=\"Estos Cuencos de colores vivos son ideales para dar un toque alegre y moderno a tu mesa. Hechos de cer\u00e1mica resistente, son perfectas tanto para el uso diario como para ocasiones especiales. El conjunto incluye cuatro boles en diferentes tonalidades- Naranja, Verd, Amarillo y Azul, que aportan variedad y estilo a cualquier comida. Los puedes [&hellip;]\" \/>\n<meta property=\"og:url\" content=\"https:\/\/cuinetes.shop\/es\/producto\/cuenco-ceramico-surtido-51-cl-happy-simply\/\" \/>\n<meta property=\"og:site_name\" content=\"Tienda de utensilios de cocina - Cuinetes\" \/>\n<meta property=\"article:modified_time\" content=\"2025-10-21T16:48:58+00:00\" \/>\n<meta property=\"og:image\" content=\"https:\/\/cuinetes.shop\/wp-content\/uploads\/2025\/10\/Captura.PNG-BOLS.png\" \/>\n\t<meta property=\"og:image:width\" content=\"908\" \/>\n\t<meta property=\"og:image:height\" content=\"673\" \/>\n\t<meta property=\"og:image:type\" content=\"image\/png\" \/>\n<meta name=\"twitter:card\" content=\"summary_large_image\" \/>\n<script type=\"application\/ld+json\" class=\"yoast-schema-graph\">{\"@context\":\"https:\/\/schema.org\",\"@graph\":[{\"@type\":\"WebPage\",\"@id\":\"https:\/\/cuinetes.shop\/es\/producto\/cuenco-ceramico-surtido-51-cl-happy-simply\/\",\"url\":\"https:\/\/cuinetes.shop\/es\/producto\/cuenco-ceramico-surtido-51-cl-happy-simply\/\",\"name\":\"Cuenco Cer\u00e1mico Surtido 51 cl Happy Simply - Tienda de utensilios de cocina - Cuinetes\",\"isPartOf\":{\"@id\":\"https:\/\/cuinetes.shop\/es\/#website\"},\"primaryImageOfPage\":{\"@id\":\"https:\/\/cuinetes.shop\/es\/producto\/cuenco-ceramico-surtido-51-cl-happy-simply\/#primaryimage\"},\"image\":{\"@id\":\"https:\/\/cuinetes.shop\/es\/producto\/cuenco-ceramico-surtido-51-cl-happy-simply\/#primaryimage\"},\"thumbnailUrl\":\"https:\/\/cuinetes.shop\/wp-content\/uploads\/2025\/10\/Captura.PNG-BOLS.png\",\"datePublished\":\"2025-10-16T15:30:54+00:00\",\"dateModified\":\"2025-10-21T16:48:58+00:00\",\"breadcrumb\":{\"@id\":\"https:\/\/cuinetes.shop\/es\/producto\/cuenco-ceramico-surtido-51-cl-happy-simply\/#breadcrumb\"},\"inLanguage\":\"es\",\"potentialAction\":[{\"@type\":\"ReadAction\",\"target\":[\"https:\/\/cuinetes.shop\/es\/producto\/cuenco-ceramico-surtido-51-cl-happy-simply\/\"]}]},{\"@type\":\"ImageObject\",\"inLanguage\":\"es\",\"@id\":\"https:\/\/cuinetes.shop\/es\/producto\/cuenco-ceramico-surtido-51-cl-happy-simply\/#primaryimage\",\"url\":\"https:\/\/cuinetes.shop\/wp-content\/uploads\/2025\/10\/Captura.PNG-BOLS.png\",\"contentUrl\":\"https:\/\/cuinetes.shop\/wp-content\/uploads\/2025\/10\/Captura.PNG-BOLS.png\",\"width\":908,\"height\":673},{\"@type\":\"BreadcrumbList\",\"@id\":\"https:\/\/cuinetes.shop\/es\/producto\/cuenco-ceramico-surtido-51-cl-happy-simply\/#breadcrumb\",\"itemListElement\":[{\"@type\":\"ListItem\",\"position\":1,\"name\":\"Home\",\"item\":\"https:\/\/cuinetes.shop\/es\/\"},{\"@type\":\"ListItem\",\"position\":2,\"name\":\"Tienda\",\"item\":\"https:\/\/cuinetes.shop\/es\/tienda\/\"},{\"@type\":\"ListItem\",\"position\":3,\"name\":\"Cuenco Cer\u00e1mico Surtido 51 cl Happy Simply\"}]},{\"@type\":\"WebSite\",\"@id\":\"https:\/\/cuinetes.shop\/es\/#website\",\"url\":\"https:\/\/cuinetes.shop\/es\/\",\"name\":\"Tienda de utensilios de cocina - Cuinetes\",\"description\":\"\",\"potentialAction\":[{\"@type\":\"SearchAction\",\"target\":{\"@type\":\"EntryPoint\",\"urlTemplate\":\"https:\/\/cuinetes.shop\/es\/?s={search_term_string}\"},\"query-input\":{\"@type\":\"PropertyValueSpecification\",\"valueRequired\":true,\"valueName\":\"search_term_string\"}}],\"inLanguage\":\"es\"}]}<\/script>\n<!-- \/ Yoast SEO plugin. -->","yoast_head_json":{"title":"Cuenco Cer\u00e1mico Surtido 51 cl Happy Simply - Tienda de utensilios de cocina - Cuinetes","robots":{"index":"index","follow":"follow","max-snippet":"max-snippet:-1","max-image-preview":"max-image-preview:large","max-video-preview":"max-video-preview:-1"},"canonical":"https:\/\/cuinetes.shop\/es\/producto\/cuenco-ceramico-surtido-51-cl-happy-simply\/","og_locale":"es_ES","og_type":"article","og_title":"Cuenco Cer\u00e1mico Surtido 51 cl Happy Simply - Tienda de utensilios de cocina - Cuinetes","og_description":"Estos Cuencos de colores vivos son ideales para dar un toque alegre y moderno a tu mesa. Hechos de cer\u00e1mica resistente, son perfectas tanto para el uso diario como para ocasiones especiales. El conjunto incluye cuatro boles en diferentes tonalidades- Naranja, Verd, Amarillo y Azul, que aportan variedad y estilo a cualquier comida. Los puedes [&hellip;]","og_url":"https:\/\/cuinetes.shop\/es\/producto\/cuenco-ceramico-surtido-51-cl-happy-simply\/","og_site_name":"Tienda de utensilios de cocina - Cuinetes","article_modified_time":"2025-10-21T16:48:58+00:00","og_image":[{"width":908,"height":673,"url":"https:\/\/cuinetes.shop\/wp-content\/uploads\/2025\/10\/Captura.PNG-BOLS.png","type":"image\/png"}],"twitter_card":"summary_large_image","schema":{"@context":"https:\/\/schema.org","@graph":[{"@type":"WebPage","@id":"https:\/\/cuinetes.shop\/es\/producto\/cuenco-ceramico-surtido-51-cl-happy-simply\/","url":"https:\/\/cuinetes.shop\/es\/producto\/cuenco-ceramico-surtido-51-cl-happy-simply\/","name":"Cuenco Cer\u00e1mico Surtido 51 cl Happy Simply - Tienda de utensilios de cocina - Cuinetes","isPartOf":{"@id":"https:\/\/cuinetes.shop\/es\/#website"},"primaryImageOfPage":{"@id":"https:\/\/cuinetes.shop\/es\/producto\/cuenco-ceramico-surtido-51-cl-happy-simply\/#primaryimage"},"image":{"@id":"https:\/\/cuinetes.shop\/es\/producto\/cuenco-ceramico-surtido-51-cl-happy-simply\/#primaryimage"},"thumbnailUrl":"https:\/\/cuinetes.shop\/wp-content\/uploads\/2025\/10\/Captura.PNG-BOLS.png","datePublished":"2025-10-16T15:30:54+00:00","dateModified":"2025-10-21T16:48:58+00:00","breadcrumb":{"@id":"https:\/\/cuinetes.shop\/es\/producto\/cuenco-ceramico-surtido-51-cl-happy-simply\/#breadcrumb"},"inLanguage":"es","potentialAction":[{"@type":"ReadAction","target":["https:\/\/cuinetes.shop\/es\/producto\/cuenco-ceramico-surtido-51-cl-happy-simply\/"]}]},{"@type":"ImageObject","inLanguage":"es","@id":"https:\/\/cuinetes.shop\/es\/producto\/cuenco-ceramico-surtido-51-cl-happy-simply\/#primaryimage","url":"https:\/\/cuinetes.shop\/wp-content\/uploads\/2025\/10\/Captura.PNG-BOLS.png","contentUrl":"https:\/\/cuinetes.shop\/wp-content\/uploads\/2025\/10\/Captura.PNG-BOLS.png","width":908,"height":673},{"@type":"BreadcrumbList","@id":"https:\/\/cuinetes.shop\/es\/producto\/cuenco-ceramico-surtido-51-cl-happy-simply\/#breadcrumb","itemListElement":[{"@type":"ListItem","position":1,"name":"Home","item":"https:\/\/cuinetes.shop\/es\/"},{"@type":"ListItem","position":2,"name":"Tienda","item":"https:\/\/cuinetes.shop\/es\/tienda\/"},{"@type":"ListItem","position":3,"name":"Cuenco Cer\u00e1mico Surtido 51 cl Happy Simply"}]},{"@type":"WebSite","@id":"https:\/\/cuinetes.shop\/es\/#website","url":"https:\/\/cuinetes.shop\/es\/","name":"Tienda de utensilios de cocina - Cuinetes","description":"","potentialAction":[{"@type":"SearchAction","target":{"@type":"EntryPoint","urlTemplate":"https:\/\/cuinetes.shop\/es\/?s={search_term_string}"},"query-input":{"@type":"PropertyValueSpecification","valueRequired":true,"valueName":"search_term_string"}}],"inLanguage":"es"}]}},"_links":{"self":[{"href":"https:\/\/cuinetes.shop\/es\/wp-json\/wp\/v2\/product\/35990","targetHints":{"allow":["GET"]}}],"collection":[{"href":"https:\/\/cuinetes.shop\/es\/wp-json\/wp\/v2\/product"}],"about":[{"href":"https:\/\/cuinetes.shop\/es\/wp-json\/wp\/v2\/types\/product"}],"replies":[{"embeddable":true,"href":"https:\/\/cuinetes.shop\/es\/wp-json\/wp\/v2\/comments?post=35990"}],"wp:featuredmedia":[{"embeddable":true,"href":"https:\/\/cuinetes.shop\/es\/wp-json\/wp\/v2\/media\/35817"}],"wp:attachment":[{"href":"https:\/\/cuinetes.shop\/es\/wp-json\/wp\/v2\/media?parent=35990"}],"wp:term":[{"taxonomy":"product_cat","embeddable":true,"href":"https:\/\/cuinetes.shop\/es\/wp-json\/wp\/v2\/product_cat?post=35990"},{"taxonomy":"product_tag","embeddable":true,"href":"https:\/\/cuinetes.shop\/es\/wp-json\/wp\/v2\/product_tag?post=35990"}],"curies":[{"name":"wp","href":"https:\/\/api.w.org\/{rel}","templated":true}]}}