
{"id":36008,"date":"2025-09-27T18:14:05","date_gmt":"2025-09-27T16:14:05","guid":{"rendered":"https:\/\/cuinetes.shop\/?post_type=product&#038;p=36008"},"modified":"2025-10-21T19:48:23","modified_gmt":"2025-10-21T17:48:23","slug":"botella-runbott-mii-60-cl-lavanda","status":"publish","type":"product","link":"https:\/\/cuinetes.shop\/es\/producto\/botella-runbott-mii-60-cl-lavanda\/","title":{"rendered":"Botella Runbott Mii 60 cl Lavanda"},"content":{"rendered":"<p>Botella Mii 60 termo redefine la experiencia de llevar tu bebida favorita contigo. Con un dise\u00f1o moderno y tecnolog\u00eda punta, esta botella te ofrece un dise\u00f1o exclusivo con aislamiento al vac\u00edo: mantiene bebidas fr\u00edas hasta 32h y calientes hasta 24h, sin condensaci\u00f3n exterior.<br \/>\nTecnolog\u00eda\u00a0Evertaste\u00ae, que mantiene inalterable el sabor gracias al recubrimiento t\u00e9cnico cer\u00e1mico. Evita sabores met\u00e1licos y preserva propiedades organol\u00e9pticas.<br \/>\nTap\u00f3n herm\u00e9tico con filtro oculto, que regula el caudal para mayor higiene y confort.<\/p>\n","protected":false},"excerpt":{"rendered":"<p>Botella Mii 60 termo redefine la experiencia de llevar tu bebida favorita contigo. Con un dise\u00f1o moderno y tecnolog\u00eda punta, esta botella te ofrece un dise\u00f1o exclusivo con aislamiento al vac\u00edo: mantiene bebidas fr\u00edas hasta 32h y calientes hasta 24h, sin condensaci\u00f3n exterior. Tecnolog\u00eda\u00a0Evertaste\u00ae, que mantiene inalterable el sabor gracias al recubrimiento t\u00e9cnico cer\u00e1mico. Evita [&hellip;]<\/p>\n","protected":false},"featured_media":35432,"comment_status":"closed","ping_status":"closed","template":"","meta":[],"product_cat":[839,803,801,767,808],"product_tag":[1278,1492],"class_list":{"0":"post-36008","1":"product","2":"type-product","3":"status-publish","4":"has-post-thumbnail","6":"product_cat-botellas","7":"product_cat-botellas-para-llevar","8":"product_cat-en-la-escuela","9":"product_cat-los-mas-vendidos","10":"product_cat-termos-es","11":"product_tag-sostenible-es","12":"product_tag-termo","15":"first","16":"instock","17":"taxable","18":"shipping-taxable","19":"purchasable","20":"product-type-simple"},"yoast_head":"<!-- This site is optimized with the Yoast SEO plugin v26.1.1 - https:\/\/yoast.com\/wordpress\/plugins\/seo\/ -->\n<title>Botella Runbott Mii 60 cl Lavanda - Tienda de utensilios de cocina - Cuinetes<\/title>\n<meta name=\"robots\" content=\"index, follow, max-snippet:-1, max-image-preview:large, max-video-preview:-1\" \/>\n<link rel=\"canonical\" href=\"https:\/\/cuinetes.shop\/es\/producto\/botella-runbott-mii-60-cl-lavanda\/\" \/>\n<meta property=\"og:locale\" content=\"es_ES\" \/>\n<meta property=\"og:type\" content=\"article\" \/>\n<meta property=\"og:title\" content=\"Botella Runbott Mii 60 cl Lavanda - Tienda de utensilios de cocina - Cuinetes\" \/>\n<meta property=\"og:description\" content=\"Botella Mii 60 termo redefine la experiencia de llevar tu bebida favorita contigo. Con un dise\u00f1o moderno y tecnolog\u00eda punta, esta botella te ofrece un dise\u00f1o exclusivo con aislamiento al vac\u00edo: mantiene bebidas fr\u00edas hasta 32h y calientes hasta 24h, sin condensaci\u00f3n exterior. Tecnolog\u00eda\u00a0Evertaste\u00ae, que mantiene inalterable el sabor gracias al recubrimiento t\u00e9cnico cer\u00e1mico. Evita [&hellip;]\" \/>\n<meta property=\"og:url\" content=\"https:\/\/cuinetes.shop\/es\/producto\/botella-runbott-mii-60-cl-lavanda\/\" \/>\n<meta property=\"og:site_name\" content=\"Tienda de utensilios de cocina - Cuinetes\" \/>\n<meta property=\"article:modified_time\" content=\"2025-10-21T17:48:23+00:00\" \/>\n<meta property=\"og:image\" content=\"https:\/\/cuinetes.shop\/wp-content\/uploads\/2025\/09\/rumbott-lavender-2-734x1000-1.png\" \/>\n\t<meta property=\"og:image:width\" content=\"734\" \/>\n\t<meta property=\"og:image:height\" content=\"1000\" \/>\n\t<meta property=\"og:image:type\" content=\"image\/png\" \/>\n<meta name=\"twitter:card\" content=\"summary_large_image\" \/>\n<script type=\"application\/ld+json\" class=\"yoast-schema-graph\">{\"@context\":\"https:\/\/schema.org\",\"@graph\":[{\"@type\":\"WebPage\",\"@id\":\"https:\/\/cuinetes.shop\/es\/producto\/botella-runbott-mii-60-cl-lavanda\/\",\"url\":\"https:\/\/cuinetes.shop\/es\/producto\/botella-runbott-mii-60-cl-lavanda\/\",\"name\":\"Botella Runbott Mii 60 cl Lavanda - Tienda de utensilios de cocina - Cuinetes\",\"isPartOf\":{\"@id\":\"https:\/\/cuinetes.shop\/es\/#website\"},\"primaryImageOfPage\":{\"@id\":\"https:\/\/cuinetes.shop\/es\/producto\/botella-runbott-mii-60-cl-lavanda\/#primaryimage\"},\"image\":{\"@id\":\"https:\/\/cuinetes.shop\/es\/producto\/botella-runbott-mii-60-cl-lavanda\/#primaryimage\"},\"thumbnailUrl\":\"https:\/\/cuinetes.shop\/wp-content\/uploads\/2025\/09\/rumbott-lavender-2-734x1000-1.png\",\"datePublished\":\"2025-09-27T16:14:05+00:00\",\"dateModified\":\"2025-10-21T17:48:23+00:00\",\"breadcrumb\":{\"@id\":\"https:\/\/cuinetes.shop\/es\/producto\/botella-runbott-mii-60-cl-lavanda\/#breadcrumb\"},\"inLanguage\":\"es\",\"potentialAction\":[{\"@type\":\"ReadAction\",\"target\":[\"https:\/\/cuinetes.shop\/es\/producto\/botella-runbott-mii-60-cl-lavanda\/\"]}]},{\"@type\":\"ImageObject\",\"inLanguage\":\"es\",\"@id\":\"https:\/\/cuinetes.shop\/es\/producto\/botella-runbott-mii-60-cl-lavanda\/#primaryimage\",\"url\":\"https:\/\/cuinetes.shop\/wp-content\/uploads\/2025\/09\/rumbott-lavender-2-734x1000-1.png\",\"contentUrl\":\"https:\/\/cuinetes.shop\/wp-content\/uploads\/2025\/09\/rumbott-lavender-2-734x1000-1.png\",\"width\":734,\"height\":1000},{\"@type\":\"BreadcrumbList\",\"@id\":\"https:\/\/cuinetes.shop\/es\/producto\/botella-runbott-mii-60-cl-lavanda\/#breadcrumb\",\"itemListElement\":[{\"@type\":\"ListItem\",\"position\":1,\"name\":\"Home\",\"item\":\"https:\/\/cuinetes.shop\/es\/\"},{\"@type\":\"ListItem\",\"position\":2,\"name\":\"Tienda\",\"item\":\"https:\/\/cuinetes.shop\/es\/tienda\/\"},{\"@type\":\"ListItem\",\"position\":3,\"name\":\"Botella Runbott Mii 60 cl Lavanda\"}]},{\"@type\":\"WebSite\",\"@id\":\"https:\/\/cuinetes.shop\/es\/#website\",\"url\":\"https:\/\/cuinetes.shop\/es\/\",\"name\":\"Tienda de utensilios de cocina - Cuinetes\",\"description\":\"\",\"potentialAction\":[{\"@type\":\"SearchAction\",\"target\":{\"@type\":\"EntryPoint\",\"urlTemplate\":\"https:\/\/cuinetes.shop\/es\/?s={search_term_string}\"},\"query-input\":{\"@type\":\"PropertyValueSpecification\",\"valueRequired\":true,\"valueName\":\"search_term_string\"}}],\"inLanguage\":\"es\"}]}<\/script>\n<!-- \/ Yoast SEO plugin. -->","yoast_head_json":{"title":"Botella Runbott Mii 60 cl Lavanda - Tienda de utensilios de cocina - Cuinetes","robots":{"index":"index","follow":"follow","max-snippet":"max-snippet:-1","max-image-preview":"max-image-preview:large","max-video-preview":"max-video-preview:-1"},"canonical":"https:\/\/cuinetes.shop\/es\/producto\/botella-runbott-mii-60-cl-lavanda\/","og_locale":"es_ES","og_type":"article","og_title":"Botella Runbott Mii 60 cl Lavanda - Tienda de utensilios de cocina - Cuinetes","og_description":"Botella Mii 60 termo redefine la experiencia de llevar tu bebida favorita contigo. Con un dise\u00f1o moderno y tecnolog\u00eda punta, esta botella te ofrece un dise\u00f1o exclusivo con aislamiento al vac\u00edo: mantiene bebidas fr\u00edas hasta 32h y calientes hasta 24h, sin condensaci\u00f3n exterior. Tecnolog\u00eda\u00a0Evertaste\u00ae, que mantiene inalterable el sabor gracias al recubrimiento t\u00e9cnico cer\u00e1mico. Evita [&hellip;]","og_url":"https:\/\/cuinetes.shop\/es\/producto\/botella-runbott-mii-60-cl-lavanda\/","og_site_name":"Tienda de utensilios de cocina - Cuinetes","article_modified_time":"2025-10-21T17:48:23+00:00","og_image":[{"width":734,"height":1000,"url":"https:\/\/cuinetes.shop\/wp-content\/uploads\/2025\/09\/rumbott-lavender-2-734x1000-1.png","type":"image\/png"}],"twitter_card":"summary_large_image","schema":{"@context":"https:\/\/schema.org","@graph":[{"@type":"WebPage","@id":"https:\/\/cuinetes.shop\/es\/producto\/botella-runbott-mii-60-cl-lavanda\/","url":"https:\/\/cuinetes.shop\/es\/producto\/botella-runbott-mii-60-cl-lavanda\/","name":"Botella Runbott Mii 60 cl Lavanda - Tienda de utensilios de cocina - Cuinetes","isPartOf":{"@id":"https:\/\/cuinetes.shop\/es\/#website"},"primaryImageOfPage":{"@id":"https:\/\/cuinetes.shop\/es\/producto\/botella-runbott-mii-60-cl-lavanda\/#primaryimage"},"image":{"@id":"https:\/\/cuinetes.shop\/es\/producto\/botella-runbott-mii-60-cl-lavanda\/#primaryimage"},"thumbnailUrl":"https:\/\/cuinetes.shop\/wp-content\/uploads\/2025\/09\/rumbott-lavender-2-734x1000-1.png","datePublished":"2025-09-27T16:14:05+00:00","dateModified":"2025-10-21T17:48:23+00:00","breadcrumb":{"@id":"https:\/\/cuinetes.shop\/es\/producto\/botella-runbott-mii-60-cl-lavanda\/#breadcrumb"},"inLanguage":"es","potentialAction":[{"@type":"ReadAction","target":["https:\/\/cuinetes.shop\/es\/producto\/botella-runbott-mii-60-cl-lavanda\/"]}]},{"@type":"ImageObject","inLanguage":"es","@id":"https:\/\/cuinetes.shop\/es\/producto\/botella-runbott-mii-60-cl-lavanda\/#primaryimage","url":"https:\/\/cuinetes.shop\/wp-content\/uploads\/2025\/09\/rumbott-lavender-2-734x1000-1.png","contentUrl":"https:\/\/cuinetes.shop\/wp-content\/uploads\/2025\/09\/rumbott-lavender-2-734x1000-1.png","width":734,"height":1000},{"@type":"BreadcrumbList","@id":"https:\/\/cuinetes.shop\/es\/producto\/botella-runbott-mii-60-cl-lavanda\/#breadcrumb","itemListElement":[{"@type":"ListItem","position":1,"name":"Home","item":"https:\/\/cuinetes.shop\/es\/"},{"@type":"ListItem","position":2,"name":"Tienda","item":"https:\/\/cuinetes.shop\/es\/tienda\/"},{"@type":"ListItem","position":3,"name":"Botella Runbott Mii 60 cl Lavanda"}]},{"@type":"WebSite","@id":"https:\/\/cuinetes.shop\/es\/#website","url":"https:\/\/cuinetes.shop\/es\/","name":"Tienda de utensilios de cocina - Cuinetes","description":"","potentialAction":[{"@type":"SearchAction","target":{"@type":"EntryPoint","urlTemplate":"https:\/\/cuinetes.shop\/es\/?s={search_term_string}"},"query-input":{"@type":"PropertyValueSpecification","valueRequired":true,"valueName":"search_term_string"}}],"inLanguage":"es"}]}},"_links":{"self":[{"href":"https:\/\/cuinetes.shop\/es\/wp-json\/wp\/v2\/product\/36008","targetHints":{"allow":["GET"]}}],"collection":[{"href":"https:\/\/cuinetes.shop\/es\/wp-json\/wp\/v2\/product"}],"about":[{"href":"https:\/\/cuinetes.shop\/es\/wp-json\/wp\/v2\/types\/product"}],"replies":[{"embeddable":true,"href":"https:\/\/cuinetes.shop\/es\/wp-json\/wp\/v2\/comments?post=36008"}],"wp:featuredmedia":[{"embeddable":true,"href":"https:\/\/cuinetes.shop\/es\/wp-json\/wp\/v2\/media\/35432"}],"wp:attachment":[{"href":"https:\/\/cuinetes.shop\/es\/wp-json\/wp\/v2\/media?parent=36008"}],"wp:term":[{"taxonomy":"product_cat","embeddable":true,"href":"https:\/\/cuinetes.shop\/es\/wp-json\/wp\/v2\/product_cat?post=36008"},{"taxonomy":"product_tag","embeddable":true,"href":"https:\/\/cuinetes.shop\/es\/wp-json\/wp\/v2\/product_tag?post=36008"}],"curies":[{"name":"wp","href":"https:\/\/api.w.org\/{rel}","templated":true}]}}