
{"id":36012,"date":"2025-08-09T19:13:59","date_gmt":"2025-08-09T17:13:59","guid":{"rendered":"https:\/\/cuinetes.shop\/?post_type=product&#038;p=36012"},"modified":"2025-10-22T00:56:46","modified_gmt":"2025-10-21T22:56:46","slug":"botellas-termo-infantiles-260-ml","status":"publish","type":"product","link":"https:\/\/cuinetes.shop\/es\/producto\/botellas-termo-infantiles-260-ml\/","title":{"rendered":"Botellas Termo Infantiles 260 ml"},"content":{"rendered":"<p>Est\u00e1n fabricados con el mejor acero inoxidable de grado alimenticio 18\/8-304, tanto en las capas internas como en las externas, a diferencia de otras muchas marcas de botellas de acero inoxidable, que recubren la capa externa con acero de peor calidad, justo por donde bebes\u2026<\/p>\n<p>Pero todav\u00eda podemos decirte m\u00e1s: Nuestra botella no contiene BPA (Bisfenol A). As\u00ed que olv\u00eddate de dudas en la hora de beber.<\/p>\n<p>Un tap\u00f3n especial convierte a tu botella de acero inoxidable y t\u00e9rmica en completamente herm\u00e9tica, por lo cual tendr\u00e1s plena seguridad porque te acompa\u00f1e en tu bolsa o\u00a0 mochila.<\/p>\n","protected":false},"excerpt":{"rendered":"<p>Bebidas 36 horas fr\u00edas y 18 calientes<\/p>\n<p>Incluye : Tap\u00f3n Normal y con Ca\u00f1a + Cepillo de limpieza ca\u00f1a<br \/>\nTriple\u00a0Cool\u2122\u00a0Technology: bebidas 36 horas fr\u00edas y 18 calientes<br \/>\nTacto en relevo 3D<br \/>\nHerm\u00e9tica: tap\u00f3n a prueba de huidas<br \/>\nAcero inoxidable de grado alimenticio 18\/8<br \/>\nCompletamente libro de\u00a0BPA, ftalatos y toxinas<br \/>\nApta para bebidas \u00e1cidas y carbonatadas<br \/>\nNo retiene ni emite ning\u00fan gusto u olor<br \/>\nLibre de condensaci\u00f3n: no sudar\u00e1 en tus manos<br \/>\nPermite superar los controles de seguridad en aeropuertos<br \/>\nLavar a mano<\/p>\n","protected":false},"featured_media":35324,"comment_status":"closed","ping_status":"closed","template":"","meta":[],"product_cat":[803,801,805,808],"product_tag":[1278,1492],"class_list":{"0":"post-36012","1":"product","2":"type-product","3":"status-publish","4":"has-post-thumbnail","6":"product_cat-botellas-para-llevar","7":"product_cat-en-la-escuela","8":"product_cat-infantil-es","9":"product_cat-termos-es","10":"product_tag-sostenible-es","11":"product_tag-termo","14":"first","15":"instock","16":"taxable","17":"shipping-taxable","18":"purchasable","19":"product-type-variable"},"yoast_head":"<!-- This site is optimized with the Yoast SEO plugin v26.1.1 - https:\/\/yoast.com\/wordpress\/plugins\/seo\/ -->\n<title>Botellas Termo Infantiles 260 ml - Tienda de utensilios de cocina - Cuinetes<\/title>\n<meta name=\"robots\" content=\"index, follow, max-snippet:-1, max-image-preview:large, max-video-preview:-1\" \/>\n<link rel=\"canonical\" href=\"https:\/\/cuinetes.shop\/es\/producto\/botellas-termo-infantiles-260-ml\/\" \/>\n<meta property=\"og:locale\" content=\"es_ES\" \/>\n<meta property=\"og:type\" content=\"article\" \/>\n<meta property=\"og:title\" content=\"Botellas Termo Infantiles 260 ml - Tienda de utensilios de cocina - Cuinetes\" \/>\n<meta property=\"og:description\" content=\"Bebidas 36 horas fr\u00edas y 18 calientes  Incluye : Tap\u00f3n Normal y con Ca\u00f1a + Cepillo de limpieza ca\u00f1a Triple\u00a0Cool\u2122\u00a0Technology: bebidas 36 horas fr\u00edas y 18 calientes Tacto en relevo 3D Herm\u00e9tica: tap\u00f3n a prueba de huidas Acero inoxidable de grado alimenticio 18\/8 Completamente libro de\u00a0BPA, ftalatos y toxinas Apta para bebidas \u00e1cidas y carbonatadas No retiene ni emite ning\u00fan gusto u olor Libre de condensaci\u00f3n: no sudar\u00e1 en tus manos Permite superar los controles de seguridad en aeropuertos Lavar a mano\" \/>\n<meta property=\"og:url\" content=\"https:\/\/cuinetes.shop\/es\/producto\/botellas-termo-infantiles-260-ml\/\" \/>\n<meta property=\"og:site_name\" content=\"Tienda de utensilios de cocina - Cuinetes\" \/>\n<meta property=\"article:modified_time\" content=\"2025-10-21T22:56:46+00:00\" \/>\n<meta property=\"og:image\" content=\"https:\/\/cuinetes.shop\/wp-content\/uploads\/2025\/08\/BOTELLA-734X1000-PIXELS-ANIMALS-TAP-NORMAL.png\" \/>\n\t<meta property=\"og:image:width\" content=\"734\" \/>\n\t<meta property=\"og:image:height\" content=\"1000\" \/>\n\t<meta property=\"og:image:type\" content=\"image\/png\" \/>\n<meta name=\"twitter:card\" content=\"summary_large_image\" \/>\n<meta name=\"twitter:label1\" content=\"Est. reading time\" \/>\n\t<meta name=\"twitter:data1\" content=\"1 minute\" \/>\n<script type=\"application\/ld+json\" class=\"yoast-schema-graph\">{\"@context\":\"https:\/\/schema.org\",\"@graph\":[{\"@type\":\"WebPage\",\"@id\":\"https:\/\/cuinetes.shop\/es\/producto\/botellas-termo-infantiles-260-ml\/\",\"url\":\"https:\/\/cuinetes.shop\/es\/producto\/botellas-termo-infantiles-260-ml\/\",\"name\":\"Botellas Termo Infantiles 260 ml - Tienda de utensilios de cocina - Cuinetes\",\"isPartOf\":{\"@id\":\"https:\/\/cuinetes.shop\/es\/#website\"},\"primaryImageOfPage\":{\"@id\":\"https:\/\/cuinetes.shop\/es\/producto\/botellas-termo-infantiles-260-ml\/#primaryimage\"},\"image\":{\"@id\":\"https:\/\/cuinetes.shop\/es\/producto\/botellas-termo-infantiles-260-ml\/#primaryimage\"},\"thumbnailUrl\":\"https:\/\/cuinetes.shop\/wp-content\/uploads\/2025\/08\/BOTELLA-734X1000-PIXELS-ANIMALS-TAP-NORMAL.png\",\"datePublished\":\"2025-08-09T17:13:59+00:00\",\"dateModified\":\"2025-10-21T22:56:46+00:00\",\"breadcrumb\":{\"@id\":\"https:\/\/cuinetes.shop\/es\/producto\/botellas-termo-infantiles-260-ml\/#breadcrumb\"},\"inLanguage\":\"es\",\"potentialAction\":[{\"@type\":\"ReadAction\",\"target\":[\"https:\/\/cuinetes.shop\/es\/producto\/botellas-termo-infantiles-260-ml\/\"]}]},{\"@type\":\"ImageObject\",\"inLanguage\":\"es\",\"@id\":\"https:\/\/cuinetes.shop\/es\/producto\/botellas-termo-infantiles-260-ml\/#primaryimage\",\"url\":\"https:\/\/cuinetes.shop\/wp-content\/uploads\/2025\/08\/BOTELLA-734X1000-PIXELS-ANIMALS-TAP-NORMAL.png\",\"contentUrl\":\"https:\/\/cuinetes.shop\/wp-content\/uploads\/2025\/08\/BOTELLA-734X1000-PIXELS-ANIMALS-TAP-NORMAL.png\",\"width\":734,\"height\":1000},{\"@type\":\"BreadcrumbList\",\"@id\":\"https:\/\/cuinetes.shop\/es\/producto\/botellas-termo-infantiles-260-ml\/#breadcrumb\",\"itemListElement\":[{\"@type\":\"ListItem\",\"position\":1,\"name\":\"Home\",\"item\":\"https:\/\/cuinetes.shop\/es\/\"},{\"@type\":\"ListItem\",\"position\":2,\"name\":\"Tienda\",\"item\":\"https:\/\/cuinetes.shop\/es\/tienda\/\"},{\"@type\":\"ListItem\",\"position\":3,\"name\":\"Botellas Termo Infantiles 260 ml\"}]},{\"@type\":\"WebSite\",\"@id\":\"https:\/\/cuinetes.shop\/es\/#website\",\"url\":\"https:\/\/cuinetes.shop\/es\/\",\"name\":\"Tienda de utensilios de cocina - Cuinetes\",\"description\":\"\",\"potentialAction\":[{\"@type\":\"SearchAction\",\"target\":{\"@type\":\"EntryPoint\",\"urlTemplate\":\"https:\/\/cuinetes.shop\/es\/?s={search_term_string}\"},\"query-input\":{\"@type\":\"PropertyValueSpecification\",\"valueRequired\":true,\"valueName\":\"search_term_string\"}}],\"inLanguage\":\"es\"}]}<\/script>\n<!-- \/ Yoast SEO plugin. -->","yoast_head_json":{"title":"Botellas Termo Infantiles 260 ml - Tienda de utensilios de cocina - Cuinetes","robots":{"index":"index","follow":"follow","max-snippet":"max-snippet:-1","max-image-preview":"max-image-preview:large","max-video-preview":"max-video-preview:-1"},"canonical":"https:\/\/cuinetes.shop\/es\/producto\/botellas-termo-infantiles-260-ml\/","og_locale":"es_ES","og_type":"article","og_title":"Botellas Termo Infantiles 260 ml - Tienda de utensilios de cocina - Cuinetes","og_description":"Bebidas 36 horas fr\u00edas y 18 calientes  Incluye : Tap\u00f3n Normal y con Ca\u00f1a + Cepillo de limpieza ca\u00f1a Triple\u00a0Cool\u2122\u00a0Technology: bebidas 36 horas fr\u00edas y 18 calientes Tacto en relevo 3D Herm\u00e9tica: tap\u00f3n a prueba de huidas Acero inoxidable de grado alimenticio 18\/8 Completamente libro de\u00a0BPA, ftalatos y toxinas Apta para bebidas \u00e1cidas y carbonatadas No retiene ni emite ning\u00fan gusto u olor Libre de condensaci\u00f3n: no sudar\u00e1 en tus manos Permite superar los controles de seguridad en aeropuertos Lavar a mano","og_url":"https:\/\/cuinetes.shop\/es\/producto\/botellas-termo-infantiles-260-ml\/","og_site_name":"Tienda de utensilios de cocina - Cuinetes","article_modified_time":"2025-10-21T22:56:46+00:00","og_image":[{"width":734,"height":1000,"url":"https:\/\/cuinetes.shop\/wp-content\/uploads\/2025\/08\/BOTELLA-734X1000-PIXELS-ANIMALS-TAP-NORMAL.png","type":"image\/png"}],"twitter_card":"summary_large_image","twitter_misc":{"Est. reading time":"1 minute"},"schema":{"@context":"https:\/\/schema.org","@graph":[{"@type":"WebPage","@id":"https:\/\/cuinetes.shop\/es\/producto\/botellas-termo-infantiles-260-ml\/","url":"https:\/\/cuinetes.shop\/es\/producto\/botellas-termo-infantiles-260-ml\/","name":"Botellas Termo Infantiles 260 ml - Tienda de utensilios de cocina - Cuinetes","isPartOf":{"@id":"https:\/\/cuinetes.shop\/es\/#website"},"primaryImageOfPage":{"@id":"https:\/\/cuinetes.shop\/es\/producto\/botellas-termo-infantiles-260-ml\/#primaryimage"},"image":{"@id":"https:\/\/cuinetes.shop\/es\/producto\/botellas-termo-infantiles-260-ml\/#primaryimage"},"thumbnailUrl":"https:\/\/cuinetes.shop\/wp-content\/uploads\/2025\/08\/BOTELLA-734X1000-PIXELS-ANIMALS-TAP-NORMAL.png","datePublished":"2025-08-09T17:13:59+00:00","dateModified":"2025-10-21T22:56:46+00:00","breadcrumb":{"@id":"https:\/\/cuinetes.shop\/es\/producto\/botellas-termo-infantiles-260-ml\/#breadcrumb"},"inLanguage":"es","potentialAction":[{"@type":"ReadAction","target":["https:\/\/cuinetes.shop\/es\/producto\/botellas-termo-infantiles-260-ml\/"]}]},{"@type":"ImageObject","inLanguage":"es","@id":"https:\/\/cuinetes.shop\/es\/producto\/botellas-termo-infantiles-260-ml\/#primaryimage","url":"https:\/\/cuinetes.shop\/wp-content\/uploads\/2025\/08\/BOTELLA-734X1000-PIXELS-ANIMALS-TAP-NORMAL.png","contentUrl":"https:\/\/cuinetes.shop\/wp-content\/uploads\/2025\/08\/BOTELLA-734X1000-PIXELS-ANIMALS-TAP-NORMAL.png","width":734,"height":1000},{"@type":"BreadcrumbList","@id":"https:\/\/cuinetes.shop\/es\/producto\/botellas-termo-infantiles-260-ml\/#breadcrumb","itemListElement":[{"@type":"ListItem","position":1,"name":"Home","item":"https:\/\/cuinetes.shop\/es\/"},{"@type":"ListItem","position":2,"name":"Tienda","item":"https:\/\/cuinetes.shop\/es\/tienda\/"},{"@type":"ListItem","position":3,"name":"Botellas Termo Infantiles 260 ml"}]},{"@type":"WebSite","@id":"https:\/\/cuinetes.shop\/es\/#website","url":"https:\/\/cuinetes.shop\/es\/","name":"Tienda de utensilios de cocina - Cuinetes","description":"","potentialAction":[{"@type":"SearchAction","target":{"@type":"EntryPoint","urlTemplate":"https:\/\/cuinetes.shop\/es\/?s={search_term_string}"},"query-input":{"@type":"PropertyValueSpecification","valueRequired":true,"valueName":"search_term_string"}}],"inLanguage":"es"}]}},"_links":{"self":[{"href":"https:\/\/cuinetes.shop\/es\/wp-json\/wp\/v2\/product\/36012","targetHints":{"allow":["GET"]}}],"collection":[{"href":"https:\/\/cuinetes.shop\/es\/wp-json\/wp\/v2\/product"}],"about":[{"href":"https:\/\/cuinetes.shop\/es\/wp-json\/wp\/v2\/types\/product"}],"replies":[{"embeddable":true,"href":"https:\/\/cuinetes.shop\/es\/wp-json\/wp\/v2\/comments?post=36012"}],"wp:featuredmedia":[{"embeddable":true,"href":"https:\/\/cuinetes.shop\/es\/wp-json\/wp\/v2\/media\/35324"}],"wp:attachment":[{"href":"https:\/\/cuinetes.shop\/es\/wp-json\/wp\/v2\/media?parent=36012"}],"wp:term":[{"taxonomy":"product_cat","embeddable":true,"href":"https:\/\/cuinetes.shop\/es\/wp-json\/wp\/v2\/product_cat?post=36012"},{"taxonomy":"product_tag","embeddable":true,"href":"https:\/\/cuinetes.shop\/es\/wp-json\/wp\/v2\/product_tag?post=36012"}],"curies":[{"name":"wp","href":"https:\/\/api.w.org\/{rel}","templated":true}]}}