
{"id":36019,"date":"2025-09-28T18:22:10","date_gmt":"2025-09-28T16:22:10","guid":{"rendered":"https:\/\/cuinetes.shop\/?post_type=product&#038;p=36019"},"modified":"2025-10-23T10:25:35","modified_gmt":"2025-10-23T08:25:35","slug":"paellas-acero-inox-trichef","status":"publish","type":"product","link":"https:\/\/cuinetes.shop\/es\/producto\/paellas-acero-inox-trichef\/","title":{"rendered":"Sartenes Acero Inox TriChef"},"content":{"rendered":"<p>Cuerpo fabricado en 3 capas de m\u00e1xima calidad: Acero Inoxidable 18\/10, Aluminio y Acero Inoxidable 18%<br \/>\nDistribuci\u00f3n r\u00e1pida y uniformo del calor por toda la superficie (tanto por la base como por los laterales)<br \/>\nMango ergon\u00f3mico fabricado en acero inoxidable 18\/10 de m\u00e1xima calidad.<br \/>\nAptos para todo tipo de cocinas, incluida la inducci\u00f3n.<br \/>\nM\u00e1xima garant\u00eda en cuanto a resistencia, durabilidad e higiene.<br \/>\nAptos para el horno (hasta 260 \u00b0C) y lavavajillas.<br \/>\nTres tama\u00f1os disponibles | 20cm, 24cm y 28cm<\/p>\n","protected":false},"excerpt":{"rendered":"<p>Cuerpo fabricado en 3 capas de m\u00e1xima calidad: Acero Inoxidable 18\/10, Aluminio y Acero Inoxidable 18% Distribuci\u00f3n r\u00e1pida y uniformo del calor por toda la superficie (tanto por la base como por los laterales) Mango ergon\u00f3mico fabricado en acero inoxidable 18\/10 de m\u00e1xima calidad. Aptos para todo tipo de cocinas, incluida la inducci\u00f3n. M\u00e1xima garant\u00eda [&hellip;]<\/p>\n","protected":false},"featured_media":35492,"comment_status":"closed","ping_status":"closed","template":"","meta":[],"product_cat":[767,696,838],"product_tag":[1495,1467],"class_list":{"0":"post-36019","1":"product","2":"type-product","3":"status-publish","4":"has-post-thumbnail","6":"product_brand-lacor-es","7":"product_cat-los-mas-vendidos","8":"product_cat-sartenes","9":"product_cat-sostenibilidad","10":"product_tag-20-cm","11":"product_tag-acer-inox","14":"first","15":"instock","16":"taxable","17":"shipping-taxable","18":"purchasable","19":"product-type-variable"},"yoast_head":"<!-- This site is optimized with the Yoast SEO plugin v26.1.1 - https:\/\/yoast.com\/wordpress\/plugins\/seo\/ -->\n<title>Sartenes Acero Inox TriChef - Tienda de utensilios de cocina - Cuinetes<\/title>\n<meta name=\"robots\" content=\"index, follow, max-snippet:-1, max-image-preview:large, max-video-preview:-1\" \/>\n<link rel=\"canonical\" href=\"https:\/\/cuinetes.shop\/es\/producto\/paellas-acero-inox-trichef\/\" \/>\n<meta property=\"og:locale\" content=\"es_ES\" \/>\n<meta property=\"og:type\" content=\"article\" \/>\n<meta property=\"og:title\" content=\"Sartenes Acero Inox TriChef - Tienda de utensilios de cocina - Cuinetes\" \/>\n<meta property=\"og:description\" content=\"Cuerpo fabricado en 3 capas de m\u00e1xima calidad: Acero Inoxidable 18\/10, Aluminio y Acero Inoxidable 18% Distribuci\u00f3n r\u00e1pida y uniformo del calor por toda la superficie (tanto por la base como por los laterales) Mango ergon\u00f3mico fabricado en acero inoxidable 18\/10 de m\u00e1xima calidad. Aptos para todo tipo de cocinas, incluida la inducci\u00f3n. M\u00e1xima garant\u00eda [&hellip;]\" \/>\n<meta property=\"og:url\" content=\"https:\/\/cuinetes.shop\/es\/producto\/paellas-acero-inox-trichef\/\" \/>\n<meta property=\"og:site_name\" content=\"Tienda de utensilios de cocina - Cuinetes\" \/>\n<meta property=\"article:modified_time\" content=\"2025-10-23T08:25:35+00:00\" \/>\n<meta property=\"og:image\" content=\"https:\/\/cuinetes.shop\/wp-content\/uploads\/2025\/09\/Captura-de-pantalla-2025-09-28-181022.png\" \/>\n\t<meta property=\"og:image:width\" content=\"916\" \/>\n\t<meta property=\"og:image:height\" content=\"624\" \/>\n\t<meta property=\"og:image:type\" content=\"image\/png\" \/>\n<meta name=\"twitter:card\" content=\"summary_large_image\" \/>\n<script type=\"application\/ld+json\" class=\"yoast-schema-graph\">{\"@context\":\"https:\/\/schema.org\",\"@graph\":[{\"@type\":\"WebPage\",\"@id\":\"https:\/\/cuinetes.shop\/es\/producto\/paellas-acero-inox-trichef\/\",\"url\":\"https:\/\/cuinetes.shop\/es\/producto\/paellas-acero-inox-trichef\/\",\"name\":\"Sartenes Acero Inox TriChef - Tienda de utensilios de cocina - Cuinetes\",\"isPartOf\":{\"@id\":\"https:\/\/cuinetes.shop\/es\/#website\"},\"primaryImageOfPage\":{\"@id\":\"https:\/\/cuinetes.shop\/es\/producto\/paellas-acero-inox-trichef\/#primaryimage\"},\"image\":{\"@id\":\"https:\/\/cuinetes.shop\/es\/producto\/paellas-acero-inox-trichef\/#primaryimage\"},\"thumbnailUrl\":\"https:\/\/cuinetes.shop\/wp-content\/uploads\/2025\/09\/Captura-de-pantalla-2025-09-28-181022.png\",\"datePublished\":\"2025-09-28T16:22:10+00:00\",\"dateModified\":\"2025-10-23T08:25:35+00:00\",\"breadcrumb\":{\"@id\":\"https:\/\/cuinetes.shop\/es\/producto\/paellas-acero-inox-trichef\/#breadcrumb\"},\"inLanguage\":\"es\",\"potentialAction\":[{\"@type\":\"ReadAction\",\"target\":[\"https:\/\/cuinetes.shop\/es\/producto\/paellas-acero-inox-trichef\/\"]}]},{\"@type\":\"ImageObject\",\"inLanguage\":\"es\",\"@id\":\"https:\/\/cuinetes.shop\/es\/producto\/paellas-acero-inox-trichef\/#primaryimage\",\"url\":\"https:\/\/cuinetes.shop\/wp-content\/uploads\/2025\/09\/Captura-de-pantalla-2025-09-28-181022.png\",\"contentUrl\":\"https:\/\/cuinetes.shop\/wp-content\/uploads\/2025\/09\/Captura-de-pantalla-2025-09-28-181022.png\",\"width\":916,\"height\":624},{\"@type\":\"BreadcrumbList\",\"@id\":\"https:\/\/cuinetes.shop\/es\/producto\/paellas-acero-inox-trichef\/#breadcrumb\",\"itemListElement\":[{\"@type\":\"ListItem\",\"position\":1,\"name\":\"Home\",\"item\":\"https:\/\/cuinetes.shop\/es\/\"},{\"@type\":\"ListItem\",\"position\":2,\"name\":\"Tienda\",\"item\":\"https:\/\/cuinetes.shop\/es\/tienda\/\"},{\"@type\":\"ListItem\",\"position\":3,\"name\":\"Sartenes Acero Inox TriChef\"}]},{\"@type\":\"WebSite\",\"@id\":\"https:\/\/cuinetes.shop\/es\/#website\",\"url\":\"https:\/\/cuinetes.shop\/es\/\",\"name\":\"Tienda de utensilios de cocina - Cuinetes\",\"description\":\"\",\"potentialAction\":[{\"@type\":\"SearchAction\",\"target\":{\"@type\":\"EntryPoint\",\"urlTemplate\":\"https:\/\/cuinetes.shop\/es\/?s={search_term_string}\"},\"query-input\":{\"@type\":\"PropertyValueSpecification\",\"valueRequired\":true,\"valueName\":\"search_term_string\"}}],\"inLanguage\":\"es\"}]}<\/script>\n<!-- \/ Yoast SEO plugin. -->","yoast_head_json":{"title":"Sartenes Acero Inox TriChef - Tienda de utensilios de cocina - Cuinetes","robots":{"index":"index","follow":"follow","max-snippet":"max-snippet:-1","max-image-preview":"max-image-preview:large","max-video-preview":"max-video-preview:-1"},"canonical":"https:\/\/cuinetes.shop\/es\/producto\/paellas-acero-inox-trichef\/","og_locale":"es_ES","og_type":"article","og_title":"Sartenes Acero Inox TriChef - Tienda de utensilios de cocina - Cuinetes","og_description":"Cuerpo fabricado en 3 capas de m\u00e1xima calidad: Acero Inoxidable 18\/10, Aluminio y Acero Inoxidable 18% Distribuci\u00f3n r\u00e1pida y uniformo del calor por toda la superficie (tanto por la base como por los laterales) Mango ergon\u00f3mico fabricado en acero inoxidable 18\/10 de m\u00e1xima calidad. Aptos para todo tipo de cocinas, incluida la inducci\u00f3n. M\u00e1xima garant\u00eda [&hellip;]","og_url":"https:\/\/cuinetes.shop\/es\/producto\/paellas-acero-inox-trichef\/","og_site_name":"Tienda de utensilios de cocina - Cuinetes","article_modified_time":"2025-10-23T08:25:35+00:00","og_image":[{"width":916,"height":624,"url":"https:\/\/cuinetes.shop\/wp-content\/uploads\/2025\/09\/Captura-de-pantalla-2025-09-28-181022.png","type":"image\/png"}],"twitter_card":"summary_large_image","schema":{"@context":"https:\/\/schema.org","@graph":[{"@type":"WebPage","@id":"https:\/\/cuinetes.shop\/es\/producto\/paellas-acero-inox-trichef\/","url":"https:\/\/cuinetes.shop\/es\/producto\/paellas-acero-inox-trichef\/","name":"Sartenes Acero Inox TriChef - Tienda de utensilios de cocina - Cuinetes","isPartOf":{"@id":"https:\/\/cuinetes.shop\/es\/#website"},"primaryImageOfPage":{"@id":"https:\/\/cuinetes.shop\/es\/producto\/paellas-acero-inox-trichef\/#primaryimage"},"image":{"@id":"https:\/\/cuinetes.shop\/es\/producto\/paellas-acero-inox-trichef\/#primaryimage"},"thumbnailUrl":"https:\/\/cuinetes.shop\/wp-content\/uploads\/2025\/09\/Captura-de-pantalla-2025-09-28-181022.png","datePublished":"2025-09-28T16:22:10+00:00","dateModified":"2025-10-23T08:25:35+00:00","breadcrumb":{"@id":"https:\/\/cuinetes.shop\/es\/producto\/paellas-acero-inox-trichef\/#breadcrumb"},"inLanguage":"es","potentialAction":[{"@type":"ReadAction","target":["https:\/\/cuinetes.shop\/es\/producto\/paellas-acero-inox-trichef\/"]}]},{"@type":"ImageObject","inLanguage":"es","@id":"https:\/\/cuinetes.shop\/es\/producto\/paellas-acero-inox-trichef\/#primaryimage","url":"https:\/\/cuinetes.shop\/wp-content\/uploads\/2025\/09\/Captura-de-pantalla-2025-09-28-181022.png","contentUrl":"https:\/\/cuinetes.shop\/wp-content\/uploads\/2025\/09\/Captura-de-pantalla-2025-09-28-181022.png","width":916,"height":624},{"@type":"BreadcrumbList","@id":"https:\/\/cuinetes.shop\/es\/producto\/paellas-acero-inox-trichef\/#breadcrumb","itemListElement":[{"@type":"ListItem","position":1,"name":"Home","item":"https:\/\/cuinetes.shop\/es\/"},{"@type":"ListItem","position":2,"name":"Tienda","item":"https:\/\/cuinetes.shop\/es\/tienda\/"},{"@type":"ListItem","position":3,"name":"Sartenes Acero Inox TriChef"}]},{"@type":"WebSite","@id":"https:\/\/cuinetes.shop\/es\/#website","url":"https:\/\/cuinetes.shop\/es\/","name":"Tienda de utensilios de cocina - Cuinetes","description":"","potentialAction":[{"@type":"SearchAction","target":{"@type":"EntryPoint","urlTemplate":"https:\/\/cuinetes.shop\/es\/?s={search_term_string}"},"query-input":{"@type":"PropertyValueSpecification","valueRequired":true,"valueName":"search_term_string"}}],"inLanguage":"es"}]}},"_links":{"self":[{"href":"https:\/\/cuinetes.shop\/es\/wp-json\/wp\/v2\/product\/36019","targetHints":{"allow":["GET"]}}],"collection":[{"href":"https:\/\/cuinetes.shop\/es\/wp-json\/wp\/v2\/product"}],"about":[{"href":"https:\/\/cuinetes.shop\/es\/wp-json\/wp\/v2\/types\/product"}],"replies":[{"embeddable":true,"href":"https:\/\/cuinetes.shop\/es\/wp-json\/wp\/v2\/comments?post=36019"}],"wp:featuredmedia":[{"embeddable":true,"href":"https:\/\/cuinetes.shop\/es\/wp-json\/wp\/v2\/media\/35492"}],"wp:attachment":[{"href":"https:\/\/cuinetes.shop\/es\/wp-json\/wp\/v2\/media?parent=36019"}],"wp:term":[{"taxonomy":"product_cat","embeddable":true,"href":"https:\/\/cuinetes.shop\/es\/wp-json\/wp\/v2\/product_cat?post=36019"},{"taxonomy":"product_tag","embeddable":true,"href":"https:\/\/cuinetes.shop\/es\/wp-json\/wp\/v2\/product_tag?post=36019"}],"curies":[{"name":"wp","href":"https:\/\/api.w.org\/{rel}","templated":true}]}}