
{"id":36024,"date":"2025-08-08T19:16:34","date_gmt":"2025-08-08T17:16:34","guid":{"rendered":"https:\/\/cuinetes.shop\/?post_type=product&#038;p=36024"},"modified":"2025-10-22T12:30:49","modified_gmt":"2025-10-22T10:30:49","slug":"botella-vidrio-125l-tapon-de-acero-inox","status":"publish","type":"product","link":"https:\/\/cuinetes.shop\/es\/producto\/botella-vidrio-125l-tapon-de-acero-inox\/","title":{"rendered":"Botella vidrio 1,25L Tap\u00f3n de Acero Inox"},"content":{"rendered":"<p>Botella\u00a0 de vidrio con tap\u00f3n de acero inoxidable de 1,25 L, econ\u00f3mico, reciclable, reutilizable, higi\u00e9nico y saludable.<\/p>\n","protected":false},"excerpt":{"rendered":"<p>Caracter\u00edsticas T\u00e9cnicas:<br \/>\nReciclable<br \/>\nEcol\u00f3gico<br \/>\nMaterial 100% saludable<br \/>\n100% higi\u00e9nico<br \/>\nNo poroso<br \/>\nLarga duraci\u00f3n<\/p>\n<p>Recomendado lavar a mano<\/p>\n","protected":false},"featured_media":35310,"comment_status":"closed","ping_status":"closed","template":"","meta":[],"product_cat":[686,839,838],"product_tag":[],"class_list":{"0":"post-36024","1":"product","2":"type-product","3":"status-publish","4":"has-post-thumbnail","6":"product_brand-arc-es","7":"product_cat-a-la-mesa","8":"product_cat-botellas","9":"product_cat-sostenibilidad","12":"first","13":"instock","14":"taxable","15":"shipping-taxable","16":"purchasable","17":"product-type-simple"},"yoast_head":"<!-- This site is optimized with the Yoast SEO plugin v26.1.1 - https:\/\/yoast.com\/wordpress\/plugins\/seo\/ -->\n<title>Botella vidrio 1,25L Tap\u00f3n de Acero Inox - Tienda de utensilios de cocina - Cuinetes<\/title>\n<meta name=\"robots\" content=\"index, follow, max-snippet:-1, max-image-preview:large, max-video-preview:-1\" \/>\n<link rel=\"canonical\" href=\"https:\/\/cuinetes.shop\/es\/producto\/botella-vidrio-125l-tapon-de-acero-inox\/\" \/>\n<meta property=\"og:locale\" content=\"es_ES\" \/>\n<meta property=\"og:type\" content=\"article\" \/>\n<meta property=\"og:title\" content=\"Botella vidrio 1,25L Tap\u00f3n de Acero Inox - Tienda de utensilios de cocina - Cuinetes\" \/>\n<meta property=\"og:description\" content=\"Caracter\u00edsticas T\u00e9cnicas: Reciclable Ecol\u00f3gico Material 100% saludable 100% higi\u00e9nico No poroso Larga duraci\u00f3n  Recomendado lavar a mano\" \/>\n<meta property=\"og:url\" content=\"https:\/\/cuinetes.shop\/es\/producto\/botella-vidrio-125l-tapon-de-acero-inox\/\" \/>\n<meta property=\"og:site_name\" content=\"Tienda de utensilios de cocina - Cuinetes\" \/>\n<meta property=\"article:modified_time\" content=\"2025-10-22T10:30:49+00:00\" \/>\n<meta property=\"og:image\" content=\"https:\/\/cuinetes.shop\/wp-content\/uploads\/2025\/08\/BOTELLA-TAPON-ACERO-ADI-734X1000-PIXELS.png\" \/>\n\t<meta property=\"og:image:width\" content=\"734\" \/>\n\t<meta property=\"og:image:height\" content=\"1000\" \/>\n\t<meta property=\"og:image:type\" content=\"image\/png\" \/>\n<meta name=\"twitter:card\" content=\"summary_large_image\" \/>\n<script type=\"application\/ld+json\" class=\"yoast-schema-graph\">{\"@context\":\"https:\/\/schema.org\",\"@graph\":[{\"@type\":\"WebPage\",\"@id\":\"https:\/\/cuinetes.shop\/es\/producto\/botella-vidrio-125l-tapon-de-acero-inox\/\",\"url\":\"https:\/\/cuinetes.shop\/es\/producto\/botella-vidrio-125l-tapon-de-acero-inox\/\",\"name\":\"Botella vidrio 1,25L Tap\u00f3n de Acero Inox - Tienda de utensilios de cocina - Cuinetes\",\"isPartOf\":{\"@id\":\"https:\/\/cuinetes.shop\/es\/#website\"},\"primaryImageOfPage\":{\"@id\":\"https:\/\/cuinetes.shop\/es\/producto\/botella-vidrio-125l-tapon-de-acero-inox\/#primaryimage\"},\"image\":{\"@id\":\"https:\/\/cuinetes.shop\/es\/producto\/botella-vidrio-125l-tapon-de-acero-inox\/#primaryimage\"},\"thumbnailUrl\":\"https:\/\/cuinetes.shop\/wp-content\/uploads\/2025\/08\/BOTELLA-TAPON-ACERO-ADI-734X1000-PIXELS.png\",\"datePublished\":\"2025-08-08T17:16:34+00:00\",\"dateModified\":\"2025-10-22T10:30:49+00:00\",\"breadcrumb\":{\"@id\":\"https:\/\/cuinetes.shop\/es\/producto\/botella-vidrio-125l-tapon-de-acero-inox\/#breadcrumb\"},\"inLanguage\":\"es\",\"potentialAction\":[{\"@type\":\"ReadAction\",\"target\":[\"https:\/\/cuinetes.shop\/es\/producto\/botella-vidrio-125l-tapon-de-acero-inox\/\"]}]},{\"@type\":\"ImageObject\",\"inLanguage\":\"es\",\"@id\":\"https:\/\/cuinetes.shop\/es\/producto\/botella-vidrio-125l-tapon-de-acero-inox\/#primaryimage\",\"url\":\"https:\/\/cuinetes.shop\/wp-content\/uploads\/2025\/08\/BOTELLA-TAPON-ACERO-ADI-734X1000-PIXELS.png\",\"contentUrl\":\"https:\/\/cuinetes.shop\/wp-content\/uploads\/2025\/08\/BOTELLA-TAPON-ACERO-ADI-734X1000-PIXELS.png\",\"width\":734,\"height\":1000},{\"@type\":\"BreadcrumbList\",\"@id\":\"https:\/\/cuinetes.shop\/es\/producto\/botella-vidrio-125l-tapon-de-acero-inox\/#breadcrumb\",\"itemListElement\":[{\"@type\":\"ListItem\",\"position\":1,\"name\":\"Home\",\"item\":\"https:\/\/cuinetes.shop\/es\/\"},{\"@type\":\"ListItem\",\"position\":2,\"name\":\"Tienda\",\"item\":\"https:\/\/cuinetes.shop\/es\/tienda\/\"},{\"@type\":\"ListItem\",\"position\":3,\"name\":\"Botella vidrio 1,25L Tap\u00f3n de Acero Inox\"}]},{\"@type\":\"WebSite\",\"@id\":\"https:\/\/cuinetes.shop\/es\/#website\",\"url\":\"https:\/\/cuinetes.shop\/es\/\",\"name\":\"Tienda de utensilios de cocina - Cuinetes\",\"description\":\"\",\"potentialAction\":[{\"@type\":\"SearchAction\",\"target\":{\"@type\":\"EntryPoint\",\"urlTemplate\":\"https:\/\/cuinetes.shop\/es\/?s={search_term_string}\"},\"query-input\":{\"@type\":\"PropertyValueSpecification\",\"valueRequired\":true,\"valueName\":\"search_term_string\"}}],\"inLanguage\":\"es\"}]}<\/script>\n<!-- \/ Yoast SEO plugin. -->","yoast_head_json":{"title":"Botella vidrio 1,25L Tap\u00f3n de Acero Inox - Tienda de utensilios de cocina - Cuinetes","robots":{"index":"index","follow":"follow","max-snippet":"max-snippet:-1","max-image-preview":"max-image-preview:large","max-video-preview":"max-video-preview:-1"},"canonical":"https:\/\/cuinetes.shop\/es\/producto\/botella-vidrio-125l-tapon-de-acero-inox\/","og_locale":"es_ES","og_type":"article","og_title":"Botella vidrio 1,25L Tap\u00f3n de Acero Inox - Tienda de utensilios de cocina - Cuinetes","og_description":"Caracter\u00edsticas T\u00e9cnicas: Reciclable Ecol\u00f3gico Material 100% saludable 100% higi\u00e9nico No poroso Larga duraci\u00f3n  Recomendado lavar a mano","og_url":"https:\/\/cuinetes.shop\/es\/producto\/botella-vidrio-125l-tapon-de-acero-inox\/","og_site_name":"Tienda de utensilios de cocina - Cuinetes","article_modified_time":"2025-10-22T10:30:49+00:00","og_image":[{"width":734,"height":1000,"url":"https:\/\/cuinetes.shop\/wp-content\/uploads\/2025\/08\/BOTELLA-TAPON-ACERO-ADI-734X1000-PIXELS.png","type":"image\/png"}],"twitter_card":"summary_large_image","schema":{"@context":"https:\/\/schema.org","@graph":[{"@type":"WebPage","@id":"https:\/\/cuinetes.shop\/es\/producto\/botella-vidrio-125l-tapon-de-acero-inox\/","url":"https:\/\/cuinetes.shop\/es\/producto\/botella-vidrio-125l-tapon-de-acero-inox\/","name":"Botella vidrio 1,25L Tap\u00f3n de Acero Inox - Tienda de utensilios de cocina - Cuinetes","isPartOf":{"@id":"https:\/\/cuinetes.shop\/es\/#website"},"primaryImageOfPage":{"@id":"https:\/\/cuinetes.shop\/es\/producto\/botella-vidrio-125l-tapon-de-acero-inox\/#primaryimage"},"image":{"@id":"https:\/\/cuinetes.shop\/es\/producto\/botella-vidrio-125l-tapon-de-acero-inox\/#primaryimage"},"thumbnailUrl":"https:\/\/cuinetes.shop\/wp-content\/uploads\/2025\/08\/BOTELLA-TAPON-ACERO-ADI-734X1000-PIXELS.png","datePublished":"2025-08-08T17:16:34+00:00","dateModified":"2025-10-22T10:30:49+00:00","breadcrumb":{"@id":"https:\/\/cuinetes.shop\/es\/producto\/botella-vidrio-125l-tapon-de-acero-inox\/#breadcrumb"},"inLanguage":"es","potentialAction":[{"@type":"ReadAction","target":["https:\/\/cuinetes.shop\/es\/producto\/botella-vidrio-125l-tapon-de-acero-inox\/"]}]},{"@type":"ImageObject","inLanguage":"es","@id":"https:\/\/cuinetes.shop\/es\/producto\/botella-vidrio-125l-tapon-de-acero-inox\/#primaryimage","url":"https:\/\/cuinetes.shop\/wp-content\/uploads\/2025\/08\/BOTELLA-TAPON-ACERO-ADI-734X1000-PIXELS.png","contentUrl":"https:\/\/cuinetes.shop\/wp-content\/uploads\/2025\/08\/BOTELLA-TAPON-ACERO-ADI-734X1000-PIXELS.png","width":734,"height":1000},{"@type":"BreadcrumbList","@id":"https:\/\/cuinetes.shop\/es\/producto\/botella-vidrio-125l-tapon-de-acero-inox\/#breadcrumb","itemListElement":[{"@type":"ListItem","position":1,"name":"Home","item":"https:\/\/cuinetes.shop\/es\/"},{"@type":"ListItem","position":2,"name":"Tienda","item":"https:\/\/cuinetes.shop\/es\/tienda\/"},{"@type":"ListItem","position":3,"name":"Botella vidrio 1,25L Tap\u00f3n de Acero Inox"}]},{"@type":"WebSite","@id":"https:\/\/cuinetes.shop\/es\/#website","url":"https:\/\/cuinetes.shop\/es\/","name":"Tienda de utensilios de cocina - Cuinetes","description":"","potentialAction":[{"@type":"SearchAction","target":{"@type":"EntryPoint","urlTemplate":"https:\/\/cuinetes.shop\/es\/?s={search_term_string}"},"query-input":{"@type":"PropertyValueSpecification","valueRequired":true,"valueName":"search_term_string"}}],"inLanguage":"es"}]}},"_links":{"self":[{"href":"https:\/\/cuinetes.shop\/es\/wp-json\/wp\/v2\/product\/36024","targetHints":{"allow":["GET"]}}],"collection":[{"href":"https:\/\/cuinetes.shop\/es\/wp-json\/wp\/v2\/product"}],"about":[{"href":"https:\/\/cuinetes.shop\/es\/wp-json\/wp\/v2\/types\/product"}],"replies":[{"embeddable":true,"href":"https:\/\/cuinetes.shop\/es\/wp-json\/wp\/v2\/comments?post=36024"}],"wp:featuredmedia":[{"embeddable":true,"href":"https:\/\/cuinetes.shop\/es\/wp-json\/wp\/v2\/media\/35310"}],"wp:attachment":[{"href":"https:\/\/cuinetes.shop\/es\/wp-json\/wp\/v2\/media?parent=36024"}],"wp:term":[{"taxonomy":"product_cat","embeddable":true,"href":"https:\/\/cuinetes.shop\/es\/wp-json\/wp\/v2\/product_cat?post=36024"},{"taxonomy":"product_tag","embeddable":true,"href":"https:\/\/cuinetes.shop\/es\/wp-json\/wp\/v2\/product_tag?post=36024"}],"curies":[{"name":"wp","href":"https:\/\/api.w.org\/{rel}","templated":true}]}}