
{"id":36040,"date":"2025-08-07T18:50:47","date_gmt":"2025-08-07T16:50:47","guid":{"rendered":"https:\/\/cuinetes.shop\/?post_type=product&#038;p=36040"},"modified":"2025-10-22T14:20:43","modified_gmt":"2025-10-22T12:20:43","slug":"botella-atlantis-h2o-12l-borosilicato","status":"publish","type":"product","link":"https:\/\/cuinetes.shop\/es\/producto\/botella-atlantis-h2o-12l-borosilicato\/","title":{"rendered":"Botella Atlantis H2O 1,2L Borosilicato"},"content":{"rendered":"<p>Botella H\u2082O Con letras formando la f\u00f3rmula qu\u00edmica del agua en el interior Borosilicato . PR\u00c1CTICO. Botella para el agua, se puede poner en la nevera para mantener el agua fresca en todo momento. DISE\u00d1O DIVERTIDO. Lo puedes tener ala vista, su dise\u00f1o dar\u00e1 un toque original en tu casa. DURADERA. Fabricada en borosilicato, un vidrio duradero y resistente. Para una buena conservaci\u00f3n se recomienda no lavar en lavavajillas. El REGALO PERFECTO<\/p>\n","protected":false},"excerpt":{"rendered":"<p>Material : Borosilicato.<\/p>\n<p>No apto para horizontal.<\/p>\n<p>Ultraligera, gracias al borosilicato.<\/p>\n","protected":false},"featured_media":35280,"comment_status":"closed","ping_status":"closed","template":"","meta":[],"product_cat":[686,839,838],"product_tag":[1238,1278],"class_list":{"0":"post-36040","1":"product","2":"type-product","3":"status-publish","4":"has-post-thumbnail","6":"product_cat-a-la-mesa","7":"product_cat-botellas","8":"product_cat-sostenibilidad","9":"product_tag-nevera-es","10":"product_tag-sostenible-es","13":"first","14":"instock","15":"taxable","16":"shipping-taxable","17":"purchasable","18":"product-type-simple"},"yoast_head":"<!-- This site is optimized with the Yoast SEO plugin v26.1.1 - https:\/\/yoast.com\/wordpress\/plugins\/seo\/ -->\n<title>Botella Atlantis H2O 1,2L Borosilicato - Tienda de utensilios de cocina - Cuinetes<\/title>\n<meta name=\"robots\" content=\"index, follow, max-snippet:-1, max-image-preview:large, max-video-preview:-1\" \/>\n<link rel=\"canonical\" href=\"https:\/\/cuinetes.shop\/es\/producto\/botella-atlantis-h2o-12l-borosilicato\/\" \/>\n<meta property=\"og:locale\" content=\"es_ES\" \/>\n<meta property=\"og:type\" content=\"article\" \/>\n<meta property=\"og:title\" content=\"Botella Atlantis H2O 1,2L Borosilicato - Tienda de utensilios de cocina - Cuinetes\" \/>\n<meta property=\"og:description\" content=\"Material : Borosilicato.  No apto para horizontal.  Ultraligera, gracias al borosilicato.\" \/>\n<meta property=\"og:url\" content=\"https:\/\/cuinetes.shop\/es\/producto\/botella-atlantis-h2o-12l-borosilicato\/\" \/>\n<meta property=\"og:site_name\" content=\"Tienda de utensilios de cocina - Cuinetes\" \/>\n<meta property=\"article:modified_time\" content=\"2025-10-22T12:20:43+00:00\" \/>\n<meta property=\"og:image\" content=\"https:\/\/cuinetes.shop\/wp-content\/uploads\/2025\/08\/botella-h2o-balvi-734x1000-pixels.png\" \/>\n\t<meta property=\"og:image:width\" content=\"734\" \/>\n\t<meta property=\"og:image:height\" content=\"1000\" \/>\n\t<meta property=\"og:image:type\" content=\"image\/png\" \/>\n<meta name=\"twitter:card\" content=\"summary_large_image\" \/>\n<script type=\"application\/ld+json\" class=\"yoast-schema-graph\">{\"@context\":\"https:\/\/schema.org\",\"@graph\":[{\"@type\":\"WebPage\",\"@id\":\"https:\/\/cuinetes.shop\/es\/producto\/botella-atlantis-h2o-12l-borosilicato\/\",\"url\":\"https:\/\/cuinetes.shop\/es\/producto\/botella-atlantis-h2o-12l-borosilicato\/\",\"name\":\"Botella Atlantis H2O 1,2L Borosilicato - Tienda de utensilios de cocina - Cuinetes\",\"isPartOf\":{\"@id\":\"https:\/\/cuinetes.shop\/es\/#website\"},\"primaryImageOfPage\":{\"@id\":\"https:\/\/cuinetes.shop\/es\/producto\/botella-atlantis-h2o-12l-borosilicato\/#primaryimage\"},\"image\":{\"@id\":\"https:\/\/cuinetes.shop\/es\/producto\/botella-atlantis-h2o-12l-borosilicato\/#primaryimage\"},\"thumbnailUrl\":\"https:\/\/cuinetes.shop\/wp-content\/uploads\/2025\/08\/botella-h2o-balvi-734x1000-pixels.png\",\"datePublished\":\"2025-08-07T16:50:47+00:00\",\"dateModified\":\"2025-10-22T12:20:43+00:00\",\"breadcrumb\":{\"@id\":\"https:\/\/cuinetes.shop\/es\/producto\/botella-atlantis-h2o-12l-borosilicato\/#breadcrumb\"},\"inLanguage\":\"es\",\"potentialAction\":[{\"@type\":\"ReadAction\",\"target\":[\"https:\/\/cuinetes.shop\/es\/producto\/botella-atlantis-h2o-12l-borosilicato\/\"]}]},{\"@type\":\"ImageObject\",\"inLanguage\":\"es\",\"@id\":\"https:\/\/cuinetes.shop\/es\/producto\/botella-atlantis-h2o-12l-borosilicato\/#primaryimage\",\"url\":\"https:\/\/cuinetes.shop\/wp-content\/uploads\/2025\/08\/botella-h2o-balvi-734x1000-pixels.png\",\"contentUrl\":\"https:\/\/cuinetes.shop\/wp-content\/uploads\/2025\/08\/botella-h2o-balvi-734x1000-pixels.png\",\"width\":734,\"height\":1000},{\"@type\":\"BreadcrumbList\",\"@id\":\"https:\/\/cuinetes.shop\/es\/producto\/botella-atlantis-h2o-12l-borosilicato\/#breadcrumb\",\"itemListElement\":[{\"@type\":\"ListItem\",\"position\":1,\"name\":\"Home\",\"item\":\"https:\/\/cuinetes.shop\/es\/\"},{\"@type\":\"ListItem\",\"position\":2,\"name\":\"Tienda\",\"item\":\"https:\/\/cuinetes.shop\/es\/tienda\/\"},{\"@type\":\"ListItem\",\"position\":3,\"name\":\"Botella Atlantis H2O 1,2L Borosilicato\"}]},{\"@type\":\"WebSite\",\"@id\":\"https:\/\/cuinetes.shop\/es\/#website\",\"url\":\"https:\/\/cuinetes.shop\/es\/\",\"name\":\"Tienda de utensilios de cocina - Cuinetes\",\"description\":\"\",\"potentialAction\":[{\"@type\":\"SearchAction\",\"target\":{\"@type\":\"EntryPoint\",\"urlTemplate\":\"https:\/\/cuinetes.shop\/es\/?s={search_term_string}\"},\"query-input\":{\"@type\":\"PropertyValueSpecification\",\"valueRequired\":true,\"valueName\":\"search_term_string\"}}],\"inLanguage\":\"es\"}]}<\/script>\n<!-- \/ Yoast SEO plugin. -->","yoast_head_json":{"title":"Botella Atlantis H2O 1,2L Borosilicato - Tienda de utensilios de cocina - Cuinetes","robots":{"index":"index","follow":"follow","max-snippet":"max-snippet:-1","max-image-preview":"max-image-preview:large","max-video-preview":"max-video-preview:-1"},"canonical":"https:\/\/cuinetes.shop\/es\/producto\/botella-atlantis-h2o-12l-borosilicato\/","og_locale":"es_ES","og_type":"article","og_title":"Botella Atlantis H2O 1,2L Borosilicato - Tienda de utensilios de cocina - Cuinetes","og_description":"Material : Borosilicato.  No apto para horizontal.  Ultraligera, gracias al borosilicato.","og_url":"https:\/\/cuinetes.shop\/es\/producto\/botella-atlantis-h2o-12l-borosilicato\/","og_site_name":"Tienda de utensilios de cocina - Cuinetes","article_modified_time":"2025-10-22T12:20:43+00:00","og_image":[{"width":734,"height":1000,"url":"https:\/\/cuinetes.shop\/wp-content\/uploads\/2025\/08\/botella-h2o-balvi-734x1000-pixels.png","type":"image\/png"}],"twitter_card":"summary_large_image","schema":{"@context":"https:\/\/schema.org","@graph":[{"@type":"WebPage","@id":"https:\/\/cuinetes.shop\/es\/producto\/botella-atlantis-h2o-12l-borosilicato\/","url":"https:\/\/cuinetes.shop\/es\/producto\/botella-atlantis-h2o-12l-borosilicato\/","name":"Botella Atlantis H2O 1,2L Borosilicato - Tienda de utensilios de cocina - Cuinetes","isPartOf":{"@id":"https:\/\/cuinetes.shop\/es\/#website"},"primaryImageOfPage":{"@id":"https:\/\/cuinetes.shop\/es\/producto\/botella-atlantis-h2o-12l-borosilicato\/#primaryimage"},"image":{"@id":"https:\/\/cuinetes.shop\/es\/producto\/botella-atlantis-h2o-12l-borosilicato\/#primaryimage"},"thumbnailUrl":"https:\/\/cuinetes.shop\/wp-content\/uploads\/2025\/08\/botella-h2o-balvi-734x1000-pixels.png","datePublished":"2025-08-07T16:50:47+00:00","dateModified":"2025-10-22T12:20:43+00:00","breadcrumb":{"@id":"https:\/\/cuinetes.shop\/es\/producto\/botella-atlantis-h2o-12l-borosilicato\/#breadcrumb"},"inLanguage":"es","potentialAction":[{"@type":"ReadAction","target":["https:\/\/cuinetes.shop\/es\/producto\/botella-atlantis-h2o-12l-borosilicato\/"]}]},{"@type":"ImageObject","inLanguage":"es","@id":"https:\/\/cuinetes.shop\/es\/producto\/botella-atlantis-h2o-12l-borosilicato\/#primaryimage","url":"https:\/\/cuinetes.shop\/wp-content\/uploads\/2025\/08\/botella-h2o-balvi-734x1000-pixels.png","contentUrl":"https:\/\/cuinetes.shop\/wp-content\/uploads\/2025\/08\/botella-h2o-balvi-734x1000-pixels.png","width":734,"height":1000},{"@type":"BreadcrumbList","@id":"https:\/\/cuinetes.shop\/es\/producto\/botella-atlantis-h2o-12l-borosilicato\/#breadcrumb","itemListElement":[{"@type":"ListItem","position":1,"name":"Home","item":"https:\/\/cuinetes.shop\/es\/"},{"@type":"ListItem","position":2,"name":"Tienda","item":"https:\/\/cuinetes.shop\/es\/tienda\/"},{"@type":"ListItem","position":3,"name":"Botella Atlantis H2O 1,2L Borosilicato"}]},{"@type":"WebSite","@id":"https:\/\/cuinetes.shop\/es\/#website","url":"https:\/\/cuinetes.shop\/es\/","name":"Tienda de utensilios de cocina - Cuinetes","description":"","potentialAction":[{"@type":"SearchAction","target":{"@type":"EntryPoint","urlTemplate":"https:\/\/cuinetes.shop\/es\/?s={search_term_string}"},"query-input":{"@type":"PropertyValueSpecification","valueRequired":true,"valueName":"search_term_string"}}],"inLanguage":"es"}]}},"_links":{"self":[{"href":"https:\/\/cuinetes.shop\/es\/wp-json\/wp\/v2\/product\/36040","targetHints":{"allow":["GET"]}}],"collection":[{"href":"https:\/\/cuinetes.shop\/es\/wp-json\/wp\/v2\/product"}],"about":[{"href":"https:\/\/cuinetes.shop\/es\/wp-json\/wp\/v2\/types\/product"}],"replies":[{"embeddable":true,"href":"https:\/\/cuinetes.shop\/es\/wp-json\/wp\/v2\/comments?post=36040"}],"wp:featuredmedia":[{"embeddable":true,"href":"https:\/\/cuinetes.shop\/es\/wp-json\/wp\/v2\/media\/35280"}],"wp:attachment":[{"href":"https:\/\/cuinetes.shop\/es\/wp-json\/wp\/v2\/media?parent=36040"}],"wp:term":[{"taxonomy":"product_cat","embeddable":true,"href":"https:\/\/cuinetes.shop\/es\/wp-json\/wp\/v2\/product_cat?post=36040"},{"taxonomy":"product_tag","embeddable":true,"href":"https:\/\/cuinetes.shop\/es\/wp-json\/wp\/v2\/product_tag?post=36040"}],"curies":[{"name":"wp","href":"https:\/\/api.w.org\/{rel}","templated":true}]}}