
{"id":36042,"date":"2025-08-07T18:43:01","date_gmt":"2025-08-07T16:43:01","guid":{"rendered":"https:\/\/cuinetes.shop\/?post_type=product&#038;p=36042"},"modified":"2025-10-22T14:24:22","modified_gmt":"2025-10-22T12:24:22","slug":"botella-atlantis-corazon-12l-borosilicato","status":"publish","type":"product","link":"https:\/\/cuinetes.shop\/es\/producto\/botella-atlantis-corazon-12l-borosilicato\/","title":{"rendered":"Botella Atlantis Coraz\u00f3n 1,2L Borosilicato"},"content":{"rendered":"<p>Botella Love Con figura en forma de coraz\u00f3n rosa en el interior Borosilicato. PR\u00c1CTICO. Botella para el agua, se puede poner en la nevera para mantener el agua fresca en todo momento. DISE\u00d1O DIVERTIDO. Lo puedes tener a la vista, su dise\u00f1o dar\u00e1 un toque original en tu casa. DURADERA. Fabricada en borosilicato, un vidrio duradero y resistente. Para una buena conservaci\u00f3n se recomienda no lavar en lavavajillas. EL REGALO PERFECTO<\/p>\n","protected":false},"excerpt":{"rendered":"<p>Material : Borosilicato.<\/p>\n<p>No apto para horizontal.<\/p>\n<p>Ultraligera, gracias al borosilicato.<\/p>\n","protected":false},"featured_media":35277,"comment_status":"closed","ping_status":"closed","template":"","meta":[],"product_cat":[837],"product_tag":[],"class_list":{"0":"post-36042","1":"product","2":"type-product","3":"status-publish","4":"has-post-thumbnail","6":"product_cat-sin-categorizar","9":"first","10":"instock","11":"taxable","12":"shipping-taxable","13":"purchasable","14":"product-type-simple"},"yoast_head":"<!-- This site is optimized with the Yoast SEO plugin v26.1.1 - https:\/\/yoast.com\/wordpress\/plugins\/seo\/ -->\n<title>Botella Atlantis Coraz\u00f3n 1,2L Borosilicato - Tienda de utensilios de cocina - Cuinetes<\/title>\n<meta name=\"robots\" content=\"index, follow, max-snippet:-1, max-image-preview:large, max-video-preview:-1\" \/>\n<link rel=\"canonical\" href=\"https:\/\/cuinetes.shop\/es\/producto\/botella-atlantis-corazon-12l-borosilicato\/\" \/>\n<meta property=\"og:locale\" content=\"es_ES\" \/>\n<meta property=\"og:type\" content=\"article\" \/>\n<meta property=\"og:title\" content=\"Botella Atlantis Coraz\u00f3n 1,2L Borosilicato - Tienda de utensilios de cocina - Cuinetes\" \/>\n<meta property=\"og:description\" content=\"Material : Borosilicato.  No apto para horizontal.  Ultraligera, gracias al borosilicato.\" \/>\n<meta property=\"og:url\" content=\"https:\/\/cuinetes.shop\/es\/producto\/botella-atlantis-corazon-12l-borosilicato\/\" \/>\n<meta property=\"og:site_name\" content=\"Tienda de utensilios de cocina - Cuinetes\" \/>\n<meta property=\"article:modified_time\" content=\"2025-10-22T12:24:22+00:00\" \/>\n<meta property=\"og:image\" content=\"https:\/\/cuinetes.shop\/wp-content\/uploads\/2025\/08\/BOTELLA-CORAZON-BALVI-734X1000-PIXELS.png\" \/>\n\t<meta property=\"og:image:width\" content=\"734\" \/>\n\t<meta property=\"og:image:height\" content=\"1000\" \/>\n\t<meta property=\"og:image:type\" content=\"image\/png\" \/>\n<meta name=\"twitter:card\" content=\"summary_large_image\" \/>\n<script type=\"application\/ld+json\" class=\"yoast-schema-graph\">{\"@context\":\"https:\/\/schema.org\",\"@graph\":[{\"@type\":\"WebPage\",\"@id\":\"https:\/\/cuinetes.shop\/es\/producto\/botella-atlantis-corazon-12l-borosilicato\/\",\"url\":\"https:\/\/cuinetes.shop\/es\/producto\/botella-atlantis-corazon-12l-borosilicato\/\",\"name\":\"Botella Atlantis Coraz\u00f3n 1,2L Borosilicato - Tienda de utensilios de cocina - Cuinetes\",\"isPartOf\":{\"@id\":\"https:\/\/cuinetes.shop\/es\/#website\"},\"primaryImageOfPage\":{\"@id\":\"https:\/\/cuinetes.shop\/es\/producto\/botella-atlantis-corazon-12l-borosilicato\/#primaryimage\"},\"image\":{\"@id\":\"https:\/\/cuinetes.shop\/es\/producto\/botella-atlantis-corazon-12l-borosilicato\/#primaryimage\"},\"thumbnailUrl\":\"https:\/\/cuinetes.shop\/wp-content\/uploads\/2025\/08\/BOTELLA-CORAZON-BALVI-734X1000-PIXELS.png\",\"datePublished\":\"2025-08-07T16:43:01+00:00\",\"dateModified\":\"2025-10-22T12:24:22+00:00\",\"breadcrumb\":{\"@id\":\"https:\/\/cuinetes.shop\/es\/producto\/botella-atlantis-corazon-12l-borosilicato\/#breadcrumb\"},\"inLanguage\":\"es\",\"potentialAction\":[{\"@type\":\"ReadAction\",\"target\":[\"https:\/\/cuinetes.shop\/es\/producto\/botella-atlantis-corazon-12l-borosilicato\/\"]}]},{\"@type\":\"ImageObject\",\"inLanguage\":\"es\",\"@id\":\"https:\/\/cuinetes.shop\/es\/producto\/botella-atlantis-corazon-12l-borosilicato\/#primaryimage\",\"url\":\"https:\/\/cuinetes.shop\/wp-content\/uploads\/2025\/08\/BOTELLA-CORAZON-BALVI-734X1000-PIXELS.png\",\"contentUrl\":\"https:\/\/cuinetes.shop\/wp-content\/uploads\/2025\/08\/BOTELLA-CORAZON-BALVI-734X1000-PIXELS.png\",\"width\":734,\"height\":1000},{\"@type\":\"BreadcrumbList\",\"@id\":\"https:\/\/cuinetes.shop\/es\/producto\/botella-atlantis-corazon-12l-borosilicato\/#breadcrumb\",\"itemListElement\":[{\"@type\":\"ListItem\",\"position\":1,\"name\":\"Home\",\"item\":\"https:\/\/cuinetes.shop\/es\/\"},{\"@type\":\"ListItem\",\"position\":2,\"name\":\"Tienda\",\"item\":\"https:\/\/cuinetes.shop\/es\/tienda\/\"},{\"@type\":\"ListItem\",\"position\":3,\"name\":\"Botella Atlantis Coraz\u00f3n 1,2L Borosilicato\"}]},{\"@type\":\"WebSite\",\"@id\":\"https:\/\/cuinetes.shop\/es\/#website\",\"url\":\"https:\/\/cuinetes.shop\/es\/\",\"name\":\"Tienda de utensilios de cocina - Cuinetes\",\"description\":\"\",\"potentialAction\":[{\"@type\":\"SearchAction\",\"target\":{\"@type\":\"EntryPoint\",\"urlTemplate\":\"https:\/\/cuinetes.shop\/es\/?s={search_term_string}\"},\"query-input\":{\"@type\":\"PropertyValueSpecification\",\"valueRequired\":true,\"valueName\":\"search_term_string\"}}],\"inLanguage\":\"es\"}]}<\/script>\n<!-- \/ Yoast SEO plugin. -->","yoast_head_json":{"title":"Botella Atlantis Coraz\u00f3n 1,2L Borosilicato - Tienda de utensilios de cocina - Cuinetes","robots":{"index":"index","follow":"follow","max-snippet":"max-snippet:-1","max-image-preview":"max-image-preview:large","max-video-preview":"max-video-preview:-1"},"canonical":"https:\/\/cuinetes.shop\/es\/producto\/botella-atlantis-corazon-12l-borosilicato\/","og_locale":"es_ES","og_type":"article","og_title":"Botella Atlantis Coraz\u00f3n 1,2L Borosilicato - Tienda de utensilios de cocina - Cuinetes","og_description":"Material : Borosilicato.  No apto para horizontal.  Ultraligera, gracias al borosilicato.","og_url":"https:\/\/cuinetes.shop\/es\/producto\/botella-atlantis-corazon-12l-borosilicato\/","og_site_name":"Tienda de utensilios de cocina - Cuinetes","article_modified_time":"2025-10-22T12:24:22+00:00","og_image":[{"width":734,"height":1000,"url":"https:\/\/cuinetes.shop\/wp-content\/uploads\/2025\/08\/BOTELLA-CORAZON-BALVI-734X1000-PIXELS.png","type":"image\/png"}],"twitter_card":"summary_large_image","schema":{"@context":"https:\/\/schema.org","@graph":[{"@type":"WebPage","@id":"https:\/\/cuinetes.shop\/es\/producto\/botella-atlantis-corazon-12l-borosilicato\/","url":"https:\/\/cuinetes.shop\/es\/producto\/botella-atlantis-corazon-12l-borosilicato\/","name":"Botella Atlantis Coraz\u00f3n 1,2L Borosilicato - Tienda de utensilios de cocina - Cuinetes","isPartOf":{"@id":"https:\/\/cuinetes.shop\/es\/#website"},"primaryImageOfPage":{"@id":"https:\/\/cuinetes.shop\/es\/producto\/botella-atlantis-corazon-12l-borosilicato\/#primaryimage"},"image":{"@id":"https:\/\/cuinetes.shop\/es\/producto\/botella-atlantis-corazon-12l-borosilicato\/#primaryimage"},"thumbnailUrl":"https:\/\/cuinetes.shop\/wp-content\/uploads\/2025\/08\/BOTELLA-CORAZON-BALVI-734X1000-PIXELS.png","datePublished":"2025-08-07T16:43:01+00:00","dateModified":"2025-10-22T12:24:22+00:00","breadcrumb":{"@id":"https:\/\/cuinetes.shop\/es\/producto\/botella-atlantis-corazon-12l-borosilicato\/#breadcrumb"},"inLanguage":"es","potentialAction":[{"@type":"ReadAction","target":["https:\/\/cuinetes.shop\/es\/producto\/botella-atlantis-corazon-12l-borosilicato\/"]}]},{"@type":"ImageObject","inLanguage":"es","@id":"https:\/\/cuinetes.shop\/es\/producto\/botella-atlantis-corazon-12l-borosilicato\/#primaryimage","url":"https:\/\/cuinetes.shop\/wp-content\/uploads\/2025\/08\/BOTELLA-CORAZON-BALVI-734X1000-PIXELS.png","contentUrl":"https:\/\/cuinetes.shop\/wp-content\/uploads\/2025\/08\/BOTELLA-CORAZON-BALVI-734X1000-PIXELS.png","width":734,"height":1000},{"@type":"BreadcrumbList","@id":"https:\/\/cuinetes.shop\/es\/producto\/botella-atlantis-corazon-12l-borosilicato\/#breadcrumb","itemListElement":[{"@type":"ListItem","position":1,"name":"Home","item":"https:\/\/cuinetes.shop\/es\/"},{"@type":"ListItem","position":2,"name":"Tienda","item":"https:\/\/cuinetes.shop\/es\/tienda\/"},{"@type":"ListItem","position":3,"name":"Botella Atlantis Coraz\u00f3n 1,2L Borosilicato"}]},{"@type":"WebSite","@id":"https:\/\/cuinetes.shop\/es\/#website","url":"https:\/\/cuinetes.shop\/es\/","name":"Tienda de utensilios de cocina - Cuinetes","description":"","potentialAction":[{"@type":"SearchAction","target":{"@type":"EntryPoint","urlTemplate":"https:\/\/cuinetes.shop\/es\/?s={search_term_string}"},"query-input":{"@type":"PropertyValueSpecification","valueRequired":true,"valueName":"search_term_string"}}],"inLanguage":"es"}]}},"_links":{"self":[{"href":"https:\/\/cuinetes.shop\/es\/wp-json\/wp\/v2\/product\/36042","targetHints":{"allow":["GET"]}}],"collection":[{"href":"https:\/\/cuinetes.shop\/es\/wp-json\/wp\/v2\/product"}],"about":[{"href":"https:\/\/cuinetes.shop\/es\/wp-json\/wp\/v2\/types\/product"}],"replies":[{"embeddable":true,"href":"https:\/\/cuinetes.shop\/es\/wp-json\/wp\/v2\/comments?post=36042"}],"wp:featuredmedia":[{"embeddable":true,"href":"https:\/\/cuinetes.shop\/es\/wp-json\/wp\/v2\/media\/35277"}],"wp:attachment":[{"href":"https:\/\/cuinetes.shop\/es\/wp-json\/wp\/v2\/media?parent=36042"}],"wp:term":[{"taxonomy":"product_cat","embeddable":true,"href":"https:\/\/cuinetes.shop\/es\/wp-json\/wp\/v2\/product_cat?post=36042"},{"taxonomy":"product_tag","embeddable":true,"href":"https:\/\/cuinetes.shop\/es\/wp-json\/wp\/v2\/product_tag?post=36042"}],"curies":[{"name":"wp","href":"https:\/\/api.w.org\/{rel}","templated":true}]}}