
{"id":36194,"date":"2025-10-27T15:54:06","date_gmt":"2025-10-27T14:54:06","guid":{"rendered":"https:\/\/cuinetes.shop\/?post_type=product&#038;p=36194"},"modified":"2025-10-27T16:06:32","modified_gmt":"2025-10-27T15:06:32","slug":"sartenes-castey-induccion-antiadherente-de-aluminio-oscuro-con-mango-desmontable","status":"publish","type":"product","link":"https:\/\/cuinetes.shop\/es\/producto\/sartenes-castey-induccion-antiadherente-de-aluminio-oscuro-con-mango-desmontable\/","title":{"rendered":"Sartenes Castey Inducci\u00f3n Antiadherente de Aluminio Oscuro con Mango Desmontable"},"content":{"rendered":"<p>La sart\u00e9n es el producto m\u00e1s utilizado en nuestras cocinas y su virtud m\u00e1s valorada es que sea muy antiadherente. Por eso la sart\u00e9n Castey Inducci\u00f3n lleva un recubrimiento de alta calidad sin PFOA que evita que los alimentos se peguen, incluso si cocinas sin aceite. Es ligera y maniobrable porque dar la vuelta a la tortilla sea m\u00e1s f\u00e1cil que nunca. Adem\u00e1s, sus mangos desmontables de seguridad te ayudar\u00e1n a limpiarla a mano c\u00f3modamente, optimizar\u00e1n espacio en el armario y el lavavajillas, podr\u00e1s ponerla y quitarla del horno sin quemarte e incluso convertirla en un molde o cacerola. Y para que tus platos sepan todav\u00eda mejor, cuece los alimentos de manera r\u00e1pida y uniforme. Es apta para inducci\u00f3n y todas las cocinas. Y con Garant\u00eda Total de Fabricaci\u00f3n.<\/p>\n","protected":false},"excerpt":{"rendered":"<p>Anti-adherente libre de\u00a0PFOA. Cuerpo de aluminio fuera. Base hoja inducci\u00f3n<br \/>\nPaella\u00a0Castey\u00a0Hoja Inducci\u00f3n con mango desmontable rojo<br \/>\nDi\u00e1metro: 16 cm<br \/>\nDi\u00e1metro base: 12 cm<br \/>\nVENTAJAS:<br \/>\n\u2022 Distribuye el calor homog\u00e9neamente porque los alimentos se cuezan de manera r\u00e1pida y uniforme.<br \/>\n\u2022 Aprovecha mejor la energ\u00eda para ahorrar en la factura del gas o la electricidad.<br \/>\n\u2022 Totalmente indeformable: su base no se curva y mantiene un contacto siempre perfecto cono la superficie de cocina.<br \/>\n\u2022 Mango desmontable para limpiar a mando c\u00f3modamente, optimizar espacio en el armario y el lavavajillas, poner y quitar el producto del horno sin quemarse o convertirlo en un molde o cazuela.<br \/>\n\u2022 Los alimentos nunca se pegan, incluso si se cocina sin aceite.<br \/>\n\u2022 Ideal para una alimentaci\u00f3n saludable y baja en gasas.<br \/>\n\u2022 Ligera y maniobrable para manipularla f\u00e1cilmente sin quemarse y cocinar c\u00f3modamente.<br \/>\n\u2022 Para inducci\u00f3n y todo tipo de cocinas.<br \/>\n\u2022 Apta para lavavajillas.<br \/>\n\u2022 R\u00e1pida y f\u00e1cil de limpiar.<br \/>\n\u2022 Resistente al horno hasta 250 \u00b0C. (Sin el mango).<br \/>\nCARACTER\u00cdSTICAS T\u00c9CNICAS:<br \/>\n\u2022 Fabricada en aluminio fundido indeformable de gran grosor y durabilidad.<br \/>\n\u2022 Base de inducci\u00f3n Hoja\u00a0Induction.<br \/>\n\u2022 Recubrimiento antiadherente libre de\u00a0PFOA\u00a0de alta calidad y resistencia.<br \/>\n\u2022 Mango desmontable cono sistema de fijaci\u00f3n de rosca de seguridad.<br \/>\n\u2022 Garant\u00eda total de fabricaci\u00f3n.<\/p>\n","protected":false},"featured_media":36191,"comment_status":"closed","ping_status":"closed","template":"","meta":[],"product_cat":[695,696],"product_tag":[1504,1516,1506,1505],"class_list":{"0":"post-36194","1":"product","2":"type-product","3":"status-publish","4":"has-post-thumbnail","6":"product_brand-castey-es","7":"product_cat-coccion","8":"product_cat-sartenes","9":"product_tag-antiadherente","10":"product_tag-induccion","11":"product_tag-libre-de-pfoa","12":"product_tag-sarten","13":"pa_mides-16cm","14":"pa_mides-18cm","15":"pa_mides-20cm","16":"pa_mides-22cm","17":"pa_mides-24cm","18":"pa_mides-26cm","19":"pa_mides-28cm","20":"pa_mides-30cm","23":"first","24":"instock","25":"taxable","26":"shipping-taxable","27":"purchasable","28":"product-type-variable"},"yoast_head":"<!-- This site is optimized with the Yoast SEO plugin v26.1.1 - https:\/\/yoast.com\/wordpress\/plugins\/seo\/ -->\n<title>Sartenes Castey Inducci\u00f3n Antiadherente de Aluminio Oscuro con Mango Desmontable - Tienda de utensilios de cocina - Cuinetes<\/title>\n<meta name=\"robots\" content=\"index, follow, max-snippet:-1, max-image-preview:large, max-video-preview:-1\" \/>\n<link rel=\"canonical\" href=\"https:\/\/cuinetes.shop\/es\/producto\/sartenes-castey-induccion-antiadherente-de-aluminio-oscuro-con-mango-desmontable\/\" \/>\n<meta property=\"og:locale\" content=\"es_ES\" \/>\n<meta property=\"og:type\" content=\"article\" \/>\n<meta property=\"og:title\" content=\"Sartenes Castey Inducci\u00f3n Antiadherente de Aluminio Oscuro con Mango Desmontable - Tienda de utensilios de cocina - Cuinetes\" \/>\n<meta property=\"og:description\" content=\"Anti-adherente libre de\u00a0PFOA. Cuerpo de aluminio fuera. Base hoja inducci\u00f3n Paella\u00a0Castey\u00a0Hoja Inducci\u00f3n con mango desmontable rojo Di\u00e1metro: 16 cm Di\u00e1metro base: 12 cm VENTAJAS: \u2022 Distribuye el calor homog\u00e9neamente porque los alimentos se cuezan de manera r\u00e1pida y uniforme. \u2022 Aprovecha mejor la energ\u00eda para ahorrar en la factura del gas o la electricidad. \u2022 Totalmente indeformable: su base no se curva y mantiene un contacto siempre perfecto cono la superficie de cocina. \u2022 Mango desmontable para limpiar a mando c\u00f3modamente, optimizar espacio en el armario y el lavavajillas, poner y quitar el producto del horno sin quemarse o convertirlo en un molde o cazuela. \u2022 Los alimentos nunca se pegan, incluso si se cocina sin aceite. \u2022 Ideal para una alimentaci\u00f3n saludable y baja en gasas. \u2022 Ligera y maniobrable para manipularla f\u00e1cilmente sin quemarse y cocinar c\u00f3modamente. \u2022 Para inducci\u00f3n y todo tipo de cocinas. \u2022 Apta para lavavajillas. \u2022 R\u00e1pida y f\u00e1cil de limpiar. \u2022 Resistente al horno hasta 250 \u00b0C. (Sin el mango). CARACTER\u00cdSTICAS T\u00c9CNICAS: \u2022 Fabricada en aluminio fundido indeformable de gran grosor y durabilidad. \u2022 Base de inducci\u00f3n Hoja\u00a0Induction. \u2022 Recubrimiento antiadherente libre de\u00a0PFOA\u00a0de alta calidad y resistencia. \u2022 Mango desmontable cono sistema de fijaci\u00f3n de rosca de seguridad. \u2022 Garant\u00eda total de fabricaci\u00f3n.\" \/>\n<meta property=\"og:url\" content=\"https:\/\/cuinetes.shop\/es\/producto\/sartenes-castey-induccion-antiadherente-de-aluminio-oscuro-con-mango-desmontable\/\" \/>\n<meta property=\"og:site_name\" content=\"Tienda de utensilios de cocina - Cuinetes\" \/>\n<meta property=\"article:modified_time\" content=\"2025-10-27T15:06:32+00:00\" \/>\n<meta property=\"og:image\" content=\"https:\/\/cuinetes.shop\/wp-content\/uploads\/2025\/10\/induccion-castey-4.png\" \/>\n\t<meta property=\"og:image:width\" content=\"734\" \/>\n\t<meta property=\"og:image:height\" content=\"1000\" \/>\n\t<meta property=\"og:image:type\" content=\"image\/png\" \/>\n<meta name=\"twitter:card\" content=\"summary_large_image\" \/>\n<meta name=\"twitter:label1\" content=\"Est. reading time\" \/>\n\t<meta name=\"twitter:data1\" content=\"1 minute\" \/>\n<script type=\"application\/ld+json\" class=\"yoast-schema-graph\">{\"@context\":\"https:\/\/schema.org\",\"@graph\":[{\"@type\":\"WebPage\",\"@id\":\"https:\/\/cuinetes.shop\/es\/producto\/sartenes-castey-induccion-antiadherente-de-aluminio-oscuro-con-mango-desmontable\/\",\"url\":\"https:\/\/cuinetes.shop\/es\/producto\/sartenes-castey-induccion-antiadherente-de-aluminio-oscuro-con-mango-desmontable\/\",\"name\":\"Sartenes Castey Inducci\u00f3n Antiadherente de Aluminio Oscuro con Mango Desmontable - Tienda de utensilios de cocina - Cuinetes\",\"isPartOf\":{\"@id\":\"https:\/\/cuinetes.shop\/es\/#website\"},\"primaryImageOfPage\":{\"@id\":\"https:\/\/cuinetes.shop\/es\/producto\/sartenes-castey-induccion-antiadherente-de-aluminio-oscuro-con-mango-desmontable\/#primaryimage\"},\"image\":{\"@id\":\"https:\/\/cuinetes.shop\/es\/producto\/sartenes-castey-induccion-antiadherente-de-aluminio-oscuro-con-mango-desmontable\/#primaryimage\"},\"thumbnailUrl\":\"https:\/\/cuinetes.shop\/wp-content\/uploads\/2025\/10\/induccion-castey-4.png\",\"datePublished\":\"2025-10-27T14:54:06+00:00\",\"dateModified\":\"2025-10-27T15:06:32+00:00\",\"breadcrumb\":{\"@id\":\"https:\/\/cuinetes.shop\/es\/producto\/sartenes-castey-induccion-antiadherente-de-aluminio-oscuro-con-mango-desmontable\/#breadcrumb\"},\"inLanguage\":\"es\",\"potentialAction\":[{\"@type\":\"ReadAction\",\"target\":[\"https:\/\/cuinetes.shop\/es\/producto\/sartenes-castey-induccion-antiadherente-de-aluminio-oscuro-con-mango-desmontable\/\"]}]},{\"@type\":\"ImageObject\",\"inLanguage\":\"es\",\"@id\":\"https:\/\/cuinetes.shop\/es\/producto\/sartenes-castey-induccion-antiadherente-de-aluminio-oscuro-con-mango-desmontable\/#primaryimage\",\"url\":\"https:\/\/cuinetes.shop\/wp-content\/uploads\/2025\/10\/induccion-castey-4.png\",\"contentUrl\":\"https:\/\/cuinetes.shop\/wp-content\/uploads\/2025\/10\/induccion-castey-4.png\",\"width\":734,\"height\":1000},{\"@type\":\"BreadcrumbList\",\"@id\":\"https:\/\/cuinetes.shop\/es\/producto\/sartenes-castey-induccion-antiadherente-de-aluminio-oscuro-con-mango-desmontable\/#breadcrumb\",\"itemListElement\":[{\"@type\":\"ListItem\",\"position\":1,\"name\":\"Home\",\"item\":\"https:\/\/cuinetes.shop\/es\/\"},{\"@type\":\"ListItem\",\"position\":2,\"name\":\"Tienda\",\"item\":\"https:\/\/cuinetes.shop\/es\/tienda\/\"},{\"@type\":\"ListItem\",\"position\":3,\"name\":\"Sartenes Castey Inducci\u00f3n Antiadherente de Aluminio Oscuro con Mango Desmontable\"}]},{\"@type\":\"WebSite\",\"@id\":\"https:\/\/cuinetes.shop\/es\/#website\",\"url\":\"https:\/\/cuinetes.shop\/es\/\",\"name\":\"Tienda de utensilios de cocina - Cuinetes\",\"description\":\"\",\"potentialAction\":[{\"@type\":\"SearchAction\",\"target\":{\"@type\":\"EntryPoint\",\"urlTemplate\":\"https:\/\/cuinetes.shop\/es\/?s={search_term_string}\"},\"query-input\":{\"@type\":\"PropertyValueSpecification\",\"valueRequired\":true,\"valueName\":\"search_term_string\"}}],\"inLanguage\":\"es\"}]}<\/script>\n<!-- \/ Yoast SEO plugin. -->","yoast_head_json":{"title":"Sartenes Castey Inducci\u00f3n Antiadherente de Aluminio Oscuro con Mango Desmontable - Tienda de utensilios de cocina - Cuinetes","robots":{"index":"index","follow":"follow","max-snippet":"max-snippet:-1","max-image-preview":"max-image-preview:large","max-video-preview":"max-video-preview:-1"},"canonical":"https:\/\/cuinetes.shop\/es\/producto\/sartenes-castey-induccion-antiadherente-de-aluminio-oscuro-con-mango-desmontable\/","og_locale":"es_ES","og_type":"article","og_title":"Sartenes Castey Inducci\u00f3n Antiadherente de Aluminio Oscuro con Mango Desmontable - Tienda de utensilios de cocina - Cuinetes","og_description":"Anti-adherente libre de\u00a0PFOA. Cuerpo de aluminio fuera. Base hoja inducci\u00f3n Paella\u00a0Castey\u00a0Hoja Inducci\u00f3n con mango desmontable rojo Di\u00e1metro: 16 cm Di\u00e1metro base: 12 cm VENTAJAS: \u2022 Distribuye el calor homog\u00e9neamente porque los alimentos se cuezan de manera r\u00e1pida y uniforme. \u2022 Aprovecha mejor la energ\u00eda para ahorrar en la factura del gas o la electricidad. \u2022 Totalmente indeformable: su base no se curva y mantiene un contacto siempre perfecto cono la superficie de cocina. \u2022 Mango desmontable para limpiar a mando c\u00f3modamente, optimizar espacio en el armario y el lavavajillas, poner y quitar el producto del horno sin quemarse o convertirlo en un molde o cazuela. \u2022 Los alimentos nunca se pegan, incluso si se cocina sin aceite. \u2022 Ideal para una alimentaci\u00f3n saludable y baja en gasas. \u2022 Ligera y maniobrable para manipularla f\u00e1cilmente sin quemarse y cocinar c\u00f3modamente. \u2022 Para inducci\u00f3n y todo tipo de cocinas. \u2022 Apta para lavavajillas. \u2022 R\u00e1pida y f\u00e1cil de limpiar. \u2022 Resistente al horno hasta 250 \u00b0C. (Sin el mango). CARACTER\u00cdSTICAS T\u00c9CNICAS: \u2022 Fabricada en aluminio fundido indeformable de gran grosor y durabilidad. \u2022 Base de inducci\u00f3n Hoja\u00a0Induction. \u2022 Recubrimiento antiadherente libre de\u00a0PFOA\u00a0de alta calidad y resistencia. \u2022 Mango desmontable cono sistema de fijaci\u00f3n de rosca de seguridad. \u2022 Garant\u00eda total de fabricaci\u00f3n.","og_url":"https:\/\/cuinetes.shop\/es\/producto\/sartenes-castey-induccion-antiadherente-de-aluminio-oscuro-con-mango-desmontable\/","og_site_name":"Tienda de utensilios de cocina - Cuinetes","article_modified_time":"2025-10-27T15:06:32+00:00","og_image":[{"width":734,"height":1000,"url":"https:\/\/cuinetes.shop\/wp-content\/uploads\/2025\/10\/induccion-castey-4.png","type":"image\/png"}],"twitter_card":"summary_large_image","twitter_misc":{"Est. reading time":"1 minute"},"schema":{"@context":"https:\/\/schema.org","@graph":[{"@type":"WebPage","@id":"https:\/\/cuinetes.shop\/es\/producto\/sartenes-castey-induccion-antiadherente-de-aluminio-oscuro-con-mango-desmontable\/","url":"https:\/\/cuinetes.shop\/es\/producto\/sartenes-castey-induccion-antiadherente-de-aluminio-oscuro-con-mango-desmontable\/","name":"Sartenes Castey Inducci\u00f3n Antiadherente de Aluminio Oscuro con Mango Desmontable - Tienda de utensilios de cocina - Cuinetes","isPartOf":{"@id":"https:\/\/cuinetes.shop\/es\/#website"},"primaryImageOfPage":{"@id":"https:\/\/cuinetes.shop\/es\/producto\/sartenes-castey-induccion-antiadherente-de-aluminio-oscuro-con-mango-desmontable\/#primaryimage"},"image":{"@id":"https:\/\/cuinetes.shop\/es\/producto\/sartenes-castey-induccion-antiadherente-de-aluminio-oscuro-con-mango-desmontable\/#primaryimage"},"thumbnailUrl":"https:\/\/cuinetes.shop\/wp-content\/uploads\/2025\/10\/induccion-castey-4.png","datePublished":"2025-10-27T14:54:06+00:00","dateModified":"2025-10-27T15:06:32+00:00","breadcrumb":{"@id":"https:\/\/cuinetes.shop\/es\/producto\/sartenes-castey-induccion-antiadherente-de-aluminio-oscuro-con-mango-desmontable\/#breadcrumb"},"inLanguage":"es","potentialAction":[{"@type":"ReadAction","target":["https:\/\/cuinetes.shop\/es\/producto\/sartenes-castey-induccion-antiadherente-de-aluminio-oscuro-con-mango-desmontable\/"]}]},{"@type":"ImageObject","inLanguage":"es","@id":"https:\/\/cuinetes.shop\/es\/producto\/sartenes-castey-induccion-antiadherente-de-aluminio-oscuro-con-mango-desmontable\/#primaryimage","url":"https:\/\/cuinetes.shop\/wp-content\/uploads\/2025\/10\/induccion-castey-4.png","contentUrl":"https:\/\/cuinetes.shop\/wp-content\/uploads\/2025\/10\/induccion-castey-4.png","width":734,"height":1000},{"@type":"BreadcrumbList","@id":"https:\/\/cuinetes.shop\/es\/producto\/sartenes-castey-induccion-antiadherente-de-aluminio-oscuro-con-mango-desmontable\/#breadcrumb","itemListElement":[{"@type":"ListItem","position":1,"name":"Home","item":"https:\/\/cuinetes.shop\/es\/"},{"@type":"ListItem","position":2,"name":"Tienda","item":"https:\/\/cuinetes.shop\/es\/tienda\/"},{"@type":"ListItem","position":3,"name":"Sartenes Castey Inducci\u00f3n Antiadherente de Aluminio Oscuro con Mango Desmontable"}]},{"@type":"WebSite","@id":"https:\/\/cuinetes.shop\/es\/#website","url":"https:\/\/cuinetes.shop\/es\/","name":"Tienda de utensilios de cocina - Cuinetes","description":"","potentialAction":[{"@type":"SearchAction","target":{"@type":"EntryPoint","urlTemplate":"https:\/\/cuinetes.shop\/es\/?s={search_term_string}"},"query-input":{"@type":"PropertyValueSpecification","valueRequired":true,"valueName":"search_term_string"}}],"inLanguage":"es"}]}},"_links":{"self":[{"href":"https:\/\/cuinetes.shop\/es\/wp-json\/wp\/v2\/product\/36194","targetHints":{"allow":["GET"]}}],"collection":[{"href":"https:\/\/cuinetes.shop\/es\/wp-json\/wp\/v2\/product"}],"about":[{"href":"https:\/\/cuinetes.shop\/es\/wp-json\/wp\/v2\/types\/product"}],"replies":[{"embeddable":true,"href":"https:\/\/cuinetes.shop\/es\/wp-json\/wp\/v2\/comments?post=36194"}],"wp:featuredmedia":[{"embeddable":true,"href":"https:\/\/cuinetes.shop\/es\/wp-json\/wp\/v2\/media\/36191"}],"wp:attachment":[{"href":"https:\/\/cuinetes.shop\/es\/wp-json\/wp\/v2\/media?parent=36194"}],"wp:term":[{"taxonomy":"product_cat","embeddable":true,"href":"https:\/\/cuinetes.shop\/es\/wp-json\/wp\/v2\/product_cat?post=36194"},{"taxonomy":"product_tag","embeddable":true,"href":"https:\/\/cuinetes.shop\/es\/wp-json\/wp\/v2\/product_tag?post=36194"}],"curies":[{"name":"wp","href":"https:\/\/api.w.org\/{rel}","templated":true}]}}