
{"id":36224,"date":"2025-10-27T16:23:04","date_gmt":"2025-10-27T15:23:04","guid":{"rendered":"https:\/\/cuinetes.shop\/?post_type=product&#038;p=36224"},"modified":"2025-10-27T16:39:00","modified_gmt":"2025-10-27T15:39:00","slug":"sarten-castey-vitro-gas-antiadherente-de-aluminio-fundido-con-mango-desmontable","status":"publish","type":"product","link":"https:\/\/cuinetes.shop\/es\/producto\/sarten-castey-vitro-gas-antiadherente-de-aluminio-fundido-con-mango-desmontable\/","title":{"rendered":"Sartenes Castey Vitro-Gas Antiadherente de Aluminio Fundido con Mango Desmontable"},"content":{"rendered":"<p>La sart\u00e9n es el producto m\u00e1s utilizado en nuestras cocinas y su virtud m\u00e1s valorada es que sea muy antiadherente. Por eso la sart\u00e9n Castey Vitro-Gas lleva un recubrimiento de alta calidad sin PFOA que evita que los alimentos se peguen, incluso si cocinas sin aceite. Es ligera y maniobrable para que dar la vuelta a la tortilla sea m\u00e1s f\u00e1cil que nunca. Adem\u00e1s, sus mangos desmontables de seguridad te ayudar\u00e1n a limpiarla a mano c\u00f3modamente, optimizar\u00e1n espacio en el armario y el lavavajillas, podr\u00e1s ponerla y quitarla del horno sin quemarte e incluso convertirla en un molde o cacerola. Y para que tus platos sepan a\u00fan mejor, cuece los alimentos de manera r\u00e1pida y uniforme. Su base especial Vitro-Gas te ofrece la mejor eficiencia energ\u00e9tica en estas superficies. Y con Garant\u00eda Total de Fabricaci\u00f3n.<\/p>\n","protected":false},"excerpt":{"rendered":"<p>Antiadherente libre de PFOA. Cuerpo de aluminio fundido. Base especial vitro-gas.<\/p>\n<p>Sart\u00e9n Castey Classic con mango desmontable negro<br \/>\nDi\u00e1metro: 20 cm<br \/>\nDi\u00e1metro base: 15 cm<\/p>\n<p><strong>VENTAJAS:<\/strong><\/p>\n<p>\u2022 Distribuye el calor homog\u00e9neamente para que los alimentos se cocinen de manera r\u00e1pida y uniforme.<br \/>\n\u2022 Aprovecha mejor la energ\u00eda para ahorrar en la factura del gas o la electricidad.<br \/>\n\u2022 Totalmente indeformable: su base no se curva y mantiene un contacto siempre perfecto con la superficie de cocina.<br \/>\n\u2022 Mango desmontable para limpiar a mano c\u00f3modamente, optimizar espacio en el armario y el lavavajillas, poner y quitar el producto del horno sin quemarse o convertirlo en un molde o cacerola.<br \/>\n\u2022 Los alimentos nunca se pegan, incluso si se cocina sin aceite.<br \/>\n\u2022 Ideal para una alimentaci\u00f3n saludable y baja en gasas.<br \/>\n\u2022 Ligera y maniobrable para manipularla f\u00e1cilmente sin quemarse y cocinar c\u00f3modamente.<br \/>\n\u2022 Para todo tipo de cocinas excepto inducci\u00f3n.<br \/>\n\u2022 Apta para lavavajillas.<br \/>\n\u2022 R\u00e1pida y f\u00e1cil de limpiar.<br \/>\n\u2022 Resistente al horno hasta 250\u00b0C. (Sin el mango).<\/p>\n<p><strong>CARACTER\u00cdSTICAS T\u00c9CNICAS:<\/strong><\/p>\n<p>\u2022 Fabricada en aluminio fundido indeformable de gran espesor y durabilidad.<br \/>\n\u2022 Base especial vitro-gas de gran espesor: la mejor eficiencia energ\u00e9tica sin inducci\u00f3n.<br \/>\n\u2022 Recubrimiento antiadherente libre de PFOA de alta calidad y resistencia.<br \/>\n\u2022 Mango desmontable con sistema de fijaci\u00f3n de rosca de seguridad.<br \/>\n\u2022 Garant\u00eda total de fabricaci\u00f3n.<\/p>\n","protected":false},"featured_media":36219,"comment_status":"closed","ping_status":"closed","template":"","meta":[],"product_cat":[695,696],"product_tag":[1518],"class_list":{"0":"post-36224","1":"product","2":"type-product","3":"status-publish","4":"has-post-thumbnail","6":"product_brand-castey-es","7":"product_cat-coccion","8":"product_cat-sartenes","9":"product_tag-vitro-gas","12":"first","13":"instock","14":"taxable","15":"shipping-taxable","16":"purchasable","17":"product-type-variable"},"yoast_head":"<!-- This site is optimized with the Yoast SEO plugin v26.1.1 - https:\/\/yoast.com\/wordpress\/plugins\/seo\/ -->\n<title>Sartenes Castey Vitro-Gas Antiadherente de Aluminio Fundido con Mango Desmontable - Tienda de utensilios de cocina - Cuinetes<\/title>\n<meta name=\"robots\" content=\"index, follow, max-snippet:-1, max-image-preview:large, max-video-preview:-1\" \/>\n<link rel=\"canonical\" href=\"https:\/\/cuinetes.shop\/es\/producto\/sarten-castey-vitro-gas-antiadherente-de-aluminio-fundido-con-mango-desmontable\/\" \/>\n<meta property=\"og:locale\" content=\"es_ES\" \/>\n<meta property=\"og:type\" content=\"article\" \/>\n<meta property=\"og:title\" content=\"Sartenes Castey Vitro-Gas Antiadherente de Aluminio Fundido con Mango Desmontable - Tienda de utensilios de cocina - Cuinetes\" \/>\n<meta property=\"og:description\" content=\"Antiadherente libre de PFOA. Cuerpo de aluminio fundido. Base especial vitro-gas.  Sart\u00e9n Castey Classic con mango desmontable negro Di\u00e1metro: 20 cm Di\u00e1metro base: 15 cm  VENTAJAS:  \u2022 Distribuye el calor homog\u00e9neamente para que los alimentos se cocinen de manera r\u00e1pida y uniforme. \u2022 Aprovecha mejor la energ\u00eda para ahorrar en la factura del gas o la electricidad. \u2022 Totalmente indeformable: su base no se curva y mantiene un contacto siempre perfecto con la superficie de cocina. \u2022 Mango desmontable para limpiar a mano c\u00f3modamente, optimizar espacio en el armario y el lavavajillas, poner y quitar el producto del horno sin quemarse o convertirlo en un molde o cacerola. \u2022 Los alimentos nunca se pegan, incluso si se cocina sin aceite. \u2022 Ideal para una alimentaci\u00f3n saludable y baja en gasas. \u2022 Ligera y maniobrable para manipularla f\u00e1cilmente sin quemarse y cocinar c\u00f3modamente. \u2022 Para todo tipo de cocinas excepto inducci\u00f3n. \u2022 Apta para lavavajillas. \u2022 R\u00e1pida y f\u00e1cil de limpiar. \u2022 Resistente al horno hasta 250\u00b0C. (Sin el mango).  CARACTER\u00cdSTICAS T\u00c9CNICAS:  \u2022 Fabricada en aluminio fundido indeformable de gran espesor y durabilidad. \u2022 Base especial vitro-gas de gran espesor: la mejor eficiencia energ\u00e9tica sin inducci\u00f3n. \u2022 Recubrimiento antiadherente libre de PFOA de alta calidad y resistencia. \u2022 Mango desmontable con sistema de fijaci\u00f3n de rosca de seguridad. \u2022 Garant\u00eda total de fabricaci\u00f3n.\" \/>\n<meta property=\"og:url\" content=\"https:\/\/cuinetes.shop\/es\/producto\/sarten-castey-vitro-gas-antiadherente-de-aluminio-fundido-con-mango-desmontable\/\" \/>\n<meta property=\"og:site_name\" content=\"Tienda de utensilios de cocina - Cuinetes\" \/>\n<meta property=\"article:modified_time\" content=\"2025-10-27T15:39:00+00:00\" \/>\n<meta property=\"og:image\" content=\"https:\/\/cuinetes.shop\/wp-content\/uploads\/2025\/10\/Castey-vitro-Gas-1.png\" \/>\n\t<meta property=\"og:image:width\" content=\"734\" \/>\n\t<meta property=\"og:image:height\" content=\"1000\" \/>\n\t<meta property=\"og:image:type\" content=\"image\/png\" \/>\n<meta name=\"twitter:card\" content=\"summary_large_image\" \/>\n<meta name=\"twitter:label1\" content=\"Est. reading time\" \/>\n\t<meta name=\"twitter:data1\" content=\"1 minute\" \/>\n<script type=\"application\/ld+json\" class=\"yoast-schema-graph\">{\"@context\":\"https:\/\/schema.org\",\"@graph\":[{\"@type\":\"WebPage\",\"@id\":\"https:\/\/cuinetes.shop\/es\/producto\/sarten-castey-vitro-gas-antiadherente-de-aluminio-fundido-con-mango-desmontable\/\",\"url\":\"https:\/\/cuinetes.shop\/es\/producto\/sarten-castey-vitro-gas-antiadherente-de-aluminio-fundido-con-mango-desmontable\/\",\"name\":\"Sartenes Castey Vitro-Gas Antiadherente de Aluminio Fundido con Mango Desmontable - Tienda de utensilios de cocina - Cuinetes\",\"isPartOf\":{\"@id\":\"https:\/\/cuinetes.shop\/es\/#website\"},\"primaryImageOfPage\":{\"@id\":\"https:\/\/cuinetes.shop\/es\/producto\/sarten-castey-vitro-gas-antiadherente-de-aluminio-fundido-con-mango-desmontable\/#primaryimage\"},\"image\":{\"@id\":\"https:\/\/cuinetes.shop\/es\/producto\/sarten-castey-vitro-gas-antiadherente-de-aluminio-fundido-con-mango-desmontable\/#primaryimage\"},\"thumbnailUrl\":\"https:\/\/cuinetes.shop\/wp-content\/uploads\/2025\/10\/Castey-vitro-Gas-1.png\",\"datePublished\":\"2025-10-27T15:23:04+00:00\",\"dateModified\":\"2025-10-27T15:39:00+00:00\",\"breadcrumb\":{\"@id\":\"https:\/\/cuinetes.shop\/es\/producto\/sarten-castey-vitro-gas-antiadherente-de-aluminio-fundido-con-mango-desmontable\/#breadcrumb\"},\"inLanguage\":\"es\",\"potentialAction\":[{\"@type\":\"ReadAction\",\"target\":[\"https:\/\/cuinetes.shop\/es\/producto\/sarten-castey-vitro-gas-antiadherente-de-aluminio-fundido-con-mango-desmontable\/\"]}]},{\"@type\":\"ImageObject\",\"inLanguage\":\"es\",\"@id\":\"https:\/\/cuinetes.shop\/es\/producto\/sarten-castey-vitro-gas-antiadherente-de-aluminio-fundido-con-mango-desmontable\/#primaryimage\",\"url\":\"https:\/\/cuinetes.shop\/wp-content\/uploads\/2025\/10\/Castey-vitro-Gas-1.png\",\"contentUrl\":\"https:\/\/cuinetes.shop\/wp-content\/uploads\/2025\/10\/Castey-vitro-Gas-1.png\",\"width\":734,\"height\":1000},{\"@type\":\"BreadcrumbList\",\"@id\":\"https:\/\/cuinetes.shop\/es\/producto\/sarten-castey-vitro-gas-antiadherente-de-aluminio-fundido-con-mango-desmontable\/#breadcrumb\",\"itemListElement\":[{\"@type\":\"ListItem\",\"position\":1,\"name\":\"Home\",\"item\":\"https:\/\/cuinetes.shop\/es\/\"},{\"@type\":\"ListItem\",\"position\":2,\"name\":\"Tienda\",\"item\":\"https:\/\/cuinetes.shop\/es\/tienda\/\"},{\"@type\":\"ListItem\",\"position\":3,\"name\":\"Sartenes Castey Vitro-Gas Antiadherente de Aluminio Fundido con Mango Desmontable\"}]},{\"@type\":\"WebSite\",\"@id\":\"https:\/\/cuinetes.shop\/es\/#website\",\"url\":\"https:\/\/cuinetes.shop\/es\/\",\"name\":\"Tienda de utensilios de cocina - Cuinetes\",\"description\":\"\",\"potentialAction\":[{\"@type\":\"SearchAction\",\"target\":{\"@type\":\"EntryPoint\",\"urlTemplate\":\"https:\/\/cuinetes.shop\/es\/?s={search_term_string}\"},\"query-input\":{\"@type\":\"PropertyValueSpecification\",\"valueRequired\":true,\"valueName\":\"search_term_string\"}}],\"inLanguage\":\"es\"}]}<\/script>\n<!-- \/ Yoast SEO plugin. -->","yoast_head_json":{"title":"Sartenes Castey Vitro-Gas Antiadherente de Aluminio Fundido con Mango Desmontable - Tienda de utensilios de cocina - Cuinetes","robots":{"index":"index","follow":"follow","max-snippet":"max-snippet:-1","max-image-preview":"max-image-preview:large","max-video-preview":"max-video-preview:-1"},"canonical":"https:\/\/cuinetes.shop\/es\/producto\/sarten-castey-vitro-gas-antiadherente-de-aluminio-fundido-con-mango-desmontable\/","og_locale":"es_ES","og_type":"article","og_title":"Sartenes Castey Vitro-Gas Antiadherente de Aluminio Fundido con Mango Desmontable - Tienda de utensilios de cocina - Cuinetes","og_description":"Antiadherente libre de PFOA. Cuerpo de aluminio fundido. Base especial vitro-gas.  Sart\u00e9n Castey Classic con mango desmontable negro Di\u00e1metro: 20 cm Di\u00e1metro base: 15 cm  VENTAJAS:  \u2022 Distribuye el calor homog\u00e9neamente para que los alimentos se cocinen de manera r\u00e1pida y uniforme. \u2022 Aprovecha mejor la energ\u00eda para ahorrar en la factura del gas o la electricidad. \u2022 Totalmente indeformable: su base no se curva y mantiene un contacto siempre perfecto con la superficie de cocina. \u2022 Mango desmontable para limpiar a mano c\u00f3modamente, optimizar espacio en el armario y el lavavajillas, poner y quitar el producto del horno sin quemarse o convertirlo en un molde o cacerola. \u2022 Los alimentos nunca se pegan, incluso si se cocina sin aceite. \u2022 Ideal para una alimentaci\u00f3n saludable y baja en gasas. \u2022 Ligera y maniobrable para manipularla f\u00e1cilmente sin quemarse y cocinar c\u00f3modamente. \u2022 Para todo tipo de cocinas excepto inducci\u00f3n. \u2022 Apta para lavavajillas. \u2022 R\u00e1pida y f\u00e1cil de limpiar. \u2022 Resistente al horno hasta 250\u00b0C. (Sin el mango).  CARACTER\u00cdSTICAS T\u00c9CNICAS:  \u2022 Fabricada en aluminio fundido indeformable de gran espesor y durabilidad. \u2022 Base especial vitro-gas de gran espesor: la mejor eficiencia energ\u00e9tica sin inducci\u00f3n. \u2022 Recubrimiento antiadherente libre de PFOA de alta calidad y resistencia. \u2022 Mango desmontable con sistema de fijaci\u00f3n de rosca de seguridad. \u2022 Garant\u00eda total de fabricaci\u00f3n.","og_url":"https:\/\/cuinetes.shop\/es\/producto\/sarten-castey-vitro-gas-antiadherente-de-aluminio-fundido-con-mango-desmontable\/","og_site_name":"Tienda de utensilios de cocina - Cuinetes","article_modified_time":"2025-10-27T15:39:00+00:00","og_image":[{"width":734,"height":1000,"url":"https:\/\/cuinetes.shop\/wp-content\/uploads\/2025\/10\/Castey-vitro-Gas-1.png","type":"image\/png"}],"twitter_card":"summary_large_image","twitter_misc":{"Est. reading time":"1 minute"},"schema":{"@context":"https:\/\/schema.org","@graph":[{"@type":"WebPage","@id":"https:\/\/cuinetes.shop\/es\/producto\/sarten-castey-vitro-gas-antiadherente-de-aluminio-fundido-con-mango-desmontable\/","url":"https:\/\/cuinetes.shop\/es\/producto\/sarten-castey-vitro-gas-antiadherente-de-aluminio-fundido-con-mango-desmontable\/","name":"Sartenes Castey Vitro-Gas Antiadherente de Aluminio Fundido con Mango Desmontable - Tienda de utensilios de cocina - Cuinetes","isPartOf":{"@id":"https:\/\/cuinetes.shop\/es\/#website"},"primaryImageOfPage":{"@id":"https:\/\/cuinetes.shop\/es\/producto\/sarten-castey-vitro-gas-antiadherente-de-aluminio-fundido-con-mango-desmontable\/#primaryimage"},"image":{"@id":"https:\/\/cuinetes.shop\/es\/producto\/sarten-castey-vitro-gas-antiadherente-de-aluminio-fundido-con-mango-desmontable\/#primaryimage"},"thumbnailUrl":"https:\/\/cuinetes.shop\/wp-content\/uploads\/2025\/10\/Castey-vitro-Gas-1.png","datePublished":"2025-10-27T15:23:04+00:00","dateModified":"2025-10-27T15:39:00+00:00","breadcrumb":{"@id":"https:\/\/cuinetes.shop\/es\/producto\/sarten-castey-vitro-gas-antiadherente-de-aluminio-fundido-con-mango-desmontable\/#breadcrumb"},"inLanguage":"es","potentialAction":[{"@type":"ReadAction","target":["https:\/\/cuinetes.shop\/es\/producto\/sarten-castey-vitro-gas-antiadherente-de-aluminio-fundido-con-mango-desmontable\/"]}]},{"@type":"ImageObject","inLanguage":"es","@id":"https:\/\/cuinetes.shop\/es\/producto\/sarten-castey-vitro-gas-antiadherente-de-aluminio-fundido-con-mango-desmontable\/#primaryimage","url":"https:\/\/cuinetes.shop\/wp-content\/uploads\/2025\/10\/Castey-vitro-Gas-1.png","contentUrl":"https:\/\/cuinetes.shop\/wp-content\/uploads\/2025\/10\/Castey-vitro-Gas-1.png","width":734,"height":1000},{"@type":"BreadcrumbList","@id":"https:\/\/cuinetes.shop\/es\/producto\/sarten-castey-vitro-gas-antiadherente-de-aluminio-fundido-con-mango-desmontable\/#breadcrumb","itemListElement":[{"@type":"ListItem","position":1,"name":"Home","item":"https:\/\/cuinetes.shop\/es\/"},{"@type":"ListItem","position":2,"name":"Tienda","item":"https:\/\/cuinetes.shop\/es\/tienda\/"},{"@type":"ListItem","position":3,"name":"Sartenes Castey Vitro-Gas Antiadherente de Aluminio Fundido con Mango Desmontable"}]},{"@type":"WebSite","@id":"https:\/\/cuinetes.shop\/es\/#website","url":"https:\/\/cuinetes.shop\/es\/","name":"Tienda de utensilios de cocina - Cuinetes","description":"","potentialAction":[{"@type":"SearchAction","target":{"@type":"EntryPoint","urlTemplate":"https:\/\/cuinetes.shop\/es\/?s={search_term_string}"},"query-input":{"@type":"PropertyValueSpecification","valueRequired":true,"valueName":"search_term_string"}}],"inLanguage":"es"}]}},"_links":{"self":[{"href":"https:\/\/cuinetes.shop\/es\/wp-json\/wp\/v2\/product\/36224","targetHints":{"allow":["GET"]}}],"collection":[{"href":"https:\/\/cuinetes.shop\/es\/wp-json\/wp\/v2\/product"}],"about":[{"href":"https:\/\/cuinetes.shop\/es\/wp-json\/wp\/v2\/types\/product"}],"replies":[{"embeddable":true,"href":"https:\/\/cuinetes.shop\/es\/wp-json\/wp\/v2\/comments?post=36224"}],"wp:featuredmedia":[{"embeddable":true,"href":"https:\/\/cuinetes.shop\/es\/wp-json\/wp\/v2\/media\/36219"}],"wp:attachment":[{"href":"https:\/\/cuinetes.shop\/es\/wp-json\/wp\/v2\/media?parent=36224"}],"wp:term":[{"taxonomy":"product_cat","embeddable":true,"href":"https:\/\/cuinetes.shop\/es\/wp-json\/wp\/v2\/product_cat?post=36224"},{"taxonomy":"product_tag","embeddable":true,"href":"https:\/\/cuinetes.shop\/es\/wp-json\/wp\/v2\/product_tag?post=36224"}],"curies":[{"name":"wp","href":"https:\/\/api.w.org\/{rel}","templated":true}]}}