
{"id":36240,"date":"2025-10-27T17:11:58","date_gmt":"2025-10-27T16:11:58","guid":{"rendered":"https:\/\/cuinetes.shop\/?post_type=product&#038;p=36240"},"modified":"2025-10-27T19:43:33","modified_gmt":"2025-10-27T18:43:33","slug":"copa-de-vino-1l-magnus","status":"publish","type":"product","link":"https:\/\/cuinetes.shop\/es\/producto\/copa-de-vino-1l-magnus\/","title":{"rendered":"Copa  Vino 1L\u00a0Magnus\u00a0"},"content":{"rendered":"<p>Copa de Vino\u00a0Magnus\u00a01L<\/p>\n<p>Elegante y de gran capacidad, ideal para catas, presentaciones o para servir vino de una manera original.<\/p>\n<p>Fabricada en vidrio resistente y transparente, resalta el color y los aromas del vino mientras aporta un toque distintivo a la mesa.<\/p>\n","protected":false},"excerpt":{"rendered":"<p>Capacidad: 1 litro<br \/>\nMaterial: Vidrio transparente de alta resistencia<br \/>\nLevantada: Aprox. 12 cm<br \/>\nDi\u00e1metro m\u00e1ximo: Aprox. 12 cm<br \/>\nPeso: Aprox. 600 g<br \/>\nUso recomendado: Cata profesional, restauraci\u00f3n,\u00a0hosteleria<br \/>\nApta por lavavajillas: S\u00ed<\/p>\n<p>Ventajas:<\/p>\n<p>&#8211; Gran estabilidad y resistencia mec\u00e1nica<\/p>\n<p>&#8211; Dise\u00f1o elegante y funcional<\/p>\n<p>&#8211; Permite una \u00f3ptima oxigenaci\u00f3n del vino<\/p>\n","protected":false},"featured_media":36239,"comment_status":"closed","ping_status":"closed","template":"","meta":[],"product_cat":[825,822],"product_tag":[1521,1523,1522],"class_list":{"0":"post-36240","1":"product","2":"type-product","3":"status-publish","4":"has-post-thumbnail","6":"product_cat-copas","7":"product_cat-preparar-la-mesa","8":"product_tag-copas","9":"product_tag-cristal","10":"product_tag-para-mesa","13":"first","14":"instock","15":"taxable","16":"shipping-taxable","17":"purchasable","18":"product-type-simple"},"yoast_head":"<!-- This site is optimized with the Yoast SEO plugin v26.1.1 - https:\/\/yoast.com\/wordpress\/plugins\/seo\/ -->\n<title>Copa Vino 1L\u00a0Magnus\u00a0 - Tienda de utensilios de cocina - Cuinetes<\/title>\n<meta name=\"robots\" content=\"index, follow, max-snippet:-1, max-image-preview:large, max-video-preview:-1\" \/>\n<link rel=\"canonical\" href=\"https:\/\/cuinetes.shop\/es\/producto\/copa-de-vino-1l-magnus\/\" \/>\n<meta property=\"og:locale\" content=\"es_ES\" \/>\n<meta property=\"og:type\" content=\"article\" \/>\n<meta property=\"og:title\" content=\"Copa Vino 1L\u00a0Magnus\u00a0 - Tienda de utensilios de cocina - Cuinetes\" \/>\n<meta property=\"og:description\" content=\"Capacidad: 1 litro Material: Vidrio transparente de alta resistencia Levantada: Aprox. 12 cm Di\u00e1metro m\u00e1ximo: Aprox. 12 cm Peso: Aprox. 600 g Uso recomendado: Cata profesional, restauraci\u00f3n,\u00a0hosteleria Apta por lavavajillas: S\u00ed  Ventajas:  - Gran estabilidad y resistencia mec\u00e1nica  - Dise\u00f1o elegante y funcional  - Permite una \u00f3ptima oxigenaci\u00f3n del vino\" \/>\n<meta property=\"og:url\" content=\"https:\/\/cuinetes.shop\/es\/producto\/copa-de-vino-1l-magnus\/\" \/>\n<meta property=\"og:site_name\" content=\"Tienda de utensilios de cocina - Cuinetes\" \/>\n<meta property=\"article:modified_time\" content=\"2025-10-27T18:43:33+00:00\" \/>\n<meta property=\"og:image\" content=\"https:\/\/cuinetes.shop\/wp-content\/uploads\/2025\/10\/1L-magnus-copa.png\" \/>\n\t<meta property=\"og:image:width\" content=\"734\" \/>\n\t<meta property=\"og:image:height\" content=\"1000\" \/>\n\t<meta property=\"og:image:type\" content=\"image\/png\" \/>\n<meta name=\"twitter:card\" content=\"summary_large_image\" \/>\n<script type=\"application\/ld+json\" class=\"yoast-schema-graph\">{\"@context\":\"https:\/\/schema.org\",\"@graph\":[{\"@type\":\"WebPage\",\"@id\":\"https:\/\/cuinetes.shop\/es\/producto\/copa-de-vino-1l-magnus\/\",\"url\":\"https:\/\/cuinetes.shop\/es\/producto\/copa-de-vino-1l-magnus\/\",\"name\":\"Copa Vino 1L\u00a0Magnus\u00a0 - Tienda de utensilios de cocina - Cuinetes\",\"isPartOf\":{\"@id\":\"https:\/\/cuinetes.shop\/es\/#website\"},\"primaryImageOfPage\":{\"@id\":\"https:\/\/cuinetes.shop\/es\/producto\/copa-de-vino-1l-magnus\/#primaryimage\"},\"image\":{\"@id\":\"https:\/\/cuinetes.shop\/es\/producto\/copa-de-vino-1l-magnus\/#primaryimage\"},\"thumbnailUrl\":\"https:\/\/cuinetes.shop\/wp-content\/uploads\/2025\/10\/1L-magnus-copa.png\",\"datePublished\":\"2025-10-27T16:11:58+00:00\",\"dateModified\":\"2025-10-27T18:43:33+00:00\",\"breadcrumb\":{\"@id\":\"https:\/\/cuinetes.shop\/es\/producto\/copa-de-vino-1l-magnus\/#breadcrumb\"},\"inLanguage\":\"es\",\"potentialAction\":[{\"@type\":\"ReadAction\",\"target\":[\"https:\/\/cuinetes.shop\/es\/producto\/copa-de-vino-1l-magnus\/\"]}]},{\"@type\":\"ImageObject\",\"inLanguage\":\"es\",\"@id\":\"https:\/\/cuinetes.shop\/es\/producto\/copa-de-vino-1l-magnus\/#primaryimage\",\"url\":\"https:\/\/cuinetes.shop\/wp-content\/uploads\/2025\/10\/1L-magnus-copa.png\",\"contentUrl\":\"https:\/\/cuinetes.shop\/wp-content\/uploads\/2025\/10\/1L-magnus-copa.png\",\"width\":734,\"height\":1000},{\"@type\":\"BreadcrumbList\",\"@id\":\"https:\/\/cuinetes.shop\/es\/producto\/copa-de-vino-1l-magnus\/#breadcrumb\",\"itemListElement\":[{\"@type\":\"ListItem\",\"position\":1,\"name\":\"Home\",\"item\":\"https:\/\/cuinetes.shop\/es\/\"},{\"@type\":\"ListItem\",\"position\":2,\"name\":\"Tienda\",\"item\":\"https:\/\/cuinetes.shop\/es\/tienda\/\"},{\"@type\":\"ListItem\",\"position\":3,\"name\":\"Copa Vino 1L\u00a0Magnus\u00a0\"}]},{\"@type\":\"WebSite\",\"@id\":\"https:\/\/cuinetes.shop\/es\/#website\",\"url\":\"https:\/\/cuinetes.shop\/es\/\",\"name\":\"Tienda de utensilios de cocina - Cuinetes\",\"description\":\"\",\"potentialAction\":[{\"@type\":\"SearchAction\",\"target\":{\"@type\":\"EntryPoint\",\"urlTemplate\":\"https:\/\/cuinetes.shop\/es\/?s={search_term_string}\"},\"query-input\":{\"@type\":\"PropertyValueSpecification\",\"valueRequired\":true,\"valueName\":\"search_term_string\"}}],\"inLanguage\":\"es\"}]}<\/script>\n<!-- \/ Yoast SEO plugin. -->","yoast_head_json":{"title":"Copa Vino 1L\u00a0Magnus\u00a0 - Tienda de utensilios de cocina - Cuinetes","robots":{"index":"index","follow":"follow","max-snippet":"max-snippet:-1","max-image-preview":"max-image-preview:large","max-video-preview":"max-video-preview:-1"},"canonical":"https:\/\/cuinetes.shop\/es\/producto\/copa-de-vino-1l-magnus\/","og_locale":"es_ES","og_type":"article","og_title":"Copa Vino 1L\u00a0Magnus\u00a0 - Tienda de utensilios de cocina - Cuinetes","og_description":"Capacidad: 1 litro Material: Vidrio transparente de alta resistencia Levantada: Aprox. 12 cm Di\u00e1metro m\u00e1ximo: Aprox. 12 cm Peso: Aprox. 600 g Uso recomendado: Cata profesional, restauraci\u00f3n,\u00a0hosteleria Apta por lavavajillas: S\u00ed  Ventajas:  - Gran estabilidad y resistencia mec\u00e1nica  - Dise\u00f1o elegante y funcional  - Permite una \u00f3ptima oxigenaci\u00f3n del vino","og_url":"https:\/\/cuinetes.shop\/es\/producto\/copa-de-vino-1l-magnus\/","og_site_name":"Tienda de utensilios de cocina - Cuinetes","article_modified_time":"2025-10-27T18:43:33+00:00","og_image":[{"width":734,"height":1000,"url":"https:\/\/cuinetes.shop\/wp-content\/uploads\/2025\/10\/1L-magnus-copa.png","type":"image\/png"}],"twitter_card":"summary_large_image","schema":{"@context":"https:\/\/schema.org","@graph":[{"@type":"WebPage","@id":"https:\/\/cuinetes.shop\/es\/producto\/copa-de-vino-1l-magnus\/","url":"https:\/\/cuinetes.shop\/es\/producto\/copa-de-vino-1l-magnus\/","name":"Copa Vino 1L\u00a0Magnus\u00a0 - Tienda de utensilios de cocina - Cuinetes","isPartOf":{"@id":"https:\/\/cuinetes.shop\/es\/#website"},"primaryImageOfPage":{"@id":"https:\/\/cuinetes.shop\/es\/producto\/copa-de-vino-1l-magnus\/#primaryimage"},"image":{"@id":"https:\/\/cuinetes.shop\/es\/producto\/copa-de-vino-1l-magnus\/#primaryimage"},"thumbnailUrl":"https:\/\/cuinetes.shop\/wp-content\/uploads\/2025\/10\/1L-magnus-copa.png","datePublished":"2025-10-27T16:11:58+00:00","dateModified":"2025-10-27T18:43:33+00:00","breadcrumb":{"@id":"https:\/\/cuinetes.shop\/es\/producto\/copa-de-vino-1l-magnus\/#breadcrumb"},"inLanguage":"es","potentialAction":[{"@type":"ReadAction","target":["https:\/\/cuinetes.shop\/es\/producto\/copa-de-vino-1l-magnus\/"]}]},{"@type":"ImageObject","inLanguage":"es","@id":"https:\/\/cuinetes.shop\/es\/producto\/copa-de-vino-1l-magnus\/#primaryimage","url":"https:\/\/cuinetes.shop\/wp-content\/uploads\/2025\/10\/1L-magnus-copa.png","contentUrl":"https:\/\/cuinetes.shop\/wp-content\/uploads\/2025\/10\/1L-magnus-copa.png","width":734,"height":1000},{"@type":"BreadcrumbList","@id":"https:\/\/cuinetes.shop\/es\/producto\/copa-de-vino-1l-magnus\/#breadcrumb","itemListElement":[{"@type":"ListItem","position":1,"name":"Home","item":"https:\/\/cuinetes.shop\/es\/"},{"@type":"ListItem","position":2,"name":"Tienda","item":"https:\/\/cuinetes.shop\/es\/tienda\/"},{"@type":"ListItem","position":3,"name":"Copa Vino 1L\u00a0Magnus\u00a0"}]},{"@type":"WebSite","@id":"https:\/\/cuinetes.shop\/es\/#website","url":"https:\/\/cuinetes.shop\/es\/","name":"Tienda de utensilios de cocina - Cuinetes","description":"","potentialAction":[{"@type":"SearchAction","target":{"@type":"EntryPoint","urlTemplate":"https:\/\/cuinetes.shop\/es\/?s={search_term_string}"},"query-input":{"@type":"PropertyValueSpecification","valueRequired":true,"valueName":"search_term_string"}}],"inLanguage":"es"}]}},"_links":{"self":[{"href":"https:\/\/cuinetes.shop\/es\/wp-json\/wp\/v2\/product\/36240","targetHints":{"allow":["GET"]}}],"collection":[{"href":"https:\/\/cuinetes.shop\/es\/wp-json\/wp\/v2\/product"}],"about":[{"href":"https:\/\/cuinetes.shop\/es\/wp-json\/wp\/v2\/types\/product"}],"replies":[{"embeddable":true,"href":"https:\/\/cuinetes.shop\/es\/wp-json\/wp\/v2\/comments?post=36240"}],"wp:featuredmedia":[{"embeddable":true,"href":"https:\/\/cuinetes.shop\/es\/wp-json\/wp\/v2\/media\/36239"}],"wp:attachment":[{"href":"https:\/\/cuinetes.shop\/es\/wp-json\/wp\/v2\/media?parent=36240"}],"wp:term":[{"taxonomy":"product_cat","embeddable":true,"href":"https:\/\/cuinetes.shop\/es\/wp-json\/wp\/v2\/product_cat?post=36240"},{"taxonomy":"product_tag","embeddable":true,"href":"https:\/\/cuinetes.shop\/es\/wp-json\/wp\/v2\/product_tag?post=36240"}],"curies":[{"name":"wp","href":"https:\/\/api.w.org\/{rel}","templated":true}]}}