
{"id":36247,"date":"2025-10-27T17:53:31","date_gmt":"2025-10-27T16:53:31","guid":{"rendered":"https:\/\/cuinetes.shop\/?post_type=product&#038;p=36247"},"modified":"2025-10-27T17:53:31","modified_gmt":"2025-10-27T16:53:31","slug":"copas-burdeos-schott","status":"publish","type":"product","link":"https:\/\/cuinetes.shop\/es\/producto\/copas-burdeos-schott\/","title":{"rendered":"Copas Burdeos Schott"},"content":{"rendered":"<p>Elegante copa de vino dise\u00f1ada para resaltar al m\u00e1ximo los aromas y sabores de los vinos tintos de cuerpo intenso, como los de la regi\u00f3n de\u00a0Burdeos. Fabricada con vidrio de alta calidad, ofrece una transparencia excepcional y una gran resistencia. Su forma ancha y el c\u00e1liz generoso permiten una \u00f3ptima oxigenaci\u00f3n del vino, mientras que el tallo esbelto y equilibrado asegura una sujeci\u00f3n c\u00f3moda y sofisticada. Ideal tanto para catas profesionales como para disfrutar de un buen vino a casa.<\/p>\n","protected":false},"excerpt":{"rendered":"<p>-Capacidad \u00f3ptima para vinos tintos maduros.<\/p>\n<p>-Vidrio fino y resistente.<\/p>\n<p>-Dise\u00f1o elegante y funcional.<\/p>\n<p>-Apto para lavavajillas.<\/p>\n","protected":false},"featured_media":36245,"comment_status":"closed","ping_status":"closed","template":"","meta":[],"product_cat":[825,822],"product_tag":[1521,1523,1522],"class_list":{"0":"post-36247","1":"product","2":"type-product","3":"status-publish","4":"has-post-thumbnail","6":"product_cat-copas","7":"product_cat-preparar-la-mesa","8":"product_tag-copas","9":"product_tag-cristal","10":"product_tag-para-mesa","11":"pa_mides-349-cl","12":"pa_mides-506cl","13":"pa_mides-633cl","16":"first","17":"instock","18":"taxable","19":"shipping-taxable","20":"purchasable","21":"product-type-variable"},"yoast_head":"<!-- This site is optimized with the Yoast SEO plugin v26.1.1 - https:\/\/yoast.com\/wordpress\/plugins\/seo\/ -->\n<title>Copas Burdeos Schott - Tienda de utensilios de cocina - Cuinetes<\/title>\n<meta name=\"robots\" content=\"index, follow, max-snippet:-1, max-image-preview:large, max-video-preview:-1\" \/>\n<link rel=\"canonical\" href=\"https:\/\/cuinetes.shop\/es\/producto\/copas-burdeos-schott\/\" \/>\n<meta property=\"og:locale\" content=\"es_ES\" \/>\n<meta property=\"og:type\" content=\"article\" \/>\n<meta property=\"og:title\" content=\"Copas Burdeos Schott - Tienda de utensilios de cocina - Cuinetes\" \/>\n<meta property=\"og:description\" content=\"-Capacidad \u00f3ptima para vinos tintos maduros.  -Vidrio fino y resistente.  -Dise\u00f1o elegante y funcional.  -Apto para lavavajillas.\" \/>\n<meta property=\"og:url\" content=\"https:\/\/cuinetes.shop\/es\/producto\/copas-burdeos-schott\/\" \/>\n<meta property=\"og:site_name\" content=\"Tienda de utensilios de cocina - Cuinetes\" \/>\n<meta property=\"og:image\" content=\"https:\/\/cuinetes.shop\/wp-content\/uploads\/2025\/10\/burdeos-schoot.png\" \/>\n\t<meta property=\"og:image:width\" content=\"734\" \/>\n\t<meta property=\"og:image:height\" content=\"1000\" \/>\n\t<meta property=\"og:image:type\" content=\"image\/png\" \/>\n<meta name=\"twitter:card\" content=\"summary_large_image\" \/>\n<script type=\"application\/ld+json\" class=\"yoast-schema-graph\">{\"@context\":\"https:\/\/schema.org\",\"@graph\":[{\"@type\":\"WebPage\",\"@id\":\"https:\/\/cuinetes.shop\/es\/producto\/copas-burdeos-schott\/\",\"url\":\"https:\/\/cuinetes.shop\/es\/producto\/copas-burdeos-schott\/\",\"name\":\"Copas Burdeos Schott - Tienda de utensilios de cocina - Cuinetes\",\"isPartOf\":{\"@id\":\"https:\/\/cuinetes.shop\/es\/#website\"},\"primaryImageOfPage\":{\"@id\":\"https:\/\/cuinetes.shop\/es\/producto\/copas-burdeos-schott\/#primaryimage\"},\"image\":{\"@id\":\"https:\/\/cuinetes.shop\/es\/producto\/copas-burdeos-schott\/#primaryimage\"},\"thumbnailUrl\":\"https:\/\/cuinetes.shop\/wp-content\/uploads\/2025\/10\/burdeos-schoot.png\",\"datePublished\":\"2025-10-27T16:53:31+00:00\",\"breadcrumb\":{\"@id\":\"https:\/\/cuinetes.shop\/es\/producto\/copas-burdeos-schott\/#breadcrumb\"},\"inLanguage\":\"es\",\"potentialAction\":[{\"@type\":\"ReadAction\",\"target\":[\"https:\/\/cuinetes.shop\/es\/producto\/copas-burdeos-schott\/\"]}]},{\"@type\":\"ImageObject\",\"inLanguage\":\"es\",\"@id\":\"https:\/\/cuinetes.shop\/es\/producto\/copas-burdeos-schott\/#primaryimage\",\"url\":\"https:\/\/cuinetes.shop\/wp-content\/uploads\/2025\/10\/burdeos-schoot.png\",\"contentUrl\":\"https:\/\/cuinetes.shop\/wp-content\/uploads\/2025\/10\/burdeos-schoot.png\",\"width\":734,\"height\":1000},{\"@type\":\"BreadcrumbList\",\"@id\":\"https:\/\/cuinetes.shop\/es\/producto\/copas-burdeos-schott\/#breadcrumb\",\"itemListElement\":[{\"@type\":\"ListItem\",\"position\":1,\"name\":\"Home\",\"item\":\"https:\/\/cuinetes.shop\/es\/\"},{\"@type\":\"ListItem\",\"position\":2,\"name\":\"Tienda\",\"item\":\"https:\/\/cuinetes.shop\/es\/tienda\/\"},{\"@type\":\"ListItem\",\"position\":3,\"name\":\"Copas Burdeos Schott\"}]},{\"@type\":\"WebSite\",\"@id\":\"https:\/\/cuinetes.shop\/es\/#website\",\"url\":\"https:\/\/cuinetes.shop\/es\/\",\"name\":\"Tienda de utensilios de cocina - Cuinetes\",\"description\":\"\",\"potentialAction\":[{\"@type\":\"SearchAction\",\"target\":{\"@type\":\"EntryPoint\",\"urlTemplate\":\"https:\/\/cuinetes.shop\/es\/?s={search_term_string}\"},\"query-input\":{\"@type\":\"PropertyValueSpecification\",\"valueRequired\":true,\"valueName\":\"search_term_string\"}}],\"inLanguage\":\"es\"}]}<\/script>\n<!-- \/ Yoast SEO plugin. -->","yoast_head_json":{"title":"Copas Burdeos Schott - Tienda de utensilios de cocina - Cuinetes","robots":{"index":"index","follow":"follow","max-snippet":"max-snippet:-1","max-image-preview":"max-image-preview:large","max-video-preview":"max-video-preview:-1"},"canonical":"https:\/\/cuinetes.shop\/es\/producto\/copas-burdeos-schott\/","og_locale":"es_ES","og_type":"article","og_title":"Copas Burdeos Schott - Tienda de utensilios de cocina - Cuinetes","og_description":"-Capacidad \u00f3ptima para vinos tintos maduros.  -Vidrio fino y resistente.  -Dise\u00f1o elegante y funcional.  -Apto para lavavajillas.","og_url":"https:\/\/cuinetes.shop\/es\/producto\/copas-burdeos-schott\/","og_site_name":"Tienda de utensilios de cocina - Cuinetes","og_image":[{"width":734,"height":1000,"url":"https:\/\/cuinetes.shop\/wp-content\/uploads\/2025\/10\/burdeos-schoot.png","type":"image\/png"}],"twitter_card":"summary_large_image","schema":{"@context":"https:\/\/schema.org","@graph":[{"@type":"WebPage","@id":"https:\/\/cuinetes.shop\/es\/producto\/copas-burdeos-schott\/","url":"https:\/\/cuinetes.shop\/es\/producto\/copas-burdeos-schott\/","name":"Copas Burdeos Schott - Tienda de utensilios de cocina - Cuinetes","isPartOf":{"@id":"https:\/\/cuinetes.shop\/es\/#website"},"primaryImageOfPage":{"@id":"https:\/\/cuinetes.shop\/es\/producto\/copas-burdeos-schott\/#primaryimage"},"image":{"@id":"https:\/\/cuinetes.shop\/es\/producto\/copas-burdeos-schott\/#primaryimage"},"thumbnailUrl":"https:\/\/cuinetes.shop\/wp-content\/uploads\/2025\/10\/burdeos-schoot.png","datePublished":"2025-10-27T16:53:31+00:00","breadcrumb":{"@id":"https:\/\/cuinetes.shop\/es\/producto\/copas-burdeos-schott\/#breadcrumb"},"inLanguage":"es","potentialAction":[{"@type":"ReadAction","target":["https:\/\/cuinetes.shop\/es\/producto\/copas-burdeos-schott\/"]}]},{"@type":"ImageObject","inLanguage":"es","@id":"https:\/\/cuinetes.shop\/es\/producto\/copas-burdeos-schott\/#primaryimage","url":"https:\/\/cuinetes.shop\/wp-content\/uploads\/2025\/10\/burdeos-schoot.png","contentUrl":"https:\/\/cuinetes.shop\/wp-content\/uploads\/2025\/10\/burdeos-schoot.png","width":734,"height":1000},{"@type":"BreadcrumbList","@id":"https:\/\/cuinetes.shop\/es\/producto\/copas-burdeos-schott\/#breadcrumb","itemListElement":[{"@type":"ListItem","position":1,"name":"Home","item":"https:\/\/cuinetes.shop\/es\/"},{"@type":"ListItem","position":2,"name":"Tienda","item":"https:\/\/cuinetes.shop\/es\/tienda\/"},{"@type":"ListItem","position":3,"name":"Copas Burdeos Schott"}]},{"@type":"WebSite","@id":"https:\/\/cuinetes.shop\/es\/#website","url":"https:\/\/cuinetes.shop\/es\/","name":"Tienda de utensilios de cocina - Cuinetes","description":"","potentialAction":[{"@type":"SearchAction","target":{"@type":"EntryPoint","urlTemplate":"https:\/\/cuinetes.shop\/es\/?s={search_term_string}"},"query-input":{"@type":"PropertyValueSpecification","valueRequired":true,"valueName":"search_term_string"}}],"inLanguage":"es"}]}},"_links":{"self":[{"href":"https:\/\/cuinetes.shop\/es\/wp-json\/wp\/v2\/product\/36247","targetHints":{"allow":["GET"]}}],"collection":[{"href":"https:\/\/cuinetes.shop\/es\/wp-json\/wp\/v2\/product"}],"about":[{"href":"https:\/\/cuinetes.shop\/es\/wp-json\/wp\/v2\/types\/product"}],"replies":[{"embeddable":true,"href":"https:\/\/cuinetes.shop\/es\/wp-json\/wp\/v2\/comments?post=36247"}],"wp:featuredmedia":[{"embeddable":true,"href":"https:\/\/cuinetes.shop\/es\/wp-json\/wp\/v2\/media\/36245"}],"wp:attachment":[{"href":"https:\/\/cuinetes.shop\/es\/wp-json\/wp\/v2\/media?parent=36247"}],"wp:term":[{"taxonomy":"product_cat","embeddable":true,"href":"https:\/\/cuinetes.shop\/es\/wp-json\/wp\/v2\/product_cat?post=36247"},{"taxonomy":"product_tag","embeddable":true,"href":"https:\/\/cuinetes.shop\/es\/wp-json\/wp\/v2\/product_tag?post=36247"}],"curies":[{"name":"wp","href":"https:\/\/api.w.org\/{rel}","templated":true}]}}