
{"id":36261,"date":"2025-10-27T19:06:20","date_gmt":"2025-10-27T18:06:20","guid":{"rendered":"https:\/\/cuinetes.shop\/?post_type=product&#038;p=36261"},"modified":"2025-10-27T19:11:01","modified_gmt":"2025-10-27T18:11:01","slug":"copa-vino-74-cl-sequence","status":"publish","type":"product","link":"https:\/\/cuinetes.shop\/es\/producto\/copa-vino-74-cl-sequence\/","title":{"rendered":"Copa Vino 74 cl Sequence"},"content":{"rendered":"<p>La copa\u00a0Sequence\u00a0de 74\u00a0cl\u00a0est\u00e1 dise\u00f1ada para ofrecer la m\u00e1xima expresi\u00f3n de los vinos\u00a0escumosos\u00a0y champanes.<\/p>\n<p>Fabricada con vidrio\u00a0sodat\u00a0de alta transparencia, garantiza una brillantez \u00f3ptima y una gran resistencia al uso intensivo.<\/p>\n<p>Su dise\u00f1o alargado y estilizado favorece la formaci\u00f3n y persistencia del perlaje, concentrando los aromas para una mejor experiencia de degustaci\u00f3n. Ideal para restaurantes, hoteles y servicios de c\u00e1terin profesionales.<\/p>\n","protected":false},"excerpt":{"rendered":"<p>Capacidad : 74\u00a0cl<br \/>\nAltura aproximada: 23,5 cm<br \/>\nDi\u00e1metro m\u00e1ximo: 8,5 cm<br \/>\nMaterial: Vidrio\u00a0sodat\u00a0templado<br \/>\nColor: Transparente<br \/>\nLavavajillas: Apto<br \/>\nUso recomendado: Cava, champ\u00e1n, vinos\u00a0escumosos\u00a0y c\u00f3cteles ligeros<\/p>\n","protected":false},"featured_media":36260,"comment_status":"closed","ping_status":"closed","template":"","meta":[],"product_cat":[825,822],"product_tag":[1521,1523,1522],"class_list":{"0":"post-36261","1":"product","2":"type-product","3":"status-publish","4":"has-post-thumbnail","6":"product_cat-copas","7":"product_cat-preparar-la-mesa","8":"product_tag-copas","9":"product_tag-cristal","10":"product_tag-para-mesa","13":"first","14":"instock","15":"taxable","16":"shipping-taxable","17":"purchasable","18":"product-type-simple"},"yoast_head":"<!-- This site is optimized with the Yoast SEO plugin v26.1.1 - https:\/\/yoast.com\/wordpress\/plugins\/seo\/ -->\n<title>Copa Vino 74 cl Sequence - Tienda de utensilios de cocina - Cuinetes<\/title>\n<meta name=\"robots\" content=\"index, follow, max-snippet:-1, max-image-preview:large, max-video-preview:-1\" \/>\n<link rel=\"canonical\" href=\"https:\/\/cuinetes.shop\/es\/producto\/copa-vino-74-cl-sequence\/\" \/>\n<meta property=\"og:locale\" content=\"es_ES\" \/>\n<meta property=\"og:type\" content=\"article\" \/>\n<meta property=\"og:title\" content=\"Copa Vino 74 cl Sequence - Tienda de utensilios de cocina - Cuinetes\" \/>\n<meta property=\"og:description\" content=\"Capacidad : 74\u00a0cl Altura aproximada: 23,5 cm Di\u00e1metro m\u00e1ximo: 8,5 cm Material: Vidrio\u00a0sodat\u00a0templado Color: Transparente Lavavajillas: Apto Uso recomendado: Cava, champ\u00e1n, vinos\u00a0escumosos\u00a0y c\u00f3cteles ligeros\" \/>\n<meta property=\"og:url\" content=\"https:\/\/cuinetes.shop\/es\/producto\/copa-vino-74-cl-sequence\/\" \/>\n<meta property=\"og:site_name\" content=\"Tienda de utensilios de cocina - Cuinetes\" \/>\n<meta property=\"article:modified_time\" content=\"2025-10-27T18:11:01+00:00\" \/>\n<meta property=\"og:image\" content=\"https:\/\/cuinetes.shop\/wp-content\/uploads\/2025\/10\/copa-74-cl-sequence.png\" \/>\n\t<meta property=\"og:image:width\" content=\"734\" \/>\n\t<meta property=\"og:image:height\" content=\"1000\" \/>\n\t<meta property=\"og:image:type\" content=\"image\/png\" \/>\n<meta name=\"twitter:card\" content=\"summary_large_image\" \/>\n<script type=\"application\/ld+json\" class=\"yoast-schema-graph\">{\"@context\":\"https:\/\/schema.org\",\"@graph\":[{\"@type\":\"WebPage\",\"@id\":\"https:\/\/cuinetes.shop\/es\/producto\/copa-vino-74-cl-sequence\/\",\"url\":\"https:\/\/cuinetes.shop\/es\/producto\/copa-vino-74-cl-sequence\/\",\"name\":\"Copa Vino 74 cl Sequence - Tienda de utensilios de cocina - Cuinetes\",\"isPartOf\":{\"@id\":\"https:\/\/cuinetes.shop\/es\/#website\"},\"primaryImageOfPage\":{\"@id\":\"https:\/\/cuinetes.shop\/es\/producto\/copa-vino-74-cl-sequence\/#primaryimage\"},\"image\":{\"@id\":\"https:\/\/cuinetes.shop\/es\/producto\/copa-vino-74-cl-sequence\/#primaryimage\"},\"thumbnailUrl\":\"https:\/\/cuinetes.shop\/wp-content\/uploads\/2025\/10\/copa-74-cl-sequence.png\",\"datePublished\":\"2025-10-27T18:06:20+00:00\",\"dateModified\":\"2025-10-27T18:11:01+00:00\",\"breadcrumb\":{\"@id\":\"https:\/\/cuinetes.shop\/es\/producto\/copa-vino-74-cl-sequence\/#breadcrumb\"},\"inLanguage\":\"es\",\"potentialAction\":[{\"@type\":\"ReadAction\",\"target\":[\"https:\/\/cuinetes.shop\/es\/producto\/copa-vino-74-cl-sequence\/\"]}]},{\"@type\":\"ImageObject\",\"inLanguage\":\"es\",\"@id\":\"https:\/\/cuinetes.shop\/es\/producto\/copa-vino-74-cl-sequence\/#primaryimage\",\"url\":\"https:\/\/cuinetes.shop\/wp-content\/uploads\/2025\/10\/copa-74-cl-sequence.png\",\"contentUrl\":\"https:\/\/cuinetes.shop\/wp-content\/uploads\/2025\/10\/copa-74-cl-sequence.png\",\"width\":734,\"height\":1000},{\"@type\":\"BreadcrumbList\",\"@id\":\"https:\/\/cuinetes.shop\/es\/producto\/copa-vino-74-cl-sequence\/#breadcrumb\",\"itemListElement\":[{\"@type\":\"ListItem\",\"position\":1,\"name\":\"Home\",\"item\":\"https:\/\/cuinetes.shop\/es\/\"},{\"@type\":\"ListItem\",\"position\":2,\"name\":\"Tienda\",\"item\":\"https:\/\/cuinetes.shop\/es\/tienda\/\"},{\"@type\":\"ListItem\",\"position\":3,\"name\":\"Copa Vino 74 cl Sequence\"}]},{\"@type\":\"WebSite\",\"@id\":\"https:\/\/cuinetes.shop\/es\/#website\",\"url\":\"https:\/\/cuinetes.shop\/es\/\",\"name\":\"Tienda de utensilios de cocina - Cuinetes\",\"description\":\"\",\"potentialAction\":[{\"@type\":\"SearchAction\",\"target\":{\"@type\":\"EntryPoint\",\"urlTemplate\":\"https:\/\/cuinetes.shop\/es\/?s={search_term_string}\"},\"query-input\":{\"@type\":\"PropertyValueSpecification\",\"valueRequired\":true,\"valueName\":\"search_term_string\"}}],\"inLanguage\":\"es\"}]}<\/script>\n<!-- \/ Yoast SEO plugin. -->","yoast_head_json":{"title":"Copa Vino 74 cl Sequence - Tienda de utensilios de cocina - Cuinetes","robots":{"index":"index","follow":"follow","max-snippet":"max-snippet:-1","max-image-preview":"max-image-preview:large","max-video-preview":"max-video-preview:-1"},"canonical":"https:\/\/cuinetes.shop\/es\/producto\/copa-vino-74-cl-sequence\/","og_locale":"es_ES","og_type":"article","og_title":"Copa Vino 74 cl Sequence - Tienda de utensilios de cocina - Cuinetes","og_description":"Capacidad : 74\u00a0cl Altura aproximada: 23,5 cm Di\u00e1metro m\u00e1ximo: 8,5 cm Material: Vidrio\u00a0sodat\u00a0templado Color: Transparente Lavavajillas: Apto Uso recomendado: Cava, champ\u00e1n, vinos\u00a0escumosos\u00a0y c\u00f3cteles ligeros","og_url":"https:\/\/cuinetes.shop\/es\/producto\/copa-vino-74-cl-sequence\/","og_site_name":"Tienda de utensilios de cocina - Cuinetes","article_modified_time":"2025-10-27T18:11:01+00:00","og_image":[{"width":734,"height":1000,"url":"https:\/\/cuinetes.shop\/wp-content\/uploads\/2025\/10\/copa-74-cl-sequence.png","type":"image\/png"}],"twitter_card":"summary_large_image","schema":{"@context":"https:\/\/schema.org","@graph":[{"@type":"WebPage","@id":"https:\/\/cuinetes.shop\/es\/producto\/copa-vino-74-cl-sequence\/","url":"https:\/\/cuinetes.shop\/es\/producto\/copa-vino-74-cl-sequence\/","name":"Copa Vino 74 cl Sequence - Tienda de utensilios de cocina - Cuinetes","isPartOf":{"@id":"https:\/\/cuinetes.shop\/es\/#website"},"primaryImageOfPage":{"@id":"https:\/\/cuinetes.shop\/es\/producto\/copa-vino-74-cl-sequence\/#primaryimage"},"image":{"@id":"https:\/\/cuinetes.shop\/es\/producto\/copa-vino-74-cl-sequence\/#primaryimage"},"thumbnailUrl":"https:\/\/cuinetes.shop\/wp-content\/uploads\/2025\/10\/copa-74-cl-sequence.png","datePublished":"2025-10-27T18:06:20+00:00","dateModified":"2025-10-27T18:11:01+00:00","breadcrumb":{"@id":"https:\/\/cuinetes.shop\/es\/producto\/copa-vino-74-cl-sequence\/#breadcrumb"},"inLanguage":"es","potentialAction":[{"@type":"ReadAction","target":["https:\/\/cuinetes.shop\/es\/producto\/copa-vino-74-cl-sequence\/"]}]},{"@type":"ImageObject","inLanguage":"es","@id":"https:\/\/cuinetes.shop\/es\/producto\/copa-vino-74-cl-sequence\/#primaryimage","url":"https:\/\/cuinetes.shop\/wp-content\/uploads\/2025\/10\/copa-74-cl-sequence.png","contentUrl":"https:\/\/cuinetes.shop\/wp-content\/uploads\/2025\/10\/copa-74-cl-sequence.png","width":734,"height":1000},{"@type":"BreadcrumbList","@id":"https:\/\/cuinetes.shop\/es\/producto\/copa-vino-74-cl-sequence\/#breadcrumb","itemListElement":[{"@type":"ListItem","position":1,"name":"Home","item":"https:\/\/cuinetes.shop\/es\/"},{"@type":"ListItem","position":2,"name":"Tienda","item":"https:\/\/cuinetes.shop\/es\/tienda\/"},{"@type":"ListItem","position":3,"name":"Copa Vino 74 cl Sequence"}]},{"@type":"WebSite","@id":"https:\/\/cuinetes.shop\/es\/#website","url":"https:\/\/cuinetes.shop\/es\/","name":"Tienda de utensilios de cocina - Cuinetes","description":"","potentialAction":[{"@type":"SearchAction","target":{"@type":"EntryPoint","urlTemplate":"https:\/\/cuinetes.shop\/es\/?s={search_term_string}"},"query-input":{"@type":"PropertyValueSpecification","valueRequired":true,"valueName":"search_term_string"}}],"inLanguage":"es"}]}},"_links":{"self":[{"href":"https:\/\/cuinetes.shop\/es\/wp-json\/wp\/v2\/product\/36261","targetHints":{"allow":["GET"]}}],"collection":[{"href":"https:\/\/cuinetes.shop\/es\/wp-json\/wp\/v2\/product"}],"about":[{"href":"https:\/\/cuinetes.shop\/es\/wp-json\/wp\/v2\/types\/product"}],"replies":[{"embeddable":true,"href":"https:\/\/cuinetes.shop\/es\/wp-json\/wp\/v2\/comments?post=36261"}],"wp:featuredmedia":[{"embeddable":true,"href":"https:\/\/cuinetes.shop\/es\/wp-json\/wp\/v2\/media\/36260"}],"wp:attachment":[{"href":"https:\/\/cuinetes.shop\/es\/wp-json\/wp\/v2\/media?parent=36261"}],"wp:term":[{"taxonomy":"product_cat","embeddable":true,"href":"https:\/\/cuinetes.shop\/es\/wp-json\/wp\/v2\/product_cat?post=36261"},{"taxonomy":"product_tag","embeddable":true,"href":"https:\/\/cuinetes.shop\/es\/wp-json\/wp\/v2\/product_tag?post=36261"}],"curies":[{"name":"wp","href":"https:\/\/api.w.org\/{rel}","templated":true}]}}