
{"id":36318,"date":"2025-10-31T12:26:33","date_gmt":"2025-10-31T11:26:33","guid":{"rendered":"https:\/\/cuinetes.shop\/?post_type=product&#038;p=36318"},"modified":"2025-10-31T12:31:37","modified_gmt":"2025-10-31T11:31:37","slug":"mandolina-ceramica-regulable","status":"publish","type":"product","link":"https:\/\/cuinetes.shop\/es\/producto\/mandolina-ceramica-regulable\/","title":{"rendered":"Mandolina Cer\u00e1mica Regulable"},"content":{"rendered":"<p>Mandolina de hoja de cer\u00e1mica patentado de la marca japonesa Kyocera, corta rebanadas perfectas en 4 anchos diferentes: 0,5 mm, 1,3 mm, 2,0 mm y 3,0 mm. Incluye protector. Muy f\u00e1cil de usar, corte limpio e higi\u00e9nico.<\/p>\n","protected":false},"excerpt":{"rendered":"<p>Caracter\u00edsticas:<\/p>\n<ul>\n<li>F\u00e1cil de usar: gire el dial en la parte posterior para papel fino, medio y grueso y rodajas muy gruesas<\/li>\n<li>Muy seguro al no tener que cambiar de cuchillas para conseguir el grosor gracias a su sitema regulable<\/li>\n<li>Ultra afilado, cuchilla duradera no se oxida ni los alimentos tampoco<\/li>\n<li>Incluye protector de la mano sostiene el alimento de forma segura y protege los dedos<\/li>\n<li>Los alimentos se deslizan sin esfuerzo a trav\u00e9s de la cuchilla en \u00e1ngulo agudo<\/li>\n<li>Use las muescas de la esquina para adaptarse a la m\u00e1quina de cortar en la parte superior de la mayor\u00eda de los cuencos<\/li>\n<li>Perfecto para la col, zanahorias, pepino, cebolla, patatas, y m\u00e1s<\/li>\n<li>Vers\u00e1til, durable y econ\u00f3mico &#8211; ideal para el uso diario<\/li>\n<li>Ligero, f\u00e1cil de usar y f\u00e1cil de limpiar.\u00a0Aptas para el lavavajillas<\/li>\n<\/ul>\n","protected":false},"featured_media":36311,"comment_status":"closed","ping_status":"closed","template":"","meta":[],"product_cat":[782,691,780],"product_tag":[1535],"class_list":{"0":"post-36318","1":"product","2":"type-product","3":"status-publish","4":"has-post-thumbnail","6":"product_brand-kyocera-es","7":"product_cat-mandolinas","8":"product_cat-preparar-es","9":"product_cat-utensilios-de-corte","10":"product_tag-mandolina-regulable","13":"first","14":"instock","15":"taxable","16":"shipping-taxable","17":"purchasable","18":"product-type-simple"},"yoast_head":"<!-- This site is optimized with the Yoast SEO plugin v26.1.1 - https:\/\/yoast.com\/wordpress\/plugins\/seo\/ -->\n<title>Mandolina Cer\u00e1mica Regulable - Tienda de utensilios de cocina - Cuinetes<\/title>\n<meta name=\"robots\" content=\"index, follow, max-snippet:-1, max-image-preview:large, max-video-preview:-1\" \/>\n<link rel=\"canonical\" href=\"https:\/\/cuinetes.shop\/es\/producto\/mandolina-ceramica-regulable\/\" \/>\n<meta property=\"og:locale\" content=\"es_ES\" \/>\n<meta property=\"og:type\" content=\"article\" \/>\n<meta property=\"og:title\" content=\"Mandolina Cer\u00e1mica Regulable - Tienda de utensilios de cocina - Cuinetes\" \/>\n<meta property=\"og:description\" content=\"Caracter\u00edsticas:   F\u00e1cil de usar: gire el dial en la parte posterior para papel fino, medio y grueso y rodajas muy gruesas  Muy seguro al no tener que cambiar de cuchillas para conseguir el grosor gracias a su sitema regulable  Ultra afilado, cuchilla duradera no se oxida ni los alimentos tampoco  Incluye protector de la mano sostiene el alimento de forma segura y protege los dedos  Los alimentos se deslizan sin esfuerzo a trav\u00e9s de la cuchilla en \u00e1ngulo agudo  Use las muescas de la esquina para adaptarse a la m\u00e1quina de cortar en la parte superior de la mayor\u00eda de los cuencos  Perfecto para la col, zanahorias, pepino, cebolla, patatas, y m\u00e1s  Vers\u00e1til, durable y econ\u00f3mico - ideal para el uso diario  Ligero, f\u00e1cil de usar y f\u00e1cil de limpiar.\u00a0Aptas para el lavavajillas\" \/>\n<meta property=\"og:url\" content=\"https:\/\/cuinetes.shop\/es\/producto\/mandolina-ceramica-regulable\/\" \/>\n<meta property=\"og:site_name\" content=\"Tienda de utensilios de cocina - Cuinetes\" \/>\n<meta property=\"article:modified_time\" content=\"2025-10-31T11:31:37+00:00\" \/>\n<meta property=\"og:image\" content=\"https:\/\/cuinetes.shop\/wp-content\/uploads\/2025\/10\/mandolina-ceramica-regulable.png\" \/>\n\t<meta property=\"og:image:width\" content=\"734\" \/>\n\t<meta property=\"og:image:height\" content=\"1000\" \/>\n\t<meta property=\"og:image:type\" content=\"image\/png\" \/>\n<meta name=\"twitter:card\" content=\"summary_large_image\" \/>\n<script type=\"application\/ld+json\" class=\"yoast-schema-graph\">{\"@context\":\"https:\/\/schema.org\",\"@graph\":[{\"@type\":\"WebPage\",\"@id\":\"https:\/\/cuinetes.shop\/es\/producto\/mandolina-ceramica-regulable\/\",\"url\":\"https:\/\/cuinetes.shop\/es\/producto\/mandolina-ceramica-regulable\/\",\"name\":\"Mandolina Cer\u00e1mica Regulable - Tienda de utensilios de cocina - Cuinetes\",\"isPartOf\":{\"@id\":\"https:\/\/cuinetes.shop\/es\/#website\"},\"primaryImageOfPage\":{\"@id\":\"https:\/\/cuinetes.shop\/es\/producto\/mandolina-ceramica-regulable\/#primaryimage\"},\"image\":{\"@id\":\"https:\/\/cuinetes.shop\/es\/producto\/mandolina-ceramica-regulable\/#primaryimage\"},\"thumbnailUrl\":\"https:\/\/cuinetes.shop\/wp-content\/uploads\/2025\/10\/mandolina-ceramica-regulable.png\",\"datePublished\":\"2025-10-31T11:26:33+00:00\",\"dateModified\":\"2025-10-31T11:31:37+00:00\",\"breadcrumb\":{\"@id\":\"https:\/\/cuinetes.shop\/es\/producto\/mandolina-ceramica-regulable\/#breadcrumb\"},\"inLanguage\":\"es\",\"potentialAction\":[{\"@type\":\"ReadAction\",\"target\":[\"https:\/\/cuinetes.shop\/es\/producto\/mandolina-ceramica-regulable\/\"]}]},{\"@type\":\"ImageObject\",\"inLanguage\":\"es\",\"@id\":\"https:\/\/cuinetes.shop\/es\/producto\/mandolina-ceramica-regulable\/#primaryimage\",\"url\":\"https:\/\/cuinetes.shop\/wp-content\/uploads\/2025\/10\/mandolina-ceramica-regulable.png\",\"contentUrl\":\"https:\/\/cuinetes.shop\/wp-content\/uploads\/2025\/10\/mandolina-ceramica-regulable.png\",\"width\":734,\"height\":1000},{\"@type\":\"BreadcrumbList\",\"@id\":\"https:\/\/cuinetes.shop\/es\/producto\/mandolina-ceramica-regulable\/#breadcrumb\",\"itemListElement\":[{\"@type\":\"ListItem\",\"position\":1,\"name\":\"Home\",\"item\":\"https:\/\/cuinetes.shop\/es\/\"},{\"@type\":\"ListItem\",\"position\":2,\"name\":\"Tienda\",\"item\":\"https:\/\/cuinetes.shop\/es\/tienda\/\"},{\"@type\":\"ListItem\",\"position\":3,\"name\":\"Mandolina Cer\u00e1mica Regulable\"}]},{\"@type\":\"WebSite\",\"@id\":\"https:\/\/cuinetes.shop\/es\/#website\",\"url\":\"https:\/\/cuinetes.shop\/es\/\",\"name\":\"Tienda de utensilios de cocina - Cuinetes\",\"description\":\"\",\"potentialAction\":[{\"@type\":\"SearchAction\",\"target\":{\"@type\":\"EntryPoint\",\"urlTemplate\":\"https:\/\/cuinetes.shop\/es\/?s={search_term_string}\"},\"query-input\":{\"@type\":\"PropertyValueSpecification\",\"valueRequired\":true,\"valueName\":\"search_term_string\"}}],\"inLanguage\":\"es\"}]}<\/script>\n<!-- \/ Yoast SEO plugin. -->","yoast_head_json":{"title":"Mandolina Cer\u00e1mica Regulable - Tienda de utensilios de cocina - Cuinetes","robots":{"index":"index","follow":"follow","max-snippet":"max-snippet:-1","max-image-preview":"max-image-preview:large","max-video-preview":"max-video-preview:-1"},"canonical":"https:\/\/cuinetes.shop\/es\/producto\/mandolina-ceramica-regulable\/","og_locale":"es_ES","og_type":"article","og_title":"Mandolina Cer\u00e1mica Regulable - Tienda de utensilios de cocina - Cuinetes","og_description":"Caracter\u00edsticas:   F\u00e1cil de usar: gire el dial en la parte posterior para papel fino, medio y grueso y rodajas muy gruesas  Muy seguro al no tener que cambiar de cuchillas para conseguir el grosor gracias a su sitema regulable  Ultra afilado, cuchilla duradera no se oxida ni los alimentos tampoco  Incluye protector de la mano sostiene el alimento de forma segura y protege los dedos  Los alimentos se deslizan sin esfuerzo a trav\u00e9s de la cuchilla en \u00e1ngulo agudo  Use las muescas de la esquina para adaptarse a la m\u00e1quina de cortar en la parte superior de la mayor\u00eda de los cuencos  Perfecto para la col, zanahorias, pepino, cebolla, patatas, y m\u00e1s  Vers\u00e1til, durable y econ\u00f3mico - ideal para el uso diario  Ligero, f\u00e1cil de usar y f\u00e1cil de limpiar.\u00a0Aptas para el lavavajillas","og_url":"https:\/\/cuinetes.shop\/es\/producto\/mandolina-ceramica-regulable\/","og_site_name":"Tienda de utensilios de cocina - Cuinetes","article_modified_time":"2025-10-31T11:31:37+00:00","og_image":[{"width":734,"height":1000,"url":"https:\/\/cuinetes.shop\/wp-content\/uploads\/2025\/10\/mandolina-ceramica-regulable.png","type":"image\/png"}],"twitter_card":"summary_large_image","schema":{"@context":"https:\/\/schema.org","@graph":[{"@type":"WebPage","@id":"https:\/\/cuinetes.shop\/es\/producto\/mandolina-ceramica-regulable\/","url":"https:\/\/cuinetes.shop\/es\/producto\/mandolina-ceramica-regulable\/","name":"Mandolina Cer\u00e1mica Regulable - Tienda de utensilios de cocina - Cuinetes","isPartOf":{"@id":"https:\/\/cuinetes.shop\/es\/#website"},"primaryImageOfPage":{"@id":"https:\/\/cuinetes.shop\/es\/producto\/mandolina-ceramica-regulable\/#primaryimage"},"image":{"@id":"https:\/\/cuinetes.shop\/es\/producto\/mandolina-ceramica-regulable\/#primaryimage"},"thumbnailUrl":"https:\/\/cuinetes.shop\/wp-content\/uploads\/2025\/10\/mandolina-ceramica-regulable.png","datePublished":"2025-10-31T11:26:33+00:00","dateModified":"2025-10-31T11:31:37+00:00","breadcrumb":{"@id":"https:\/\/cuinetes.shop\/es\/producto\/mandolina-ceramica-regulable\/#breadcrumb"},"inLanguage":"es","potentialAction":[{"@type":"ReadAction","target":["https:\/\/cuinetes.shop\/es\/producto\/mandolina-ceramica-regulable\/"]}]},{"@type":"ImageObject","inLanguage":"es","@id":"https:\/\/cuinetes.shop\/es\/producto\/mandolina-ceramica-regulable\/#primaryimage","url":"https:\/\/cuinetes.shop\/wp-content\/uploads\/2025\/10\/mandolina-ceramica-regulable.png","contentUrl":"https:\/\/cuinetes.shop\/wp-content\/uploads\/2025\/10\/mandolina-ceramica-regulable.png","width":734,"height":1000},{"@type":"BreadcrumbList","@id":"https:\/\/cuinetes.shop\/es\/producto\/mandolina-ceramica-regulable\/#breadcrumb","itemListElement":[{"@type":"ListItem","position":1,"name":"Home","item":"https:\/\/cuinetes.shop\/es\/"},{"@type":"ListItem","position":2,"name":"Tienda","item":"https:\/\/cuinetes.shop\/es\/tienda\/"},{"@type":"ListItem","position":3,"name":"Mandolina Cer\u00e1mica Regulable"}]},{"@type":"WebSite","@id":"https:\/\/cuinetes.shop\/es\/#website","url":"https:\/\/cuinetes.shop\/es\/","name":"Tienda de utensilios de cocina - Cuinetes","description":"","potentialAction":[{"@type":"SearchAction","target":{"@type":"EntryPoint","urlTemplate":"https:\/\/cuinetes.shop\/es\/?s={search_term_string}"},"query-input":{"@type":"PropertyValueSpecification","valueRequired":true,"valueName":"search_term_string"}}],"inLanguage":"es"}]}},"_links":{"self":[{"href":"https:\/\/cuinetes.shop\/es\/wp-json\/wp\/v2\/product\/36318","targetHints":{"allow":["GET"]}}],"collection":[{"href":"https:\/\/cuinetes.shop\/es\/wp-json\/wp\/v2\/product"}],"about":[{"href":"https:\/\/cuinetes.shop\/es\/wp-json\/wp\/v2\/types\/product"}],"replies":[{"embeddable":true,"href":"https:\/\/cuinetes.shop\/es\/wp-json\/wp\/v2\/comments?post=36318"}],"wp:featuredmedia":[{"embeddable":true,"href":"https:\/\/cuinetes.shop\/es\/wp-json\/wp\/v2\/media\/36311"}],"wp:attachment":[{"href":"https:\/\/cuinetes.shop\/es\/wp-json\/wp\/v2\/media?parent=36318"}],"wp:term":[{"taxonomy":"product_cat","embeddable":true,"href":"https:\/\/cuinetes.shop\/es\/wp-json\/wp\/v2\/product_cat?post=36318"},{"taxonomy":"product_tag","embeddable":true,"href":"https:\/\/cuinetes.shop\/es\/wp-json\/wp\/v2\/product_tag?post=36318"}],"curies":[{"name":"wp","href":"https:\/\/api.w.org\/{rel}","templated":true}]}}