
{"id":36344,"date":"2025-11-05T20:40:19","date_gmt":"2025-11-05T19:40:19","guid":{"rendered":"https:\/\/cuinetes.shop\/?post_type=product&#038;p=36344"},"modified":"2025-11-05T20:45:21","modified_gmt":"2025-11-05T19:45:21","slug":"set-3-recojedores","status":"publish","type":"product","link":"https:\/\/cuinetes.shop\/es\/producto\/set-3-recojedores\/","title":{"rendered":"Set 3 Recojedores"},"content":{"rendered":"<p>Este juego de tres esp\u00e1tulas recojedoras es el aliado perfecto para mantener tu cocina limpia y organizada mientras trabajas.<\/p>\n<p>Dise\u00f1adas para facilitar la recogida de ingredientes, masa o restos de harina, son ideales para reposteria, panificaci\u00f3n o cocina diaria.<\/p>\n<p>Fabricadas con materiales resistentes y duraderos, combinan una hoja met\u00e1lica con borde recto para rascar y recoger f\u00e1cilmente, y un mango ergon\u00f3mico que garantiza una sujeci\u00f3n c\u00f3moda y segura.<\/p>\n","protected":false},"excerpt":{"rendered":"<p>-Juego de 3 esp\u00e1tulas recojedoras de diferentes medidas<br \/>\n-Ideal para trabajar con masas, harinas o ingredientes en pulso<br \/>\n-Mango ergon\u00f3mico para una mejor comodidad<br \/>\n-Hoja de acero inoxidable resistente y f\u00e1cil de limpiar<br \/>\n-Perfecto para panaderos, pasteleros y forofos a la cocina<\/p>\n","protected":false},"featured_media":36343,"comment_status":"closed","ping_status":"closed","template":"","meta":[],"product_cat":[702,698],"product_tag":[1545,1546,1547],"class_list":{"0":"post-36344","1":"product","2":"type-product","3":"status-publish","4":"has-post-thumbnail","6":"product_cat-cocinar","7":"product_cat-utensilios-para-cocinar","8":"product_tag-espatula-amasar","9":"product_tag-espatula-con-borde-flexible","10":"product_tag-espatula-de-corte","13":"first","14":"instock","15":"taxable","16":"shipping-taxable","17":"purchasable","18":"product-type-simple"},"yoast_head":"<!-- This site is optimized with the Yoast SEO plugin v26.1.1 - https:\/\/yoast.com\/wordpress\/plugins\/seo\/ -->\n<title>Set 3 Recojedores - Tienda de utensilios de cocina - Cuinetes<\/title>\n<meta name=\"robots\" content=\"index, follow, max-snippet:-1, max-image-preview:large, max-video-preview:-1\" \/>\n<link rel=\"canonical\" href=\"https:\/\/cuinetes.shop\/es\/producto\/set-3-recojedores\/\" \/>\n<meta property=\"og:locale\" content=\"es_ES\" \/>\n<meta property=\"og:type\" content=\"article\" \/>\n<meta property=\"og:title\" content=\"Set 3 Recojedores - Tienda de utensilios de cocina - Cuinetes\" \/>\n<meta property=\"og:description\" content=\"-Juego de 3 esp\u00e1tulas recojedoras de diferentes medidas -Ideal para trabajar con masas, harinas o ingredientes en pulso -Mango ergon\u00f3mico para una mejor comodidad -Hoja de acero inoxidable resistente y f\u00e1cil de limpiar -Perfecto para panaderos, pasteleros y forofos a la cocina\" \/>\n<meta property=\"og:url\" content=\"https:\/\/cuinetes.shop\/es\/producto\/set-3-recojedores\/\" \/>\n<meta property=\"og:site_name\" content=\"Tienda de utensilios de cocina - Cuinetes\" \/>\n<meta property=\"article:modified_time\" content=\"2025-11-05T19:45:21+00:00\" \/>\n<meta property=\"og:image\" content=\"https:\/\/cuinetes.shop\/wp-content\/uploads\/2025\/11\/Captura-de-pantalla-2025-11-05-a-las-20.16.24.png\" \/>\n\t<meta property=\"og:image:width\" content=\"1200\" \/>\n\t<meta property=\"og:image:height\" content=\"936\" \/>\n\t<meta property=\"og:image:type\" content=\"image\/png\" \/>\n<meta name=\"twitter:card\" content=\"summary_large_image\" \/>\n<script type=\"application\/ld+json\" class=\"yoast-schema-graph\">{\"@context\":\"https:\/\/schema.org\",\"@graph\":[{\"@type\":\"WebPage\",\"@id\":\"https:\/\/cuinetes.shop\/es\/producto\/set-3-recojedores\/\",\"url\":\"https:\/\/cuinetes.shop\/es\/producto\/set-3-recojedores\/\",\"name\":\"Set 3 Recojedores - Tienda de utensilios de cocina - Cuinetes\",\"isPartOf\":{\"@id\":\"https:\/\/cuinetes.shop\/es\/#website\"},\"primaryImageOfPage\":{\"@id\":\"https:\/\/cuinetes.shop\/es\/producto\/set-3-recojedores\/#primaryimage\"},\"image\":{\"@id\":\"https:\/\/cuinetes.shop\/es\/producto\/set-3-recojedores\/#primaryimage\"},\"thumbnailUrl\":\"https:\/\/cuinetes.shop\/wp-content\/uploads\/2025\/11\/Captura-de-pantalla-2025-11-05-a-las-20.16.24.png\",\"datePublished\":\"2025-11-05T19:40:19+00:00\",\"dateModified\":\"2025-11-05T19:45:21+00:00\",\"breadcrumb\":{\"@id\":\"https:\/\/cuinetes.shop\/es\/producto\/set-3-recojedores\/#breadcrumb\"},\"inLanguage\":\"es\",\"potentialAction\":[{\"@type\":\"ReadAction\",\"target\":[\"https:\/\/cuinetes.shop\/es\/producto\/set-3-recojedores\/\"]}]},{\"@type\":\"ImageObject\",\"inLanguage\":\"es\",\"@id\":\"https:\/\/cuinetes.shop\/es\/producto\/set-3-recojedores\/#primaryimage\",\"url\":\"https:\/\/cuinetes.shop\/wp-content\/uploads\/2025\/11\/Captura-de-pantalla-2025-11-05-a-las-20.16.24.png\",\"contentUrl\":\"https:\/\/cuinetes.shop\/wp-content\/uploads\/2025\/11\/Captura-de-pantalla-2025-11-05-a-las-20.16.24.png\",\"width\":1200,\"height\":936},{\"@type\":\"BreadcrumbList\",\"@id\":\"https:\/\/cuinetes.shop\/es\/producto\/set-3-recojedores\/#breadcrumb\",\"itemListElement\":[{\"@type\":\"ListItem\",\"position\":1,\"name\":\"Home\",\"item\":\"https:\/\/cuinetes.shop\/es\/\"},{\"@type\":\"ListItem\",\"position\":2,\"name\":\"Tienda\",\"item\":\"https:\/\/cuinetes.shop\/es\/tienda\/\"},{\"@type\":\"ListItem\",\"position\":3,\"name\":\"Set 3 Recojedores\"}]},{\"@type\":\"WebSite\",\"@id\":\"https:\/\/cuinetes.shop\/es\/#website\",\"url\":\"https:\/\/cuinetes.shop\/es\/\",\"name\":\"Tienda de utensilios de cocina - Cuinetes\",\"description\":\"\",\"potentialAction\":[{\"@type\":\"SearchAction\",\"target\":{\"@type\":\"EntryPoint\",\"urlTemplate\":\"https:\/\/cuinetes.shop\/es\/?s={search_term_string}\"},\"query-input\":{\"@type\":\"PropertyValueSpecification\",\"valueRequired\":true,\"valueName\":\"search_term_string\"}}],\"inLanguage\":\"es\"}]}<\/script>\n<!-- \/ Yoast SEO plugin. -->","yoast_head_json":{"title":"Set 3 Recojedores - Tienda de utensilios de cocina - Cuinetes","robots":{"index":"index","follow":"follow","max-snippet":"max-snippet:-1","max-image-preview":"max-image-preview:large","max-video-preview":"max-video-preview:-1"},"canonical":"https:\/\/cuinetes.shop\/es\/producto\/set-3-recojedores\/","og_locale":"es_ES","og_type":"article","og_title":"Set 3 Recojedores - Tienda de utensilios de cocina - Cuinetes","og_description":"-Juego de 3 esp\u00e1tulas recojedoras de diferentes medidas -Ideal para trabajar con masas, harinas o ingredientes en pulso -Mango ergon\u00f3mico para una mejor comodidad -Hoja de acero inoxidable resistente y f\u00e1cil de limpiar -Perfecto para panaderos, pasteleros y forofos a la cocina","og_url":"https:\/\/cuinetes.shop\/es\/producto\/set-3-recojedores\/","og_site_name":"Tienda de utensilios de cocina - Cuinetes","article_modified_time":"2025-11-05T19:45:21+00:00","og_image":[{"width":1200,"height":936,"url":"https:\/\/cuinetes.shop\/wp-content\/uploads\/2025\/11\/Captura-de-pantalla-2025-11-05-a-las-20.16.24.png","type":"image\/png"}],"twitter_card":"summary_large_image","schema":{"@context":"https:\/\/schema.org","@graph":[{"@type":"WebPage","@id":"https:\/\/cuinetes.shop\/es\/producto\/set-3-recojedores\/","url":"https:\/\/cuinetes.shop\/es\/producto\/set-3-recojedores\/","name":"Set 3 Recojedores - Tienda de utensilios de cocina - Cuinetes","isPartOf":{"@id":"https:\/\/cuinetes.shop\/es\/#website"},"primaryImageOfPage":{"@id":"https:\/\/cuinetes.shop\/es\/producto\/set-3-recojedores\/#primaryimage"},"image":{"@id":"https:\/\/cuinetes.shop\/es\/producto\/set-3-recojedores\/#primaryimage"},"thumbnailUrl":"https:\/\/cuinetes.shop\/wp-content\/uploads\/2025\/11\/Captura-de-pantalla-2025-11-05-a-las-20.16.24.png","datePublished":"2025-11-05T19:40:19+00:00","dateModified":"2025-11-05T19:45:21+00:00","breadcrumb":{"@id":"https:\/\/cuinetes.shop\/es\/producto\/set-3-recojedores\/#breadcrumb"},"inLanguage":"es","potentialAction":[{"@type":"ReadAction","target":["https:\/\/cuinetes.shop\/es\/producto\/set-3-recojedores\/"]}]},{"@type":"ImageObject","inLanguage":"es","@id":"https:\/\/cuinetes.shop\/es\/producto\/set-3-recojedores\/#primaryimage","url":"https:\/\/cuinetes.shop\/wp-content\/uploads\/2025\/11\/Captura-de-pantalla-2025-11-05-a-las-20.16.24.png","contentUrl":"https:\/\/cuinetes.shop\/wp-content\/uploads\/2025\/11\/Captura-de-pantalla-2025-11-05-a-las-20.16.24.png","width":1200,"height":936},{"@type":"BreadcrumbList","@id":"https:\/\/cuinetes.shop\/es\/producto\/set-3-recojedores\/#breadcrumb","itemListElement":[{"@type":"ListItem","position":1,"name":"Home","item":"https:\/\/cuinetes.shop\/es\/"},{"@type":"ListItem","position":2,"name":"Tienda","item":"https:\/\/cuinetes.shop\/es\/tienda\/"},{"@type":"ListItem","position":3,"name":"Set 3 Recojedores"}]},{"@type":"WebSite","@id":"https:\/\/cuinetes.shop\/es\/#website","url":"https:\/\/cuinetes.shop\/es\/","name":"Tienda de utensilios de cocina - Cuinetes","description":"","potentialAction":[{"@type":"SearchAction","target":{"@type":"EntryPoint","urlTemplate":"https:\/\/cuinetes.shop\/es\/?s={search_term_string}"},"query-input":{"@type":"PropertyValueSpecification","valueRequired":true,"valueName":"search_term_string"}}],"inLanguage":"es"}]}},"_links":{"self":[{"href":"https:\/\/cuinetes.shop\/es\/wp-json\/wp\/v2\/product\/36344","targetHints":{"allow":["GET"]}}],"collection":[{"href":"https:\/\/cuinetes.shop\/es\/wp-json\/wp\/v2\/product"}],"about":[{"href":"https:\/\/cuinetes.shop\/es\/wp-json\/wp\/v2\/types\/product"}],"replies":[{"embeddable":true,"href":"https:\/\/cuinetes.shop\/es\/wp-json\/wp\/v2\/comments?post=36344"}],"wp:featuredmedia":[{"embeddable":true,"href":"https:\/\/cuinetes.shop\/es\/wp-json\/wp\/v2\/media\/36343"}],"wp:attachment":[{"href":"https:\/\/cuinetes.shop\/es\/wp-json\/wp\/v2\/media?parent=36344"}],"wp:term":[{"taxonomy":"product_cat","embeddable":true,"href":"https:\/\/cuinetes.shop\/es\/wp-json\/wp\/v2\/product_cat?post=36344"},{"taxonomy":"product_tag","embeddable":true,"href":"https:\/\/cuinetes.shop\/es\/wp-json\/wp\/v2\/product_tag?post=36344"}],"curies":[{"name":"wp","href":"https:\/\/api.w.org\/{rel}","templated":true}]}}