
{"id":36354,"date":"2025-11-06T17:01:46","date_gmt":"2025-11-06T16:01:46","guid":{"rendered":"https:\/\/cuinetes.shop\/?post_type=product&#038;p=36354"},"modified":"2025-11-06T17:13:23","modified_gmt":"2025-11-06T16:13:23","slug":"espatula-inox","status":"publish","type":"product","link":"https:\/\/cuinetes.shop\/es\/producto\/espatula-inox\/","title":{"rendered":"Esp\u00e1tula Inox"},"content":{"rendered":"<p>Material de la hoja Acero inoxidable<br \/>\nMarca LACOR<br \/>\nColor Negro<br \/>\nMaterial del mango Acero inoxidable<br \/>\nCorte de la hoja Pla<br \/>\nLargo de la hoja 11 Cent\u00edmetros<br \/>\nTipos de construcci\u00f3n Forjado<br \/>\nPeso del producto 212 Gramos<br \/>\nColor de la hoja plateado<br \/>\nLongitud del producto 11 Cent\u00edmetros<\/p>\n","protected":false},"excerpt":{"rendered":"<p>-Esp\u00e1tula cortadora rectangular de acero inoxidable multiusos dise\u00f1ado para amasar, cortar, mesurar y limpiar<br \/>\n-Hoja de acero inoxidable de m\u00e1xima calidad con borde biselado<br \/>\n-Mango ergon\u00f3mico rectangular y antideslizante<br \/>\n-Sistema de medici\u00f3n incorporada: Crear porciones iguales gracias a sus marcas de medida a lo largo del borde de la hoja<br \/>\n-Ideal para elaborar pan y cualquier masa de reposter\u00eda<br \/>\n-Muy f\u00e1cil de limpiar y apto para el lavavajillas<br \/>\n-Medidas: 16,5 x 11cm<\/p>\n","protected":false},"featured_media":36348,"comment_status":"closed","ping_status":"closed","template":"","meta":[],"product_cat":[702,698],"product_tag":[1467,1556,1557],"class_list":{"0":"post-36354","1":"product","2":"type-product","3":"status-publish","4":"has-post-thumbnail","6":"product_brand-lacor-es","7":"product_cat-cocinar","8":"product_cat-utensilios-para-cocinar","9":"product_tag-acer-inox","10":"product_tag-medir","11":"product_tag-raspar","14":"first","15":"instock","16":"taxable","17":"shipping-taxable","18":"purchasable","19":"product-type-simple"},"yoast_head":"<!-- This site is optimized with the Yoast SEO plugin v26.1.1 - https:\/\/yoast.com\/wordpress\/plugins\/seo\/ -->\n<title>Esp\u00e1tula Inox - Tienda de utensilios de cocina - Cuinetes<\/title>\n<meta name=\"robots\" content=\"index, follow, max-snippet:-1, max-image-preview:large, max-video-preview:-1\" \/>\n<link rel=\"canonical\" href=\"https:\/\/cuinetes.shop\/es\/producto\/espatula-inox\/\" \/>\n<meta property=\"og:locale\" content=\"es_ES\" \/>\n<meta property=\"og:type\" content=\"article\" \/>\n<meta property=\"og:title\" content=\"Esp\u00e1tula Inox - Tienda de utensilios de cocina - Cuinetes\" \/>\n<meta property=\"og:description\" content=\"-Esp\u00e1tula cortadora rectangular de acero inoxidable multiusos dise\u00f1ado para amasar, cortar, mesurar y limpiar -Hoja de acero inoxidable de m\u00e1xima calidad con borde biselado -Mango ergon\u00f3mico rectangular y antideslizante -Sistema de medici\u00f3n incorporada: Crear porciones iguales gracias a sus marcas de medida a lo largo del borde de la hoja -Ideal para elaborar pan y cualquier masa de reposter\u00eda -Muy f\u00e1cil de limpiar y apto para el lavavajillas -Medidas: 16,5 x 11cm\" \/>\n<meta property=\"og:url\" content=\"https:\/\/cuinetes.shop\/es\/producto\/espatula-inox\/\" \/>\n<meta property=\"og:site_name\" content=\"Tienda de utensilios de cocina - Cuinetes\" \/>\n<meta property=\"article:modified_time\" content=\"2025-11-06T16:13:23+00:00\" \/>\n<meta property=\"og:image\" content=\"https:\/\/cuinetes.shop\/wp-content\/uploads\/2025\/11\/Captura-de-pantalla-2025-11-06-a-las-16.56.50.png\" \/>\n\t<meta property=\"og:image:width\" content=\"914\" \/>\n\t<meta property=\"og:image:height\" content=\"936\" \/>\n\t<meta property=\"og:image:type\" content=\"image\/png\" \/>\n<meta name=\"twitter:card\" content=\"summary_large_image\" \/>\n<script type=\"application\/ld+json\" class=\"yoast-schema-graph\">{\"@context\":\"https:\/\/schema.org\",\"@graph\":[{\"@type\":\"WebPage\",\"@id\":\"https:\/\/cuinetes.shop\/es\/producto\/espatula-inox\/\",\"url\":\"https:\/\/cuinetes.shop\/es\/producto\/espatula-inox\/\",\"name\":\"Esp\u00e1tula Inox - Tienda de utensilios de cocina - Cuinetes\",\"isPartOf\":{\"@id\":\"https:\/\/cuinetes.shop\/es\/#website\"},\"primaryImageOfPage\":{\"@id\":\"https:\/\/cuinetes.shop\/es\/producto\/espatula-inox\/#primaryimage\"},\"image\":{\"@id\":\"https:\/\/cuinetes.shop\/es\/producto\/espatula-inox\/#primaryimage\"},\"thumbnailUrl\":\"https:\/\/cuinetes.shop\/wp-content\/uploads\/2025\/11\/Captura-de-pantalla-2025-11-06-a-las-16.56.50.png\",\"datePublished\":\"2025-11-06T16:01:46+00:00\",\"dateModified\":\"2025-11-06T16:13:23+00:00\",\"breadcrumb\":{\"@id\":\"https:\/\/cuinetes.shop\/es\/producto\/espatula-inox\/#breadcrumb\"},\"inLanguage\":\"es\",\"potentialAction\":[{\"@type\":\"ReadAction\",\"target\":[\"https:\/\/cuinetes.shop\/es\/producto\/espatula-inox\/\"]}]},{\"@type\":\"ImageObject\",\"inLanguage\":\"es\",\"@id\":\"https:\/\/cuinetes.shop\/es\/producto\/espatula-inox\/#primaryimage\",\"url\":\"https:\/\/cuinetes.shop\/wp-content\/uploads\/2025\/11\/Captura-de-pantalla-2025-11-06-a-las-16.56.50.png\",\"contentUrl\":\"https:\/\/cuinetes.shop\/wp-content\/uploads\/2025\/11\/Captura-de-pantalla-2025-11-06-a-las-16.56.50.png\",\"width\":914,\"height\":936},{\"@type\":\"BreadcrumbList\",\"@id\":\"https:\/\/cuinetes.shop\/es\/producto\/espatula-inox\/#breadcrumb\",\"itemListElement\":[{\"@type\":\"ListItem\",\"position\":1,\"name\":\"Home\",\"item\":\"https:\/\/cuinetes.shop\/es\/\"},{\"@type\":\"ListItem\",\"position\":2,\"name\":\"Tienda\",\"item\":\"https:\/\/cuinetes.shop\/es\/tienda\/\"},{\"@type\":\"ListItem\",\"position\":3,\"name\":\"Esp\u00e1tula Inox\"}]},{\"@type\":\"WebSite\",\"@id\":\"https:\/\/cuinetes.shop\/es\/#website\",\"url\":\"https:\/\/cuinetes.shop\/es\/\",\"name\":\"Tienda de utensilios de cocina - Cuinetes\",\"description\":\"\",\"potentialAction\":[{\"@type\":\"SearchAction\",\"target\":{\"@type\":\"EntryPoint\",\"urlTemplate\":\"https:\/\/cuinetes.shop\/es\/?s={search_term_string}\"},\"query-input\":{\"@type\":\"PropertyValueSpecification\",\"valueRequired\":true,\"valueName\":\"search_term_string\"}}],\"inLanguage\":\"es\"}]}<\/script>\n<!-- \/ Yoast SEO plugin. -->","yoast_head_json":{"title":"Esp\u00e1tula Inox - Tienda de utensilios de cocina - Cuinetes","robots":{"index":"index","follow":"follow","max-snippet":"max-snippet:-1","max-image-preview":"max-image-preview:large","max-video-preview":"max-video-preview:-1"},"canonical":"https:\/\/cuinetes.shop\/es\/producto\/espatula-inox\/","og_locale":"es_ES","og_type":"article","og_title":"Esp\u00e1tula Inox - Tienda de utensilios de cocina - Cuinetes","og_description":"-Esp\u00e1tula cortadora rectangular de acero inoxidable multiusos dise\u00f1ado para amasar, cortar, mesurar y limpiar -Hoja de acero inoxidable de m\u00e1xima calidad con borde biselado -Mango ergon\u00f3mico rectangular y antideslizante -Sistema de medici\u00f3n incorporada: Crear porciones iguales gracias a sus marcas de medida a lo largo del borde de la hoja -Ideal para elaborar pan y cualquier masa de reposter\u00eda -Muy f\u00e1cil de limpiar y apto para el lavavajillas -Medidas: 16,5 x 11cm","og_url":"https:\/\/cuinetes.shop\/es\/producto\/espatula-inox\/","og_site_name":"Tienda de utensilios de cocina - Cuinetes","article_modified_time":"2025-11-06T16:13:23+00:00","og_image":[{"width":914,"height":936,"url":"https:\/\/cuinetes.shop\/wp-content\/uploads\/2025\/11\/Captura-de-pantalla-2025-11-06-a-las-16.56.50.png","type":"image\/png"}],"twitter_card":"summary_large_image","schema":{"@context":"https:\/\/schema.org","@graph":[{"@type":"WebPage","@id":"https:\/\/cuinetes.shop\/es\/producto\/espatula-inox\/","url":"https:\/\/cuinetes.shop\/es\/producto\/espatula-inox\/","name":"Esp\u00e1tula Inox - Tienda de utensilios de cocina - Cuinetes","isPartOf":{"@id":"https:\/\/cuinetes.shop\/es\/#website"},"primaryImageOfPage":{"@id":"https:\/\/cuinetes.shop\/es\/producto\/espatula-inox\/#primaryimage"},"image":{"@id":"https:\/\/cuinetes.shop\/es\/producto\/espatula-inox\/#primaryimage"},"thumbnailUrl":"https:\/\/cuinetes.shop\/wp-content\/uploads\/2025\/11\/Captura-de-pantalla-2025-11-06-a-las-16.56.50.png","datePublished":"2025-11-06T16:01:46+00:00","dateModified":"2025-11-06T16:13:23+00:00","breadcrumb":{"@id":"https:\/\/cuinetes.shop\/es\/producto\/espatula-inox\/#breadcrumb"},"inLanguage":"es","potentialAction":[{"@type":"ReadAction","target":["https:\/\/cuinetes.shop\/es\/producto\/espatula-inox\/"]}]},{"@type":"ImageObject","inLanguage":"es","@id":"https:\/\/cuinetes.shop\/es\/producto\/espatula-inox\/#primaryimage","url":"https:\/\/cuinetes.shop\/wp-content\/uploads\/2025\/11\/Captura-de-pantalla-2025-11-06-a-las-16.56.50.png","contentUrl":"https:\/\/cuinetes.shop\/wp-content\/uploads\/2025\/11\/Captura-de-pantalla-2025-11-06-a-las-16.56.50.png","width":914,"height":936},{"@type":"BreadcrumbList","@id":"https:\/\/cuinetes.shop\/es\/producto\/espatula-inox\/#breadcrumb","itemListElement":[{"@type":"ListItem","position":1,"name":"Home","item":"https:\/\/cuinetes.shop\/es\/"},{"@type":"ListItem","position":2,"name":"Tienda","item":"https:\/\/cuinetes.shop\/es\/tienda\/"},{"@type":"ListItem","position":3,"name":"Esp\u00e1tula Inox"}]},{"@type":"WebSite","@id":"https:\/\/cuinetes.shop\/es\/#website","url":"https:\/\/cuinetes.shop\/es\/","name":"Tienda de utensilios de cocina - Cuinetes","description":"","potentialAction":[{"@type":"SearchAction","target":{"@type":"EntryPoint","urlTemplate":"https:\/\/cuinetes.shop\/es\/?s={search_term_string}"},"query-input":{"@type":"PropertyValueSpecification","valueRequired":true,"valueName":"search_term_string"}}],"inLanguage":"es"}]}},"_links":{"self":[{"href":"https:\/\/cuinetes.shop\/es\/wp-json\/wp\/v2\/product\/36354","targetHints":{"allow":["GET"]}}],"collection":[{"href":"https:\/\/cuinetes.shop\/es\/wp-json\/wp\/v2\/product"}],"about":[{"href":"https:\/\/cuinetes.shop\/es\/wp-json\/wp\/v2\/types\/product"}],"replies":[{"embeddable":true,"href":"https:\/\/cuinetes.shop\/es\/wp-json\/wp\/v2\/comments?post=36354"}],"wp:featuredmedia":[{"embeddable":true,"href":"https:\/\/cuinetes.shop\/es\/wp-json\/wp\/v2\/media\/36348"}],"wp:attachment":[{"href":"https:\/\/cuinetes.shop\/es\/wp-json\/wp\/v2\/media?parent=36354"}],"wp:term":[{"taxonomy":"product_cat","embeddable":true,"href":"https:\/\/cuinetes.shop\/es\/wp-json\/wp\/v2\/product_cat?post=36354"},{"taxonomy":"product_tag","embeddable":true,"href":"https:\/\/cuinetes.shop\/es\/wp-json\/wp\/v2\/product_tag?post=36354"}],"curies":[{"name":"wp","href":"https:\/\/api.w.org\/{rel}","templated":true}]}}