
{"id":36372,"date":"2025-11-06T18:00:41","date_gmt":"2025-11-06T17:00:41","guid":{"rendered":"https:\/\/cuinetes.shop\/?post_type=product&#038;p=36372"},"modified":"2025-11-06T18:28:57","modified_gmt":"2025-11-06T17:28:57","slug":"set-8-marca-copas-emoticonos","status":"publish","type":"product","link":"https:\/\/cuinetes.shop\/es\/producto\/set-8-marca-copas-emoticonos\/","title":{"rendered":"Set 8 Marca copas Emoticonos"},"content":{"rendered":"","protected":false},"excerpt":{"rendered":"<p>Presentamos los marcacopas de copas, una soluci\u00f3n divertida y pr\u00e1ctica para distinguir los vasos en cualquier reuni\u00f3n o fiesta! Este set reutilizable incluye 8 marcacopas con dise\u00f1os de emoticonos, perfectos para agregar un toque de diversi\u00f3n en tus acontecimientos. Con su sujeci\u00f3n por clip, estos marcacopasasseguren que cada invitado pueda identificar f\u00e1cilmente su copa en todo momento, evitando confusiones y reduciendo la necesidad de lavar copas adicionales. Pertenece a la reconocida gama de productos Vin Bouquet, garantizando calidad y funcionalidad. No hay mejor manera de asegurar que todos disfruten de su bebida sin preocupaciones.<\/p>\n","protected":false},"featured_media":36369,"comment_status":"closed","ping_status":"closed","template":"","meta":[],"product_cat":[740],"product_tag":[1569,1570,1571],"class_list":{"0":"post-36372","1":"product","2":"type-product","3":"status-publish","4":"has-post-thumbnail","6":"product_brand-vin-bouquet-es","7":"product_cat-bar-wine-es","8":"product_tag-identificador","9":"product_tag-reutilizables","10":"product_tag-silicona","13":"first","14":"instock","15":"taxable","16":"shipping-taxable","17":"purchasable","18":"product-type-simple"},"yoast_head":"<!-- This site is optimized with the Yoast SEO plugin v26.1.1 - https:\/\/yoast.com\/wordpress\/plugins\/seo\/ -->\n<title>Set 8 Marca copas Emoticonos - Tienda de utensilios de cocina - Cuinetes<\/title>\n<meta name=\"robots\" content=\"index, follow, max-snippet:-1, max-image-preview:large, max-video-preview:-1\" \/>\n<link rel=\"canonical\" href=\"https:\/\/cuinetes.shop\/es\/producto\/set-8-marca-copas-emoticonos\/\" \/>\n<meta property=\"og:locale\" content=\"es_ES\" \/>\n<meta property=\"og:type\" content=\"article\" \/>\n<meta property=\"og:title\" content=\"Set 8 Marca copas Emoticonos - Tienda de utensilios de cocina - Cuinetes\" \/>\n<meta property=\"og:description\" content=\"Presentamos los marcacopas de copas, una soluci\u00f3n divertida y pr\u00e1ctica para distinguir los vasos en cualquier reuni\u00f3n o fiesta! Este set reutilizable incluye 8 marcacopas con dise\u00f1os de emoticonos, perfectos para agregar un toque de diversi\u00f3n en tus acontecimientos. Con su sujeci\u00f3n por clip, estos marcacopasasseguren que cada invitado pueda identificar f\u00e1cilmente su copa en todo momento, evitando confusiones y reduciendo la necesidad de lavar copas adicionales. Pertenece a la reconocida gama de productos Vin Bouquet, garantizando calidad y funcionalidad. No hay mejor manera de asegurar que todos disfruten de su bebida sin preocupaciones.\" \/>\n<meta property=\"og:url\" content=\"https:\/\/cuinetes.shop\/es\/producto\/set-8-marca-copas-emoticonos\/\" \/>\n<meta property=\"og:site_name\" content=\"Tienda de utensilios de cocina - Cuinetes\" \/>\n<meta property=\"article:modified_time\" content=\"2025-11-06T17:28:57+00:00\" \/>\n<meta property=\"og:image\" content=\"https:\/\/cuinetes.shop\/wp-content\/uploads\/2025\/11\/Captura-de-pantalla-2025-11-06-a-las-17.44.19.png\" \/>\n\t<meta property=\"og:image:width\" content=\"1036\" \/>\n\t<meta property=\"og:image:height\" content=\"1330\" \/>\n\t<meta property=\"og:image:type\" content=\"image\/png\" \/>\n<meta name=\"twitter:card\" content=\"summary_large_image\" \/>\n<script type=\"application\/ld+json\" class=\"yoast-schema-graph\">{\"@context\":\"https:\/\/schema.org\",\"@graph\":[{\"@type\":\"WebPage\",\"@id\":\"https:\/\/cuinetes.shop\/es\/producto\/set-8-marca-copas-emoticonos\/\",\"url\":\"https:\/\/cuinetes.shop\/es\/producto\/set-8-marca-copas-emoticonos\/\",\"name\":\"Set 8 Marca copas Emoticonos - Tienda de utensilios de cocina - Cuinetes\",\"isPartOf\":{\"@id\":\"https:\/\/cuinetes.shop\/es\/#website\"},\"primaryImageOfPage\":{\"@id\":\"https:\/\/cuinetes.shop\/es\/producto\/set-8-marca-copas-emoticonos\/#primaryimage\"},\"image\":{\"@id\":\"https:\/\/cuinetes.shop\/es\/producto\/set-8-marca-copas-emoticonos\/#primaryimage\"},\"thumbnailUrl\":\"https:\/\/cuinetes.shop\/wp-content\/uploads\/2025\/11\/Captura-de-pantalla-2025-11-06-a-las-17.44.19.png\",\"datePublished\":\"2025-11-06T17:00:41+00:00\",\"dateModified\":\"2025-11-06T17:28:57+00:00\",\"breadcrumb\":{\"@id\":\"https:\/\/cuinetes.shop\/es\/producto\/set-8-marca-copas-emoticonos\/#breadcrumb\"},\"inLanguage\":\"es\",\"potentialAction\":[{\"@type\":\"ReadAction\",\"target\":[\"https:\/\/cuinetes.shop\/es\/producto\/set-8-marca-copas-emoticonos\/\"]}]},{\"@type\":\"ImageObject\",\"inLanguage\":\"es\",\"@id\":\"https:\/\/cuinetes.shop\/es\/producto\/set-8-marca-copas-emoticonos\/#primaryimage\",\"url\":\"https:\/\/cuinetes.shop\/wp-content\/uploads\/2025\/11\/Captura-de-pantalla-2025-11-06-a-las-17.44.19.png\",\"contentUrl\":\"https:\/\/cuinetes.shop\/wp-content\/uploads\/2025\/11\/Captura-de-pantalla-2025-11-06-a-las-17.44.19.png\",\"width\":1036,\"height\":1330},{\"@type\":\"BreadcrumbList\",\"@id\":\"https:\/\/cuinetes.shop\/es\/producto\/set-8-marca-copas-emoticonos\/#breadcrumb\",\"itemListElement\":[{\"@type\":\"ListItem\",\"position\":1,\"name\":\"Home\",\"item\":\"https:\/\/cuinetes.shop\/es\/\"},{\"@type\":\"ListItem\",\"position\":2,\"name\":\"Tienda\",\"item\":\"https:\/\/cuinetes.shop\/es\/tienda\/\"},{\"@type\":\"ListItem\",\"position\":3,\"name\":\"Set 8 Marca copas Emoticonos\"}]},{\"@type\":\"WebSite\",\"@id\":\"https:\/\/cuinetes.shop\/es\/#website\",\"url\":\"https:\/\/cuinetes.shop\/es\/\",\"name\":\"Tienda de utensilios de cocina - Cuinetes\",\"description\":\"\",\"potentialAction\":[{\"@type\":\"SearchAction\",\"target\":{\"@type\":\"EntryPoint\",\"urlTemplate\":\"https:\/\/cuinetes.shop\/es\/?s={search_term_string}\"},\"query-input\":{\"@type\":\"PropertyValueSpecification\",\"valueRequired\":true,\"valueName\":\"search_term_string\"}}],\"inLanguage\":\"es\"}]}<\/script>\n<!-- \/ Yoast SEO plugin. -->","yoast_head_json":{"title":"Set 8 Marca copas Emoticonos - Tienda de utensilios de cocina - Cuinetes","robots":{"index":"index","follow":"follow","max-snippet":"max-snippet:-1","max-image-preview":"max-image-preview:large","max-video-preview":"max-video-preview:-1"},"canonical":"https:\/\/cuinetes.shop\/es\/producto\/set-8-marca-copas-emoticonos\/","og_locale":"es_ES","og_type":"article","og_title":"Set 8 Marca copas Emoticonos - Tienda de utensilios de cocina - Cuinetes","og_description":"Presentamos los marcacopas de copas, una soluci\u00f3n divertida y pr\u00e1ctica para distinguir los vasos en cualquier reuni\u00f3n o fiesta! Este set reutilizable incluye 8 marcacopas con dise\u00f1os de emoticonos, perfectos para agregar un toque de diversi\u00f3n en tus acontecimientos. Con su sujeci\u00f3n por clip, estos marcacopasasseguren que cada invitado pueda identificar f\u00e1cilmente su copa en todo momento, evitando confusiones y reduciendo la necesidad de lavar copas adicionales. Pertenece a la reconocida gama de productos Vin Bouquet, garantizando calidad y funcionalidad. No hay mejor manera de asegurar que todos disfruten de su bebida sin preocupaciones.","og_url":"https:\/\/cuinetes.shop\/es\/producto\/set-8-marca-copas-emoticonos\/","og_site_name":"Tienda de utensilios de cocina - Cuinetes","article_modified_time":"2025-11-06T17:28:57+00:00","og_image":[{"width":1036,"height":1330,"url":"https:\/\/cuinetes.shop\/wp-content\/uploads\/2025\/11\/Captura-de-pantalla-2025-11-06-a-las-17.44.19.png","type":"image\/png"}],"twitter_card":"summary_large_image","schema":{"@context":"https:\/\/schema.org","@graph":[{"@type":"WebPage","@id":"https:\/\/cuinetes.shop\/es\/producto\/set-8-marca-copas-emoticonos\/","url":"https:\/\/cuinetes.shop\/es\/producto\/set-8-marca-copas-emoticonos\/","name":"Set 8 Marca copas Emoticonos - Tienda de utensilios de cocina - Cuinetes","isPartOf":{"@id":"https:\/\/cuinetes.shop\/es\/#website"},"primaryImageOfPage":{"@id":"https:\/\/cuinetes.shop\/es\/producto\/set-8-marca-copas-emoticonos\/#primaryimage"},"image":{"@id":"https:\/\/cuinetes.shop\/es\/producto\/set-8-marca-copas-emoticonos\/#primaryimage"},"thumbnailUrl":"https:\/\/cuinetes.shop\/wp-content\/uploads\/2025\/11\/Captura-de-pantalla-2025-11-06-a-las-17.44.19.png","datePublished":"2025-11-06T17:00:41+00:00","dateModified":"2025-11-06T17:28:57+00:00","breadcrumb":{"@id":"https:\/\/cuinetes.shop\/es\/producto\/set-8-marca-copas-emoticonos\/#breadcrumb"},"inLanguage":"es","potentialAction":[{"@type":"ReadAction","target":["https:\/\/cuinetes.shop\/es\/producto\/set-8-marca-copas-emoticonos\/"]}]},{"@type":"ImageObject","inLanguage":"es","@id":"https:\/\/cuinetes.shop\/es\/producto\/set-8-marca-copas-emoticonos\/#primaryimage","url":"https:\/\/cuinetes.shop\/wp-content\/uploads\/2025\/11\/Captura-de-pantalla-2025-11-06-a-las-17.44.19.png","contentUrl":"https:\/\/cuinetes.shop\/wp-content\/uploads\/2025\/11\/Captura-de-pantalla-2025-11-06-a-las-17.44.19.png","width":1036,"height":1330},{"@type":"BreadcrumbList","@id":"https:\/\/cuinetes.shop\/es\/producto\/set-8-marca-copas-emoticonos\/#breadcrumb","itemListElement":[{"@type":"ListItem","position":1,"name":"Home","item":"https:\/\/cuinetes.shop\/es\/"},{"@type":"ListItem","position":2,"name":"Tienda","item":"https:\/\/cuinetes.shop\/es\/tienda\/"},{"@type":"ListItem","position":3,"name":"Set 8 Marca copas Emoticonos"}]},{"@type":"WebSite","@id":"https:\/\/cuinetes.shop\/es\/#website","url":"https:\/\/cuinetes.shop\/es\/","name":"Tienda de utensilios de cocina - Cuinetes","description":"","potentialAction":[{"@type":"SearchAction","target":{"@type":"EntryPoint","urlTemplate":"https:\/\/cuinetes.shop\/es\/?s={search_term_string}"},"query-input":{"@type":"PropertyValueSpecification","valueRequired":true,"valueName":"search_term_string"}}],"inLanguage":"es"}]}},"_links":{"self":[{"href":"https:\/\/cuinetes.shop\/es\/wp-json\/wp\/v2\/product\/36372","targetHints":{"allow":["GET"]}}],"collection":[{"href":"https:\/\/cuinetes.shop\/es\/wp-json\/wp\/v2\/product"}],"about":[{"href":"https:\/\/cuinetes.shop\/es\/wp-json\/wp\/v2\/types\/product"}],"replies":[{"embeddable":true,"href":"https:\/\/cuinetes.shop\/es\/wp-json\/wp\/v2\/comments?post=36372"}],"wp:featuredmedia":[{"embeddable":true,"href":"https:\/\/cuinetes.shop\/es\/wp-json\/wp\/v2\/media\/36369"}],"wp:attachment":[{"href":"https:\/\/cuinetes.shop\/es\/wp-json\/wp\/v2\/media?parent=36372"}],"wp:term":[{"taxonomy":"product_cat","embeddable":true,"href":"https:\/\/cuinetes.shop\/es\/wp-json\/wp\/v2\/product_cat?post=36372"},{"taxonomy":"product_tag","embeddable":true,"href":"https:\/\/cuinetes.shop\/es\/wp-json\/wp\/v2\/product_tag?post=36372"}],"curies":[{"name":"wp","href":"https:\/\/api.w.org\/{rel}","templated":true}]}}