
{"id":36384,"date":"2025-11-06T18:26:23","date_gmt":"2025-11-06T17:26:23","guid":{"rendered":"https:\/\/cuinetes.shop\/?post_type=product&#038;p=36384"},"modified":"2025-11-06T18:32:32","modified_gmt":"2025-11-06T17:32:32","slug":"set-12-piezas-marca-copas","status":"publish","type":"product","link":"https:\/\/cuinetes.shop\/es\/producto\/set-12-piezas-marca-copas\/","title":{"rendered":"Set 12 piezas marca copas"},"content":{"rendered":"","protected":false},"excerpt":{"rendered":"<p>Presentamos los marcacopas, una manera entretenida y eficaz de distinguir los vasos y copas durante reuniones o fiestas. Este set de 12 marcadores, reutilizables y con sujeci\u00f3n por clip, ofrece una soluci\u00f3n pr\u00e1ctica para asegurar que cada persona pueda identificar f\u00e1cilmente su bebida. Con marcacopasmulticolors de silicona, tu acontecimiento ser\u00e1 todav\u00eda m\u00e1s vibrante y organizado. Evita confusiones y desperdicios al garantizar que cada invitado tenga su copa identificada en todo momento. Con este set, disfrutar\u00e1s de tus celebraciones con mayor tranquilidad y diversi\u00f3n.<\/p>\n","protected":false},"featured_media":36379,"comment_status":"closed","ping_status":"closed","template":"","meta":[],"product_cat":[740],"product_tag":[1521,1569,1394,1571],"class_list":{"0":"post-36384","1":"product","2":"type-product","3":"status-publish","4":"has-post-thumbnail","6":"product_brand-vin-bouquet-es","7":"product_cat-bar-wine-es","8":"product_tag-copas","9":"product_tag-identificador","10":"product_tag-reutilizable","11":"product_tag-silicona","14":"first","15":"instock","16":"taxable","17":"shipping-taxable","18":"purchasable","19":"product-type-simple"},"yoast_head":"<!-- This site is optimized with the Yoast SEO plugin v26.1.1 - https:\/\/yoast.com\/wordpress\/plugins\/seo\/ -->\n<title>Set 12 piezas marca copas - Tienda de utensilios de cocina - Cuinetes<\/title>\n<meta name=\"robots\" content=\"index, follow, max-snippet:-1, max-image-preview:large, max-video-preview:-1\" \/>\n<link rel=\"canonical\" href=\"https:\/\/cuinetes.shop\/es\/producto\/set-12-piezas-marca-copas\/\" \/>\n<meta property=\"og:locale\" content=\"es_ES\" \/>\n<meta property=\"og:type\" content=\"article\" \/>\n<meta property=\"og:title\" content=\"Set 12 piezas marca copas - Tienda de utensilios de cocina - Cuinetes\" \/>\n<meta property=\"og:description\" content=\"Presentamos los marcacopas, una manera entretenida y eficaz de distinguir los vasos y copas durante reuniones o fiestas. Este set de 12 marcadores, reutilizables y con sujeci\u00f3n por clip, ofrece una soluci\u00f3n pr\u00e1ctica para asegurar que cada persona pueda identificar f\u00e1cilmente su bebida. Con marcacopasmulticolors de silicona, tu acontecimiento ser\u00e1 todav\u00eda m\u00e1s vibrante y organizado. Evita confusiones y desperdicios al garantizar que cada invitado tenga su copa identificada en todo momento. Con este set, disfrutar\u00e1s de tus celebraciones con mayor tranquilidad y diversi\u00f3n.\" \/>\n<meta property=\"og:url\" content=\"https:\/\/cuinetes.shop\/es\/producto\/set-12-piezas-marca-copas\/\" \/>\n<meta property=\"og:site_name\" content=\"Tienda de utensilios de cocina - Cuinetes\" \/>\n<meta property=\"article:modified_time\" content=\"2025-11-06T17:32:32+00:00\" \/>\n<meta property=\"og:image\" content=\"https:\/\/cuinetes.shop\/wp-content\/uploads\/2025\/11\/Captura-de-pantalla-2025-11-06-a-las-18.24.13.png\" \/>\n\t<meta property=\"og:image:width\" content=\"702\" \/>\n\t<meta property=\"og:image:height\" content=\"1358\" \/>\n\t<meta property=\"og:image:type\" content=\"image\/png\" \/>\n<meta name=\"twitter:card\" content=\"summary_large_image\" \/>\n<script type=\"application\/ld+json\" class=\"yoast-schema-graph\">{\"@context\":\"https:\/\/schema.org\",\"@graph\":[{\"@type\":\"WebPage\",\"@id\":\"https:\/\/cuinetes.shop\/es\/producto\/set-12-piezas-marca-copas\/\",\"url\":\"https:\/\/cuinetes.shop\/es\/producto\/set-12-piezas-marca-copas\/\",\"name\":\"Set 12 piezas marca copas - Tienda de utensilios de cocina - Cuinetes\",\"isPartOf\":{\"@id\":\"https:\/\/cuinetes.shop\/es\/#website\"},\"primaryImageOfPage\":{\"@id\":\"https:\/\/cuinetes.shop\/es\/producto\/set-12-piezas-marca-copas\/#primaryimage\"},\"image\":{\"@id\":\"https:\/\/cuinetes.shop\/es\/producto\/set-12-piezas-marca-copas\/#primaryimage\"},\"thumbnailUrl\":\"https:\/\/cuinetes.shop\/wp-content\/uploads\/2025\/11\/Captura-de-pantalla-2025-11-06-a-las-18.24.13.png\",\"datePublished\":\"2025-11-06T17:26:23+00:00\",\"dateModified\":\"2025-11-06T17:32:32+00:00\",\"breadcrumb\":{\"@id\":\"https:\/\/cuinetes.shop\/es\/producto\/set-12-piezas-marca-copas\/#breadcrumb\"},\"inLanguage\":\"es\",\"potentialAction\":[{\"@type\":\"ReadAction\",\"target\":[\"https:\/\/cuinetes.shop\/es\/producto\/set-12-piezas-marca-copas\/\"]}]},{\"@type\":\"ImageObject\",\"inLanguage\":\"es\",\"@id\":\"https:\/\/cuinetes.shop\/es\/producto\/set-12-piezas-marca-copas\/#primaryimage\",\"url\":\"https:\/\/cuinetes.shop\/wp-content\/uploads\/2025\/11\/Captura-de-pantalla-2025-11-06-a-las-18.24.13.png\",\"contentUrl\":\"https:\/\/cuinetes.shop\/wp-content\/uploads\/2025\/11\/Captura-de-pantalla-2025-11-06-a-las-18.24.13.png\",\"width\":702,\"height\":1358},{\"@type\":\"BreadcrumbList\",\"@id\":\"https:\/\/cuinetes.shop\/es\/producto\/set-12-piezas-marca-copas\/#breadcrumb\",\"itemListElement\":[{\"@type\":\"ListItem\",\"position\":1,\"name\":\"Home\",\"item\":\"https:\/\/cuinetes.shop\/es\/\"},{\"@type\":\"ListItem\",\"position\":2,\"name\":\"Tienda\",\"item\":\"https:\/\/cuinetes.shop\/es\/tienda\/\"},{\"@type\":\"ListItem\",\"position\":3,\"name\":\"Set 12 piezas marca copas\"}]},{\"@type\":\"WebSite\",\"@id\":\"https:\/\/cuinetes.shop\/es\/#website\",\"url\":\"https:\/\/cuinetes.shop\/es\/\",\"name\":\"Tienda de utensilios de cocina - Cuinetes\",\"description\":\"\",\"potentialAction\":[{\"@type\":\"SearchAction\",\"target\":{\"@type\":\"EntryPoint\",\"urlTemplate\":\"https:\/\/cuinetes.shop\/es\/?s={search_term_string}\"},\"query-input\":{\"@type\":\"PropertyValueSpecification\",\"valueRequired\":true,\"valueName\":\"search_term_string\"}}],\"inLanguage\":\"es\"}]}<\/script>\n<!-- \/ Yoast SEO plugin. -->","yoast_head_json":{"title":"Set 12 piezas marca copas - Tienda de utensilios de cocina - Cuinetes","robots":{"index":"index","follow":"follow","max-snippet":"max-snippet:-1","max-image-preview":"max-image-preview:large","max-video-preview":"max-video-preview:-1"},"canonical":"https:\/\/cuinetes.shop\/es\/producto\/set-12-piezas-marca-copas\/","og_locale":"es_ES","og_type":"article","og_title":"Set 12 piezas marca copas - Tienda de utensilios de cocina - Cuinetes","og_description":"Presentamos los marcacopas, una manera entretenida y eficaz de distinguir los vasos y copas durante reuniones o fiestas. Este set de 12 marcadores, reutilizables y con sujeci\u00f3n por clip, ofrece una soluci\u00f3n pr\u00e1ctica para asegurar que cada persona pueda identificar f\u00e1cilmente su bebida. Con marcacopasmulticolors de silicona, tu acontecimiento ser\u00e1 todav\u00eda m\u00e1s vibrante y organizado. Evita confusiones y desperdicios al garantizar que cada invitado tenga su copa identificada en todo momento. Con este set, disfrutar\u00e1s de tus celebraciones con mayor tranquilidad y diversi\u00f3n.","og_url":"https:\/\/cuinetes.shop\/es\/producto\/set-12-piezas-marca-copas\/","og_site_name":"Tienda de utensilios de cocina - Cuinetes","article_modified_time":"2025-11-06T17:32:32+00:00","og_image":[{"width":702,"height":1358,"url":"https:\/\/cuinetes.shop\/wp-content\/uploads\/2025\/11\/Captura-de-pantalla-2025-11-06-a-las-18.24.13.png","type":"image\/png"}],"twitter_card":"summary_large_image","schema":{"@context":"https:\/\/schema.org","@graph":[{"@type":"WebPage","@id":"https:\/\/cuinetes.shop\/es\/producto\/set-12-piezas-marca-copas\/","url":"https:\/\/cuinetes.shop\/es\/producto\/set-12-piezas-marca-copas\/","name":"Set 12 piezas marca copas - Tienda de utensilios de cocina - Cuinetes","isPartOf":{"@id":"https:\/\/cuinetes.shop\/es\/#website"},"primaryImageOfPage":{"@id":"https:\/\/cuinetes.shop\/es\/producto\/set-12-piezas-marca-copas\/#primaryimage"},"image":{"@id":"https:\/\/cuinetes.shop\/es\/producto\/set-12-piezas-marca-copas\/#primaryimage"},"thumbnailUrl":"https:\/\/cuinetes.shop\/wp-content\/uploads\/2025\/11\/Captura-de-pantalla-2025-11-06-a-las-18.24.13.png","datePublished":"2025-11-06T17:26:23+00:00","dateModified":"2025-11-06T17:32:32+00:00","breadcrumb":{"@id":"https:\/\/cuinetes.shop\/es\/producto\/set-12-piezas-marca-copas\/#breadcrumb"},"inLanguage":"es","potentialAction":[{"@type":"ReadAction","target":["https:\/\/cuinetes.shop\/es\/producto\/set-12-piezas-marca-copas\/"]}]},{"@type":"ImageObject","inLanguage":"es","@id":"https:\/\/cuinetes.shop\/es\/producto\/set-12-piezas-marca-copas\/#primaryimage","url":"https:\/\/cuinetes.shop\/wp-content\/uploads\/2025\/11\/Captura-de-pantalla-2025-11-06-a-las-18.24.13.png","contentUrl":"https:\/\/cuinetes.shop\/wp-content\/uploads\/2025\/11\/Captura-de-pantalla-2025-11-06-a-las-18.24.13.png","width":702,"height":1358},{"@type":"BreadcrumbList","@id":"https:\/\/cuinetes.shop\/es\/producto\/set-12-piezas-marca-copas\/#breadcrumb","itemListElement":[{"@type":"ListItem","position":1,"name":"Home","item":"https:\/\/cuinetes.shop\/es\/"},{"@type":"ListItem","position":2,"name":"Tienda","item":"https:\/\/cuinetes.shop\/es\/tienda\/"},{"@type":"ListItem","position":3,"name":"Set 12 piezas marca copas"}]},{"@type":"WebSite","@id":"https:\/\/cuinetes.shop\/es\/#website","url":"https:\/\/cuinetes.shop\/es\/","name":"Tienda de utensilios de cocina - Cuinetes","description":"","potentialAction":[{"@type":"SearchAction","target":{"@type":"EntryPoint","urlTemplate":"https:\/\/cuinetes.shop\/es\/?s={search_term_string}"},"query-input":{"@type":"PropertyValueSpecification","valueRequired":true,"valueName":"search_term_string"}}],"inLanguage":"es"}]}},"_links":{"self":[{"href":"https:\/\/cuinetes.shop\/es\/wp-json\/wp\/v2\/product\/36384","targetHints":{"allow":["GET"]}}],"collection":[{"href":"https:\/\/cuinetes.shop\/es\/wp-json\/wp\/v2\/product"}],"about":[{"href":"https:\/\/cuinetes.shop\/es\/wp-json\/wp\/v2\/types\/product"}],"replies":[{"embeddable":true,"href":"https:\/\/cuinetes.shop\/es\/wp-json\/wp\/v2\/comments?post=36384"}],"wp:featuredmedia":[{"embeddable":true,"href":"https:\/\/cuinetes.shop\/es\/wp-json\/wp\/v2\/media\/36379"}],"wp:attachment":[{"href":"https:\/\/cuinetes.shop\/es\/wp-json\/wp\/v2\/media?parent=36384"}],"wp:term":[{"taxonomy":"product_cat","embeddable":true,"href":"https:\/\/cuinetes.shop\/es\/wp-json\/wp\/v2\/product_cat?post=36384"},{"taxonomy":"product_tag","embeddable":true,"href":"https:\/\/cuinetes.shop\/es\/wp-json\/wp\/v2\/product_tag?post=36384"}],"curies":[{"name":"wp","href":"https:\/\/api.w.org\/{rel}","templated":true}]}}