
{"id":36433,"date":"2025-11-07T15:40:09","date_gmt":"2025-11-07T14:40:09","guid":{"rendered":"https:\/\/cuinetes.shop\/?post_type=product&#038;p=36433"},"modified":"2025-11-08T11:51:21","modified_gmt":"2025-11-08T10:51:21","slug":"contenedor-hermetico-1l","status":"publish","type":"product","link":"https:\/\/cuinetes.shop\/es\/producto\/contenedor-hermetico-1l\/","title":{"rendered":"Contenedor herm\u00e9tico 1L"},"content":{"rendered":"<p>Contenedor de alimentos 100% herm\u00e9tico y libro de BPA.Apto para lavavajillas, microondas y congelador (-20 \u00b0C + 200 \u00b0C).Este tupper de Valira tiene la ventaja de ser seguro como el vidrio y, as\u00ed mismo, ligero como el pl\u00e1stico. No se mancha, no coge olores y no se deforma!La tapa es trasl\u00facida para poder vuere el interior. Puede transportar tanto s\u00f3lidos como l\u00edquidos. Producto fabricado a Espa\u00f1a con pl\u00e1stico premium de primera calidad, de efecto cer\u00e1mico y totalmente libro de BPA.Disponible en diferentes medidas y colores.<\/p>\n","protected":false},"excerpt":{"rendered":"<p>-Hecho en \u00a0f\u00e1brica de Reus.<\/p>\n<p>-Termopl\u00e1stico (PBT) adecuado para contacto con alimentos, libre de BPA.<\/p>\n<p>-100% herm\u00e9tico gracias a los 4 puntos de anclaje de la tapa y su junta.<\/p>\n<p>-Fabricado con energ\u00eda el\u00e9ctrica 100% renovable.<\/p>\n<p>-No se mancha, no coge olores, no se deforma.<\/p>\n<p>-Apto para microondas, lavavajillas y congelador (-20\u00baC hasta 200\u00baC).<\/p>\n<p>-Material: cuerpo de PBT, tapa de polipropileno y junta de silicona.<\/p>\n","protected":false},"featured_media":36428,"comment_status":"closed","ping_status":"closed","template":"","meta":[],"product_cat":[799,806,809],"product_tag":[1586,1590,1397,1588],"class_list":{"0":"post-36433","1":"product","2":"type-product","3":"status-publish","4":"has-post-thumbnail","6":"product_brand-valira-es","7":"product_cat-para-llevar","8":"product_cat-porta-alimentos","9":"product_cat-tuppers-plastico","10":"product_tag-100-hermetico","11":"product_tag-apto-lavavajillas","12":"product_tag-apto-microondas","13":"product_tag-libre-bpa","14":"pa_color-lila-es","15":"pa_color-turquesa-2","18":"first","19":"instock","20":"taxable","21":"shipping-taxable","22":"purchasable","23":"product-type-variable"},"yoast_head":"<!-- This site is optimized with the Yoast SEO plugin v26.1.1 - https:\/\/yoast.com\/wordpress\/plugins\/seo\/ -->\n<title>Contenedor herm\u00e9tico 1L - Tienda de utensilios de cocina - Cuinetes<\/title>\n<meta name=\"robots\" content=\"index, follow, max-snippet:-1, max-image-preview:large, max-video-preview:-1\" \/>\n<link rel=\"canonical\" href=\"https:\/\/cuinetes.shop\/es\/producto\/contenedor-hermetico-1l\/\" \/>\n<meta property=\"og:locale\" content=\"es_ES\" \/>\n<meta property=\"og:type\" content=\"article\" \/>\n<meta property=\"og:title\" content=\"Contenedor herm\u00e9tico 1L - Tienda de utensilios de cocina - Cuinetes\" \/>\n<meta property=\"og:description\" content=\"-Hecho en \u00a0f\u00e1brica de Reus.  -Termopl\u00e1stico (PBT) adecuado para contacto con alimentos, libre de BPA.  -100% herm\u00e9tico gracias a los 4 puntos de anclaje de la tapa y su junta.  -Fabricado con energ\u00eda el\u00e9ctrica 100% renovable.  -No se mancha, no coge olores, no se deforma.  -Apto para microondas, lavavajillas y congelador (-20\u00baC hasta 200\u00baC).  -Material: cuerpo de PBT, tapa de polipropileno y junta de silicona.\" \/>\n<meta property=\"og:url\" content=\"https:\/\/cuinetes.shop\/es\/producto\/contenedor-hermetico-1l\/\" \/>\n<meta property=\"og:site_name\" content=\"Tienda de utensilios de cocina - Cuinetes\" \/>\n<meta property=\"article:modified_time\" content=\"2025-11-08T10:51:21+00:00\" \/>\n<meta property=\"og:image\" content=\"https:\/\/cuinetes.shop\/wp-content\/uploads\/2025\/11\/Captura-de-pantalla-2025-11-07-a-las-15.37.07.png\" \/>\n\t<meta property=\"og:image:width\" content=\"926\" \/>\n\t<meta property=\"og:image:height\" content=\"752\" \/>\n\t<meta property=\"og:image:type\" content=\"image\/png\" \/>\n<meta name=\"twitter:card\" content=\"summary_large_image\" \/>\n<script type=\"application\/ld+json\" class=\"yoast-schema-graph\">{\"@context\":\"https:\/\/schema.org\",\"@graph\":[{\"@type\":\"WebPage\",\"@id\":\"https:\/\/cuinetes.shop\/es\/producto\/contenedor-hermetico-1l\/\",\"url\":\"https:\/\/cuinetes.shop\/es\/producto\/contenedor-hermetico-1l\/\",\"name\":\"Contenedor herm\u00e9tico 1L - Tienda de utensilios de cocina - Cuinetes\",\"isPartOf\":{\"@id\":\"https:\/\/cuinetes.shop\/es\/#website\"},\"primaryImageOfPage\":{\"@id\":\"https:\/\/cuinetes.shop\/es\/producto\/contenedor-hermetico-1l\/#primaryimage\"},\"image\":{\"@id\":\"https:\/\/cuinetes.shop\/es\/producto\/contenedor-hermetico-1l\/#primaryimage\"},\"thumbnailUrl\":\"https:\/\/cuinetes.shop\/wp-content\/uploads\/2025\/11\/Captura-de-pantalla-2025-11-07-a-las-15.37.07.png\",\"datePublished\":\"2025-11-07T14:40:09+00:00\",\"dateModified\":\"2025-11-08T10:51:21+00:00\",\"breadcrumb\":{\"@id\":\"https:\/\/cuinetes.shop\/es\/producto\/contenedor-hermetico-1l\/#breadcrumb\"},\"inLanguage\":\"es\",\"potentialAction\":[{\"@type\":\"ReadAction\",\"target\":[\"https:\/\/cuinetes.shop\/es\/producto\/contenedor-hermetico-1l\/\"]}]},{\"@type\":\"ImageObject\",\"inLanguage\":\"es\",\"@id\":\"https:\/\/cuinetes.shop\/es\/producto\/contenedor-hermetico-1l\/#primaryimage\",\"url\":\"https:\/\/cuinetes.shop\/wp-content\/uploads\/2025\/11\/Captura-de-pantalla-2025-11-07-a-las-15.37.07.png\",\"contentUrl\":\"https:\/\/cuinetes.shop\/wp-content\/uploads\/2025\/11\/Captura-de-pantalla-2025-11-07-a-las-15.37.07.png\",\"width\":926,\"height\":752},{\"@type\":\"BreadcrumbList\",\"@id\":\"https:\/\/cuinetes.shop\/es\/producto\/contenedor-hermetico-1l\/#breadcrumb\",\"itemListElement\":[{\"@type\":\"ListItem\",\"position\":1,\"name\":\"Home\",\"item\":\"https:\/\/cuinetes.shop\/es\/\"},{\"@type\":\"ListItem\",\"position\":2,\"name\":\"Tienda\",\"item\":\"https:\/\/cuinetes.shop\/es\/tienda\/\"},{\"@type\":\"ListItem\",\"position\":3,\"name\":\"Contenedor herm\u00e9tico 1L\"}]},{\"@type\":\"WebSite\",\"@id\":\"https:\/\/cuinetes.shop\/es\/#website\",\"url\":\"https:\/\/cuinetes.shop\/es\/\",\"name\":\"Tienda de utensilios de cocina - Cuinetes\",\"description\":\"\",\"potentialAction\":[{\"@type\":\"SearchAction\",\"target\":{\"@type\":\"EntryPoint\",\"urlTemplate\":\"https:\/\/cuinetes.shop\/es\/?s={search_term_string}\"},\"query-input\":{\"@type\":\"PropertyValueSpecification\",\"valueRequired\":true,\"valueName\":\"search_term_string\"}}],\"inLanguage\":\"es\"}]}<\/script>\n<!-- \/ Yoast SEO plugin. -->","yoast_head_json":{"title":"Contenedor herm\u00e9tico 1L - Tienda de utensilios de cocina - Cuinetes","robots":{"index":"index","follow":"follow","max-snippet":"max-snippet:-1","max-image-preview":"max-image-preview:large","max-video-preview":"max-video-preview:-1"},"canonical":"https:\/\/cuinetes.shop\/es\/producto\/contenedor-hermetico-1l\/","og_locale":"es_ES","og_type":"article","og_title":"Contenedor herm\u00e9tico 1L - Tienda de utensilios de cocina - Cuinetes","og_description":"-Hecho en \u00a0f\u00e1brica de Reus.  -Termopl\u00e1stico (PBT) adecuado para contacto con alimentos, libre de BPA.  -100% herm\u00e9tico gracias a los 4 puntos de anclaje de la tapa y su junta.  -Fabricado con energ\u00eda el\u00e9ctrica 100% renovable.  -No se mancha, no coge olores, no se deforma.  -Apto para microondas, lavavajillas y congelador (-20\u00baC hasta 200\u00baC).  -Material: cuerpo de PBT, tapa de polipropileno y junta de silicona.","og_url":"https:\/\/cuinetes.shop\/es\/producto\/contenedor-hermetico-1l\/","og_site_name":"Tienda de utensilios de cocina - Cuinetes","article_modified_time":"2025-11-08T10:51:21+00:00","og_image":[{"width":926,"height":752,"url":"https:\/\/cuinetes.shop\/wp-content\/uploads\/2025\/11\/Captura-de-pantalla-2025-11-07-a-las-15.37.07.png","type":"image\/png"}],"twitter_card":"summary_large_image","schema":{"@context":"https:\/\/schema.org","@graph":[{"@type":"WebPage","@id":"https:\/\/cuinetes.shop\/es\/producto\/contenedor-hermetico-1l\/","url":"https:\/\/cuinetes.shop\/es\/producto\/contenedor-hermetico-1l\/","name":"Contenedor herm\u00e9tico 1L - Tienda de utensilios de cocina - Cuinetes","isPartOf":{"@id":"https:\/\/cuinetes.shop\/es\/#website"},"primaryImageOfPage":{"@id":"https:\/\/cuinetes.shop\/es\/producto\/contenedor-hermetico-1l\/#primaryimage"},"image":{"@id":"https:\/\/cuinetes.shop\/es\/producto\/contenedor-hermetico-1l\/#primaryimage"},"thumbnailUrl":"https:\/\/cuinetes.shop\/wp-content\/uploads\/2025\/11\/Captura-de-pantalla-2025-11-07-a-las-15.37.07.png","datePublished":"2025-11-07T14:40:09+00:00","dateModified":"2025-11-08T10:51:21+00:00","breadcrumb":{"@id":"https:\/\/cuinetes.shop\/es\/producto\/contenedor-hermetico-1l\/#breadcrumb"},"inLanguage":"es","potentialAction":[{"@type":"ReadAction","target":["https:\/\/cuinetes.shop\/es\/producto\/contenedor-hermetico-1l\/"]}]},{"@type":"ImageObject","inLanguage":"es","@id":"https:\/\/cuinetes.shop\/es\/producto\/contenedor-hermetico-1l\/#primaryimage","url":"https:\/\/cuinetes.shop\/wp-content\/uploads\/2025\/11\/Captura-de-pantalla-2025-11-07-a-las-15.37.07.png","contentUrl":"https:\/\/cuinetes.shop\/wp-content\/uploads\/2025\/11\/Captura-de-pantalla-2025-11-07-a-las-15.37.07.png","width":926,"height":752},{"@type":"BreadcrumbList","@id":"https:\/\/cuinetes.shop\/es\/producto\/contenedor-hermetico-1l\/#breadcrumb","itemListElement":[{"@type":"ListItem","position":1,"name":"Home","item":"https:\/\/cuinetes.shop\/es\/"},{"@type":"ListItem","position":2,"name":"Tienda","item":"https:\/\/cuinetes.shop\/es\/tienda\/"},{"@type":"ListItem","position":3,"name":"Contenedor herm\u00e9tico 1L"}]},{"@type":"WebSite","@id":"https:\/\/cuinetes.shop\/es\/#website","url":"https:\/\/cuinetes.shop\/es\/","name":"Tienda de utensilios de cocina - Cuinetes","description":"","potentialAction":[{"@type":"SearchAction","target":{"@type":"EntryPoint","urlTemplate":"https:\/\/cuinetes.shop\/es\/?s={search_term_string}"},"query-input":{"@type":"PropertyValueSpecification","valueRequired":true,"valueName":"search_term_string"}}],"inLanguage":"es"}]}},"_links":{"self":[{"href":"https:\/\/cuinetes.shop\/es\/wp-json\/wp\/v2\/product\/36433","targetHints":{"allow":["GET"]}}],"collection":[{"href":"https:\/\/cuinetes.shop\/es\/wp-json\/wp\/v2\/product"}],"about":[{"href":"https:\/\/cuinetes.shop\/es\/wp-json\/wp\/v2\/types\/product"}],"replies":[{"embeddable":true,"href":"https:\/\/cuinetes.shop\/es\/wp-json\/wp\/v2\/comments?post=36433"}],"wp:featuredmedia":[{"embeddable":true,"href":"https:\/\/cuinetes.shop\/es\/wp-json\/wp\/v2\/media\/36428"}],"wp:attachment":[{"href":"https:\/\/cuinetes.shop\/es\/wp-json\/wp\/v2\/media?parent=36433"}],"wp:term":[{"taxonomy":"product_cat","embeddable":true,"href":"https:\/\/cuinetes.shop\/es\/wp-json\/wp\/v2\/product_cat?post=36433"},{"taxonomy":"product_tag","embeddable":true,"href":"https:\/\/cuinetes.shop\/es\/wp-json\/wp\/v2\/product_tag?post=36433"}],"curies":[{"name":"wp","href":"https:\/\/api.w.org\/{rel}","templated":true}]}}