
{"id":36576,"date":"2025-11-19T16:01:58","date_gmt":"2025-11-19T15:01:58","guid":{"rendered":"https:\/\/cuinetes.shop\/?post_type=product&#038;p=36576"},"modified":"2025-11-19T16:08:18","modified_gmt":"2025-11-19T15:08:18","slug":"exprimidor-manual-inox-150ml","status":"publish","type":"product","link":"https:\/\/cuinetes.shop\/es\/producto\/exprimidor-manual-inox-150ml\/","title":{"rendered":"Exprimidor Manual INOX. 150ml"},"content":{"rendered":"<p>Exprimidor de zumo de naranjas o c\u00edtricos manual en acero inoxidable de alta calidad Lacor. Ecol\u00f3gico, no requiere electricidad. Compacte para guardarlo c\u00f3modamente en cualquier caj\u00f3n de su cocina. Exprimidor manual f\u00e1cil de limpiar y apto para lavavajillas. &#8211; Di\u00e1metro: 10 cm. &#8211; Capacidad: 150 ml.<\/p>\n","protected":false},"excerpt":{"rendered":"<p>-Disfruta del zumo reci\u00e9n exprimido<\/p>\n<p>-Ideal para limas, limones, naranjas e incluso pomelos<\/p>\n<p>-Extraen el jugo sin cascaras, pulpa y semillas.<\/p>\n","protected":false},"featured_media":36574,"comment_status":"closed","ping_status":"closed","template":"","meta":[],"product_cat":[816,691],"product_tag":[1610],"class_list":{"0":"post-36576","1":"product","2":"type-product","3":"status-publish","4":"has-post-thumbnail","6":"product_brand-lacor-es","7":"product_cat-exprimidores","8":"product_cat-preparar-es","9":"product_tag-150-ml","12":"first","13":"instock","14":"taxable","15":"shipping-taxable","16":"purchasable","17":"product-type-simple"},"yoast_head":"<!-- This site is optimized with the Yoast SEO plugin v26.1.1 - https:\/\/yoast.com\/wordpress\/plugins\/seo\/ -->\n<title>Exprimidor Manual INOX. 150ml - Tienda de utensilios de cocina - Cuinetes<\/title>\n<meta name=\"robots\" content=\"index, follow, max-snippet:-1, max-image-preview:large, max-video-preview:-1\" \/>\n<link rel=\"canonical\" href=\"https:\/\/cuinetes.shop\/es\/producto\/exprimidor-manual-inox-150ml\/\" \/>\n<meta property=\"og:locale\" content=\"es_ES\" \/>\n<meta property=\"og:type\" content=\"article\" \/>\n<meta property=\"og:title\" content=\"Exprimidor Manual INOX. 150ml - Tienda de utensilios de cocina - Cuinetes\" \/>\n<meta property=\"og:description\" content=\"-Disfruta del zumo reci\u00e9n exprimido  -Ideal para limas, limones, naranjas e incluso pomelos  -Extraen el jugo sin cascaras, pulpa y semillas.\" \/>\n<meta property=\"og:url\" content=\"https:\/\/cuinetes.shop\/es\/producto\/exprimidor-manual-inox-150ml\/\" \/>\n<meta property=\"og:site_name\" content=\"Tienda de utensilios de cocina - Cuinetes\" \/>\n<meta property=\"article:modified_time\" content=\"2025-11-19T15:08:18+00:00\" \/>\n<meta property=\"og:image\" content=\"https:\/\/cuinetes.shop\/wp-content\/uploads\/2025\/11\/Captura-de-pantalla-2025-11-19-a-las-15.59.34.png\" \/>\n\t<meta property=\"og:image:width\" content=\"1344\" \/>\n\t<meta property=\"og:image:height\" content=\"1208\" \/>\n\t<meta property=\"og:image:type\" content=\"image\/png\" \/>\n<meta name=\"twitter:card\" content=\"summary_large_image\" \/>\n<script type=\"application\/ld+json\" class=\"yoast-schema-graph\">{\"@context\":\"https:\/\/schema.org\",\"@graph\":[{\"@type\":\"WebPage\",\"@id\":\"https:\/\/cuinetes.shop\/es\/producto\/exprimidor-manual-inox-150ml\/\",\"url\":\"https:\/\/cuinetes.shop\/es\/producto\/exprimidor-manual-inox-150ml\/\",\"name\":\"Exprimidor Manual INOX. 150ml - Tienda de utensilios de cocina - Cuinetes\",\"isPartOf\":{\"@id\":\"https:\/\/cuinetes.shop\/es\/#website\"},\"primaryImageOfPage\":{\"@id\":\"https:\/\/cuinetes.shop\/es\/producto\/exprimidor-manual-inox-150ml\/#primaryimage\"},\"image\":{\"@id\":\"https:\/\/cuinetes.shop\/es\/producto\/exprimidor-manual-inox-150ml\/#primaryimage\"},\"thumbnailUrl\":\"https:\/\/cuinetes.shop\/wp-content\/uploads\/2025\/11\/Captura-de-pantalla-2025-11-19-a-las-15.59.34.png\",\"datePublished\":\"2025-11-19T15:01:58+00:00\",\"dateModified\":\"2025-11-19T15:08:18+00:00\",\"breadcrumb\":{\"@id\":\"https:\/\/cuinetes.shop\/es\/producto\/exprimidor-manual-inox-150ml\/#breadcrumb\"},\"inLanguage\":\"es\",\"potentialAction\":[{\"@type\":\"ReadAction\",\"target\":[\"https:\/\/cuinetes.shop\/es\/producto\/exprimidor-manual-inox-150ml\/\"]}]},{\"@type\":\"ImageObject\",\"inLanguage\":\"es\",\"@id\":\"https:\/\/cuinetes.shop\/es\/producto\/exprimidor-manual-inox-150ml\/#primaryimage\",\"url\":\"https:\/\/cuinetes.shop\/wp-content\/uploads\/2025\/11\/Captura-de-pantalla-2025-11-19-a-las-15.59.34.png\",\"contentUrl\":\"https:\/\/cuinetes.shop\/wp-content\/uploads\/2025\/11\/Captura-de-pantalla-2025-11-19-a-las-15.59.34.png\",\"width\":1344,\"height\":1208},{\"@type\":\"BreadcrumbList\",\"@id\":\"https:\/\/cuinetes.shop\/es\/producto\/exprimidor-manual-inox-150ml\/#breadcrumb\",\"itemListElement\":[{\"@type\":\"ListItem\",\"position\":1,\"name\":\"Home\",\"item\":\"https:\/\/cuinetes.shop\/es\/\"},{\"@type\":\"ListItem\",\"position\":2,\"name\":\"Tienda\",\"item\":\"https:\/\/cuinetes.shop\/es\/tienda\/\"},{\"@type\":\"ListItem\",\"position\":3,\"name\":\"Exprimidor Manual INOX. 150ml\"}]},{\"@type\":\"WebSite\",\"@id\":\"https:\/\/cuinetes.shop\/es\/#website\",\"url\":\"https:\/\/cuinetes.shop\/es\/\",\"name\":\"Tienda de utensilios de cocina - Cuinetes\",\"description\":\"\",\"potentialAction\":[{\"@type\":\"SearchAction\",\"target\":{\"@type\":\"EntryPoint\",\"urlTemplate\":\"https:\/\/cuinetes.shop\/es\/?s={search_term_string}\"},\"query-input\":{\"@type\":\"PropertyValueSpecification\",\"valueRequired\":true,\"valueName\":\"search_term_string\"}}],\"inLanguage\":\"es\"}]}<\/script>\n<!-- \/ Yoast SEO plugin. -->","yoast_head_json":{"title":"Exprimidor Manual INOX. 150ml - Tienda de utensilios de cocina - Cuinetes","robots":{"index":"index","follow":"follow","max-snippet":"max-snippet:-1","max-image-preview":"max-image-preview:large","max-video-preview":"max-video-preview:-1"},"canonical":"https:\/\/cuinetes.shop\/es\/producto\/exprimidor-manual-inox-150ml\/","og_locale":"es_ES","og_type":"article","og_title":"Exprimidor Manual INOX. 150ml - Tienda de utensilios de cocina - Cuinetes","og_description":"-Disfruta del zumo reci\u00e9n exprimido  -Ideal para limas, limones, naranjas e incluso pomelos  -Extraen el jugo sin cascaras, pulpa y semillas.","og_url":"https:\/\/cuinetes.shop\/es\/producto\/exprimidor-manual-inox-150ml\/","og_site_name":"Tienda de utensilios de cocina - Cuinetes","article_modified_time":"2025-11-19T15:08:18+00:00","og_image":[{"width":1344,"height":1208,"url":"https:\/\/cuinetes.shop\/wp-content\/uploads\/2025\/11\/Captura-de-pantalla-2025-11-19-a-las-15.59.34.png","type":"image\/png"}],"twitter_card":"summary_large_image","schema":{"@context":"https:\/\/schema.org","@graph":[{"@type":"WebPage","@id":"https:\/\/cuinetes.shop\/es\/producto\/exprimidor-manual-inox-150ml\/","url":"https:\/\/cuinetes.shop\/es\/producto\/exprimidor-manual-inox-150ml\/","name":"Exprimidor Manual INOX. 150ml - Tienda de utensilios de cocina - Cuinetes","isPartOf":{"@id":"https:\/\/cuinetes.shop\/es\/#website"},"primaryImageOfPage":{"@id":"https:\/\/cuinetes.shop\/es\/producto\/exprimidor-manual-inox-150ml\/#primaryimage"},"image":{"@id":"https:\/\/cuinetes.shop\/es\/producto\/exprimidor-manual-inox-150ml\/#primaryimage"},"thumbnailUrl":"https:\/\/cuinetes.shop\/wp-content\/uploads\/2025\/11\/Captura-de-pantalla-2025-11-19-a-las-15.59.34.png","datePublished":"2025-11-19T15:01:58+00:00","dateModified":"2025-11-19T15:08:18+00:00","breadcrumb":{"@id":"https:\/\/cuinetes.shop\/es\/producto\/exprimidor-manual-inox-150ml\/#breadcrumb"},"inLanguage":"es","potentialAction":[{"@type":"ReadAction","target":["https:\/\/cuinetes.shop\/es\/producto\/exprimidor-manual-inox-150ml\/"]}]},{"@type":"ImageObject","inLanguage":"es","@id":"https:\/\/cuinetes.shop\/es\/producto\/exprimidor-manual-inox-150ml\/#primaryimage","url":"https:\/\/cuinetes.shop\/wp-content\/uploads\/2025\/11\/Captura-de-pantalla-2025-11-19-a-las-15.59.34.png","contentUrl":"https:\/\/cuinetes.shop\/wp-content\/uploads\/2025\/11\/Captura-de-pantalla-2025-11-19-a-las-15.59.34.png","width":1344,"height":1208},{"@type":"BreadcrumbList","@id":"https:\/\/cuinetes.shop\/es\/producto\/exprimidor-manual-inox-150ml\/#breadcrumb","itemListElement":[{"@type":"ListItem","position":1,"name":"Home","item":"https:\/\/cuinetes.shop\/es\/"},{"@type":"ListItem","position":2,"name":"Tienda","item":"https:\/\/cuinetes.shop\/es\/tienda\/"},{"@type":"ListItem","position":3,"name":"Exprimidor Manual INOX. 150ml"}]},{"@type":"WebSite","@id":"https:\/\/cuinetes.shop\/es\/#website","url":"https:\/\/cuinetes.shop\/es\/","name":"Tienda de utensilios de cocina - Cuinetes","description":"","potentialAction":[{"@type":"SearchAction","target":{"@type":"EntryPoint","urlTemplate":"https:\/\/cuinetes.shop\/es\/?s={search_term_string}"},"query-input":{"@type":"PropertyValueSpecification","valueRequired":true,"valueName":"search_term_string"}}],"inLanguage":"es"}]}},"_links":{"self":[{"href":"https:\/\/cuinetes.shop\/es\/wp-json\/wp\/v2\/product\/36576","targetHints":{"allow":["GET"]}}],"collection":[{"href":"https:\/\/cuinetes.shop\/es\/wp-json\/wp\/v2\/product"}],"about":[{"href":"https:\/\/cuinetes.shop\/es\/wp-json\/wp\/v2\/types\/product"}],"replies":[{"embeddable":true,"href":"https:\/\/cuinetes.shop\/es\/wp-json\/wp\/v2\/comments?post=36576"}],"wp:featuredmedia":[{"embeddable":true,"href":"https:\/\/cuinetes.shop\/es\/wp-json\/wp\/v2\/media\/36574"}],"wp:attachment":[{"href":"https:\/\/cuinetes.shop\/es\/wp-json\/wp\/v2\/media?parent=36576"}],"wp:term":[{"taxonomy":"product_cat","embeddable":true,"href":"https:\/\/cuinetes.shop\/es\/wp-json\/wp\/v2\/product_cat?post=36576"},{"taxonomy":"product_tag","embeddable":true,"href":"https:\/\/cuinetes.shop\/es\/wp-json\/wp\/v2\/product_tag?post=36576"}],"curies":[{"name":"wp","href":"https:\/\/api.w.org\/{rel}","templated":true}]}}