
{"id":36635,"date":"2025-11-21T17:33:45","date_gmt":"2025-11-21T16:33:45","guid":{"rendered":"https:\/\/cuinetes.shop\/?post_type=product&#038;p=36635"},"modified":"2025-11-21T17:38:36","modified_gmt":"2025-11-21T16:38:36","slug":"molinillo-wood-15cm","status":"publish","type":"product","link":"https:\/\/cuinetes.shop\/es\/producto\/molinillo-wood-15cm\/","title":{"rendered":"Molinillo Wood 15cm"},"content":{"rendered":"","protected":false},"excerpt":{"rendered":"<p>-Fabricados en madera de caucho de alta calidad con un revestimiento de esmalte mate natural.<\/p>\n<p>-Muela de cer\u00e1mica eficaz, de gran durabilidad y resistente a la corrosi\u00f3n.<\/p>\n<p>-Pomo ajustable de molienda fabricado en acero inoxidable.<\/p>\n<p>-Dise\u00f1o cl\u00e1sico y elegante, dirigidos tanto para el usuario profesional como para el dom\u00e9stico.<\/p>\n<p>-Ergon\u00f3micos y vers\u00e1tiles: aptos para sal, pimienta y otras especias.<\/p>\n","protected":false},"featured_media":36632,"comment_status":"closed","ping_status":"closed","template":"","meta":[],"product_cat":[691,778,698],"product_tag":[1633],"class_list":{"0":"post-36635","1":"product","2":"type-product","3":"status-publish","4":"has-post-thumbnail","6":"product_brand-lacor-es","7":"product_cat-preparar-es","8":"product_cat-saleros-y-pimenteros","9":"product_cat-utensilios-para-cocinar","10":"product_tag-15cm","13":"first","14":"instock","15":"taxable","16":"shipping-taxable","17":"purchasable","18":"product-type-simple"},"yoast_head":"<!-- This site is optimized with the Yoast SEO plugin v26.1.1 - https:\/\/yoast.com\/wordpress\/plugins\/seo\/ -->\n<title>Molinillo Wood 15cm - Tienda de utensilios de cocina - Cuinetes<\/title>\n<meta name=\"robots\" content=\"index, follow, max-snippet:-1, max-image-preview:large, max-video-preview:-1\" \/>\n<link rel=\"canonical\" href=\"https:\/\/cuinetes.shop\/es\/producto\/molinillo-wood-15cm\/\" \/>\n<meta property=\"og:locale\" content=\"es_ES\" \/>\n<meta property=\"og:type\" content=\"article\" \/>\n<meta property=\"og:title\" content=\"Molinillo Wood 15cm - Tienda de utensilios de cocina - Cuinetes\" \/>\n<meta property=\"og:description\" content=\"-Fabricados en madera de caucho de alta calidad con un revestimiento de esmalte mate natural.  -Muela de cer\u00e1mica eficaz, de gran durabilidad y resistente a la corrosi\u00f3n.  -Pomo ajustable de molienda fabricado en acero inoxidable.  -Dise\u00f1o cl\u00e1sico y elegante, dirigidos tanto para el usuario profesional como para el dom\u00e9stico.  -Ergon\u00f3micos y vers\u00e1tiles: aptos para sal, pimienta y otras especias.\" \/>\n<meta property=\"og:url\" content=\"https:\/\/cuinetes.shop\/es\/producto\/molinillo-wood-15cm\/\" \/>\n<meta property=\"og:site_name\" content=\"Tienda de utensilios de cocina - Cuinetes\" \/>\n<meta property=\"article:modified_time\" content=\"2025-11-21T16:38:36+00:00\" \/>\n<meta property=\"og:image\" content=\"https:\/\/cuinetes.shop\/wp-content\/uploads\/2025\/11\/Captura-de-pantalla-2025-11-21-a-las-17.00.46.png\" \/>\n\t<meta property=\"og:image:width\" content=\"1674\" \/>\n\t<meta property=\"og:image:height\" content=\"1438\" \/>\n\t<meta property=\"og:image:type\" content=\"image\/png\" \/>\n<meta name=\"twitter:card\" content=\"summary_large_image\" \/>\n<script type=\"application\/ld+json\" class=\"yoast-schema-graph\">{\"@context\":\"https:\/\/schema.org\",\"@graph\":[{\"@type\":\"WebPage\",\"@id\":\"https:\/\/cuinetes.shop\/es\/producto\/molinillo-wood-15cm\/\",\"url\":\"https:\/\/cuinetes.shop\/es\/producto\/molinillo-wood-15cm\/\",\"name\":\"Molinillo Wood 15cm - Tienda de utensilios de cocina - Cuinetes\",\"isPartOf\":{\"@id\":\"https:\/\/cuinetes.shop\/es\/#website\"},\"primaryImageOfPage\":{\"@id\":\"https:\/\/cuinetes.shop\/es\/producto\/molinillo-wood-15cm\/#primaryimage\"},\"image\":{\"@id\":\"https:\/\/cuinetes.shop\/es\/producto\/molinillo-wood-15cm\/#primaryimage\"},\"thumbnailUrl\":\"https:\/\/cuinetes.shop\/wp-content\/uploads\/2025\/11\/Captura-de-pantalla-2025-11-21-a-las-17.00.46.png\",\"datePublished\":\"2025-11-21T16:33:45+00:00\",\"dateModified\":\"2025-11-21T16:38:36+00:00\",\"breadcrumb\":{\"@id\":\"https:\/\/cuinetes.shop\/es\/producto\/molinillo-wood-15cm\/#breadcrumb\"},\"inLanguage\":\"es\",\"potentialAction\":[{\"@type\":\"ReadAction\",\"target\":[\"https:\/\/cuinetes.shop\/es\/producto\/molinillo-wood-15cm\/\"]}]},{\"@type\":\"ImageObject\",\"inLanguage\":\"es\",\"@id\":\"https:\/\/cuinetes.shop\/es\/producto\/molinillo-wood-15cm\/#primaryimage\",\"url\":\"https:\/\/cuinetes.shop\/wp-content\/uploads\/2025\/11\/Captura-de-pantalla-2025-11-21-a-las-17.00.46.png\",\"contentUrl\":\"https:\/\/cuinetes.shop\/wp-content\/uploads\/2025\/11\/Captura-de-pantalla-2025-11-21-a-las-17.00.46.png\",\"width\":1674,\"height\":1438},{\"@type\":\"BreadcrumbList\",\"@id\":\"https:\/\/cuinetes.shop\/es\/producto\/molinillo-wood-15cm\/#breadcrumb\",\"itemListElement\":[{\"@type\":\"ListItem\",\"position\":1,\"name\":\"Home\",\"item\":\"https:\/\/cuinetes.shop\/es\/\"},{\"@type\":\"ListItem\",\"position\":2,\"name\":\"Tienda\",\"item\":\"https:\/\/cuinetes.shop\/es\/tienda\/\"},{\"@type\":\"ListItem\",\"position\":3,\"name\":\"Molinillo Wood 15cm\"}]},{\"@type\":\"WebSite\",\"@id\":\"https:\/\/cuinetes.shop\/es\/#website\",\"url\":\"https:\/\/cuinetes.shop\/es\/\",\"name\":\"Tienda de utensilios de cocina - Cuinetes\",\"description\":\"\",\"potentialAction\":[{\"@type\":\"SearchAction\",\"target\":{\"@type\":\"EntryPoint\",\"urlTemplate\":\"https:\/\/cuinetes.shop\/es\/?s={search_term_string}\"},\"query-input\":{\"@type\":\"PropertyValueSpecification\",\"valueRequired\":true,\"valueName\":\"search_term_string\"}}],\"inLanguage\":\"es\"}]}<\/script>\n<!-- \/ Yoast SEO plugin. -->","yoast_head_json":{"title":"Molinillo Wood 15cm - Tienda de utensilios de cocina - Cuinetes","robots":{"index":"index","follow":"follow","max-snippet":"max-snippet:-1","max-image-preview":"max-image-preview:large","max-video-preview":"max-video-preview:-1"},"canonical":"https:\/\/cuinetes.shop\/es\/producto\/molinillo-wood-15cm\/","og_locale":"es_ES","og_type":"article","og_title":"Molinillo Wood 15cm - Tienda de utensilios de cocina - Cuinetes","og_description":"-Fabricados en madera de caucho de alta calidad con un revestimiento de esmalte mate natural.  -Muela de cer\u00e1mica eficaz, de gran durabilidad y resistente a la corrosi\u00f3n.  -Pomo ajustable de molienda fabricado en acero inoxidable.  -Dise\u00f1o cl\u00e1sico y elegante, dirigidos tanto para el usuario profesional como para el dom\u00e9stico.  -Ergon\u00f3micos y vers\u00e1tiles: aptos para sal, pimienta y otras especias.","og_url":"https:\/\/cuinetes.shop\/es\/producto\/molinillo-wood-15cm\/","og_site_name":"Tienda de utensilios de cocina - Cuinetes","article_modified_time":"2025-11-21T16:38:36+00:00","og_image":[{"width":1674,"height":1438,"url":"https:\/\/cuinetes.shop\/wp-content\/uploads\/2025\/11\/Captura-de-pantalla-2025-11-21-a-las-17.00.46.png","type":"image\/png"}],"twitter_card":"summary_large_image","schema":{"@context":"https:\/\/schema.org","@graph":[{"@type":"WebPage","@id":"https:\/\/cuinetes.shop\/es\/producto\/molinillo-wood-15cm\/","url":"https:\/\/cuinetes.shop\/es\/producto\/molinillo-wood-15cm\/","name":"Molinillo Wood 15cm - Tienda de utensilios de cocina - Cuinetes","isPartOf":{"@id":"https:\/\/cuinetes.shop\/es\/#website"},"primaryImageOfPage":{"@id":"https:\/\/cuinetes.shop\/es\/producto\/molinillo-wood-15cm\/#primaryimage"},"image":{"@id":"https:\/\/cuinetes.shop\/es\/producto\/molinillo-wood-15cm\/#primaryimage"},"thumbnailUrl":"https:\/\/cuinetes.shop\/wp-content\/uploads\/2025\/11\/Captura-de-pantalla-2025-11-21-a-las-17.00.46.png","datePublished":"2025-11-21T16:33:45+00:00","dateModified":"2025-11-21T16:38:36+00:00","breadcrumb":{"@id":"https:\/\/cuinetes.shop\/es\/producto\/molinillo-wood-15cm\/#breadcrumb"},"inLanguage":"es","potentialAction":[{"@type":"ReadAction","target":["https:\/\/cuinetes.shop\/es\/producto\/molinillo-wood-15cm\/"]}]},{"@type":"ImageObject","inLanguage":"es","@id":"https:\/\/cuinetes.shop\/es\/producto\/molinillo-wood-15cm\/#primaryimage","url":"https:\/\/cuinetes.shop\/wp-content\/uploads\/2025\/11\/Captura-de-pantalla-2025-11-21-a-las-17.00.46.png","contentUrl":"https:\/\/cuinetes.shop\/wp-content\/uploads\/2025\/11\/Captura-de-pantalla-2025-11-21-a-las-17.00.46.png","width":1674,"height":1438},{"@type":"BreadcrumbList","@id":"https:\/\/cuinetes.shop\/es\/producto\/molinillo-wood-15cm\/#breadcrumb","itemListElement":[{"@type":"ListItem","position":1,"name":"Home","item":"https:\/\/cuinetes.shop\/es\/"},{"@type":"ListItem","position":2,"name":"Tienda","item":"https:\/\/cuinetes.shop\/es\/tienda\/"},{"@type":"ListItem","position":3,"name":"Molinillo Wood 15cm"}]},{"@type":"WebSite","@id":"https:\/\/cuinetes.shop\/es\/#website","url":"https:\/\/cuinetes.shop\/es\/","name":"Tienda de utensilios de cocina - Cuinetes","description":"","potentialAction":[{"@type":"SearchAction","target":{"@type":"EntryPoint","urlTemplate":"https:\/\/cuinetes.shop\/es\/?s={search_term_string}"},"query-input":{"@type":"PropertyValueSpecification","valueRequired":true,"valueName":"search_term_string"}}],"inLanguage":"es"}]}},"_links":{"self":[{"href":"https:\/\/cuinetes.shop\/es\/wp-json\/wp\/v2\/product\/36635","targetHints":{"allow":["GET"]}}],"collection":[{"href":"https:\/\/cuinetes.shop\/es\/wp-json\/wp\/v2\/product"}],"about":[{"href":"https:\/\/cuinetes.shop\/es\/wp-json\/wp\/v2\/types\/product"}],"replies":[{"embeddable":true,"href":"https:\/\/cuinetes.shop\/es\/wp-json\/wp\/v2\/comments?post=36635"}],"wp:featuredmedia":[{"embeddable":true,"href":"https:\/\/cuinetes.shop\/es\/wp-json\/wp\/v2\/media\/36632"}],"wp:attachment":[{"href":"https:\/\/cuinetes.shop\/es\/wp-json\/wp\/v2\/media?parent=36635"}],"wp:term":[{"taxonomy":"product_cat","embeddable":true,"href":"https:\/\/cuinetes.shop\/es\/wp-json\/wp\/v2\/product_cat?post=36635"},{"taxonomy":"product_tag","embeddable":true,"href":"https:\/\/cuinetes.shop\/es\/wp-json\/wp\/v2\/product_tag?post=36635"}],"curies":[{"name":"wp","href":"https:\/\/api.w.org\/{rel}","templated":true}]}}