
{"id":36674,"date":"2025-12-18T17:09:54","date_gmt":"2025-12-18T16:09:54","guid":{"rendered":"https:\/\/cuinetes.shop\/?post_type=product&#038;p=36674"},"modified":"2025-12-18T17:13:50","modified_gmt":"2025-12-18T16:13:50","slug":"jamonero-giratorio-regulable","status":"publish","type":"product","link":"https:\/\/cuinetes.shop\/es\/producto\/jamonero-giratorio-regulable\/","title":{"rendered":"Jamonero Giratorio Regulable"},"content":{"rendered":"<p><strong data-end=\"385\" data-start=\"334\">Jamonero giratorio con altura regulable Nerthus<\/strong>, dise\u00f1ado para adaptarse a cualquier tipo de pieza y garantizar un corte c\u00f3modo, preciso y seguro. Su\u00a0<strong data-end=\"509\" data-start=\"488\">cabezal giratorio<\/strong>\u00a0con sistema de torniquete y\u00a0<strong data-end=\"568\" data-start=\"538\">brazo extensible en altura<\/strong>\u00a0permite ajustar la posici\u00f3n seg\u00fan el tipo de jam\u00f3n o paletilla.\u00a0Con el\u00a0<strong data-end=\"1000\" data-start=\"970\">jamonero regulable Nerthus<\/strong>, conseguir\u00e1s una sujeci\u00f3n firme y un corte profesional adaptado a tus necesidades.<\/p>\n","protected":false},"excerpt":{"rendered":"<p>&#8211;<strong>Cabezal giratorio<\/strong>\u00a0de acero inoxidable con cierre por presi\u00f3n<br \/>\n<strong>-Altura regulable<\/strong>\u00a0para un corte m\u00e1s c\u00f3modo y ergon\u00f3mico<br \/>\n&#8211; Sujeci\u00f3n fija en <strong>&#8220;V&#8221;<\/strong>\u00a0para m\u00e1xima estabilidad<\/p>\n","protected":false},"featured_media":36671,"comment_status":"closed","ping_status":"closed","template":"","meta":[],"product_cat":[786],"product_tag":[1652,1467],"class_list":{"0":"post-36674","1":"product","2":"type-product","3":"status-publish","4":"has-post-thumbnail","6":"product_brand-nerthus-es","7":"product_cat-cortadores","8":"product_tag-acacia","9":"product_tag-acer-inox","12":"first","13":"instock","14":"taxable","15":"shipping-taxable","16":"purchasable","17":"product-type-simple"},"yoast_head":"<!-- This site is optimized with the Yoast SEO plugin v26.1.1 - https:\/\/yoast.com\/wordpress\/plugins\/seo\/ -->\n<title>Jamonero Giratorio Regulable - Tienda de utensilios de cocina - Cuinetes<\/title>\n<meta name=\"robots\" content=\"index, follow, max-snippet:-1, max-image-preview:large, max-video-preview:-1\" \/>\n<link rel=\"canonical\" href=\"https:\/\/cuinetes.shop\/es\/producto\/jamonero-giratorio-regulable\/\" \/>\n<meta property=\"og:locale\" content=\"es_ES\" \/>\n<meta property=\"og:type\" content=\"article\" \/>\n<meta property=\"og:title\" content=\"Jamonero Giratorio Regulable - Tienda de utensilios de cocina - Cuinetes\" \/>\n<meta property=\"og:description\" content=\"-Cabezal giratorio\u00a0de acero inoxidable con cierre por presi\u00f3n -Altura regulable\u00a0para un corte m\u00e1s c\u00f3modo y ergon\u00f3mico - Sujeci\u00f3n fija en &quot;V&quot;\u00a0para m\u00e1xima estabilidad\" \/>\n<meta property=\"og:url\" content=\"https:\/\/cuinetes.shop\/es\/producto\/jamonero-giratorio-regulable\/\" \/>\n<meta property=\"og:site_name\" content=\"Tienda de utensilios de cocina - Cuinetes\" \/>\n<meta property=\"article:modified_time\" content=\"2025-12-18T16:13:50+00:00\" \/>\n<meta property=\"og:image\" content=\"https:\/\/cuinetes.shop\/wp-content\/uploads\/2025\/12\/Jamonero-Nerthus-3.png\" \/>\n\t<meta property=\"og:image:width\" content=\"734\" \/>\n\t<meta property=\"og:image:height\" content=\"1000\" \/>\n\t<meta property=\"og:image:type\" content=\"image\/png\" \/>\n<meta name=\"twitter:card\" content=\"summary_large_image\" \/>\n<script type=\"application\/ld+json\" class=\"yoast-schema-graph\">{\"@context\":\"https:\/\/schema.org\",\"@graph\":[{\"@type\":\"WebPage\",\"@id\":\"https:\/\/cuinetes.shop\/es\/producto\/jamonero-giratorio-regulable\/\",\"url\":\"https:\/\/cuinetes.shop\/es\/producto\/jamonero-giratorio-regulable\/\",\"name\":\"Jamonero Giratorio Regulable - Tienda de utensilios de cocina - Cuinetes\",\"isPartOf\":{\"@id\":\"https:\/\/cuinetes.shop\/es\/#website\"},\"primaryImageOfPage\":{\"@id\":\"https:\/\/cuinetes.shop\/es\/producto\/jamonero-giratorio-regulable\/#primaryimage\"},\"image\":{\"@id\":\"https:\/\/cuinetes.shop\/es\/producto\/jamonero-giratorio-regulable\/#primaryimage\"},\"thumbnailUrl\":\"https:\/\/cuinetes.shop\/wp-content\/uploads\/2025\/12\/Jamonero-Nerthus-3.png\",\"datePublished\":\"2025-12-18T16:09:54+00:00\",\"dateModified\":\"2025-12-18T16:13:50+00:00\",\"breadcrumb\":{\"@id\":\"https:\/\/cuinetes.shop\/es\/producto\/jamonero-giratorio-regulable\/#breadcrumb\"},\"inLanguage\":\"es\",\"potentialAction\":[{\"@type\":\"ReadAction\",\"target\":[\"https:\/\/cuinetes.shop\/es\/producto\/jamonero-giratorio-regulable\/\"]}]},{\"@type\":\"ImageObject\",\"inLanguage\":\"es\",\"@id\":\"https:\/\/cuinetes.shop\/es\/producto\/jamonero-giratorio-regulable\/#primaryimage\",\"url\":\"https:\/\/cuinetes.shop\/wp-content\/uploads\/2025\/12\/Jamonero-Nerthus-3.png\",\"contentUrl\":\"https:\/\/cuinetes.shop\/wp-content\/uploads\/2025\/12\/Jamonero-Nerthus-3.png\",\"width\":734,\"height\":1000},{\"@type\":\"BreadcrumbList\",\"@id\":\"https:\/\/cuinetes.shop\/es\/producto\/jamonero-giratorio-regulable\/#breadcrumb\",\"itemListElement\":[{\"@type\":\"ListItem\",\"position\":1,\"name\":\"Home\",\"item\":\"https:\/\/cuinetes.shop\/es\/\"},{\"@type\":\"ListItem\",\"position\":2,\"name\":\"Tienda\",\"item\":\"https:\/\/cuinetes.shop\/es\/tienda\/\"},{\"@type\":\"ListItem\",\"position\":3,\"name\":\"Jamonero Giratorio Regulable\"}]},{\"@type\":\"WebSite\",\"@id\":\"https:\/\/cuinetes.shop\/es\/#website\",\"url\":\"https:\/\/cuinetes.shop\/es\/\",\"name\":\"Tienda de utensilios de cocina - Cuinetes\",\"description\":\"\",\"potentialAction\":[{\"@type\":\"SearchAction\",\"target\":{\"@type\":\"EntryPoint\",\"urlTemplate\":\"https:\/\/cuinetes.shop\/es\/?s={search_term_string}\"},\"query-input\":{\"@type\":\"PropertyValueSpecification\",\"valueRequired\":true,\"valueName\":\"search_term_string\"}}],\"inLanguage\":\"es\"}]}<\/script>\n<!-- \/ Yoast SEO plugin. -->","yoast_head_json":{"title":"Jamonero Giratorio Regulable - Tienda de utensilios de cocina - Cuinetes","robots":{"index":"index","follow":"follow","max-snippet":"max-snippet:-1","max-image-preview":"max-image-preview:large","max-video-preview":"max-video-preview:-1"},"canonical":"https:\/\/cuinetes.shop\/es\/producto\/jamonero-giratorio-regulable\/","og_locale":"es_ES","og_type":"article","og_title":"Jamonero Giratorio Regulable - Tienda de utensilios de cocina - Cuinetes","og_description":"-Cabezal giratorio\u00a0de acero inoxidable con cierre por presi\u00f3n -Altura regulable\u00a0para un corte m\u00e1s c\u00f3modo y ergon\u00f3mico - Sujeci\u00f3n fija en \"V\"\u00a0para m\u00e1xima estabilidad","og_url":"https:\/\/cuinetes.shop\/es\/producto\/jamonero-giratorio-regulable\/","og_site_name":"Tienda de utensilios de cocina - Cuinetes","article_modified_time":"2025-12-18T16:13:50+00:00","og_image":[{"width":734,"height":1000,"url":"https:\/\/cuinetes.shop\/wp-content\/uploads\/2025\/12\/Jamonero-Nerthus-3.png","type":"image\/png"}],"twitter_card":"summary_large_image","schema":{"@context":"https:\/\/schema.org","@graph":[{"@type":"WebPage","@id":"https:\/\/cuinetes.shop\/es\/producto\/jamonero-giratorio-regulable\/","url":"https:\/\/cuinetes.shop\/es\/producto\/jamonero-giratorio-regulable\/","name":"Jamonero Giratorio Regulable - Tienda de utensilios de cocina - Cuinetes","isPartOf":{"@id":"https:\/\/cuinetes.shop\/es\/#website"},"primaryImageOfPage":{"@id":"https:\/\/cuinetes.shop\/es\/producto\/jamonero-giratorio-regulable\/#primaryimage"},"image":{"@id":"https:\/\/cuinetes.shop\/es\/producto\/jamonero-giratorio-regulable\/#primaryimage"},"thumbnailUrl":"https:\/\/cuinetes.shop\/wp-content\/uploads\/2025\/12\/Jamonero-Nerthus-3.png","datePublished":"2025-12-18T16:09:54+00:00","dateModified":"2025-12-18T16:13:50+00:00","breadcrumb":{"@id":"https:\/\/cuinetes.shop\/es\/producto\/jamonero-giratorio-regulable\/#breadcrumb"},"inLanguage":"es","potentialAction":[{"@type":"ReadAction","target":["https:\/\/cuinetes.shop\/es\/producto\/jamonero-giratorio-regulable\/"]}]},{"@type":"ImageObject","inLanguage":"es","@id":"https:\/\/cuinetes.shop\/es\/producto\/jamonero-giratorio-regulable\/#primaryimage","url":"https:\/\/cuinetes.shop\/wp-content\/uploads\/2025\/12\/Jamonero-Nerthus-3.png","contentUrl":"https:\/\/cuinetes.shop\/wp-content\/uploads\/2025\/12\/Jamonero-Nerthus-3.png","width":734,"height":1000},{"@type":"BreadcrumbList","@id":"https:\/\/cuinetes.shop\/es\/producto\/jamonero-giratorio-regulable\/#breadcrumb","itemListElement":[{"@type":"ListItem","position":1,"name":"Home","item":"https:\/\/cuinetes.shop\/es\/"},{"@type":"ListItem","position":2,"name":"Tienda","item":"https:\/\/cuinetes.shop\/es\/tienda\/"},{"@type":"ListItem","position":3,"name":"Jamonero Giratorio Regulable"}]},{"@type":"WebSite","@id":"https:\/\/cuinetes.shop\/es\/#website","url":"https:\/\/cuinetes.shop\/es\/","name":"Tienda de utensilios de cocina - Cuinetes","description":"","potentialAction":[{"@type":"SearchAction","target":{"@type":"EntryPoint","urlTemplate":"https:\/\/cuinetes.shop\/es\/?s={search_term_string}"},"query-input":{"@type":"PropertyValueSpecification","valueRequired":true,"valueName":"search_term_string"}}],"inLanguage":"es"}]}},"_links":{"self":[{"href":"https:\/\/cuinetes.shop\/es\/wp-json\/wp\/v2\/product\/36674","targetHints":{"allow":["GET"]}}],"collection":[{"href":"https:\/\/cuinetes.shop\/es\/wp-json\/wp\/v2\/product"}],"about":[{"href":"https:\/\/cuinetes.shop\/es\/wp-json\/wp\/v2\/types\/product"}],"replies":[{"embeddable":true,"href":"https:\/\/cuinetes.shop\/es\/wp-json\/wp\/v2\/comments?post=36674"}],"wp:featuredmedia":[{"embeddable":true,"href":"https:\/\/cuinetes.shop\/es\/wp-json\/wp\/v2\/media\/36671"}],"wp:attachment":[{"href":"https:\/\/cuinetes.shop\/es\/wp-json\/wp\/v2\/media?parent=36674"}],"wp:term":[{"taxonomy":"product_cat","embeddable":true,"href":"https:\/\/cuinetes.shop\/es\/wp-json\/wp\/v2\/product_cat?post=36674"},{"taxonomy":"product_tag","embeddable":true,"href":"https:\/\/cuinetes.shop\/es\/wp-json\/wp\/v2\/product_tag?post=36674"}],"curies":[{"name":"wp","href":"https:\/\/api.w.org\/{rel}","templated":true}]}}