
{"id":36696,"date":"2025-12-30T16:05:38","date_gmt":"2025-12-30T15:05:38","guid":{"rendered":"https:\/\/cuinetes.shop\/?post_type=product&#038;p=36696"},"modified":"2025-12-30T16:10:18","modified_gmt":"2025-12-30T15:10:18","slug":"cuchillo-jamonero-serie-universal-280-mm","status":"publish","type":"product","link":"https:\/\/cuinetes.shop\/es\/producto\/cuchillo-jamonero-serie-universal-280-mm\/","title":{"rendered":"Cuchillo Jamonero Serie Universal 280 mm"},"content":{"rendered":"<p>El\u00a0<strong>c<\/strong><strong>uchillo jamonero Serie Universal 280 mm\u00a0<\/strong>est\u00e1 dise\u00f1ado espec\u00edficamente para retirar la grasa del jam\u00f3n ib\u00e9rico. Tambi\u00e9n lo puedes utilizar para <strong>\u00a0hacer cortes de carnes. <\/strong>Posee una\u00a0<strong>hoja larga, delgada y flexible<\/strong> que facilita retirar la piel, mientras que su filo liso se desliza con suavidad al cortar.<\/p>\n","protected":false},"excerpt":{"rendered":"<p>-La hoja est\u00e1 forjada en <strong>acero inoxidable NITRUM\u00ae<\/strong>, que proporciona una mayor durabilidad y resistencia a altas temperaturas.<\/p>\n<p>-Mango dise\u00f1ado con un <strong>mango de polioximetileno (POM)<\/strong>, un material resistente a las sustancias qu\u00edmicas.<\/p>\n<p>-Incorpora un sistema <strong>Bactiproof Silver<\/strong>, pensado para proteger la superficie del cuchillo de bacterias y hongos.<\/p>\n<p>-Es <strong>apto para el lavavajillas<\/strong>.<\/p>\n<p>&nbsp;<\/p>\n","protected":false},"featured_media":36691,"comment_status":"closed","ping_status":"closed","template":"","meta":[],"product_cat":[781,780],"product_tag":[1467],"class_list":{"0":"post-36696","1":"product","2":"type-product","3":"status-publish","4":"has-post-thumbnail","6":"product_brand-arcos-es","7":"product_cat-cuchillos","8":"product_cat-utensilios-de-corte","9":"product_tag-acer-inox","12":"first","13":"instock","14":"taxable","15":"shipping-taxable","16":"purchasable","17":"product-type-simple"},"yoast_head":"<!-- This site is optimized with the Yoast SEO plugin v26.1.1 - https:\/\/yoast.com\/wordpress\/plugins\/seo\/ -->\n<title>Cuchillo Jamonero Serie Universal 280 mm - Tienda de utensilios de cocina - Cuinetes<\/title>\n<meta name=\"robots\" content=\"index, follow, max-snippet:-1, max-image-preview:large, max-video-preview:-1\" \/>\n<link rel=\"canonical\" href=\"https:\/\/cuinetes.shop\/es\/producto\/cuchillo-jamonero-serie-universal-280-mm\/\" \/>\n<meta property=\"og:locale\" content=\"es_ES\" \/>\n<meta property=\"og:type\" content=\"article\" \/>\n<meta property=\"og:title\" content=\"Cuchillo Jamonero Serie Universal 280 mm - Tienda de utensilios de cocina - Cuinetes\" \/>\n<meta property=\"og:description\" content=\"-La hoja est\u00e1 forjada en acero inoxidable NITRUM\u00ae, que proporciona una mayor durabilidad y resistencia a altas temperaturas.  -Mango dise\u00f1ado con un mango de polioximetileno (POM), un material resistente a las sustancias qu\u00edmicas.  -Incorpora un sistema Bactiproof Silver, pensado para proteger la superficie del cuchillo de bacterias y hongos.  -Es apto para el lavavajillas.  &nbsp;\" \/>\n<meta property=\"og:url\" content=\"https:\/\/cuinetes.shop\/es\/producto\/cuchillo-jamonero-serie-universal-280-mm\/\" \/>\n<meta property=\"og:site_name\" content=\"Tienda de utensilios de cocina - Cuinetes\" \/>\n<meta property=\"article:modified_time\" content=\"2025-12-30T15:10:18+00:00\" \/>\n<meta property=\"og:image\" content=\"https:\/\/cuinetes.shop\/wp-content\/uploads\/2025\/12\/Ganivet-Perniler-arcos-2.png\" \/>\n\t<meta property=\"og:image:width\" content=\"734\" \/>\n\t<meta property=\"og:image:height\" content=\"1000\" \/>\n\t<meta property=\"og:image:type\" content=\"image\/png\" \/>\n<meta name=\"twitter:card\" content=\"summary_large_image\" \/>\n<script type=\"application\/ld+json\" class=\"yoast-schema-graph\">{\"@context\":\"https:\/\/schema.org\",\"@graph\":[{\"@type\":\"WebPage\",\"@id\":\"https:\/\/cuinetes.shop\/es\/producto\/cuchillo-jamonero-serie-universal-280-mm\/\",\"url\":\"https:\/\/cuinetes.shop\/es\/producto\/cuchillo-jamonero-serie-universal-280-mm\/\",\"name\":\"Cuchillo Jamonero Serie Universal 280 mm - Tienda de utensilios de cocina - Cuinetes\",\"isPartOf\":{\"@id\":\"https:\/\/cuinetes.shop\/es\/#website\"},\"primaryImageOfPage\":{\"@id\":\"https:\/\/cuinetes.shop\/es\/producto\/cuchillo-jamonero-serie-universal-280-mm\/#primaryimage\"},\"image\":{\"@id\":\"https:\/\/cuinetes.shop\/es\/producto\/cuchillo-jamonero-serie-universal-280-mm\/#primaryimage\"},\"thumbnailUrl\":\"https:\/\/cuinetes.shop\/wp-content\/uploads\/2025\/12\/Ganivet-Perniler-arcos-2.png\",\"datePublished\":\"2025-12-30T15:05:38+00:00\",\"dateModified\":\"2025-12-30T15:10:18+00:00\",\"breadcrumb\":{\"@id\":\"https:\/\/cuinetes.shop\/es\/producto\/cuchillo-jamonero-serie-universal-280-mm\/#breadcrumb\"},\"inLanguage\":\"es\",\"potentialAction\":[{\"@type\":\"ReadAction\",\"target\":[\"https:\/\/cuinetes.shop\/es\/producto\/cuchillo-jamonero-serie-universal-280-mm\/\"]}]},{\"@type\":\"ImageObject\",\"inLanguage\":\"es\",\"@id\":\"https:\/\/cuinetes.shop\/es\/producto\/cuchillo-jamonero-serie-universal-280-mm\/#primaryimage\",\"url\":\"https:\/\/cuinetes.shop\/wp-content\/uploads\/2025\/12\/Ganivet-Perniler-arcos-2.png\",\"contentUrl\":\"https:\/\/cuinetes.shop\/wp-content\/uploads\/2025\/12\/Ganivet-Perniler-arcos-2.png\",\"width\":734,\"height\":1000},{\"@type\":\"BreadcrumbList\",\"@id\":\"https:\/\/cuinetes.shop\/es\/producto\/cuchillo-jamonero-serie-universal-280-mm\/#breadcrumb\",\"itemListElement\":[{\"@type\":\"ListItem\",\"position\":1,\"name\":\"Home\",\"item\":\"https:\/\/cuinetes.shop\/es\/\"},{\"@type\":\"ListItem\",\"position\":2,\"name\":\"Tienda\",\"item\":\"https:\/\/cuinetes.shop\/es\/tienda\/\"},{\"@type\":\"ListItem\",\"position\":3,\"name\":\"Cuchillo Jamonero Serie Universal 280 mm\"}]},{\"@type\":\"WebSite\",\"@id\":\"https:\/\/cuinetes.shop\/es\/#website\",\"url\":\"https:\/\/cuinetes.shop\/es\/\",\"name\":\"Tienda de utensilios de cocina - Cuinetes\",\"description\":\"\",\"potentialAction\":[{\"@type\":\"SearchAction\",\"target\":{\"@type\":\"EntryPoint\",\"urlTemplate\":\"https:\/\/cuinetes.shop\/es\/?s={search_term_string}\"},\"query-input\":{\"@type\":\"PropertyValueSpecification\",\"valueRequired\":true,\"valueName\":\"search_term_string\"}}],\"inLanguage\":\"es\"}]}<\/script>\n<!-- \/ Yoast SEO plugin. -->","yoast_head_json":{"title":"Cuchillo Jamonero Serie Universal 280 mm - Tienda de utensilios de cocina - Cuinetes","robots":{"index":"index","follow":"follow","max-snippet":"max-snippet:-1","max-image-preview":"max-image-preview:large","max-video-preview":"max-video-preview:-1"},"canonical":"https:\/\/cuinetes.shop\/es\/producto\/cuchillo-jamonero-serie-universal-280-mm\/","og_locale":"es_ES","og_type":"article","og_title":"Cuchillo Jamonero Serie Universal 280 mm - Tienda de utensilios de cocina - Cuinetes","og_description":"-La hoja est\u00e1 forjada en acero inoxidable NITRUM\u00ae, que proporciona una mayor durabilidad y resistencia a altas temperaturas.  -Mango dise\u00f1ado con un mango de polioximetileno (POM), un material resistente a las sustancias qu\u00edmicas.  -Incorpora un sistema Bactiproof Silver, pensado para proteger la superficie del cuchillo de bacterias y hongos.  -Es apto para el lavavajillas.  &nbsp;","og_url":"https:\/\/cuinetes.shop\/es\/producto\/cuchillo-jamonero-serie-universal-280-mm\/","og_site_name":"Tienda de utensilios de cocina - Cuinetes","article_modified_time":"2025-12-30T15:10:18+00:00","og_image":[{"width":734,"height":1000,"url":"https:\/\/cuinetes.shop\/wp-content\/uploads\/2025\/12\/Ganivet-Perniler-arcos-2.png","type":"image\/png"}],"twitter_card":"summary_large_image","schema":{"@context":"https:\/\/schema.org","@graph":[{"@type":"WebPage","@id":"https:\/\/cuinetes.shop\/es\/producto\/cuchillo-jamonero-serie-universal-280-mm\/","url":"https:\/\/cuinetes.shop\/es\/producto\/cuchillo-jamonero-serie-universal-280-mm\/","name":"Cuchillo Jamonero Serie Universal 280 mm - Tienda de utensilios de cocina - Cuinetes","isPartOf":{"@id":"https:\/\/cuinetes.shop\/es\/#website"},"primaryImageOfPage":{"@id":"https:\/\/cuinetes.shop\/es\/producto\/cuchillo-jamonero-serie-universal-280-mm\/#primaryimage"},"image":{"@id":"https:\/\/cuinetes.shop\/es\/producto\/cuchillo-jamonero-serie-universal-280-mm\/#primaryimage"},"thumbnailUrl":"https:\/\/cuinetes.shop\/wp-content\/uploads\/2025\/12\/Ganivet-Perniler-arcos-2.png","datePublished":"2025-12-30T15:05:38+00:00","dateModified":"2025-12-30T15:10:18+00:00","breadcrumb":{"@id":"https:\/\/cuinetes.shop\/es\/producto\/cuchillo-jamonero-serie-universal-280-mm\/#breadcrumb"},"inLanguage":"es","potentialAction":[{"@type":"ReadAction","target":["https:\/\/cuinetes.shop\/es\/producto\/cuchillo-jamonero-serie-universal-280-mm\/"]}]},{"@type":"ImageObject","inLanguage":"es","@id":"https:\/\/cuinetes.shop\/es\/producto\/cuchillo-jamonero-serie-universal-280-mm\/#primaryimage","url":"https:\/\/cuinetes.shop\/wp-content\/uploads\/2025\/12\/Ganivet-Perniler-arcos-2.png","contentUrl":"https:\/\/cuinetes.shop\/wp-content\/uploads\/2025\/12\/Ganivet-Perniler-arcos-2.png","width":734,"height":1000},{"@type":"BreadcrumbList","@id":"https:\/\/cuinetes.shop\/es\/producto\/cuchillo-jamonero-serie-universal-280-mm\/#breadcrumb","itemListElement":[{"@type":"ListItem","position":1,"name":"Home","item":"https:\/\/cuinetes.shop\/es\/"},{"@type":"ListItem","position":2,"name":"Tienda","item":"https:\/\/cuinetes.shop\/es\/tienda\/"},{"@type":"ListItem","position":3,"name":"Cuchillo Jamonero Serie Universal 280 mm"}]},{"@type":"WebSite","@id":"https:\/\/cuinetes.shop\/es\/#website","url":"https:\/\/cuinetes.shop\/es\/","name":"Tienda de utensilios de cocina - Cuinetes","description":"","potentialAction":[{"@type":"SearchAction","target":{"@type":"EntryPoint","urlTemplate":"https:\/\/cuinetes.shop\/es\/?s={search_term_string}"},"query-input":{"@type":"PropertyValueSpecification","valueRequired":true,"valueName":"search_term_string"}}],"inLanguage":"es"}]}},"_links":{"self":[{"href":"https:\/\/cuinetes.shop\/es\/wp-json\/wp\/v2\/product\/36696","targetHints":{"allow":["GET"]}}],"collection":[{"href":"https:\/\/cuinetes.shop\/es\/wp-json\/wp\/v2\/product"}],"about":[{"href":"https:\/\/cuinetes.shop\/es\/wp-json\/wp\/v2\/types\/product"}],"replies":[{"embeddable":true,"href":"https:\/\/cuinetes.shop\/es\/wp-json\/wp\/v2\/comments?post=36696"}],"wp:featuredmedia":[{"embeddable":true,"href":"https:\/\/cuinetes.shop\/es\/wp-json\/wp\/v2\/media\/36691"}],"wp:attachment":[{"href":"https:\/\/cuinetes.shop\/es\/wp-json\/wp\/v2\/media?parent=36696"}],"wp:term":[{"taxonomy":"product_cat","embeddable":true,"href":"https:\/\/cuinetes.shop\/es\/wp-json\/wp\/v2\/product_cat?post=36696"},{"taxonomy":"product_tag","embeddable":true,"href":"https:\/\/cuinetes.shop\/es\/wp-json\/wp\/v2\/product_tag?post=36696"}],"curies":[{"name":"wp","href":"https:\/\/api.w.org\/{rel}","templated":true}]}}