
{"id":36807,"date":"2026-03-12T18:25:40","date_gmt":"2026-03-12T17:25:40","guid":{"rendered":"https:\/\/cuinetes.shop\/?post_type=product&#038;p=36807"},"modified":"2026-03-12T18:36:04","modified_gmt":"2026-03-12T17:36:04","slug":"cocotte-ovalada-roja","status":"publish","type":"product","link":"https:\/\/cuinetes.shop\/es\/producto\/cocotte-ovalada-roja\/","title":{"rendered":"Cocotte ovalada roja"},"content":{"rendered":"<h2 class=\"heading_RXLJL3 image-with-text-overlay__heading text-link-animated\" data-animate=\"\" data-animate-order=\"3\">Cocottes<\/h2>\n<div class=\"text_DpX8dt image-with-text-overlay__text text-link-animated richtext-block\" data-animate=\"\" data-animate-order=\"4\">\n<p>Con nuestras cocottes, la comida no se pega ni se quema conservando al m\u00e1ximo sus nutrientes y mejorando el sabor.<\/p>\n<p>La tapa con efecto lluvia con su cierre ajustado consigue que la evaporaci\u00f3n de los jugos al cocinar vuelva a caer en el alimento en forma de gotas maximizando el sabor. El pomo de acero inoxidable es apto para horno. Interior esmaltado en blanco para un acabado elegante.<\/p>\n<\/div>\n","protected":false},"excerpt":{"rendered":"<h2><strong>Fabricado en hierro fundido<\/strong><\/h2>\n<p><strong>No se deforma ni se desgasta con el paso del tiempo.<\/strong><\/p>\n<ul>\n<li>Gran dureza y resistencia.<\/li>\n<li>Superficie anti-ara\u00f1azos.<\/li>\n<li>Distribuye el calor de manera uniforme para que la cocci\u00f3n a fuego lenta sea perfecta.<\/li>\n<li>V\u00e1lido para todo tipo de cocinas.<\/li>\n<li>Resiste temperaturas de m\u00e1s de 400\u00baC.<\/li>\n<li>Removible para meter al horno o lavavajillas.<\/li>\n<\/ul>\n","protected":false},"featured_media":36800,"comment_status":"closed","ping_status":"closed","template":"","meta":[],"product_cat":[695,702,697,693,767,752],"product_tag":[1663],"class_list":{"0":"post-36807","1":"product","2":"type-product","3":"status-publish","4":"has-post-thumbnail","6":"product_cat-coccion","7":"product_cat-cocinar","8":"product_cat-horno","9":"product_cat-ideas-para-regalar","10":"product_cat-los-mas-vendidos","11":"product_cat-ollas-cazuelas","12":"product_tag-cocotte","15":"first","16":"instock","17":"taxable","18":"shipping-taxable","19":"purchasable","20":"product-type-variable"},"yoast_head":"<!-- This site is optimized with the Yoast SEO plugin v26.1.1 - https:\/\/yoast.com\/wordpress\/plugins\/seo\/ -->\n<title>Cocotte ovalada roja - Tienda de utensilios de cocina - Cuinetes<\/title>\n<meta name=\"robots\" content=\"index, follow, max-snippet:-1, max-image-preview:large, max-video-preview:-1\" \/>\n<link rel=\"canonical\" href=\"https:\/\/cuinetes.shop\/es\/producto\/cocotte-ovalada-roja\/\" \/>\n<meta property=\"og:locale\" content=\"es_ES\" \/>\n<meta property=\"og:type\" content=\"article\" \/>\n<meta property=\"og:title\" content=\"Cocotte ovalada roja - Tienda de utensilios de cocina - Cuinetes\" \/>\n<meta property=\"og:description\" content=\"Fabricado en hierro fundido No se deforma ni se desgasta con el paso del tiempo.   Gran dureza y resistencia.  Superficie anti-ara\u00f1azos.  Distribuye el calor de manera uniforme para que la cocci\u00f3n a fuego lenta sea perfecta.  V\u00e1lido para todo tipo de cocinas.  Resiste temperaturas de m\u00e1s de 400\u00baC.  Removible para meter al horno o lavavajillas.\" \/>\n<meta property=\"og:url\" content=\"https:\/\/cuinetes.shop\/es\/producto\/cocotte-ovalada-roja\/\" \/>\n<meta property=\"og:site_name\" content=\"Tienda de utensilios de cocina - Cuinetes\" \/>\n<meta property=\"article:modified_time\" content=\"2026-03-12T17:36:04+00:00\" \/>\n<meta property=\"og:image\" content=\"https:\/\/cuinetes.shop\/wp-content\/uploads\/2026\/03\/Captura-de-pantalla-2026-03-10-181138.png\" \/>\n\t<meta property=\"og:image:width\" content=\"1126\" \/>\n\t<meta property=\"og:image:height\" content=\"614\" \/>\n\t<meta property=\"og:image:type\" content=\"image\/png\" \/>\n<meta name=\"twitter:card\" content=\"summary_large_image\" \/>\n<script type=\"application\/ld+json\" class=\"yoast-schema-graph\">{\"@context\":\"https:\/\/schema.org\",\"@graph\":[{\"@type\":\"WebPage\",\"@id\":\"https:\/\/cuinetes.shop\/es\/producto\/cocotte-ovalada-roja\/\",\"url\":\"https:\/\/cuinetes.shop\/es\/producto\/cocotte-ovalada-roja\/\",\"name\":\"Cocotte ovalada roja - Tienda de utensilios de cocina - Cuinetes\",\"isPartOf\":{\"@id\":\"https:\/\/cuinetes.shop\/es\/#website\"},\"primaryImageOfPage\":{\"@id\":\"https:\/\/cuinetes.shop\/es\/producto\/cocotte-ovalada-roja\/#primaryimage\"},\"image\":{\"@id\":\"https:\/\/cuinetes.shop\/es\/producto\/cocotte-ovalada-roja\/#primaryimage\"},\"thumbnailUrl\":\"https:\/\/cuinetes.shop\/wp-content\/uploads\/2026\/03\/Captura-de-pantalla-2026-03-10-181138.png\",\"datePublished\":\"2026-03-12T17:25:40+00:00\",\"dateModified\":\"2026-03-12T17:36:04+00:00\",\"breadcrumb\":{\"@id\":\"https:\/\/cuinetes.shop\/es\/producto\/cocotte-ovalada-roja\/#breadcrumb\"},\"inLanguage\":\"es\",\"potentialAction\":[{\"@type\":\"ReadAction\",\"target\":[\"https:\/\/cuinetes.shop\/es\/producto\/cocotte-ovalada-roja\/\"]}]},{\"@type\":\"ImageObject\",\"inLanguage\":\"es\",\"@id\":\"https:\/\/cuinetes.shop\/es\/producto\/cocotte-ovalada-roja\/#primaryimage\",\"url\":\"https:\/\/cuinetes.shop\/wp-content\/uploads\/2026\/03\/Captura-de-pantalla-2026-03-10-181138.png\",\"contentUrl\":\"https:\/\/cuinetes.shop\/wp-content\/uploads\/2026\/03\/Captura-de-pantalla-2026-03-10-181138.png\",\"width\":1126,\"height\":614},{\"@type\":\"BreadcrumbList\",\"@id\":\"https:\/\/cuinetes.shop\/es\/producto\/cocotte-ovalada-roja\/#breadcrumb\",\"itemListElement\":[{\"@type\":\"ListItem\",\"position\":1,\"name\":\"Home\",\"item\":\"https:\/\/cuinetes.shop\/es\/\"},{\"@type\":\"ListItem\",\"position\":2,\"name\":\"Tienda\",\"item\":\"https:\/\/cuinetes.shop\/es\/tienda\/\"},{\"@type\":\"ListItem\",\"position\":3,\"name\":\"Cocotte ovalada roja\"}]},{\"@type\":\"WebSite\",\"@id\":\"https:\/\/cuinetes.shop\/es\/#website\",\"url\":\"https:\/\/cuinetes.shop\/es\/\",\"name\":\"Tienda de utensilios de cocina - Cuinetes\",\"description\":\"\",\"potentialAction\":[{\"@type\":\"SearchAction\",\"target\":{\"@type\":\"EntryPoint\",\"urlTemplate\":\"https:\/\/cuinetes.shop\/es\/?s={search_term_string}\"},\"query-input\":{\"@type\":\"PropertyValueSpecification\",\"valueRequired\":true,\"valueName\":\"search_term_string\"}}],\"inLanguage\":\"es\"}]}<\/script>\n<!-- \/ Yoast SEO plugin. -->","yoast_head_json":{"title":"Cocotte ovalada roja - Tienda de utensilios de cocina - Cuinetes","robots":{"index":"index","follow":"follow","max-snippet":"max-snippet:-1","max-image-preview":"max-image-preview:large","max-video-preview":"max-video-preview:-1"},"canonical":"https:\/\/cuinetes.shop\/es\/producto\/cocotte-ovalada-roja\/","og_locale":"es_ES","og_type":"article","og_title":"Cocotte ovalada roja - Tienda de utensilios de cocina - Cuinetes","og_description":"Fabricado en hierro fundido No se deforma ni se desgasta con el paso del tiempo.   Gran dureza y resistencia.  Superficie anti-ara\u00f1azos.  Distribuye el calor de manera uniforme para que la cocci\u00f3n a fuego lenta sea perfecta.  V\u00e1lido para todo tipo de cocinas.  Resiste temperaturas de m\u00e1s de 400\u00baC.  Removible para meter al horno o lavavajillas.","og_url":"https:\/\/cuinetes.shop\/es\/producto\/cocotte-ovalada-roja\/","og_site_name":"Tienda de utensilios de cocina - Cuinetes","article_modified_time":"2026-03-12T17:36:04+00:00","og_image":[{"width":1126,"height":614,"url":"https:\/\/cuinetes.shop\/wp-content\/uploads\/2026\/03\/Captura-de-pantalla-2026-03-10-181138.png","type":"image\/png"}],"twitter_card":"summary_large_image","schema":{"@context":"https:\/\/schema.org","@graph":[{"@type":"WebPage","@id":"https:\/\/cuinetes.shop\/es\/producto\/cocotte-ovalada-roja\/","url":"https:\/\/cuinetes.shop\/es\/producto\/cocotte-ovalada-roja\/","name":"Cocotte ovalada roja - Tienda de utensilios de cocina - Cuinetes","isPartOf":{"@id":"https:\/\/cuinetes.shop\/es\/#website"},"primaryImageOfPage":{"@id":"https:\/\/cuinetes.shop\/es\/producto\/cocotte-ovalada-roja\/#primaryimage"},"image":{"@id":"https:\/\/cuinetes.shop\/es\/producto\/cocotte-ovalada-roja\/#primaryimage"},"thumbnailUrl":"https:\/\/cuinetes.shop\/wp-content\/uploads\/2026\/03\/Captura-de-pantalla-2026-03-10-181138.png","datePublished":"2026-03-12T17:25:40+00:00","dateModified":"2026-03-12T17:36:04+00:00","breadcrumb":{"@id":"https:\/\/cuinetes.shop\/es\/producto\/cocotte-ovalada-roja\/#breadcrumb"},"inLanguage":"es","potentialAction":[{"@type":"ReadAction","target":["https:\/\/cuinetes.shop\/es\/producto\/cocotte-ovalada-roja\/"]}]},{"@type":"ImageObject","inLanguage":"es","@id":"https:\/\/cuinetes.shop\/es\/producto\/cocotte-ovalada-roja\/#primaryimage","url":"https:\/\/cuinetes.shop\/wp-content\/uploads\/2026\/03\/Captura-de-pantalla-2026-03-10-181138.png","contentUrl":"https:\/\/cuinetes.shop\/wp-content\/uploads\/2026\/03\/Captura-de-pantalla-2026-03-10-181138.png","width":1126,"height":614},{"@type":"BreadcrumbList","@id":"https:\/\/cuinetes.shop\/es\/producto\/cocotte-ovalada-roja\/#breadcrumb","itemListElement":[{"@type":"ListItem","position":1,"name":"Home","item":"https:\/\/cuinetes.shop\/es\/"},{"@type":"ListItem","position":2,"name":"Tienda","item":"https:\/\/cuinetes.shop\/es\/tienda\/"},{"@type":"ListItem","position":3,"name":"Cocotte ovalada roja"}]},{"@type":"WebSite","@id":"https:\/\/cuinetes.shop\/es\/#website","url":"https:\/\/cuinetes.shop\/es\/","name":"Tienda de utensilios de cocina - Cuinetes","description":"","potentialAction":[{"@type":"SearchAction","target":{"@type":"EntryPoint","urlTemplate":"https:\/\/cuinetes.shop\/es\/?s={search_term_string}"},"query-input":{"@type":"PropertyValueSpecification","valueRequired":true,"valueName":"search_term_string"}}],"inLanguage":"es"}]}},"_links":{"self":[{"href":"https:\/\/cuinetes.shop\/es\/wp-json\/wp\/v2\/product\/36807","targetHints":{"allow":["GET"]}}],"collection":[{"href":"https:\/\/cuinetes.shop\/es\/wp-json\/wp\/v2\/product"}],"about":[{"href":"https:\/\/cuinetes.shop\/es\/wp-json\/wp\/v2\/types\/product"}],"replies":[{"embeddable":true,"href":"https:\/\/cuinetes.shop\/es\/wp-json\/wp\/v2\/comments?post=36807"}],"wp:featuredmedia":[{"embeddable":true,"href":"https:\/\/cuinetes.shop\/es\/wp-json\/wp\/v2\/media\/36800"}],"wp:attachment":[{"href":"https:\/\/cuinetes.shop\/es\/wp-json\/wp\/v2\/media?parent=36807"}],"wp:term":[{"taxonomy":"product_cat","embeddable":true,"href":"https:\/\/cuinetes.shop\/es\/wp-json\/wp\/v2\/product_cat?post=36807"},{"taxonomy":"product_tag","embeddable":true,"href":"https:\/\/cuinetes.shop\/es\/wp-json\/wp\/v2\/product_tag?post=36807"}],"curies":[{"name":"wp","href":"https:\/\/api.w.org\/{rel}","templated":true}]}}