
{"id":36854,"date":"2026-04-24T12:48:46","date_gmt":"2026-04-24T10:48:46","guid":{"rendered":"https:\/\/cuinetes.shop\/?post_type=product&#038;p=36854"},"modified":"2026-04-24T13:15:14","modified_gmt":"2026-04-24T11:15:14","slug":"tabla-de-corte-titanium","status":"publish","type":"product","link":"https:\/\/cuinetes.shop\/es\/producto\/tabla-de-corte-titanium\/","title":{"rendered":"Tabla de corte Titanium"},"content":{"rendered":"","protected":false},"excerpt":{"rendered":"<ul class=\"desc-list\">\n<li class=\"desc-item\">Fabricada en titanio puro (99%): material ultra resistente a impactos, cortes y deformaciones. Ideal para un uso intensivo en cocinas profesionales o dom\u00e9sticas exigentes.<\/li>\n<li class=\"desc-item\">M\u00e1xima ligereza: a pesar de su resistencia extrema, la tabla de corte de titanio destaca por su ligereza. Esto facilita su manipulaci\u00f3n diaria, transporte y almacenamiento, incluso en cocinas de alto ritmo.<\/li>\n<li class=\"desc-item\">100% antibacteriano: mant\u00e9n una superficie m\u00e1s limpia y segura para el contacto con alimentos previniendo la contaminaci\u00f3n cruzada.<\/li>\n<li class=\"desc-item\">No absorbe olores ni sabores: act\u00faa como una barrera natural contra la penetraci\u00f3n de sustancias.<\/li>\n<li class=\"desc-item\">Resistente a la corrosi\u00f3n: no se oxida ni se deteriora con el contacto prolongado con agua, \u00e1cidos de alimentos o productos de limpieza.<\/li>\n<li class=\"desc-item\">Estabilidad al corte: Textura cuidadosamente dise\u00f1ada para proporcionar un corte preciso y seguro.<\/li>\n<li class=\"desc-item\">F\u00e1cil limpieza: Se puede lavar a mano (agua caliente, una esponja suave y detergente neutro) y es apta para el lavavajillas.<\/li>\n<li class=\"desc-item\">Irrompible: fuerte, tenaz, resistente a impactos y estable ante cambios t\u00e9rmicos o qu\u00edmico.<\/li>\n<\/ul>\n","protected":false},"featured_media":36842,"comment_status":"closed","ping_status":"closed","template":"","meta":[],"product_cat":[787,780],"product_tag":[1688,1689,1686,1687],"class_list":{"0":"post-36854","1":"product","2":"type-product","3":"status-publish","4":"has-post-thumbnail","6":"product_brand-lacor-es","7":"product_cat-tablas-de-corte","8":"product_cat-utensilios-de-corte","9":"product_tag-100-antibacteriano","10":"product_tag-maxima-ligereza","11":"product_tag-titanio-puro-99","12":"product_tag-ultra-resistente","13":"pa_mides-20x30","14":"pa_mides-25x36","17":"first","18":"instock","19":"taxable","20":"shipping-taxable","21":"purchasable","22":"product-type-variable"},"yoast_head":"<!-- This site is optimized with the Yoast SEO plugin v26.1.1 - https:\/\/yoast.com\/wordpress\/plugins\/seo\/ -->\n<title>Tabla de corte Titanium - Tienda de utensilios de cocina - Cuinetes<\/title>\n<meta name=\"robots\" content=\"index, follow, max-snippet:-1, max-image-preview:large, max-video-preview:-1\" \/>\n<link rel=\"canonical\" href=\"https:\/\/cuinetes.shop\/es\/producto\/tabla-de-corte-titanium\/\" \/>\n<meta property=\"og:locale\" content=\"es_ES\" \/>\n<meta property=\"og:type\" content=\"article\" \/>\n<meta property=\"og:title\" content=\"Tabla de corte Titanium - Tienda de utensilios de cocina - Cuinetes\" \/>\n<meta property=\"og:description\" content=\"Fabricada en titanio puro (99%): material ultra resistente a impactos, cortes y deformaciones. Ideal para un uso intensivo en cocinas profesionales o dom\u00e9sticas exigentes.  M\u00e1xima ligereza: a pesar de su resistencia extrema, la tabla de corte de titanio destaca por su ligereza. Esto facilita su manipulaci\u00f3n diaria, transporte y almacenamiento, incluso en cocinas de alto ritmo.  100% antibacteriano: mant\u00e9n una superficie m\u00e1s limpia y segura para el contacto con alimentos previniendo la contaminaci\u00f3n cruzada.  No absorbe olores ni sabores: act\u00faa como una barrera natural contra la penetraci\u00f3n de sustancias.  Resistente a la corrosi\u00f3n: no se oxida ni se deteriora con el contacto prolongado con agua, \u00e1cidos de alimentos o productos de limpieza.  Estabilidad al corte: Textura cuidadosamente dise\u00f1ada para proporcionar un corte preciso y seguro.  F\u00e1cil limpieza: Se puede lavar a mano (agua caliente, una esponja suave y detergente neutro) y es apta para el lavavajillas.  Irrompible: fuerte, tenaz, resistente a impactos y estable ante cambios t\u00e9rmicos o qu\u00edmico.\" \/>\n<meta property=\"og:url\" content=\"https:\/\/cuinetes.shop\/es\/producto\/tabla-de-corte-titanium\/\" \/>\n<meta property=\"og:site_name\" content=\"Tienda de utensilios de cocina - Cuinetes\" \/>\n<meta property=\"article:modified_time\" content=\"2026-04-24T11:15:14+00:00\" \/>\n<meta property=\"og:image\" content=\"https:\/\/cuinetes.shop\/wp-content\/uploads\/2026\/04\/Captura-de-pantalla-2026-04-24-122955.png\" \/>\n\t<meta property=\"og:image:width\" content=\"461\" \/>\n\t<meta property=\"og:image:height\" content=\"384\" \/>\n\t<meta property=\"og:image:type\" content=\"image\/png\" \/>\n<meta name=\"twitter:card\" content=\"summary_large_image\" \/>\n<script type=\"application\/ld+json\" class=\"yoast-schema-graph\">{\"@context\":\"https:\/\/schema.org\",\"@graph\":[{\"@type\":\"WebPage\",\"@id\":\"https:\/\/cuinetes.shop\/es\/producto\/tabla-de-corte-titanium\/\",\"url\":\"https:\/\/cuinetes.shop\/es\/producto\/tabla-de-corte-titanium\/\",\"name\":\"Tabla de corte Titanium - Tienda de utensilios de cocina - Cuinetes\",\"isPartOf\":{\"@id\":\"https:\/\/cuinetes.shop\/es\/#website\"},\"primaryImageOfPage\":{\"@id\":\"https:\/\/cuinetes.shop\/es\/producto\/tabla-de-corte-titanium\/#primaryimage\"},\"image\":{\"@id\":\"https:\/\/cuinetes.shop\/es\/producto\/tabla-de-corte-titanium\/#primaryimage\"},\"thumbnailUrl\":\"https:\/\/cuinetes.shop\/wp-content\/uploads\/2026\/04\/Captura-de-pantalla-2026-04-24-122955.png\",\"datePublished\":\"2026-04-24T10:48:46+00:00\",\"dateModified\":\"2026-04-24T11:15:14+00:00\",\"breadcrumb\":{\"@id\":\"https:\/\/cuinetes.shop\/es\/producto\/tabla-de-corte-titanium\/#breadcrumb\"},\"inLanguage\":\"es\",\"potentialAction\":[{\"@type\":\"ReadAction\",\"target\":[\"https:\/\/cuinetes.shop\/es\/producto\/tabla-de-corte-titanium\/\"]}]},{\"@type\":\"ImageObject\",\"inLanguage\":\"es\",\"@id\":\"https:\/\/cuinetes.shop\/es\/producto\/tabla-de-corte-titanium\/#primaryimage\",\"url\":\"https:\/\/cuinetes.shop\/wp-content\/uploads\/2026\/04\/Captura-de-pantalla-2026-04-24-122955.png\",\"contentUrl\":\"https:\/\/cuinetes.shop\/wp-content\/uploads\/2026\/04\/Captura-de-pantalla-2026-04-24-122955.png\",\"width\":461,\"height\":384},{\"@type\":\"BreadcrumbList\",\"@id\":\"https:\/\/cuinetes.shop\/es\/producto\/tabla-de-corte-titanium\/#breadcrumb\",\"itemListElement\":[{\"@type\":\"ListItem\",\"position\":1,\"name\":\"Home\",\"item\":\"https:\/\/cuinetes.shop\/es\/\"},{\"@type\":\"ListItem\",\"position\":2,\"name\":\"Tienda\",\"item\":\"https:\/\/cuinetes.shop\/es\/tienda\/\"},{\"@type\":\"ListItem\",\"position\":3,\"name\":\"Tabla de corte Titanium\"}]},{\"@type\":\"WebSite\",\"@id\":\"https:\/\/cuinetes.shop\/es\/#website\",\"url\":\"https:\/\/cuinetes.shop\/es\/\",\"name\":\"Tienda de utensilios de cocina - Cuinetes\",\"description\":\"\",\"potentialAction\":[{\"@type\":\"SearchAction\",\"target\":{\"@type\":\"EntryPoint\",\"urlTemplate\":\"https:\/\/cuinetes.shop\/es\/?s={search_term_string}\"},\"query-input\":{\"@type\":\"PropertyValueSpecification\",\"valueRequired\":true,\"valueName\":\"search_term_string\"}}],\"inLanguage\":\"es\"}]}<\/script>\n<!-- \/ Yoast SEO plugin. -->","yoast_head_json":{"title":"Tabla de corte Titanium - Tienda de utensilios de cocina - Cuinetes","robots":{"index":"index","follow":"follow","max-snippet":"max-snippet:-1","max-image-preview":"max-image-preview:large","max-video-preview":"max-video-preview:-1"},"canonical":"https:\/\/cuinetes.shop\/es\/producto\/tabla-de-corte-titanium\/","og_locale":"es_ES","og_type":"article","og_title":"Tabla de corte Titanium - Tienda de utensilios de cocina - Cuinetes","og_description":"Fabricada en titanio puro (99%): material ultra resistente a impactos, cortes y deformaciones. Ideal para un uso intensivo en cocinas profesionales o dom\u00e9sticas exigentes.  M\u00e1xima ligereza: a pesar de su resistencia extrema, la tabla de corte de titanio destaca por su ligereza. Esto facilita su manipulaci\u00f3n diaria, transporte y almacenamiento, incluso en cocinas de alto ritmo.  100% antibacteriano: mant\u00e9n una superficie m\u00e1s limpia y segura para el contacto con alimentos previniendo la contaminaci\u00f3n cruzada.  No absorbe olores ni sabores: act\u00faa como una barrera natural contra la penetraci\u00f3n de sustancias.  Resistente a la corrosi\u00f3n: no se oxida ni se deteriora con el contacto prolongado con agua, \u00e1cidos de alimentos o productos de limpieza.  Estabilidad al corte: Textura cuidadosamente dise\u00f1ada para proporcionar un corte preciso y seguro.  F\u00e1cil limpieza: Se puede lavar a mano (agua caliente, una esponja suave y detergente neutro) y es apta para el lavavajillas.  Irrompible: fuerte, tenaz, resistente a impactos y estable ante cambios t\u00e9rmicos o qu\u00edmico.","og_url":"https:\/\/cuinetes.shop\/es\/producto\/tabla-de-corte-titanium\/","og_site_name":"Tienda de utensilios de cocina - Cuinetes","article_modified_time":"2026-04-24T11:15:14+00:00","og_image":[{"width":461,"height":384,"url":"https:\/\/cuinetes.shop\/wp-content\/uploads\/2026\/04\/Captura-de-pantalla-2026-04-24-122955.png","type":"image\/png"}],"twitter_card":"summary_large_image","schema":{"@context":"https:\/\/schema.org","@graph":[{"@type":"WebPage","@id":"https:\/\/cuinetes.shop\/es\/producto\/tabla-de-corte-titanium\/","url":"https:\/\/cuinetes.shop\/es\/producto\/tabla-de-corte-titanium\/","name":"Tabla de corte Titanium - Tienda de utensilios de cocina - Cuinetes","isPartOf":{"@id":"https:\/\/cuinetes.shop\/es\/#website"},"primaryImageOfPage":{"@id":"https:\/\/cuinetes.shop\/es\/producto\/tabla-de-corte-titanium\/#primaryimage"},"image":{"@id":"https:\/\/cuinetes.shop\/es\/producto\/tabla-de-corte-titanium\/#primaryimage"},"thumbnailUrl":"https:\/\/cuinetes.shop\/wp-content\/uploads\/2026\/04\/Captura-de-pantalla-2026-04-24-122955.png","datePublished":"2026-04-24T10:48:46+00:00","dateModified":"2026-04-24T11:15:14+00:00","breadcrumb":{"@id":"https:\/\/cuinetes.shop\/es\/producto\/tabla-de-corte-titanium\/#breadcrumb"},"inLanguage":"es","potentialAction":[{"@type":"ReadAction","target":["https:\/\/cuinetes.shop\/es\/producto\/tabla-de-corte-titanium\/"]}]},{"@type":"ImageObject","inLanguage":"es","@id":"https:\/\/cuinetes.shop\/es\/producto\/tabla-de-corte-titanium\/#primaryimage","url":"https:\/\/cuinetes.shop\/wp-content\/uploads\/2026\/04\/Captura-de-pantalla-2026-04-24-122955.png","contentUrl":"https:\/\/cuinetes.shop\/wp-content\/uploads\/2026\/04\/Captura-de-pantalla-2026-04-24-122955.png","width":461,"height":384},{"@type":"BreadcrumbList","@id":"https:\/\/cuinetes.shop\/es\/producto\/tabla-de-corte-titanium\/#breadcrumb","itemListElement":[{"@type":"ListItem","position":1,"name":"Home","item":"https:\/\/cuinetes.shop\/es\/"},{"@type":"ListItem","position":2,"name":"Tienda","item":"https:\/\/cuinetes.shop\/es\/tienda\/"},{"@type":"ListItem","position":3,"name":"Tabla de corte Titanium"}]},{"@type":"WebSite","@id":"https:\/\/cuinetes.shop\/es\/#website","url":"https:\/\/cuinetes.shop\/es\/","name":"Tienda de utensilios de cocina - Cuinetes","description":"","potentialAction":[{"@type":"SearchAction","target":{"@type":"EntryPoint","urlTemplate":"https:\/\/cuinetes.shop\/es\/?s={search_term_string}"},"query-input":{"@type":"PropertyValueSpecification","valueRequired":true,"valueName":"search_term_string"}}],"inLanguage":"es"}]}},"_links":{"self":[{"href":"https:\/\/cuinetes.shop\/es\/wp-json\/wp\/v2\/product\/36854","targetHints":{"allow":["GET"]}}],"collection":[{"href":"https:\/\/cuinetes.shop\/es\/wp-json\/wp\/v2\/product"}],"about":[{"href":"https:\/\/cuinetes.shop\/es\/wp-json\/wp\/v2\/types\/product"}],"replies":[{"embeddable":true,"href":"https:\/\/cuinetes.shop\/es\/wp-json\/wp\/v2\/comments?post=36854"}],"wp:featuredmedia":[{"embeddable":true,"href":"https:\/\/cuinetes.shop\/es\/wp-json\/wp\/v2\/media\/36842"}],"wp:attachment":[{"href":"https:\/\/cuinetes.shop\/es\/wp-json\/wp\/v2\/media?parent=36854"}],"wp:term":[{"taxonomy":"product_cat","embeddable":true,"href":"https:\/\/cuinetes.shop\/es\/wp-json\/wp\/v2\/product_cat?post=36854"},{"taxonomy":"product_tag","embeddable":true,"href":"https:\/\/cuinetes.shop\/es\/wp-json\/wp\/v2\/product_tag?post=36854"}],"curies":[{"name":"wp","href":"https:\/\/api.w.org\/{rel}","templated":true}]}}