
{"id":36875,"date":"2026-04-24T17:28:57","date_gmt":"2026-04-24T15:28:57","guid":{"rendered":"https:\/\/cuinetes.shop\/?post_type=product&#038;p=36875"},"modified":"2026-04-24T17:42:33","modified_gmt":"2026-04-24T15:42:33","slug":"sarten-malmo-trimetal-induction-antiadherente-ceramico-beetech","status":"publish","type":"product","link":"https:\/\/cuinetes.shop\/es\/producto\/sarten-malmo-trimetal-induction-antiadherente-ceramico-beetech\/","title":{"rendered":"Sart\u00e9n Malm\u00f6 Trimetal Induction\u00ae \u2013 Antiadherente Cer\u00e1mico BeeTech\u00ae"},"content":{"rendered":"<p>La sart\u00e9n Malm\u00f6 con recubrimiento cer\u00e1mico est\u00e1 dise\u00f1ada para una cocina saludable, eficiente y sin complicaciones.<\/p>\n<p>Gracias a su innovadora superficie\u00a0<strong>BeeTech\u00ae con dise\u00f1o en panal de abeja,<\/strong>\u00a0el recubrimiento\u00a0<strong>Durion\u00ae Ceramic Eco PLUS<\/strong>\u00a0ofrece una resistencia excepcional y permite cocinar con muy poco aceite sin que nada se pegue. Es una opci\u00f3n ecol\u00f3gica y segura, totalmente libre de PFAS, PFOA y PTFE.<\/p>\n<p>Construida con la\u00a0<strong>Tecnolog\u00eda Trimetal Induction\u00ae<\/strong>, esta sart\u00e9n aprovecha al m\u00e1ximo la energ\u00eda de tu placa, distribuyendo el calor de forma uniforme por toda la superficie para obtener resultados perfectos en cada receta, desde tortillas delicadas hasta pescados a la plancha.<\/p>\n","protected":false},"excerpt":{"rendered":"<p>Sart\u00e9n de acero inoxidable 18\/10 con tecnolog\u00eda Trimetal Induction\u00ae y antiadherente cer\u00e1mico BeeTech. Distribuci\u00f3n homog\u00e9nea del calor y m\u00e1xima eficiencia energ\u00e9tica. Disponible en varios tama\u00f1os.<\/p>\n<p><strong>Dise\u00f1ada para quienes buscan resistencia y tecnolog\u00eda de vanguardia.<\/strong><\/p>\n<p>&nbsp;<\/p>\n<p><strong>-Antiadherente Cer\u00e1mico Premium:<\/strong>\u00a0Durion<strong>\u00ae<\/strong>\u00a0Ceramic Eco PLUS con relieve BeeTech para una liberaci\u00f3n de alimentos superior.<\/p>\n<p><strong>-Saludable y Eco-friendly:<\/strong>\u00a0Libre de qu\u00edmicos nocivos (PFAS\/PFOA\/PTFE).<\/p>\n<p><strong>-Cuerpo Trimetal:<\/strong>\u00a0Tres capas de metales de alta calidad para una eficiencia energ\u00e9tica m\u00e1xima.<\/p>\n<p><strong>-Mango Ergon\u00f3mico:<\/strong>\u00a0Acero inoxidable de alta resistencia unido con remaches de seguridad.<\/p>\n<p><strong>-M\u00e1xima Versatilidad:<\/strong>\u00a0Apta para todo tipo de cocinas y lavavajillas.<\/p>\n<p><strong>-Medidas disponibles:<\/strong>\u00a0 20,\u00a0 24, y 28\u00a0 cm.<\/p>\n","protected":false},"featured_media":36863,"comment_status":"closed","ping_status":"closed","template":"","meta":[],"product_cat":[695,694,696],"product_tag":[1680,1693,1694,1473],"class_list":{"0":"post-36875","1":"product","2":"type-product","3":"status-publish","4":"has-post-thumbnail","6":"product_brand-castey-es","7":"product_cat-coccion","8":"product_cat-novedades-cuinetes","9":"product_cat-sartenes","10":"product_tag-acero-inox-18-10","11":"product_tag-antiadherente-ceramico","12":"product_tag-nido-de-abeja","13":"product_tag-resistente","14":"pa_mides-20cm","15":"pa_mides-24cm","16":"pa_mides-28cm","19":"first","20":"outofstock","21":"taxable","22":"shipping-taxable","23":"purchasable","24":"product-type-variable"},"yoast_head":"<!-- This site is optimized with the Yoast SEO plugin v26.1.1 - https:\/\/yoast.com\/wordpress\/plugins\/seo\/ -->\n<title>Sart\u00e9n Malm\u00f6 Trimetal Induction\u00ae \u2013 Antiadherente Cer\u00e1mico BeeTech\u00ae - Tienda de utensilios de cocina - Cuinetes<\/title>\n<meta name=\"robots\" content=\"index, follow, max-snippet:-1, max-image-preview:large, max-video-preview:-1\" \/>\n<link rel=\"canonical\" href=\"https:\/\/cuinetes.shop\/es\/producto\/sarten-malmo-trimetal-induction-antiadherente-ceramico-beetech\/\" \/>\n<meta property=\"og:locale\" content=\"es_ES\" \/>\n<meta property=\"og:type\" content=\"article\" \/>\n<meta property=\"og:title\" content=\"Sart\u00e9n Malm\u00f6 Trimetal Induction\u00ae \u2013 Antiadherente Cer\u00e1mico BeeTech\u00ae - Tienda de utensilios de cocina - Cuinetes\" \/>\n<meta property=\"og:description\" content=\"Sart\u00e9n de acero inoxidable 18\/10 con tecnolog\u00eda Trimetal Induction\u00ae y antiadherente cer\u00e1mico BeeTech. Distribuci\u00f3n homog\u00e9nea del calor y m\u00e1xima eficiencia energ\u00e9tica. Disponible en varios tama\u00f1os.  Dise\u00f1ada para quienes buscan resistencia y tecnolog\u00eda de vanguardia.  &nbsp;  -Antiadherente Cer\u00e1mico Premium:\u00a0Durion\u00ae\u00a0Ceramic Eco PLUS con relieve BeeTech para una liberaci\u00f3n de alimentos superior.  -Saludable y Eco-friendly:\u00a0Libre de qu\u00edmicos nocivos (PFAS\/PFOA\/PTFE).  -Cuerpo Trimetal:\u00a0Tres capas de metales de alta calidad para una eficiencia energ\u00e9tica m\u00e1xima.  -Mango Ergon\u00f3mico:\u00a0Acero inoxidable de alta resistencia unido con remaches de seguridad.  -M\u00e1xima Versatilidad:\u00a0Apta para todo tipo de cocinas y lavavajillas.  -Medidas disponibles:\u00a0 20,\u00a0 24, y 28\u00a0 cm.\" \/>\n<meta property=\"og:url\" content=\"https:\/\/cuinetes.shop\/es\/producto\/sarten-malmo-trimetal-induction-antiadherente-ceramico-beetech\/\" \/>\n<meta property=\"og:site_name\" content=\"Tienda de utensilios de cocina - Cuinetes\" \/>\n<meta property=\"article:modified_time\" content=\"2026-04-24T15:42:33+00:00\" \/>\n<meta property=\"og:image\" content=\"https:\/\/cuinetes.shop\/wp-content\/uploads\/2026\/04\/Captura-de-pantalla-2026-04-24-171601.png\" \/>\n\t<meta property=\"og:image:width\" content=\"915\" \/>\n\t<meta property=\"og:image:height\" content=\"653\" \/>\n\t<meta property=\"og:image:type\" content=\"image\/png\" \/>\n<meta name=\"twitter:card\" content=\"summary_large_image\" \/>\n<meta name=\"twitter:label1\" content=\"Est. reading time\" \/>\n\t<meta name=\"twitter:data1\" content=\"1 minute\" \/>\n<script type=\"application\/ld+json\" class=\"yoast-schema-graph\">{\"@context\":\"https:\/\/schema.org\",\"@graph\":[{\"@type\":\"WebPage\",\"@id\":\"https:\/\/cuinetes.shop\/es\/producto\/sarten-malmo-trimetal-induction-antiadherente-ceramico-beetech\/\",\"url\":\"https:\/\/cuinetes.shop\/es\/producto\/sarten-malmo-trimetal-induction-antiadherente-ceramico-beetech\/\",\"name\":\"Sart\u00e9n Malm\u00f6 Trimetal Induction\u00ae \u2013 Antiadherente Cer\u00e1mico BeeTech\u00ae - Tienda de utensilios de cocina - Cuinetes\",\"isPartOf\":{\"@id\":\"https:\/\/cuinetes.shop\/es\/#website\"},\"primaryImageOfPage\":{\"@id\":\"https:\/\/cuinetes.shop\/es\/producto\/sarten-malmo-trimetal-induction-antiadherente-ceramico-beetech\/#primaryimage\"},\"image\":{\"@id\":\"https:\/\/cuinetes.shop\/es\/producto\/sarten-malmo-trimetal-induction-antiadherente-ceramico-beetech\/#primaryimage\"},\"thumbnailUrl\":\"https:\/\/cuinetes.shop\/wp-content\/uploads\/2026\/04\/Captura-de-pantalla-2026-04-24-171601.png\",\"datePublished\":\"2026-04-24T15:28:57+00:00\",\"dateModified\":\"2026-04-24T15:42:33+00:00\",\"breadcrumb\":{\"@id\":\"https:\/\/cuinetes.shop\/es\/producto\/sarten-malmo-trimetal-induction-antiadherente-ceramico-beetech\/#breadcrumb\"},\"inLanguage\":\"es\",\"potentialAction\":[{\"@type\":\"ReadAction\",\"target\":[\"https:\/\/cuinetes.shop\/es\/producto\/sarten-malmo-trimetal-induction-antiadherente-ceramico-beetech\/\"]}]},{\"@type\":\"ImageObject\",\"inLanguage\":\"es\",\"@id\":\"https:\/\/cuinetes.shop\/es\/producto\/sarten-malmo-trimetal-induction-antiadherente-ceramico-beetech\/#primaryimage\",\"url\":\"https:\/\/cuinetes.shop\/wp-content\/uploads\/2026\/04\/Captura-de-pantalla-2026-04-24-171601.png\",\"contentUrl\":\"https:\/\/cuinetes.shop\/wp-content\/uploads\/2026\/04\/Captura-de-pantalla-2026-04-24-171601.png\",\"width\":915,\"height\":653},{\"@type\":\"BreadcrumbList\",\"@id\":\"https:\/\/cuinetes.shop\/es\/producto\/sarten-malmo-trimetal-induction-antiadherente-ceramico-beetech\/#breadcrumb\",\"itemListElement\":[{\"@type\":\"ListItem\",\"position\":1,\"name\":\"Home\",\"item\":\"https:\/\/cuinetes.shop\/es\/\"},{\"@type\":\"ListItem\",\"position\":2,\"name\":\"Tienda\",\"item\":\"https:\/\/cuinetes.shop\/es\/tienda\/\"},{\"@type\":\"ListItem\",\"position\":3,\"name\":\"Sart\u00e9n Malm\u00f6 Trimetal Induction\u00ae \u2013 Antiadherente Cer\u00e1mico BeeTech\u00ae\"}]},{\"@type\":\"WebSite\",\"@id\":\"https:\/\/cuinetes.shop\/es\/#website\",\"url\":\"https:\/\/cuinetes.shop\/es\/\",\"name\":\"Tienda de utensilios de cocina - Cuinetes\",\"description\":\"\",\"potentialAction\":[{\"@type\":\"SearchAction\",\"target\":{\"@type\":\"EntryPoint\",\"urlTemplate\":\"https:\/\/cuinetes.shop\/es\/?s={search_term_string}\"},\"query-input\":{\"@type\":\"PropertyValueSpecification\",\"valueRequired\":true,\"valueName\":\"search_term_string\"}}],\"inLanguage\":\"es\"}]}<\/script>\n<!-- \/ Yoast SEO plugin. -->","yoast_head_json":{"title":"Sart\u00e9n Malm\u00f6 Trimetal Induction\u00ae \u2013 Antiadherente Cer\u00e1mico BeeTech\u00ae - Tienda de utensilios de cocina - Cuinetes","robots":{"index":"index","follow":"follow","max-snippet":"max-snippet:-1","max-image-preview":"max-image-preview:large","max-video-preview":"max-video-preview:-1"},"canonical":"https:\/\/cuinetes.shop\/es\/producto\/sarten-malmo-trimetal-induction-antiadherente-ceramico-beetech\/","og_locale":"es_ES","og_type":"article","og_title":"Sart\u00e9n Malm\u00f6 Trimetal Induction\u00ae \u2013 Antiadherente Cer\u00e1mico BeeTech\u00ae - Tienda de utensilios de cocina - Cuinetes","og_description":"Sart\u00e9n de acero inoxidable 18\/10 con tecnolog\u00eda Trimetal Induction\u00ae y antiadherente cer\u00e1mico BeeTech. Distribuci\u00f3n homog\u00e9nea del calor y m\u00e1xima eficiencia energ\u00e9tica. Disponible en varios tama\u00f1os.  Dise\u00f1ada para quienes buscan resistencia y tecnolog\u00eda de vanguardia.  &nbsp;  -Antiadherente Cer\u00e1mico Premium:\u00a0Durion\u00ae\u00a0Ceramic Eco PLUS con relieve BeeTech para una liberaci\u00f3n de alimentos superior.  -Saludable y Eco-friendly:\u00a0Libre de qu\u00edmicos nocivos (PFAS\/PFOA\/PTFE).  -Cuerpo Trimetal:\u00a0Tres capas de metales de alta calidad para una eficiencia energ\u00e9tica m\u00e1xima.  -Mango Ergon\u00f3mico:\u00a0Acero inoxidable de alta resistencia unido con remaches de seguridad.  -M\u00e1xima Versatilidad:\u00a0Apta para todo tipo de cocinas y lavavajillas.  -Medidas disponibles:\u00a0 20,\u00a0 24, y 28\u00a0 cm.","og_url":"https:\/\/cuinetes.shop\/es\/producto\/sarten-malmo-trimetal-induction-antiadherente-ceramico-beetech\/","og_site_name":"Tienda de utensilios de cocina - Cuinetes","article_modified_time":"2026-04-24T15:42:33+00:00","og_image":[{"width":915,"height":653,"url":"https:\/\/cuinetes.shop\/wp-content\/uploads\/2026\/04\/Captura-de-pantalla-2026-04-24-171601.png","type":"image\/png"}],"twitter_card":"summary_large_image","twitter_misc":{"Est. reading time":"1 minute"},"schema":{"@context":"https:\/\/schema.org","@graph":[{"@type":"WebPage","@id":"https:\/\/cuinetes.shop\/es\/producto\/sarten-malmo-trimetal-induction-antiadherente-ceramico-beetech\/","url":"https:\/\/cuinetes.shop\/es\/producto\/sarten-malmo-trimetal-induction-antiadherente-ceramico-beetech\/","name":"Sart\u00e9n Malm\u00f6 Trimetal Induction\u00ae \u2013 Antiadherente Cer\u00e1mico BeeTech\u00ae - Tienda de utensilios de cocina - Cuinetes","isPartOf":{"@id":"https:\/\/cuinetes.shop\/es\/#website"},"primaryImageOfPage":{"@id":"https:\/\/cuinetes.shop\/es\/producto\/sarten-malmo-trimetal-induction-antiadherente-ceramico-beetech\/#primaryimage"},"image":{"@id":"https:\/\/cuinetes.shop\/es\/producto\/sarten-malmo-trimetal-induction-antiadherente-ceramico-beetech\/#primaryimage"},"thumbnailUrl":"https:\/\/cuinetes.shop\/wp-content\/uploads\/2026\/04\/Captura-de-pantalla-2026-04-24-171601.png","datePublished":"2026-04-24T15:28:57+00:00","dateModified":"2026-04-24T15:42:33+00:00","breadcrumb":{"@id":"https:\/\/cuinetes.shop\/es\/producto\/sarten-malmo-trimetal-induction-antiadherente-ceramico-beetech\/#breadcrumb"},"inLanguage":"es","potentialAction":[{"@type":"ReadAction","target":["https:\/\/cuinetes.shop\/es\/producto\/sarten-malmo-trimetal-induction-antiadherente-ceramico-beetech\/"]}]},{"@type":"ImageObject","inLanguage":"es","@id":"https:\/\/cuinetes.shop\/es\/producto\/sarten-malmo-trimetal-induction-antiadherente-ceramico-beetech\/#primaryimage","url":"https:\/\/cuinetes.shop\/wp-content\/uploads\/2026\/04\/Captura-de-pantalla-2026-04-24-171601.png","contentUrl":"https:\/\/cuinetes.shop\/wp-content\/uploads\/2026\/04\/Captura-de-pantalla-2026-04-24-171601.png","width":915,"height":653},{"@type":"BreadcrumbList","@id":"https:\/\/cuinetes.shop\/es\/producto\/sarten-malmo-trimetal-induction-antiadherente-ceramico-beetech\/#breadcrumb","itemListElement":[{"@type":"ListItem","position":1,"name":"Home","item":"https:\/\/cuinetes.shop\/es\/"},{"@type":"ListItem","position":2,"name":"Tienda","item":"https:\/\/cuinetes.shop\/es\/tienda\/"},{"@type":"ListItem","position":3,"name":"Sart\u00e9n Malm\u00f6 Trimetal Induction\u00ae \u2013 Antiadherente Cer\u00e1mico BeeTech\u00ae"}]},{"@type":"WebSite","@id":"https:\/\/cuinetes.shop\/es\/#website","url":"https:\/\/cuinetes.shop\/es\/","name":"Tienda de utensilios de cocina - Cuinetes","description":"","potentialAction":[{"@type":"SearchAction","target":{"@type":"EntryPoint","urlTemplate":"https:\/\/cuinetes.shop\/es\/?s={search_term_string}"},"query-input":{"@type":"PropertyValueSpecification","valueRequired":true,"valueName":"search_term_string"}}],"inLanguage":"es"}]}},"_links":{"self":[{"href":"https:\/\/cuinetes.shop\/es\/wp-json\/wp\/v2\/product\/36875","targetHints":{"allow":["GET"]}}],"collection":[{"href":"https:\/\/cuinetes.shop\/es\/wp-json\/wp\/v2\/product"}],"about":[{"href":"https:\/\/cuinetes.shop\/es\/wp-json\/wp\/v2\/types\/product"}],"replies":[{"embeddable":true,"href":"https:\/\/cuinetes.shop\/es\/wp-json\/wp\/v2\/comments?post=36875"}],"wp:featuredmedia":[{"embeddable":true,"href":"https:\/\/cuinetes.shop\/es\/wp-json\/wp\/v2\/media\/36863"}],"wp:attachment":[{"href":"https:\/\/cuinetes.shop\/es\/wp-json\/wp\/v2\/media?parent=36875"}],"wp:term":[{"taxonomy":"product_cat","embeddable":true,"href":"https:\/\/cuinetes.shop\/es\/wp-json\/wp\/v2\/product_cat?post=36875"},{"taxonomy":"product_tag","embeddable":true,"href":"https:\/\/cuinetes.shop\/es\/wp-json\/wp\/v2\/product_tag?post=36875"}],"curies":[{"name":"wp","href":"https:\/\/api.w.org\/{rel}","templated":true}]}}